{"id":910,"date":"2015-06-29T11:50:34","date_gmt":"2015-06-29T09:50:34","guid":{"rendered":"http:\/\/exact.lebowski.se\/?page_id=910"},"modified":"2021-11-25T12:10:52","modified_gmt":"2021-11-25T11:10:52","slug":"kaivokset-ja-tunnelit","status":"publish","type":"page","link":"https:\/\/teamexact.com\/fi\/kaivokset-ja-tunnelit\/","title":{"rendered":"Kaivokset ja tunnelit"},"content":{"rendered":"<p>EXACTilla on yli 10 vuoden kokemus kaivos- ja tunnelij\u00e4rjestelmist\u00e4 Pohjoismaissa ja Tsekin tasavallassa. Ty\u00f6skentely maan alla on monisyist\u00e4 ja haastavaa rajoitetun tilan, ilman ep\u00e4puhtauksien, melun ja t\u00e4rin\u00f6iden vuoksi. Oman riskins\u00e4 muodostavat my\u00f6s putoavat kivet, myrkylliset kaasut ja r\u00e4j\u00e4hdysaineet. EXACT-tiimin j\u00e4senet tiet\u00e4v\u00e4t, miten ty\u00f6 turvataan ja kuinka tavoite s\u00e4ilyy kirkkaana my\u00f6s maanalaisissa kaivanto- ja tunneliprojekteissa. Olemme valmiita jakamaan t\u00e4m\u00e4n tiedon ja asiantuntemuksen kanssanne. Voimme suorittaa maanalaisia rakennusmittauksia, 3D-laserskannauksia, tunneleiden laaduntarkastuksia, massalaskelmia, yli- ja alilouhintalaskelmia sek\u00e4 maanrakennusty\u00f6n optimointia ja projektin yleist\u00e4 seurantaa ja valvontaa.<\/p>\n<h3>Tarkedokumentit<\/h3>\n<p>Muutos-, korjaus-, suunnittelu- ja hallintaprojekteista ym. on saatava tarkat, t\u00e4ydelliset ja ajantasaiset dokumentit my\u00f6hempi\u00e4 k\u00e4ytt\u00f6- ja kunnossapitotoimenpiteit\u00e4 varten. EXACT laatii rakenteista CAD-tarkepiirustukset, jotka sis\u00e4lt\u00e4v\u00e4t kaikkien j\u00e4rjestelm\u00e4\u00e4n kuuluvien komponenttien mitta- ja sijaintitiedot. Asiakas saa siis kustakin kohteesta kaikki tarvittavat ja vaadittavat dokumentit. Tarkepiirustuksia voidaan laatia kohteen kokonaismittauksen yhteydess\u00e4 tai osamittauksena olemassa olevien piirustusten t\u00e4ydent\u00e4miseksi.<\/p>\n<div class=\"apply\"><a class=\"button\" href=\"http:\/\/www.teamexact.com\/fi\/exact-as-built\/\">Lue lis\u00e4\u00e4<\/a><\/div>\n","protected":false},"excerpt":{"rendered":"<p>EXACTilla on yli 10 vuoden kokemus kaivos- ja tunnelij\u00e4rjestelmist\u00e4 Pohjoismaissa ja Tsekin tasavallassa. Ty\u00f6skentely maan alla on monisyist\u00e4 ja haastavaa rajoitetun tilan, ilman ep\u00e4puhtauksien, melun ja t\u00e4rin\u00f6iden vuoksi. Oman riskins\u00e4 muodostavat my\u00f6s putoavat kivet, myrkylliset kaasut ja r\u00e4j\u00e4hdysaineet. EXACT-tiimin j\u00e4senet tiet\u00e4v\u00e4t, miten ty\u00f6 turvataan ja kuinka tavoite s\u00e4ilyy kirkkaana my\u00f6s maanalaisissa kaivanto- ja tunneliprojekteissa. Olemme [&hellip;]<\/p>\n","protected":false},"author":1,"featured_media":0,"parent":0,"menu_order":0,"comment_status":"open","ping_status":"open","template":"template-page.php","meta":{"_acf_changed":false,"footnotes":""},"acf":[],"yoast_head":"<!-- This site is optimized with the Yoast SEO plugin v22.2 - https:\/\/yoast.com\/wordpress\/plugins\/seo\/ -->\n<title>Kaivokset ja tunnelit - EXACT<\/title>\n<meta name=\"robots\" content=\"index, follow, max-snippet:-1, max-image-preview:large, max-video-preview:-1\" \/>\n<link rel=\"canonical\" href=\"https:\/\/teamexact.com\/fi\/kaivokset-ja-tunnelit\/\" \/>\n<meta property=\"og:locale\" content=\"fi_FI\" \/>\n<meta property=\"og:type\" content=\"article\" \/>\n<meta property=\"og:title\" content=\"Kaivokset ja tunnelit - EXACT\" \/>\n<meta property=\"og:description\" content=\"EXACTilla on yli 10 vuoden kokemus kaivos- ja tunnelij\u00e4rjestelmist\u00e4 Pohjoismaissa ja Tsekin tasavallassa. Ty\u00f6skentely maan alla on monisyist\u00e4 ja haastavaa rajoitetun tilan, ilman ep\u00e4puhtauksien, melun ja t\u00e4rin\u00f6iden vuoksi. Oman riskins\u00e4 muodostavat my\u00f6s putoavat kivet, myrkylliset kaasut ja r\u00e4j\u00e4hdysaineet. EXACT-tiimin j\u00e4senet tiet\u00e4v\u00e4t, miten ty\u00f6 turvataan ja kuinka tavoite s\u00e4ilyy kirkkaana my\u00f6s maanalaisissa kaivanto- ja tunneliprojekteissa. Olemme [&hellip;]\" \/>\n<meta property=\"og:url\" content=\"https:\/\/teamexact.com\/fi\/kaivokset-ja-tunnelit\/\" \/>\n<meta property=\"og:site_name\" content=\"EXACT\" \/>\n<meta property=\"article:modified_time\" content=\"2021-11-25T11:10:52+00:00\" \/>\n<meta name=\"twitter:card\" content=\"summary_large_image\" \/>\n<meta name=\"twitter:label1\" content=\"Arvioitu lukuaika\" \/>\n\t<meta name=\"twitter:data1\" content=\"1 minuutti\" \/>\n<script type=\"application\/ld+json\" class=\"yoast-schema-graph\">{\"@context\":\"https:\/\/schema.org\",\"@graph\":[{\"@type\":\"WebPage\",\"@id\":\"https:\/\/teamexact.com\/fi\/kaivokset-ja-tunnelit\/\",\"url\":\"https:\/\/teamexact.com\/fi\/kaivokset-ja-tunnelit\/\",\"name\":\"Kaivokset ja tunnelit - EXACT\",\"isPartOf\":{\"@id\":\"https:\/\/teamexact.com\/sv\/#website\"},\"datePublished\":\"2015-06-29T09:50:34+00:00\",\"dateModified\":\"2021-11-25T11:10:52+00:00\",\"breadcrumb\":{\"@id\":\"https:\/\/teamexact.com\/fi\/kaivokset-ja-tunnelit\/#breadcrumb\"},\"inLanguage\":\"fi\",\"potentialAction\":[{\"@type\":\"ReadAction\",\"target\":[\"https:\/\/teamexact.com\/fi\/kaivokset-ja-tunnelit\/\"]}]},{\"@type\":\"BreadcrumbList\",\"@id\":\"https:\/\/teamexact.com\/fi\/kaivokset-ja-tunnelit\/#breadcrumb\",\"itemListElement\":[{\"@type\":\"ListItem\",\"position\":1,\"name\":\"Home\",\"item\":\"https:\/\/teamexact.com\/fi\/\"},{\"@type\":\"ListItem\",\"position\":2,\"name\":\"Kaivokset ja tunnelit\"}]},{\"@type\":\"WebSite\",\"@id\":\"https:\/\/teamexact.com\/sv\/#website\",\"url\":\"https:\/\/teamexact.com\/sv\/\",\"name\":\"EXACT\",\"description\":\"We see more\",\"potentialAction\":[{\"@type\":\"SearchAction\",\"target\":{\"@type\":\"EntryPoint\",\"urlTemplate\":\"https:\/\/teamexact.com\/sv\/?s={search_term_string}\"},\"query-input\":\"required name=search_term_string\"}],\"inLanguage\":\"fi\"}]}<\/script>\n<!-- \/ Yoast SEO plugin. -->","yoast_head_json":{"title":"Kaivokset ja tunnelit - EXACT","robots":{"index":"index","follow":"follow","max-snippet":"max-snippet:-1","max-image-preview":"max-image-preview:large","max-video-preview":"max-video-preview:-1"},"canonical":"https:\/\/teamexact.com\/fi\/kaivokset-ja-tunnelit\/","og_locale":"fi_FI","og_type":"article","og_title":"Kaivokset ja tunnelit - EXACT","og_description":"EXACTilla on yli 10 vuoden kokemus kaivos- ja tunnelij\u00e4rjestelmist\u00e4 Pohjoismaissa ja Tsekin tasavallassa. Ty\u00f6skentely maan alla on monisyist\u00e4 ja haastavaa rajoitetun tilan, ilman ep\u00e4puhtauksien, melun ja t\u00e4rin\u00f6iden vuoksi. Oman riskins\u00e4 muodostavat my\u00f6s putoavat kivet, myrkylliset kaasut ja r\u00e4j\u00e4hdysaineet. EXACT-tiimin j\u00e4senet tiet\u00e4v\u00e4t, miten ty\u00f6 turvataan ja kuinka tavoite s\u00e4ilyy kirkkaana my\u00f6s maanalaisissa kaivanto- ja tunneliprojekteissa. Olemme [&hellip;]","og_url":"https:\/\/teamexact.com\/fi\/kaivokset-ja-tunnelit\/","og_site_name":"EXACT","article_modified_time":"2021-11-25T11:10:52+00:00","twitter_card":"summary_large_image","twitter_misc":{"Arvioitu lukuaika":"1 minuutti"},"schema":{"@context":"https:\/\/schema.org","@graph":[{"@type":"WebPage","@id":"https:\/\/teamexact.com\/fi\/kaivokset-ja-tunnelit\/","url":"https:\/\/teamexact.com\/fi\/kaivokset-ja-tunnelit\/","name":"Kaivokset ja tunnelit - EXACT","isPartOf":{"@id":"https:\/\/teamexact.com\/sv\/#website"},"datePublished":"2015-06-29T09:50:34+00:00","dateModified":"2021-11-25T11:10:52+00:00","breadcrumb":{"@id":"https:\/\/teamexact.com\/fi\/kaivokset-ja-tunnelit\/#breadcrumb"},"inLanguage":"fi","potentialAction":[{"@type":"ReadAction","target":["https:\/\/teamexact.com\/fi\/kaivokset-ja-tunnelit\/"]}]},{"@type":"BreadcrumbList","@id":"https:\/\/teamexact.com\/fi\/kaivokset-ja-tunnelit\/#breadcrumb","itemListElement":[{"@type":"ListItem","position":1,"name":"Home","item":"https:\/\/teamexact.com\/fi\/"},{"@type":"ListItem","position":2,"name":"Kaivokset ja tunnelit"}]},{"@type":"WebSite","@id":"https:\/\/teamexact.com\/sv\/#website","url":"https:\/\/teamexact.com\/sv\/","name":"EXACT","description":"We see more","potentialAction":[{"@type":"SearchAction","target":{"@type":"EntryPoint","urlTemplate":"https:\/\/teamexact.com\/sv\/?s={search_term_string}"},"query-input":"required name=search_term_string"}],"inLanguage":"fi"}]}},"_links":{"self":[{"href":"https:\/\/teamexact.com\/fi\/wp-json\/wp\/v2\/pages\/910"}],"collection":[{"href":"https:\/\/teamexact.com\/fi\/wp-json\/wp\/v2\/pages"}],"about":[{"href":"https:\/\/teamexact.com\/fi\/wp-json\/wp\/v2\/types\/page"}],"author":[{"embeddable":true,"href":"https:\/\/teamexact.com\/fi\/wp-json\/wp\/v2\/users\/1"}],"replies":[{"embeddable":true,"href":"https:\/\/teamexact.com\/fi\/wp-json\/wp\/v2\/comments?post=910"}],"version-history":[{"count":9,"href":"https:\/\/teamexact.com\/fi\/wp-json\/wp\/v2\/pages\/910\/revisions"}],"predecessor-version":[{"id":4949,"href":"https:\/\/teamexact.com\/fi\/wp-json\/wp\/v2\/pages\/910\/revisions\/4949"}],"wp:attachment":[{"href":"https:\/\/teamexact.com\/fi\/wp-json\/wp\/v2\/media?parent=910"}],"curies":[{"name":"wp","href":"https:\/\/api.w.org\/{rel}","templated":true}]}}