{"id":912,"date":"2015-06-29T11:53:30","date_gmt":"2015-06-29T09:53:30","guid":{"rendered":"http:\/\/exact.lebowski.se\/?page_id=912"},"modified":"2021-11-25T12:18:32","modified_gmt":"2021-11-25T11:18:32","slug":"koneiden-ohjaus","status":"publish","type":"page","link":"https:\/\/teamexact.com\/fi\/koneiden-ohjaus\/","title":{"rendered":"Koneiden ohjaus"},"content":{"rendered":"<h3>\u00c4lykk\u00e4\u00e4t koneet ja laitteet<\/h3>\n<p>Automoiduilla koneilla on olennainen merkitys useimmissa rakennusprojekteissa, sill\u00e4 ne s\u00e4\u00e4st\u00e4v\u00e4t kustannuksia ja parantavat tarkkuutta. EXACT voi auttaa parhaiten sopivien automaatioj\u00e4rjestelmien m\u00e4\u00e4ritt\u00e4misess\u00e4, jolloin asiakas p\u00e4\u00e4see aloittamaan oman tuottavan ty\u00f6ns\u00e4 nopeammin. Voimme luoda projektin sinikopiosta 3D-malleja ja huolehtia niiden lataamisesta koneiden ohjausj\u00e4rjestelmiin. Voimme m\u00e4\u00e4ritt\u00e4\u00e4 viitepisteet ja varmistaa, ett\u00e4 koneiden automaattinen tiedonsiirto ja koordinointi toimii oikein. Tiimimme j\u00e4senet huolehtivat paikan p\u00e4\u00e4ll\u00e4 automaatioj\u00e4rjestelmien k\u00e4ytt\u00f6\u00f6notosta, toiminnan tarkastamisesta ja tarvittavan henkil\u00f6st\u00f6n ohjeistamisesta ja opastamisesta.<\/p>\n<h3>Vuokrattavat instrumentit ja laitteet<\/h3>\n<p>Erikoiskoneiden konsultaatiopalveluiden lis\u00e4ksi EXACTilla on my\u00f6s vuokrattavana markkinoiden johtavia mittausinstrumentteja ja -laitteita. V\u00e4linevalikoimamme on laaja, sill\u00e4 omat 200 mittausasiantuntijaa k\u00e4ytt\u00e4\u00e4 aina alan parhaita instrumentteja ja ty\u00f6kaluja. Tarjoamme my\u00f6s laitteiden huoltopalveluita tuottavuuden optimoimiseksi koko projektin ajan.<\/p>\n","protected":false},"excerpt":{"rendered":"<p>\u00c4lykk\u00e4\u00e4t koneet ja laitteet Automoiduilla koneilla on olennainen merkitys useimmissa rakennusprojekteissa, sill\u00e4 ne s\u00e4\u00e4st\u00e4v\u00e4t kustannuksia ja parantavat tarkkuutta. EXACT voi auttaa parhaiten sopivien automaatioj\u00e4rjestelmien m\u00e4\u00e4ritt\u00e4misess\u00e4, jolloin asiakas p\u00e4\u00e4see aloittamaan oman tuottavan ty\u00f6ns\u00e4 nopeammin. Voimme luoda projektin sinikopiosta 3D-malleja ja huolehtia niiden lataamisesta koneiden ohjausj\u00e4rjestelmiin. Voimme m\u00e4\u00e4ritt\u00e4\u00e4 viitepisteet ja varmistaa, ett\u00e4 koneiden automaattinen tiedonsiirto ja koordinointi [&hellip;]<\/p>\n","protected":false},"author":1,"featured_media":0,"parent":0,"menu_order":0,"comment_status":"open","ping_status":"open","template":"template-page.php","meta":{"_acf_changed":false,"footnotes":""},"acf":[],"yoast_head":"<!-- This site is optimized with the Yoast SEO plugin v22.2 - https:\/\/yoast.com\/wordpress\/plugins\/seo\/ -->\n<title>Koneiden ohjaus - EXACT<\/title>\n<meta name=\"robots\" content=\"index, follow, max-snippet:-1, max-image-preview:large, max-video-preview:-1\" \/>\n<link rel=\"canonical\" href=\"https:\/\/teamexact.com\/fi\/koneiden-ohjaus\/\" \/>\n<meta property=\"og:locale\" content=\"fi_FI\" \/>\n<meta property=\"og:type\" content=\"article\" \/>\n<meta property=\"og:title\" content=\"Koneiden ohjaus - EXACT\" \/>\n<meta property=\"og:description\" content=\"\u00c4lykk\u00e4\u00e4t koneet ja laitteet Automoiduilla koneilla on olennainen merkitys useimmissa rakennusprojekteissa, sill\u00e4 ne s\u00e4\u00e4st\u00e4v\u00e4t kustannuksia ja parantavat tarkkuutta. EXACT voi auttaa parhaiten sopivien automaatioj\u00e4rjestelmien m\u00e4\u00e4ritt\u00e4misess\u00e4, jolloin asiakas p\u00e4\u00e4see aloittamaan oman tuottavan ty\u00f6ns\u00e4 nopeammin. Voimme luoda projektin sinikopiosta 3D-malleja ja huolehtia niiden lataamisesta koneiden ohjausj\u00e4rjestelmiin. Voimme m\u00e4\u00e4ritt\u00e4\u00e4 viitepisteet ja varmistaa, ett\u00e4 koneiden automaattinen tiedonsiirto ja koordinointi [&hellip;]\" \/>\n<meta property=\"og:url\" content=\"https:\/\/teamexact.com\/fi\/koneiden-ohjaus\/\" \/>\n<meta property=\"og:site_name\" content=\"EXACT\" \/>\n<meta property=\"article:modified_time\" content=\"2021-11-25T11:18:32+00:00\" \/>\n<meta name=\"twitter:card\" content=\"summary_large_image\" \/>\n<meta name=\"twitter:label1\" content=\"Arvioitu lukuaika\" \/>\n\t<meta name=\"twitter:data1\" content=\"1 minuutti\" \/>\n<script type=\"application\/ld+json\" class=\"yoast-schema-graph\">{\"@context\":\"https:\/\/schema.org\",\"@graph\":[{\"@type\":\"WebPage\",\"@id\":\"https:\/\/teamexact.com\/fi\/koneiden-ohjaus\/\",\"url\":\"https:\/\/teamexact.com\/fi\/koneiden-ohjaus\/\",\"name\":\"Koneiden ohjaus - EXACT\",\"isPartOf\":{\"@id\":\"https:\/\/teamexact.com\/sv\/#website\"},\"datePublished\":\"2015-06-29T09:53:30+00:00\",\"dateModified\":\"2021-11-25T11:18:32+00:00\",\"breadcrumb\":{\"@id\":\"https:\/\/teamexact.com\/fi\/koneiden-ohjaus\/#breadcrumb\"},\"inLanguage\":\"fi\",\"potentialAction\":[{\"@type\":\"ReadAction\",\"target\":[\"https:\/\/teamexact.com\/fi\/koneiden-ohjaus\/\"]}]},{\"@type\":\"BreadcrumbList\",\"@id\":\"https:\/\/teamexact.com\/fi\/koneiden-ohjaus\/#breadcrumb\",\"itemListElement\":[{\"@type\":\"ListItem\",\"position\":1,\"name\":\"Home\",\"item\":\"https:\/\/teamexact.com\/fi\/\"},{\"@type\":\"ListItem\",\"position\":2,\"name\":\"Koneiden ohjaus\"}]},{\"@type\":\"WebSite\",\"@id\":\"https:\/\/teamexact.com\/sv\/#website\",\"url\":\"https:\/\/teamexact.com\/sv\/\",\"name\":\"EXACT\",\"description\":\"We see more\",\"potentialAction\":[{\"@type\":\"SearchAction\",\"target\":{\"@type\":\"EntryPoint\",\"urlTemplate\":\"https:\/\/teamexact.com\/sv\/?s={search_term_string}\"},\"query-input\":\"required name=search_term_string\"}],\"inLanguage\":\"fi\"}]}<\/script>\n<!-- \/ Yoast SEO plugin. -->","yoast_head_json":{"title":"Koneiden ohjaus - EXACT","robots":{"index":"index","follow":"follow","max-snippet":"max-snippet:-1","max-image-preview":"max-image-preview:large","max-video-preview":"max-video-preview:-1"},"canonical":"https:\/\/teamexact.com\/fi\/koneiden-ohjaus\/","og_locale":"fi_FI","og_type":"article","og_title":"Koneiden ohjaus - EXACT","og_description":"\u00c4lykk\u00e4\u00e4t koneet ja laitteet Automoiduilla koneilla on olennainen merkitys useimmissa rakennusprojekteissa, sill\u00e4 ne s\u00e4\u00e4st\u00e4v\u00e4t kustannuksia ja parantavat tarkkuutta. EXACT voi auttaa parhaiten sopivien automaatioj\u00e4rjestelmien m\u00e4\u00e4ritt\u00e4misess\u00e4, jolloin asiakas p\u00e4\u00e4see aloittamaan oman tuottavan ty\u00f6ns\u00e4 nopeammin. Voimme luoda projektin sinikopiosta 3D-malleja ja huolehtia niiden lataamisesta koneiden ohjausj\u00e4rjestelmiin. Voimme m\u00e4\u00e4ritt\u00e4\u00e4 viitepisteet ja varmistaa, ett\u00e4 koneiden automaattinen tiedonsiirto ja koordinointi [&hellip;]","og_url":"https:\/\/teamexact.com\/fi\/koneiden-ohjaus\/","og_site_name":"EXACT","article_modified_time":"2021-11-25T11:18:32+00:00","twitter_card":"summary_large_image","twitter_misc":{"Arvioitu lukuaika":"1 minuutti"},"schema":{"@context":"https:\/\/schema.org","@graph":[{"@type":"WebPage","@id":"https:\/\/teamexact.com\/fi\/koneiden-ohjaus\/","url":"https:\/\/teamexact.com\/fi\/koneiden-ohjaus\/","name":"Koneiden ohjaus - EXACT","isPartOf":{"@id":"https:\/\/teamexact.com\/sv\/#website"},"datePublished":"2015-06-29T09:53:30+00:00","dateModified":"2021-11-25T11:18:32+00:00","breadcrumb":{"@id":"https:\/\/teamexact.com\/fi\/koneiden-ohjaus\/#breadcrumb"},"inLanguage":"fi","potentialAction":[{"@type":"ReadAction","target":["https:\/\/teamexact.com\/fi\/koneiden-ohjaus\/"]}]},{"@type":"BreadcrumbList","@id":"https:\/\/teamexact.com\/fi\/koneiden-ohjaus\/#breadcrumb","itemListElement":[{"@type":"ListItem","position":1,"name":"Home","item":"https:\/\/teamexact.com\/fi\/"},{"@type":"ListItem","position":2,"name":"Koneiden ohjaus"}]},{"@type":"WebSite","@id":"https:\/\/teamexact.com\/sv\/#website","url":"https:\/\/teamexact.com\/sv\/","name":"EXACT","description":"We see more","potentialAction":[{"@type":"SearchAction","target":{"@type":"EntryPoint","urlTemplate":"https:\/\/teamexact.com\/sv\/?s={search_term_string}"},"query-input":"required name=search_term_string"}],"inLanguage":"fi"}]}},"_links":{"self":[{"href":"https:\/\/teamexact.com\/fi\/wp-json\/wp\/v2\/pages\/912"}],"collection":[{"href":"https:\/\/teamexact.com\/fi\/wp-json\/wp\/v2\/pages"}],"about":[{"href":"https:\/\/teamexact.com\/fi\/wp-json\/wp\/v2\/types\/page"}],"author":[{"embeddable":true,"href":"https:\/\/teamexact.com\/fi\/wp-json\/wp\/v2\/users\/1"}],"replies":[{"embeddable":true,"href":"https:\/\/teamexact.com\/fi\/wp-json\/wp\/v2\/comments?post=912"}],"version-history":[{"count":7,"href":"https:\/\/teamexact.com\/fi\/wp-json\/wp\/v2\/pages\/912\/revisions"}],"predecessor-version":[{"id":4956,"href":"https:\/\/teamexact.com\/fi\/wp-json\/wp\/v2\/pages\/912\/revisions\/4956"}],"wp:attachment":[{"href":"https:\/\/teamexact.com\/fi\/wp-json\/wp\/v2\/media?parent=912"}],"curies":[{"name":"wp","href":"https:\/\/api.w.org\/{rel}","templated":true}]}}