{"id":914,"date":"2015-06-29T12:01:24","date_gmt":"2015-06-29T10:01:24","guid":{"rendered":"http:\/\/exact.lebowski.se\/?page_id=914"},"modified":"2021-11-25T12:12:37","modified_gmt":"2021-11-25T11:12:37","slug":"on-ja-off-shore","status":"publish","type":"page","link":"https:\/\/teamexact.com\/fi\/on-ja-off-shore\/","title":{"rendered":"On- ja Off-shore"},"content":{"rendered":"<h3>\u00d6ljy- ja kaasuteollisuuden merenlaiset mittaukset<\/h3>\n<p>EXACT hallitsee vaativat mittaustoimenpiteet merell\u00e4. Laserskannaus on erinomainen menetelm\u00e4 tarkkojen ja yksityiskohtaisten 3D-pistepilvien kokoamiseen. \u00d6ljynporauslauttojen ja alusten mittaukset perustuvat XYZ-koordinaattij\u00e4rjestelm\u00e4\u00e4n. Yleens\u00e4 kohteet mitataan merell\u00e4, ja mallinnus tehd\u00e4\u00e4n sen j\u00e4lkeen toimistollamme. EXACT voi suorittaa my\u00f6s tarkastusmittauksia tarkedokumentaatioita varten.<\/p>\n<h3>Teollisuuden laitteistomittaukset<\/h3>\n<p>Sen mink\u00e4 voit mitata, voit my\u00f6s hallita. EXACT voi suorittaa teollisuuslaitoksissa mittauksia, joilla selvitet\u00e4\u00e4n koneistojen tarkka sijainti pohjapiirustuksia, peittoalueita, akseleita, asemaviivoja ja alustarakenteita varten. Tarkkojen mittaustulostemme avulla teollisuuslaitteistojen asentaminen ja tarkka asemointi onnistuu varmasti, ja siten esimerkiksi valsseilta tuleva lopputuote (ter\u00e4s, paperi, muovi jne.) on turvassa laskostumiselta tai reunan yli putoamiselta. Voimme suorittaa lieri\u00f6iden tarkkoja mittauksia ja kalibroida s\u00e4ili\u00f6it\u00e4 ISO-standardien mukaisesti. Teemme my\u00f6s painumatarkastuksia ja niiden dokumentointia.<\/p>\n<h3>Teollisuuslaitosten mittaukset<\/h3>\n<p>EXACTin asiantuntijat k\u00e4ytt\u00e4v\u00e4t uusinta laserskannaus- ja 3D-mallinnustekniikkaa, jonka avulla teollisuuslaitoksista voidaan koota tarkat mittaustiedot esimerkiksi laajennus-, uudistamis-, korjaus-, muutos- tai kunnossapitoprojekteja varten. Mittaamme ja kirjaamme todelliset suhteet ja kartoitamme kaikki tilat, j\u00e4rjestelm\u00e4t, rakenteet, putkistot, laitteistot, komponentit jne. mallintaen ne lopuksi 3D-suunnittelumalliksi. Autamme hahmottamaan k\u00e4yt\u00e4nn\u00f6ss\u00e4 jokaisen kohteen tarkan sijainnin ja suhteen muihin kohteisiin. EXACTin avulla otatte kaikki tilat ja j\u00e4rjestelm\u00e4t hallintaanne.<\/p>\n","protected":false},"excerpt":{"rendered":"<p>\u00d6ljy- ja kaasuteollisuuden merenlaiset mittaukset EXACT hallitsee vaativat mittaustoimenpiteet merell\u00e4. Laserskannaus on erinomainen menetelm\u00e4 tarkkojen ja yksityiskohtaisten 3D-pistepilvien kokoamiseen. \u00d6ljynporauslauttojen ja alusten mittaukset perustuvat XYZ-koordinaattij\u00e4rjestelm\u00e4\u00e4n. Yleens\u00e4 kohteet mitataan merell\u00e4, ja mallinnus tehd\u00e4\u00e4n sen j\u00e4lkeen toimistollamme. EXACT voi suorittaa my\u00f6s tarkastusmittauksia tarkedokumentaatioita varten. Teollisuuden laitteistomittaukset Sen mink\u00e4 voit mitata, voit my\u00f6s hallita. EXACT voi suorittaa teollisuuslaitoksissa [&hellip;]<\/p>\n","protected":false},"author":1,"featured_media":0,"parent":0,"menu_order":0,"comment_status":"open","ping_status":"open","template":"template-page.php","meta":{"_acf_changed":false,"footnotes":""},"acf":[],"yoast_head":"<!-- This site is optimized with the Yoast SEO plugin v22.2 - https:\/\/yoast.com\/wordpress\/plugins\/seo\/ -->\n<title>On- ja Off-shore - EXACT<\/title>\n<meta name=\"robots\" content=\"index, follow, max-snippet:-1, max-image-preview:large, max-video-preview:-1\" \/>\n<link rel=\"canonical\" href=\"https:\/\/teamexact.com\/on-and-off-shore\/\" \/>\n<meta property=\"og:locale\" content=\"fi_FI\" \/>\n<meta property=\"og:type\" content=\"article\" \/>\n<meta property=\"og:title\" content=\"On- ja Off-shore - EXACT\" \/>\n<meta property=\"og:description\" content=\"\u00d6ljy- ja kaasuteollisuuden merenlaiset mittaukset EXACT hallitsee vaativat mittaustoimenpiteet merell\u00e4. Laserskannaus on erinomainen menetelm\u00e4 tarkkojen ja yksityiskohtaisten 3D-pistepilvien kokoamiseen. \u00d6ljynporauslauttojen ja alusten mittaukset perustuvat XYZ-koordinaattij\u00e4rjestelm\u00e4\u00e4n. Yleens\u00e4 kohteet mitataan merell\u00e4, ja mallinnus tehd\u00e4\u00e4n sen j\u00e4lkeen toimistollamme. EXACT voi suorittaa my\u00f6s tarkastusmittauksia tarkedokumentaatioita varten. Teollisuuden laitteistomittaukset Sen mink\u00e4 voit mitata, voit my\u00f6s hallita. EXACT voi suorittaa teollisuuslaitoksissa [&hellip;]\" \/>\n<meta property=\"og:url\" content=\"https:\/\/teamexact.com\/on-and-off-shore\/\" \/>\n<meta property=\"og:site_name\" content=\"EXACT\" \/>\n<meta property=\"article:modified_time\" content=\"2021-11-25T11:12:37+00:00\" \/>\n<meta name=\"twitter:card\" content=\"summary_large_image\" \/>\n<meta name=\"twitter:label1\" content=\"Arvioitu lukuaika\" \/>\n\t<meta name=\"twitter:data1\" content=\"1 minuutti\" \/>\n<script type=\"application\/ld+json\" class=\"yoast-schema-graph\">{\"@context\":\"https:\/\/schema.org\",\"@graph\":[{\"@type\":\"WebPage\",\"@id\":\"https:\/\/teamexact.com\/on-and-off-shore\/\",\"url\":\"https:\/\/teamexact.com\/on-and-off-shore\/\",\"name\":\"On- ja Off-shore - EXACT\",\"isPartOf\":{\"@id\":\"https:\/\/teamexact.com\/sv\/#website\"},\"datePublished\":\"2015-06-29T10:01:24+00:00\",\"dateModified\":\"2021-11-25T11:12:37+00:00\",\"breadcrumb\":{\"@id\":\"https:\/\/teamexact.com\/on-and-off-shore\/#breadcrumb\"},\"inLanguage\":\"fi\",\"potentialAction\":[{\"@type\":\"ReadAction\",\"target\":[\"https:\/\/teamexact.com\/on-and-off-shore\/\"]}]},{\"@type\":\"BreadcrumbList\",\"@id\":\"https:\/\/teamexact.com\/on-and-off-shore\/#breadcrumb\",\"itemListElement\":[{\"@type\":\"ListItem\",\"position\":1,\"name\":\"Home\",\"item\":\"https:\/\/teamexact.com\/fi\/\"},{\"@type\":\"ListItem\",\"position\":2,\"name\":\"On- ja Off-shore\"}]},{\"@type\":\"WebSite\",\"@id\":\"https:\/\/teamexact.com\/sv\/#website\",\"url\":\"https:\/\/teamexact.com\/sv\/\",\"name\":\"EXACT\",\"description\":\"We see more\",\"potentialAction\":[{\"@type\":\"SearchAction\",\"target\":{\"@type\":\"EntryPoint\",\"urlTemplate\":\"https:\/\/teamexact.com\/sv\/?s={search_term_string}\"},\"query-input\":\"required name=search_term_string\"}],\"inLanguage\":\"fi\"}]}<\/script>\n<!-- \/ Yoast SEO plugin. -->","yoast_head_json":{"title":"On- ja Off-shore - EXACT","robots":{"index":"index","follow":"follow","max-snippet":"max-snippet:-1","max-image-preview":"max-image-preview:large","max-video-preview":"max-video-preview:-1"},"canonical":"https:\/\/teamexact.com\/on-and-off-shore\/","og_locale":"fi_FI","og_type":"article","og_title":"On- ja Off-shore - EXACT","og_description":"\u00d6ljy- ja kaasuteollisuuden merenlaiset mittaukset EXACT hallitsee vaativat mittaustoimenpiteet merell\u00e4. Laserskannaus on erinomainen menetelm\u00e4 tarkkojen ja yksityiskohtaisten 3D-pistepilvien kokoamiseen. \u00d6ljynporauslauttojen ja alusten mittaukset perustuvat XYZ-koordinaattij\u00e4rjestelm\u00e4\u00e4n. Yleens\u00e4 kohteet mitataan merell\u00e4, ja mallinnus tehd\u00e4\u00e4n sen j\u00e4lkeen toimistollamme. EXACT voi suorittaa my\u00f6s tarkastusmittauksia tarkedokumentaatioita varten. Teollisuuden laitteistomittaukset Sen mink\u00e4 voit mitata, voit my\u00f6s hallita. EXACT voi suorittaa teollisuuslaitoksissa [&hellip;]","og_url":"https:\/\/teamexact.com\/on-and-off-shore\/","og_site_name":"EXACT","article_modified_time":"2021-11-25T11:12:37+00:00","twitter_card":"summary_large_image","twitter_misc":{"Arvioitu lukuaika":"1 minuutti"},"schema":{"@context":"https:\/\/schema.org","@graph":[{"@type":"WebPage","@id":"https:\/\/teamexact.com\/on-and-off-shore\/","url":"https:\/\/teamexact.com\/on-and-off-shore\/","name":"On- ja Off-shore - EXACT","isPartOf":{"@id":"https:\/\/teamexact.com\/sv\/#website"},"datePublished":"2015-06-29T10:01:24+00:00","dateModified":"2021-11-25T11:12:37+00:00","breadcrumb":{"@id":"https:\/\/teamexact.com\/on-and-off-shore\/#breadcrumb"},"inLanguage":"fi","potentialAction":[{"@type":"ReadAction","target":["https:\/\/teamexact.com\/on-and-off-shore\/"]}]},{"@type":"BreadcrumbList","@id":"https:\/\/teamexact.com\/on-and-off-shore\/#breadcrumb","itemListElement":[{"@type":"ListItem","position":1,"name":"Home","item":"https:\/\/teamexact.com\/fi\/"},{"@type":"ListItem","position":2,"name":"On- ja Off-shore"}]},{"@type":"WebSite","@id":"https:\/\/teamexact.com\/sv\/#website","url":"https:\/\/teamexact.com\/sv\/","name":"EXACT","description":"We see more","potentialAction":[{"@type":"SearchAction","target":{"@type":"EntryPoint","urlTemplate":"https:\/\/teamexact.com\/sv\/?s={search_term_string}"},"query-input":"required name=search_term_string"}],"inLanguage":"fi"}]}},"_links":{"self":[{"href":"https:\/\/teamexact.com\/fi\/wp-json\/wp\/v2\/pages\/914"}],"collection":[{"href":"https:\/\/teamexact.com\/fi\/wp-json\/wp\/v2\/pages"}],"about":[{"href":"https:\/\/teamexact.com\/fi\/wp-json\/wp\/v2\/types\/page"}],"author":[{"embeddable":true,"href":"https:\/\/teamexact.com\/fi\/wp-json\/wp\/v2\/users\/1"}],"replies":[{"embeddable":true,"href":"https:\/\/teamexact.com\/fi\/wp-json\/wp\/v2\/comments?post=914"}],"version-history":[{"count":6,"href":"https:\/\/teamexact.com\/fi\/wp-json\/wp\/v2\/pages\/914\/revisions"}],"predecessor-version":[{"id":4950,"href":"https:\/\/teamexact.com\/fi\/wp-json\/wp\/v2\/pages\/914\/revisions\/4950"}],"wp:attachment":[{"href":"https:\/\/teamexact.com\/fi\/wp-json\/wp\/v2\/media?parent=914"}],"curies":[{"name":"wp","href":"https:\/\/api.w.org\/{rel}","templated":true}]}}