{"id":916,"date":"2015-06-29T12:02:42","date_gmt":"2015-06-29T10:02:42","guid":{"rendered":"http:\/\/exact.lebowski.se\/?page_id=916"},"modified":"2018-04-09T14:09:14","modified_gmt":"2018-04-09T12:09:14","slug":"vedenalaiset-mittaukset","status":"publish","type":"page","link":"https:\/\/teamexact.com\/fi\/vedenalaiset-mittaukset\/","title":{"rendered":"Vedenalaiset mittaukset"},"content":{"rendered":"<p><strong>EXACT voi suorittaa j\u00e4rvien, jokien, tekoaltaiden ja merenpohjan kaikuluotainmittauksia noin 80 metrin syvyyteen asti. Kaiku-, GPS- ja kerrostumamittauksista muodostetaan maastomalleja, jotka voidaan toimittaa sellaisinaan tai maatietoihin yhdistettyn\u00e4.<\/strong><\/p>\n<p>Vedenalaisiin mittauksiin tarvitaan erikoisosaamista ja kokemusta sek\u00e4 tietoa korkealaatuisten mittausten rakenteesta, jotta tietoja ker\u00e4t\u00e4\u00e4n riitt\u00e4v\u00e4sti ja turhilta viiveilt\u00e4 v\u00e4ltyt\u00e4\u00e4n. T\u00e4m\u00e4n vuoksi EXACTin mittaukset tekee aina ammattitaitoinen ja harjaantunut mittaushenkil\u00f6st\u00f6.<\/p>\n","protected":false},"excerpt":{"rendered":"<p>EXACT voi suorittaa j\u00e4rvien, jokien, tekoaltaiden ja merenpohjan kaikuluotainmittauksia noin 80 metrin syvyyteen asti. Kaiku-, GPS- ja kerrostumamittauksista muodostetaan maastomalleja, jotka voidaan toimittaa sellaisinaan tai maatietoihin yhdistettyn\u00e4. Vedenalaisiin mittauksiin tarvitaan erikoisosaamista ja kokemusta sek\u00e4 tietoa korkealaatuisten mittausten rakenteesta, jotta tietoja ker\u00e4t\u00e4\u00e4n riitt\u00e4v\u00e4sti ja turhilta viiveilt\u00e4 v\u00e4ltyt\u00e4\u00e4n. T\u00e4m\u00e4n vuoksi EXACTin mittaukset tekee aina ammattitaitoinen ja harjaantunut [&hellip;]<\/p>\n","protected":false},"author":1,"featured_media":0,"parent":0,"menu_order":0,"comment_status":"open","ping_status":"open","template":"template-page.php","meta":{"_acf_changed":false,"footnotes":""},"acf":[],"yoast_head":"<!-- This site is optimized with the Yoast SEO plugin v22.2 - https:\/\/yoast.com\/wordpress\/plugins\/seo\/ -->\n<title>Vedenalaiset mittaukset - EXACT<\/title>\n<meta name=\"robots\" content=\"index, follow, max-snippet:-1, max-image-preview:large, max-video-preview:-1\" \/>\n<link rel=\"canonical\" href=\"https:\/\/teamexact.com\/hydrographic-surveying\/\" \/>\n<meta property=\"og:locale\" content=\"fi_FI\" \/>\n<meta property=\"og:type\" content=\"article\" \/>\n<meta property=\"og:title\" content=\"Vedenalaiset mittaukset - EXACT\" \/>\n<meta property=\"og:description\" content=\"EXACT voi suorittaa j\u00e4rvien, jokien, tekoaltaiden ja merenpohjan kaikuluotainmittauksia noin 80 metrin syvyyteen asti. Kaiku-, GPS- ja kerrostumamittauksista muodostetaan maastomalleja, jotka voidaan toimittaa sellaisinaan tai maatietoihin yhdistettyn\u00e4. Vedenalaisiin mittauksiin tarvitaan erikoisosaamista ja kokemusta sek\u00e4 tietoa korkealaatuisten mittausten rakenteesta, jotta tietoja ker\u00e4t\u00e4\u00e4n riitt\u00e4v\u00e4sti ja turhilta viiveilt\u00e4 v\u00e4ltyt\u00e4\u00e4n. T\u00e4m\u00e4n vuoksi EXACTin mittaukset tekee aina ammattitaitoinen ja harjaantunut [&hellip;]\" \/>\n<meta property=\"og:url\" content=\"https:\/\/teamexact.com\/hydrographic-surveying\/\" \/>\n<meta property=\"og:site_name\" content=\"EXACT\" \/>\n<meta property=\"article:modified_time\" content=\"2018-04-09T12:09:14+00:00\" \/>\n<meta name=\"twitter:card\" content=\"summary_large_image\" \/>\n<script type=\"application\/ld+json\" class=\"yoast-schema-graph\">{\"@context\":\"https:\/\/schema.org\",\"@graph\":[{\"@type\":\"WebPage\",\"@id\":\"https:\/\/teamexact.com\/hydrographic-surveying\/\",\"url\":\"https:\/\/teamexact.com\/hydrographic-surveying\/\",\"name\":\"Vedenalaiset mittaukset - EXACT\",\"isPartOf\":{\"@id\":\"https:\/\/teamexact.com\/sv\/#website\"},\"datePublished\":\"2015-06-29T10:02:42+00:00\",\"dateModified\":\"2018-04-09T12:09:14+00:00\",\"breadcrumb\":{\"@id\":\"https:\/\/teamexact.com\/hydrographic-surveying\/#breadcrumb\"},\"inLanguage\":\"fi\",\"potentialAction\":[{\"@type\":\"ReadAction\",\"target\":[\"https:\/\/teamexact.com\/hydrographic-surveying\/\"]}]},{\"@type\":\"BreadcrumbList\",\"@id\":\"https:\/\/teamexact.com\/hydrographic-surveying\/#breadcrumb\",\"itemListElement\":[{\"@type\":\"ListItem\",\"position\":1,\"name\":\"Home\",\"item\":\"https:\/\/teamexact.com\/fi\/\"},{\"@type\":\"ListItem\",\"position\":2,\"name\":\"Vedenalaiset mittaukset\"}]},{\"@type\":\"WebSite\",\"@id\":\"https:\/\/teamexact.com\/sv\/#website\",\"url\":\"https:\/\/teamexact.com\/sv\/\",\"name\":\"EXACT\",\"description\":\"We see more\",\"potentialAction\":[{\"@type\":\"SearchAction\",\"target\":{\"@type\":\"EntryPoint\",\"urlTemplate\":\"https:\/\/teamexact.com\/sv\/?s={search_term_string}\"},\"query-input\":\"required name=search_term_string\"}],\"inLanguage\":\"fi\"}]}<\/script>\n<!-- \/ Yoast SEO plugin. -->","yoast_head_json":{"title":"Vedenalaiset mittaukset - EXACT","robots":{"index":"index","follow":"follow","max-snippet":"max-snippet:-1","max-image-preview":"max-image-preview:large","max-video-preview":"max-video-preview:-1"},"canonical":"https:\/\/teamexact.com\/hydrographic-surveying\/","og_locale":"fi_FI","og_type":"article","og_title":"Vedenalaiset mittaukset - EXACT","og_description":"EXACT voi suorittaa j\u00e4rvien, jokien, tekoaltaiden ja merenpohjan kaikuluotainmittauksia noin 80 metrin syvyyteen asti. Kaiku-, GPS- ja kerrostumamittauksista muodostetaan maastomalleja, jotka voidaan toimittaa sellaisinaan tai maatietoihin yhdistettyn\u00e4. Vedenalaisiin mittauksiin tarvitaan erikoisosaamista ja kokemusta sek\u00e4 tietoa korkealaatuisten mittausten rakenteesta, jotta tietoja ker\u00e4t\u00e4\u00e4n riitt\u00e4v\u00e4sti ja turhilta viiveilt\u00e4 v\u00e4ltyt\u00e4\u00e4n. T\u00e4m\u00e4n vuoksi EXACTin mittaukset tekee aina ammattitaitoinen ja harjaantunut [&hellip;]","og_url":"https:\/\/teamexact.com\/hydrographic-surveying\/","og_site_name":"EXACT","article_modified_time":"2018-04-09T12:09:14+00:00","twitter_card":"summary_large_image","schema":{"@context":"https:\/\/schema.org","@graph":[{"@type":"WebPage","@id":"https:\/\/teamexact.com\/hydrographic-surveying\/","url":"https:\/\/teamexact.com\/hydrographic-surveying\/","name":"Vedenalaiset mittaukset - EXACT","isPartOf":{"@id":"https:\/\/teamexact.com\/sv\/#website"},"datePublished":"2015-06-29T10:02:42+00:00","dateModified":"2018-04-09T12:09:14+00:00","breadcrumb":{"@id":"https:\/\/teamexact.com\/hydrographic-surveying\/#breadcrumb"},"inLanguage":"fi","potentialAction":[{"@type":"ReadAction","target":["https:\/\/teamexact.com\/hydrographic-surveying\/"]}]},{"@type":"BreadcrumbList","@id":"https:\/\/teamexact.com\/hydrographic-surveying\/#breadcrumb","itemListElement":[{"@type":"ListItem","position":1,"name":"Home","item":"https:\/\/teamexact.com\/fi\/"},{"@type":"ListItem","position":2,"name":"Vedenalaiset mittaukset"}]},{"@type":"WebSite","@id":"https:\/\/teamexact.com\/sv\/#website","url":"https:\/\/teamexact.com\/sv\/","name":"EXACT","description":"We see more","potentialAction":[{"@type":"SearchAction","target":{"@type":"EntryPoint","urlTemplate":"https:\/\/teamexact.com\/sv\/?s={search_term_string}"},"query-input":"required name=search_term_string"}],"inLanguage":"fi"}]}},"_links":{"self":[{"href":"https:\/\/teamexact.com\/fi\/wp-json\/wp\/v2\/pages\/916"}],"collection":[{"href":"https:\/\/teamexact.com\/fi\/wp-json\/wp\/v2\/pages"}],"about":[{"href":"https:\/\/teamexact.com\/fi\/wp-json\/wp\/v2\/types\/page"}],"author":[{"embeddable":true,"href":"https:\/\/teamexact.com\/fi\/wp-json\/wp\/v2\/users\/1"}],"replies":[{"embeddable":true,"href":"https:\/\/teamexact.com\/fi\/wp-json\/wp\/v2\/comments?post=916"}],"version-history":[{"count":5,"href":"https:\/\/teamexact.com\/fi\/wp-json\/wp\/v2\/pages\/916\/revisions"}],"predecessor-version":[{"id":3472,"href":"https:\/\/teamexact.com\/fi\/wp-json\/wp\/v2\/pages\/916\/revisions\/3472"}],"wp:attachment":[{"href":"https:\/\/teamexact.com\/fi\/wp-json\/wp\/v2\/media?parent=916"}],"curies":[{"name":"wp","href":"https:\/\/api.w.org\/{rel}","templated":true}]}}