{"id":929,"date":"2015-06-29T12:13:41","date_gmt":"2015-06-29T10:13:41","guid":{"rendered":"http:\/\/exact.lebowski.se\/?page_id=929"},"modified":"2015-06-29T12:13:41","modified_gmt":"2015-06-29T10:13:41","slug":"exact","status":"publish","type":"page","link":"https:\/\/teamexact.com\/fi\/exact\/","title":{"rendered":"EXACT"},"content":{"rendered":"<p><strong>EXACT tarjoaa kattavia ja eritt\u00e4in laadukkaita teknisi\u00e4 mittauspalveluita koko Euroopan alueella. Mittaus ja tarkkojen tietojen ker\u00e4\u00e4minen ovat erikoisalaamme. Osaamisemme kattaa my\u00f6s tietojen louhinnan ja saatujen tulosten hy\u00f6dynt\u00e4misen parhaalla tavalla.<\/strong><\/p>\n<p>EXACTin ammattilaiset panostavat vahvasti asemaansa mittausalan k\u00e4rjess\u00e4, mutta sen ohella olemme asiantuntijoita my\u00f6s ideoinnissa. Autamme asiakkaitamme toteuttamaan visionsa &#8211; muuttamaan valkoisen alueen kartalla onnistuneeksi kokonaisuudeksi todellisuudessa. Vahvuutemme perustuu alan laajaan ymm\u00e4rt\u00e4miseen. Me ymm\u00e4rr\u00e4mme suunnitteluprosessien syvimm\u00e4n olemuksen ja tied\u00e4mme tarkasti, mit\u00e4 vision ja todellisuuden v\u00e4liss\u00e4 olevien esteiden ylitt\u00e4miseen tarvitaan. Eteneminen edellytt\u00e4\u00e4 johdonmukaisia ja hy\u00f6dynnett\u00e4vi\u00e4 elementtej\u00e4. Se edellytt\u00e4\u00e4 mitattavaa dataa &#8211; jonka saatte meilt\u00e4. Tervetuloa EXACTille. Tarkkuus on toinen nimemme.<\/p>\n","protected":false},"excerpt":{"rendered":"<p>EXACT tarjoaa kattavia ja eritt\u00e4in laadukkaita teknisi\u00e4 mittauspalveluita koko Euroopan alueella. Mittaus ja tarkkojen tietojen ker\u00e4\u00e4minen ovat erikoisalaamme. Osaamisemme kattaa my\u00f6s tietojen louhinnan ja saatujen tulosten hy\u00f6dynt\u00e4misen parhaalla tavalla. EXACTin ammattilaiset panostavat vahvasti asemaansa mittausalan k\u00e4rjess\u00e4, mutta sen ohella olemme asiantuntijoita my\u00f6s ideoinnissa. Autamme asiakkaitamme toteuttamaan visionsa &#8211; muuttamaan valkoisen alueen kartalla onnistuneeksi kokonaisuudeksi todellisuudessa. [&hellip;]<\/p>\n","protected":false},"author":1,"featured_media":0,"parent":0,"menu_order":0,"comment_status":"open","ping_status":"open","template":"template-page.php","meta":{"_acf_changed":false,"footnotes":""},"acf":[],"yoast_head":"<!-- This site is optimized with the Yoast SEO plugin v22.2 - https:\/\/yoast.com\/wordpress\/plugins\/seo\/ -->\n<title>EXACT - EXACT<\/title>\n<meta name=\"robots\" content=\"index, follow, max-snippet:-1, max-image-preview:large, max-video-preview:-1\" \/>\n<link rel=\"canonical\" href=\"https:\/\/teamexact.com\/fi\/exact\/\" \/>\n<meta property=\"og:locale\" content=\"fi_FI\" \/>\n<meta property=\"og:type\" content=\"article\" \/>\n<meta property=\"og:title\" content=\"EXACT - EXACT\" \/>\n<meta property=\"og:description\" content=\"EXACT tarjoaa kattavia ja eritt\u00e4in laadukkaita teknisi\u00e4 mittauspalveluita koko Euroopan alueella. Mittaus ja tarkkojen tietojen ker\u00e4\u00e4minen ovat erikoisalaamme. Osaamisemme kattaa my\u00f6s tietojen louhinnan ja saatujen tulosten hy\u00f6dynt\u00e4misen parhaalla tavalla. EXACTin ammattilaiset panostavat vahvasti asemaansa mittausalan k\u00e4rjess\u00e4, mutta sen ohella olemme asiantuntijoita my\u00f6s ideoinnissa. Autamme asiakkaitamme toteuttamaan visionsa &#8211; muuttamaan valkoisen alueen kartalla onnistuneeksi kokonaisuudeksi todellisuudessa. [&hellip;]\" \/>\n<meta property=\"og:url\" content=\"https:\/\/teamexact.com\/fi\/exact\/\" \/>\n<meta property=\"og:site_name\" content=\"EXACT\" \/>\n<meta name=\"twitter:card\" content=\"summary_large_image\" \/>\n<meta name=\"twitter:label1\" content=\"Arvioitu lukuaika\" \/>\n\t<meta name=\"twitter:data1\" content=\"1 minuutti\" \/>\n<script type=\"application\/ld+json\" class=\"yoast-schema-graph\">{\"@context\":\"https:\/\/schema.org\",\"@graph\":[{\"@type\":\"WebPage\",\"@id\":\"https:\/\/teamexact.com\/fi\/exact\/\",\"url\":\"https:\/\/teamexact.com\/fi\/exact\/\",\"name\":\"EXACT - EXACT\",\"isPartOf\":{\"@id\":\"https:\/\/teamexact.com\/sv\/#website\"},\"datePublished\":\"2015-06-29T10:13:41+00:00\",\"dateModified\":\"2015-06-29T10:13:41+00:00\",\"breadcrumb\":{\"@id\":\"https:\/\/teamexact.com\/fi\/exact\/#breadcrumb\"},\"inLanguage\":\"fi\",\"potentialAction\":[{\"@type\":\"ReadAction\",\"target\":[\"https:\/\/teamexact.com\/fi\/exact\/\"]}]},{\"@type\":\"BreadcrumbList\",\"@id\":\"https:\/\/teamexact.com\/fi\/exact\/#breadcrumb\",\"itemListElement\":[{\"@type\":\"ListItem\",\"position\":1,\"name\":\"Home\",\"item\":\"https:\/\/teamexact.com\/fi\/\"},{\"@type\":\"ListItem\",\"position\":2,\"name\":\"EXACT\"}]},{\"@type\":\"WebSite\",\"@id\":\"https:\/\/teamexact.com\/sv\/#website\",\"url\":\"https:\/\/teamexact.com\/sv\/\",\"name\":\"EXACT\",\"description\":\"We see more\",\"potentialAction\":[{\"@type\":\"SearchAction\",\"target\":{\"@type\":\"EntryPoint\",\"urlTemplate\":\"https:\/\/teamexact.com\/sv\/?s={search_term_string}\"},\"query-input\":\"required name=search_term_string\"}],\"inLanguage\":\"fi\"}]}<\/script>\n<!-- \/ Yoast SEO plugin. -->","yoast_head_json":{"title":"EXACT - EXACT","robots":{"index":"index","follow":"follow","max-snippet":"max-snippet:-1","max-image-preview":"max-image-preview:large","max-video-preview":"max-video-preview:-1"},"canonical":"https:\/\/teamexact.com\/fi\/exact\/","og_locale":"fi_FI","og_type":"article","og_title":"EXACT - EXACT","og_description":"EXACT tarjoaa kattavia ja eritt\u00e4in laadukkaita teknisi\u00e4 mittauspalveluita koko Euroopan alueella. Mittaus ja tarkkojen tietojen ker\u00e4\u00e4minen ovat erikoisalaamme. Osaamisemme kattaa my\u00f6s tietojen louhinnan ja saatujen tulosten hy\u00f6dynt\u00e4misen parhaalla tavalla. EXACTin ammattilaiset panostavat vahvasti asemaansa mittausalan k\u00e4rjess\u00e4, mutta sen ohella olemme asiantuntijoita my\u00f6s ideoinnissa. Autamme asiakkaitamme toteuttamaan visionsa &#8211; muuttamaan valkoisen alueen kartalla onnistuneeksi kokonaisuudeksi todellisuudessa. [&hellip;]","og_url":"https:\/\/teamexact.com\/fi\/exact\/","og_site_name":"EXACT","twitter_card":"summary_large_image","twitter_misc":{"Arvioitu lukuaika":"1 minuutti"},"schema":{"@context":"https:\/\/schema.org","@graph":[{"@type":"WebPage","@id":"https:\/\/teamexact.com\/fi\/exact\/","url":"https:\/\/teamexact.com\/fi\/exact\/","name":"EXACT - EXACT","isPartOf":{"@id":"https:\/\/teamexact.com\/sv\/#website"},"datePublished":"2015-06-29T10:13:41+00:00","dateModified":"2015-06-29T10:13:41+00:00","breadcrumb":{"@id":"https:\/\/teamexact.com\/fi\/exact\/#breadcrumb"},"inLanguage":"fi","potentialAction":[{"@type":"ReadAction","target":["https:\/\/teamexact.com\/fi\/exact\/"]}]},{"@type":"BreadcrumbList","@id":"https:\/\/teamexact.com\/fi\/exact\/#breadcrumb","itemListElement":[{"@type":"ListItem","position":1,"name":"Home","item":"https:\/\/teamexact.com\/fi\/"},{"@type":"ListItem","position":2,"name":"EXACT"}]},{"@type":"WebSite","@id":"https:\/\/teamexact.com\/sv\/#website","url":"https:\/\/teamexact.com\/sv\/","name":"EXACT","description":"We see more","potentialAction":[{"@type":"SearchAction","target":{"@type":"EntryPoint","urlTemplate":"https:\/\/teamexact.com\/sv\/?s={search_term_string}"},"query-input":"required name=search_term_string"}],"inLanguage":"fi"}]}},"_links":{"self":[{"href":"https:\/\/teamexact.com\/fi\/wp-json\/wp\/v2\/pages\/929"}],"collection":[{"href":"https:\/\/teamexact.com\/fi\/wp-json\/wp\/v2\/pages"}],"about":[{"href":"https:\/\/teamexact.com\/fi\/wp-json\/wp\/v2\/types\/page"}],"author":[{"embeddable":true,"href":"https:\/\/teamexact.com\/fi\/wp-json\/wp\/v2\/users\/1"}],"replies":[{"embeddable":true,"href":"https:\/\/teamexact.com\/fi\/wp-json\/wp\/v2\/comments?post=929"}],"version-history":[{"count":1,"href":"https:\/\/teamexact.com\/fi\/wp-json\/wp\/v2\/pages\/929\/revisions"}],"predecessor-version":[{"id":930,"href":"https:\/\/teamexact.com\/fi\/wp-json\/wp\/v2\/pages\/929\/revisions\/930"}],"wp:attachment":[{"href":"https:\/\/teamexact.com\/fi\/wp-json\/wp\/v2\/media?parent=929"}],"curies":[{"name":"wp","href":"https:\/\/api.w.org\/{rel}","templated":true}]}}