{"id":4715,"date":"2021-07-01T14:05:40","date_gmt":"2021-07-01T12:05:40","guid":{"rendered":"http:\/\/teamexact.com\/?page_id=4715"},"modified":"2021-07-01T15:22:00","modified_gmt":"2021-07-01T13:22:00","slug":"par-exact","status":"publish","type":"page","link":"https:\/\/teamexact.com\/lv\/par-exact\/","title":{"rendered":"Par EXACT"},"content":{"rendered":"\n<p><strong>EXACT ir pilnv\u0113rt\u012bgs augstas kvalit\u0101tes m\u0113rniec\u012bbas tehnolo\u0123iju pakalpojumu pieg\u0101d\u0101t\u0101js vis\u0101 Eirop\u0101. M\u0113s esam lietprat\u0113ji prec\u012bzu nepiecie\u0161amo datu ieg\u016b\u0161an\u0101 un apkopo\u0161an\u0101. M\u0113s ar\u012b esam Jums nepiecie\u0161amais partneris, lai no J\u016bsu datiem ieg\u016btu p\u0113c iesp\u0113jas vair\u0101k inform\u0101cijas un to gudri izmantotu.<\/strong><\/p>\n\n\n\n<p>EXACT profesion\u0101\u013ci smagi str\u0101d\u0101, lai b\u016btu m\u0113rniec\u012bbas nozares l\u012bderi, bet m\u0113s darbojamies ar\u012b ideju l\u012bmen\u012b. M\u0113s pal\u012bdzam klientiem \u012bstenot vi\u0146u v\u012bzijas, lai aizpild\u012btu tuk\u0161\u0101s vietas kart\u0113 ar veiksm\u012bgiem b\u016bvniec\u012bbas projektiem. Mums labi padodas tas, ko m\u0113s dar\u0101m, jo m\u0113s paz\u012bstam nozari, saprotam projekt\u0113\u0161anas procesu un prec\u012bzi zin\u0101m, kas Jums nepiecie\u0161ams, lai p\u0101rvar\u0113tu \u0161\u0137\u0113r\u0161\u013cus ce\u013c\u0101 no v\u012bzijas uz realit\u0101ti. Lai virz\u012btos uz priek\u0161u, Jums ir nepiecie\u0161ami sak\u0101rtoti, pielietojami elementi. Jums ir nepiecie\u0161ami izm\u0113r\u0101mi dati, kas ir m\u016bsu specialit\u0101te.<\/p>\n\n\n\n<p><strong>M\u0113s redzam vair\u0101k!<\/strong><\/p>\n\n\n\n<p>M\u016bsu m\u0113r\u0137is jau no pirm\u0101s dienas ir bijis izaicin\u0101t un main\u012bt m\u0113rniec\u012bbas biznesu. Paaugstin\u0101t l\u012bmeni, k\u0101d\u0101 tiek veikti m\u0113rniec\u012bbas pakalpojumi, k\u0101 ar\u012b ieviest tirg\u016b kaut ko jaunu. Misija, kurai m\u0113s \u0161odien ticam tikpat sp\u0113c\u012bgi k\u0101 agr\u0101k un kas prasa drosmi un lieliskus cilv\u0113kus mums l\u012bdz\u0101s.<\/p>\n\n\n\n<p>Mums tas vienm\u0113r ir noz\u012bm\u0113jis l\u016bkoties t\u0101l\u0101k un redz\u0113t vair\u0101k. Jaunu zin\u0101\u0161anu un tehnolo\u0123iju izmanto\u0161ana, lai Exact rastu jaunas iesp\u0113jas, ko pied\u0101v\u0101t ar\u012b saviem klientiem. M\u0113s v\u0113lamies rad\u012bt kaut ko t\u0101du, kas nekad nav dar\u012bts, un v\u0113lamies turpin\u0101t savu virz\u012bbu arvien t\u0101l\u0101k. M\u0113s ticam, ka pilnveido\u0161an\u0101s ir nebeidzama, un vienm\u0113r tiecamies p\u0101rsniegt cer\u012bbas.<\/p>\n\n\n\n<p>Pareiz\u0101 komanda, pareiz\u0101 attieksme un zin\u0101\u0161anas ar\u012b turpm\u0101k b\u016bs tas, ar ko m\u0113s at\u0161\u0137iramies. M\u0113s g\u016bstam pan\u0101kumus, k\u013c\u016bstot liel\u0101ki un papla\u0161inoties, liels skaits to, kuri sp\u0113j paveikt vair\u0101k, un daudz t\u0101du, kuri redz vair\u0101k. <\/p>\n\n\n\n<p>Laipni l\u016bdzam EXACT. M\u016bsu aizrau\u0161an\u0101s ir precizit\u0101te.<\/p>\n","protected":false},"excerpt":{"rendered":"<p>EXACT ir pilnv\u0113rt\u012bgs augstas kvalit\u0101tes m\u0113rniec\u012bbas tehnolo\u0123iju pakalpojumu pieg\u0101d\u0101t\u0101js vis\u0101 Eirop\u0101. M\u0113s esam lietprat\u0113ji prec\u012bzu nepiecie\u0161amo datu ieg\u016b\u0161an\u0101 un apkopo\u0161an\u0101. M\u0113s ar\u012b esam Jums nepiecie\u0161amais partneris, lai no J\u016bsu datiem ieg\u016btu p\u0113c iesp\u0113jas vair\u0101k inform\u0101cijas un to gudri izmantotu. EXACT profesion\u0101\u013ci smagi str\u0101d\u0101, lai b\u016btu m\u0113rniec\u012bbas nozares l\u012bderi, bet m\u0113s darbojamies ar\u012b ideju l\u012bmen\u012b. M\u0113s [&hellip;]<\/p>\n","protected":false},"author":1,"featured_media":0,"parent":0,"menu_order":0,"comment_status":"open","ping_status":"open","template":"template-page.php","meta":{"_acf_changed":false,"footnotes":""},"acf":[],"yoast_head":"<!-- This site is optimized with the Yoast SEO plugin v22.2 - https:\/\/yoast.com\/wordpress\/plugins\/seo\/ -->\n<title>Par EXACT - EXACT<\/title>\n<meta name=\"robots\" content=\"index, follow, max-snippet:-1, max-image-preview:large, max-video-preview:-1\" \/>\n<link rel=\"canonical\" href=\"https:\/\/teamexact.com\/lv\/par-exact\/\" \/>\n<meta property=\"og:locale\" content=\"lv_LV\" \/>\n<meta property=\"og:type\" content=\"article\" \/>\n<meta property=\"og:title\" content=\"Par EXACT - EXACT\" \/>\n<meta property=\"og:description\" content=\"EXACT ir pilnv\u0113rt\u012bgs augstas kvalit\u0101tes m\u0113rniec\u012bbas tehnolo\u0123iju pakalpojumu pieg\u0101d\u0101t\u0101js vis\u0101 Eirop\u0101. M\u0113s esam lietprat\u0113ji prec\u012bzu nepiecie\u0161amo datu ieg\u016b\u0161an\u0101 un apkopo\u0161an\u0101. M\u0113s ar\u012b esam Jums nepiecie\u0161amais partneris, lai no J\u016bsu datiem ieg\u016btu p\u0113c iesp\u0113jas vair\u0101k inform\u0101cijas un to gudri izmantotu. EXACT profesion\u0101\u013ci smagi str\u0101d\u0101, lai b\u016btu m\u0113rniec\u012bbas nozares l\u012bderi, bet m\u0113s darbojamies ar\u012b ideju l\u012bmen\u012b. M\u0113s [&hellip;]\" \/>\n<meta property=\"og:url\" content=\"https:\/\/teamexact.com\/lv\/par-exact\/\" \/>\n<meta property=\"og:site_name\" content=\"EXACT\" \/>\n<meta property=\"article:modified_time\" content=\"2021-07-01T13:22:00+00:00\" \/>\n<meta name=\"twitter:card\" content=\"summary_large_image\" \/>\n<meta name=\"twitter:label1\" content=\"Est. reading time\" \/>\n\t<meta name=\"twitter:data1\" content=\"2 min\u016btes\" \/>\n<script type=\"application\/ld+json\" class=\"yoast-schema-graph\">{\"@context\":\"https:\/\/schema.org\",\"@graph\":[{\"@type\":\"WebPage\",\"@id\":\"https:\/\/teamexact.com\/lv\/par-exact\/\",\"url\":\"https:\/\/teamexact.com\/lv\/par-exact\/\",\"name\":\"Par EXACT - EXACT\",\"isPartOf\":{\"@id\":\"https:\/\/teamexact.com\/sv\/#website\"},\"datePublished\":\"2021-07-01T12:05:40+00:00\",\"dateModified\":\"2021-07-01T13:22:00+00:00\",\"breadcrumb\":{\"@id\":\"https:\/\/teamexact.com\/lv\/par-exact\/#breadcrumb\"},\"inLanguage\":\"lv-LV\",\"potentialAction\":[{\"@type\":\"ReadAction\",\"target\":[\"https:\/\/teamexact.com\/lv\/par-exact\/\"]}]},{\"@type\":\"BreadcrumbList\",\"@id\":\"https:\/\/teamexact.com\/lv\/par-exact\/#breadcrumb\",\"itemListElement\":[{\"@type\":\"ListItem\",\"position\":1,\"name\":\"Home\",\"item\":\"https:\/\/teamexact.com\/lv\/\"},{\"@type\":\"ListItem\",\"position\":2,\"name\":\"Par EXACT\"}]},{\"@type\":\"WebSite\",\"@id\":\"https:\/\/teamexact.com\/sv\/#website\",\"url\":\"https:\/\/teamexact.com\/sv\/\",\"name\":\"EXACT\",\"description\":\"We see more\",\"potentialAction\":[{\"@type\":\"SearchAction\",\"target\":{\"@type\":\"EntryPoint\",\"urlTemplate\":\"https:\/\/teamexact.com\/sv\/?s={search_term_string}\"},\"query-input\":\"required name=search_term_string\"}],\"inLanguage\":\"lv-LV\"}]}<\/script>\n<!-- \/ Yoast SEO plugin. -->","yoast_head_json":{"title":"Par EXACT - EXACT","robots":{"index":"index","follow":"follow","max-snippet":"max-snippet:-1","max-image-preview":"max-image-preview:large","max-video-preview":"max-video-preview:-1"},"canonical":"https:\/\/teamexact.com\/lv\/par-exact\/","og_locale":"lv_LV","og_type":"article","og_title":"Par EXACT - EXACT","og_description":"EXACT ir pilnv\u0113rt\u012bgs augstas kvalit\u0101tes m\u0113rniec\u012bbas tehnolo\u0123iju pakalpojumu pieg\u0101d\u0101t\u0101js vis\u0101 Eirop\u0101. M\u0113s esam lietprat\u0113ji prec\u012bzu nepiecie\u0161amo datu ieg\u016b\u0161an\u0101 un apkopo\u0161an\u0101. M\u0113s ar\u012b esam Jums nepiecie\u0161amais partneris, lai no J\u016bsu datiem ieg\u016btu p\u0113c iesp\u0113jas vair\u0101k inform\u0101cijas un to gudri izmantotu. EXACT profesion\u0101\u013ci smagi str\u0101d\u0101, lai b\u016btu m\u0113rniec\u012bbas nozares l\u012bderi, bet m\u0113s darbojamies ar\u012b ideju l\u012bmen\u012b. M\u0113s [&hellip;]","og_url":"https:\/\/teamexact.com\/lv\/par-exact\/","og_site_name":"EXACT","article_modified_time":"2021-07-01T13:22:00+00:00","twitter_card":"summary_large_image","twitter_misc":{"Est. reading time":"2 min\u016btes"},"schema":{"@context":"https:\/\/schema.org","@graph":[{"@type":"WebPage","@id":"https:\/\/teamexact.com\/lv\/par-exact\/","url":"https:\/\/teamexact.com\/lv\/par-exact\/","name":"Par EXACT - EXACT","isPartOf":{"@id":"https:\/\/teamexact.com\/sv\/#website"},"datePublished":"2021-07-01T12:05:40+00:00","dateModified":"2021-07-01T13:22:00+00:00","breadcrumb":{"@id":"https:\/\/teamexact.com\/lv\/par-exact\/#breadcrumb"},"inLanguage":"lv-LV","potentialAction":[{"@type":"ReadAction","target":["https:\/\/teamexact.com\/lv\/par-exact\/"]}]},{"@type":"BreadcrumbList","@id":"https:\/\/teamexact.com\/lv\/par-exact\/#breadcrumb","itemListElement":[{"@type":"ListItem","position":1,"name":"Home","item":"https:\/\/teamexact.com\/lv\/"},{"@type":"ListItem","position":2,"name":"Par EXACT"}]},{"@type":"WebSite","@id":"https:\/\/teamexact.com\/sv\/#website","url":"https:\/\/teamexact.com\/sv\/","name":"EXACT","description":"We see more","potentialAction":[{"@type":"SearchAction","target":{"@type":"EntryPoint","urlTemplate":"https:\/\/teamexact.com\/sv\/?s={search_term_string}"},"query-input":"required name=search_term_string"}],"inLanguage":"lv-LV"}]}},"_links":{"self":[{"href":"https:\/\/teamexact.com\/lv\/wp-json\/wp\/v2\/pages\/4715"}],"collection":[{"href":"https:\/\/teamexact.com\/lv\/wp-json\/wp\/v2\/pages"}],"about":[{"href":"https:\/\/teamexact.com\/lv\/wp-json\/wp\/v2\/types\/page"}],"author":[{"embeddable":true,"href":"https:\/\/teamexact.com\/lv\/wp-json\/wp\/v2\/users\/1"}],"replies":[{"embeddable":true,"href":"https:\/\/teamexact.com\/lv\/wp-json\/wp\/v2\/comments?post=4715"}],"version-history":[{"count":9,"href":"https:\/\/teamexact.com\/lv\/wp-json\/wp\/v2\/pages\/4715\/revisions"}],"predecessor-version":[{"id":4767,"href":"https:\/\/teamexact.com\/lv\/wp-json\/wp\/v2\/pages\/4715\/revisions\/4767"}],"wp:attachment":[{"href":"https:\/\/teamexact.com\/lv\/wp-json\/wp\/v2\/media?parent=4715"}],"curies":[{"name":"wp","href":"https:\/\/api.w.org\/{rel}","templated":true}]}}