{"id":4785,"date":"2018-03-15T14:46:06","date_gmt":"2018-03-15T13:46:06","guid":{"rendered":"http:\/\/teamexact.com\/bim-made-easy-with-exact\/"},"modified":"2021-09-07T18:02:07","modified_gmt":"2021-09-07T16:02:07","slug":"bim-made-easy-with-exact","status":"publish","type":"page","link":"https:\/\/teamexact.com\/lv\/bim-made-easy-with-exact\/","title":{"rendered":"BIM ir vienk\u0101r\u0161s ar Exact"},"content":{"rendered":"<p>Izmantojot Exact k\u0101 savu BIM partneri, J\u016bs sa\u0146emat visu nepiecie\u0161amo inform\u0101ciju, k\u0101 ar\u012b sp\u0113ju izprast inform\u0101ciju un pareizi to izmantot. Lai kur\u0101 projekta dz\u012bves cikl\u0101 J\u016bs atrastos, mums ir pakalpojumi un produkti, kas nodro\u0161ina gan paaugstin\u0101tu produktivit\u0101ti, gan augst\u0101ku kvalit\u0101ti.<\/p>\n<p>M\u0113s J\u016bs sagatavojam BIM!<\/p>\n","protected":false},"excerpt":{"rendered":"<p>Izmantojot Exact k\u0101 savu BIM partneri, J\u016bs sa\u0146emat visu nepiecie\u0161amo inform\u0101ciju, k\u0101 ar\u012b sp\u0113ju izprast inform\u0101ciju un pareizi to izmantot. Lai kur\u0101 projekta dz\u012bves cikl\u0101 J\u016bs atrastos, mums ir pakalpojumi un produkti, kas nodro\u0161ina gan paaugstin\u0101tu produktivit\u0101ti, gan augst\u0101ku kvalit\u0101ti. M\u0113s J\u016bs sagatavojam BIM!<\/p>\n","protected":false},"author":1,"featured_media":0,"parent":0,"menu_order":0,"comment_status":"closed","ping_status":"closed","template":"template-bim.php","meta":{"_acf_changed":false,"footnotes":""},"acf":[],"yoast_head":"<!-- This site is optimized with the Yoast SEO plugin v22.2 - https:\/\/yoast.com\/wordpress\/plugins\/seo\/ -->\n<title>BIM ir vienk\u0101r\u0161s ar Exact - EXACT<\/title>\n<meta name=\"robots\" content=\"index, follow, max-snippet:-1, max-image-preview:large, max-video-preview:-1\" \/>\n<link rel=\"canonical\" href=\"https:\/\/teamexact.com\/lv\/bim-made-easy-with-exact\/\" \/>\n<meta property=\"og:locale\" content=\"lv_LV\" \/>\n<meta property=\"og:type\" content=\"article\" \/>\n<meta property=\"og:title\" content=\"BIM ir vienk\u0101r\u0161s ar Exact - EXACT\" \/>\n<meta property=\"og:description\" content=\"Izmantojot Exact k\u0101 savu BIM partneri, J\u016bs sa\u0146emat visu nepiecie\u0161amo inform\u0101ciju, k\u0101 ar\u012b sp\u0113ju izprast inform\u0101ciju un pareizi to izmantot. Lai kur\u0101 projekta dz\u012bves cikl\u0101 J\u016bs atrastos, mums ir pakalpojumi un produkti, kas nodro\u0161ina gan paaugstin\u0101tu produktivit\u0101ti, gan augst\u0101ku kvalit\u0101ti. M\u0113s J\u016bs sagatavojam BIM!\" \/>\n<meta property=\"og:url\" content=\"https:\/\/teamexact.com\/lv\/bim-made-easy-with-exact\/\" \/>\n<meta property=\"og:site_name\" content=\"EXACT\" \/>\n<meta property=\"article:modified_time\" content=\"2021-09-07T16:02:07+00:00\" \/>\n<meta name=\"twitter:card\" content=\"summary_large_image\" \/>\n<meta name=\"twitter:label1\" content=\"Est. reading time\" \/>\n\t<meta name=\"twitter:data1\" content=\"1 min\u016bte\" \/>\n<script type=\"application\/ld+json\" class=\"yoast-schema-graph\">{\"@context\":\"https:\/\/schema.org\",\"@graph\":[{\"@type\":\"WebPage\",\"@id\":\"https:\/\/teamexact.com\/lv\/bim-made-easy-with-exact\/\",\"url\":\"https:\/\/teamexact.com\/lv\/bim-made-easy-with-exact\/\",\"name\":\"BIM ir vienk\u0101r\u0161s ar Exact - EXACT\",\"isPartOf\":{\"@id\":\"https:\/\/teamexact.com\/sv\/#website\"},\"datePublished\":\"2018-03-15T13:46:06+00:00\",\"dateModified\":\"2021-09-07T16:02:07+00:00\",\"breadcrumb\":{\"@id\":\"https:\/\/teamexact.com\/lv\/bim-made-easy-with-exact\/#breadcrumb\"},\"inLanguage\":\"lv-LV\",\"potentialAction\":[{\"@type\":\"ReadAction\",\"target\":[\"https:\/\/teamexact.com\/lv\/bim-made-easy-with-exact\/\"]}]},{\"@type\":\"BreadcrumbList\",\"@id\":\"https:\/\/teamexact.com\/lv\/bim-made-easy-with-exact\/#breadcrumb\",\"itemListElement\":[{\"@type\":\"ListItem\",\"position\":1,\"name\":\"Home\",\"item\":\"https:\/\/teamexact.com\/lv\/\"},{\"@type\":\"ListItem\",\"position\":2,\"name\":\"BIM ir vienk\u0101r\u0161s ar Exact\"}]},{\"@type\":\"WebSite\",\"@id\":\"https:\/\/teamexact.com\/sv\/#website\",\"url\":\"https:\/\/teamexact.com\/sv\/\",\"name\":\"EXACT\",\"description\":\"We see more\",\"potentialAction\":[{\"@type\":\"SearchAction\",\"target\":{\"@type\":\"EntryPoint\",\"urlTemplate\":\"https:\/\/teamexact.com\/sv\/?s={search_term_string}\"},\"query-input\":\"required name=search_term_string\"}],\"inLanguage\":\"lv-LV\"}]}<\/script>\n<!-- \/ Yoast SEO plugin. -->","yoast_head_json":{"title":"BIM ir vienk\u0101r\u0161s ar Exact - EXACT","robots":{"index":"index","follow":"follow","max-snippet":"max-snippet:-1","max-image-preview":"max-image-preview:large","max-video-preview":"max-video-preview:-1"},"canonical":"https:\/\/teamexact.com\/lv\/bim-made-easy-with-exact\/","og_locale":"lv_LV","og_type":"article","og_title":"BIM ir vienk\u0101r\u0161s ar Exact - EXACT","og_description":"Izmantojot Exact k\u0101 savu BIM partneri, J\u016bs sa\u0146emat visu nepiecie\u0161amo inform\u0101ciju, k\u0101 ar\u012b sp\u0113ju izprast inform\u0101ciju un pareizi to izmantot. Lai kur\u0101 projekta dz\u012bves cikl\u0101 J\u016bs atrastos, mums ir pakalpojumi un produkti, kas nodro\u0161ina gan paaugstin\u0101tu produktivit\u0101ti, gan augst\u0101ku kvalit\u0101ti. M\u0113s J\u016bs sagatavojam BIM!","og_url":"https:\/\/teamexact.com\/lv\/bim-made-easy-with-exact\/","og_site_name":"EXACT","article_modified_time":"2021-09-07T16:02:07+00:00","twitter_card":"summary_large_image","twitter_misc":{"Est. reading time":"1 min\u016bte"},"schema":{"@context":"https:\/\/schema.org","@graph":[{"@type":"WebPage","@id":"https:\/\/teamexact.com\/lv\/bim-made-easy-with-exact\/","url":"https:\/\/teamexact.com\/lv\/bim-made-easy-with-exact\/","name":"BIM ir vienk\u0101r\u0161s ar Exact - EXACT","isPartOf":{"@id":"https:\/\/teamexact.com\/sv\/#website"},"datePublished":"2018-03-15T13:46:06+00:00","dateModified":"2021-09-07T16:02:07+00:00","breadcrumb":{"@id":"https:\/\/teamexact.com\/lv\/bim-made-easy-with-exact\/#breadcrumb"},"inLanguage":"lv-LV","potentialAction":[{"@type":"ReadAction","target":["https:\/\/teamexact.com\/lv\/bim-made-easy-with-exact\/"]}]},{"@type":"BreadcrumbList","@id":"https:\/\/teamexact.com\/lv\/bim-made-easy-with-exact\/#breadcrumb","itemListElement":[{"@type":"ListItem","position":1,"name":"Home","item":"https:\/\/teamexact.com\/lv\/"},{"@type":"ListItem","position":2,"name":"BIM ir vienk\u0101r\u0161s ar Exact"}]},{"@type":"WebSite","@id":"https:\/\/teamexact.com\/sv\/#website","url":"https:\/\/teamexact.com\/sv\/","name":"EXACT","description":"We see more","potentialAction":[{"@type":"SearchAction","target":{"@type":"EntryPoint","urlTemplate":"https:\/\/teamexact.com\/sv\/?s={search_term_string}"},"query-input":"required name=search_term_string"}],"inLanguage":"lv-LV"}]}},"_links":{"self":[{"href":"https:\/\/teamexact.com\/lv\/wp-json\/wp\/v2\/pages\/4785"}],"collection":[{"href":"https:\/\/teamexact.com\/lv\/wp-json\/wp\/v2\/pages"}],"about":[{"href":"https:\/\/teamexact.com\/lv\/wp-json\/wp\/v2\/types\/page"}],"author":[{"embeddable":true,"href":"https:\/\/teamexact.com\/lv\/wp-json\/wp\/v2\/users\/1"}],"replies":[{"embeddable":true,"href":"https:\/\/teamexact.com\/lv\/wp-json\/wp\/v2\/comments?post=4785"}],"version-history":[{"count":7,"href":"https:\/\/teamexact.com\/lv\/wp-json\/wp\/v2\/pages\/4785\/revisions"}],"predecessor-version":[{"id":4915,"href":"https:\/\/teamexact.com\/lv\/wp-json\/wp\/v2\/pages\/4785\/revisions\/4915"}],"wp:attachment":[{"href":"https:\/\/teamexact.com\/lv\/wp-json\/wp\/v2\/media?parent=4785"}],"curies":[{"name":"wp","href":"https:\/\/api.w.org\/{rel}","templated":true}]}}