{"id":1318,"date":"2015-06-15T14:08:45","date_gmt":"2015-06-15T12:08:45","guid":{"rendered":"http:\/\/exact.lebowski.se\/3d-scanning-2\/"},"modified":"2020-07-30T16:33:27","modified_gmt":"2020-07-30T14:33:27","slug":"3d-skanning","status":"publish","type":"page","link":"https:\/\/teamexact.com\/nb\/3d-skanning\/","title":{"rendered":"3D Skanning"},"content":{"rendered":"<p><strong>Vi m\u00e5ler alle typer komplekse rom og objekter, som bolighus, n\u00e6ringsbygg, fabrikker og installasjoner. EXACT benytter avansert 3D-skanneteknologier for rask og n\u00f8yaktig datainnsamling. Data fra laserskanning brukes til \u00e5 utarbeide dokumentasjon til en lang rekke form\u00e5l. Vi presenterer og leverer disse dataene som 2D-tegninger i snitt og plane eller som 3D-modellerslik du \u00f8nsker. Vi ser mer i 3D!<\/strong><\/p>\n<h3>Som bygget dokumentasjon\/As-built<\/h3>\n<p>Design, ombygging og forvaltning- drift og vedlikehold (FDV) krever n\u00f8yaktig og riktig dokumentasjon. EXACT produserer de tegningene og modellene du trenger. Vi oppfyller samtlige dokumentasjonsbehov og -krav. &#8220;Som utf\u00f8rt&#8221;-tegninger og modeller kan produseres etter en fullstendig oppm\u00e5ling eller etter en begrenset oppm\u00e5ling hvis dere bare \u00f8nsker \u00e5 supplere eksisterende tegninger.<\/p>\n<div class=\"apply\"><a class=\"button\" href=\"http:\/\/www.teamexact.com\/nb\/exact-as-built\/\">Les mer<\/a><\/div>\n<h3>Bygningsinformasjonsmodellering (BIM)<\/h3>\n<p>Vi leverer BIM-dataene du trenger for \u00e5 ta smarte beslutninger underveis i ditt byggeprosjekt. \u00a0EXACT bruker 3D-skanneteknologi til \u00e5 utarbeide n\u00f8yaktige digitale modeller som hjelper arkitekter, ingeni\u00f8rer og designere med \u00e5 visualisere form og funksjon og for \u00e5 forutsi kostnader og v\u00e6re f\u00f8re var med hensyn til eventuelle endringer. Vi hjelper deg til \u00e5 ta smarte beslutninger tidligere i prosessen slik at du unng\u00e5r kostbare feil og uheldige beslutninger.<\/p>\n<div class=\"apply\"><a class=\"button\" href=\"http:\/\/www.teamexact.com\/nb\/vi-gjor-bim-begripelig\/\">Les mer<\/a><\/div>\n<h3>Exact Street<\/h3>\n<p>EXACT Street er den eneste oppm\u00e5lingsteknologien i sin klasse som garanterer en m\u00e5len\u00f8yaktighet p\u00e5 2 mm. L\u00f8sningen b\u00f8r v\u00e6re uunnv\u00e6rlig ved veibygging og veireparasjoner. Utf\u00f8r fremtidig veiplanlegging og reparasjoner med n\u00f8yaktige, omfattende data og detaljerte kart. EXACT Street kan spare deg for b\u00e5de tid og penger.<\/p>\n<p>Med EXACT Street kan du oppn\u00e5 betydelige besparelser ved veibygging, forlenge levetiden til reparasjonsarbeider og samtidig redusere behovet for \u00e5 stenge veier. Fra EXACT Street produseres nye og riktige veiprofiler slik at du f\u00e5r visualisert IRI-verdier, drenering, langsg\u00e5ende og tverrg\u00e5ende ujevnhet og veibanens helling.<\/p>\n<p>N\u00e5 kan du redusere kostnadene ved un\u00f8dvendig ombygging og i stedet fokusere p\u00e5 \u00e5 oppn\u00e5 et jevnt veidekke med enhetlige asfaltlag og hensiktsmessig drenering, noe som bidrar til langvarig kj\u00f8rekomfort og sikkerhet.<\/p>\n<h3>One-Button Scanning (OBS) og etterbehandling<\/h3>\n<p>OBS fra EXACT er en l\u00f8sning for enkel, n\u00f8yaktig og rask 3D-datainnsamling med etter-prosessering i Skyen. OBS er en ideell l\u00f8sning for oppm\u00e5ling av dagbrudd, tunneler, gruver og st\u00f8rre masseforflyttinger.<\/p>\n<p>Etterbehandling i skyen fokuserer p\u00e5 dataregistrering, generering av modeller, volumberegning, og geometri-\/samsvarskontroll for 3D-prosjekter. OBS krever minimalt med oppl\u00e6ring og kan implementeres \u00f8yeblikkelig p\u00e5 ditt prosjekt.<\/p>\n<p>Du trenger ikke v\u00e6re spesialist for \u00e5 betjene OBS. V\u00e5re prosesseringstjenester st\u00e5r til disposisjon og behandler de innsamlede dataene i tr\u00e5d med ditt behov innen 24 timer. EXACT Mine M\u00e5p er v\u00e5r skybaserte l\u00f8sning som gir dine medarbeidere tilgang til resultater fra OBS og du kan selv enkelt gj\u00f8re ganske avanserte beregninger \u2013 bare ett klikk unna. OBS krever ingen investeringer, spar penger med oss.<\/p>\n","protected":false},"excerpt":{"rendered":"<p>Vi m\u00e5ler alle typer komplekse rom og objekter, som bolighus, n\u00e6ringsbygg, fabrikker og installasjoner. EXACT benytter avansert 3D-skanneteknologier for rask og n\u00f8yaktig datainnsamling. Data fra laserskanning brukes til \u00e5 utarbeide dokumentasjon til en lang rekke form\u00e5l. Vi presenterer og leverer disse dataene som 2D-tegninger i snitt og plane eller som 3D-modellerslik du \u00f8nsker. Vi ser [&hellip;]<\/p>\n","protected":false},"author":1,"featured_media":0,"parent":0,"menu_order":0,"comment_status":"open","ping_status":"open","template":"template-page.php","meta":{"_acf_changed":false,"footnotes":""},"acf":[],"yoast_head":"<!-- This site is optimized with the Yoast SEO plugin v22.2 - https:\/\/yoast.com\/wordpress\/plugins\/seo\/ -->\n<title>3D Skanning - EXACT<\/title>\n<meta name=\"robots\" content=\"index, follow, max-snippet:-1, max-image-preview:large, max-video-preview:-1\" \/>\n<link rel=\"canonical\" href=\"https:\/\/teamexact.com\/nb\/3d-skanning\/\" \/>\n<meta property=\"og:locale\" content=\"nb_NO\" \/>\n<meta property=\"og:type\" content=\"article\" \/>\n<meta property=\"og:title\" content=\"3D Skanning - EXACT\" \/>\n<meta property=\"og:description\" content=\"Vi m\u00e5ler alle typer komplekse rom og objekter, som bolighus, n\u00e6ringsbygg, fabrikker og installasjoner. EXACT benytter avansert 3D-skanneteknologier for rask og n\u00f8yaktig datainnsamling. Data fra laserskanning brukes til \u00e5 utarbeide dokumentasjon til en lang rekke form\u00e5l. Vi presenterer og leverer disse dataene som 2D-tegninger i snitt og plane eller som 3D-modellerslik du \u00f8nsker. Vi ser [&hellip;]\" \/>\n<meta property=\"og:url\" content=\"https:\/\/teamexact.com\/nb\/3d-skanning\/\" \/>\n<meta property=\"og:site_name\" content=\"EXACT\" \/>\n<meta property=\"article:modified_time\" content=\"2020-07-30T14:33:27+00:00\" \/>\n<meta name=\"twitter:card\" content=\"summary_large_image\" \/>\n<meta name=\"twitter:label1\" content=\"Ansl. lesetid\" \/>\n\t<meta name=\"twitter:data1\" content=\"2 minutter\" \/>\n<script type=\"application\/ld+json\" class=\"yoast-schema-graph\">{\"@context\":\"https:\/\/schema.org\",\"@graph\":[{\"@type\":\"WebPage\",\"@id\":\"https:\/\/teamexact.com\/nb\/3d-skanning\/\",\"url\":\"https:\/\/teamexact.com\/nb\/3d-skanning\/\",\"name\":\"3D Skanning - EXACT\",\"isPartOf\":{\"@id\":\"https:\/\/teamexact.com\/sv\/#website\"},\"datePublished\":\"2015-06-15T12:08:45+00:00\",\"dateModified\":\"2020-07-30T14:33:27+00:00\",\"breadcrumb\":{\"@id\":\"https:\/\/teamexact.com\/nb\/3d-skanning\/#breadcrumb\"},\"inLanguage\":\"nb-NO\",\"potentialAction\":[{\"@type\":\"ReadAction\",\"target\":[\"https:\/\/teamexact.com\/nb\/3d-skanning\/\"]}]},{\"@type\":\"BreadcrumbList\",\"@id\":\"https:\/\/teamexact.com\/nb\/3d-skanning\/#breadcrumb\",\"itemListElement\":[{\"@type\":\"ListItem\",\"position\":1,\"name\":\"Home\",\"item\":\"https:\/\/teamexact.com\/nb\/\"},{\"@type\":\"ListItem\",\"position\":2,\"name\":\"3D Skanning\"}]},{\"@type\":\"WebSite\",\"@id\":\"https:\/\/teamexact.com\/sv\/#website\",\"url\":\"https:\/\/teamexact.com\/sv\/\",\"name\":\"EXACT\",\"description\":\"We see more\",\"potentialAction\":[{\"@type\":\"SearchAction\",\"target\":{\"@type\":\"EntryPoint\",\"urlTemplate\":\"https:\/\/teamexact.com\/sv\/?s={search_term_string}\"},\"query-input\":\"required name=search_term_string\"}],\"inLanguage\":\"nb-NO\"}]}<\/script>\n<!-- \/ Yoast SEO plugin. -->","yoast_head_json":{"title":"3D Skanning - EXACT","robots":{"index":"index","follow":"follow","max-snippet":"max-snippet:-1","max-image-preview":"max-image-preview:large","max-video-preview":"max-video-preview:-1"},"canonical":"https:\/\/teamexact.com\/nb\/3d-skanning\/","og_locale":"nb_NO","og_type":"article","og_title":"3D Skanning - EXACT","og_description":"Vi m\u00e5ler alle typer komplekse rom og objekter, som bolighus, n\u00e6ringsbygg, fabrikker og installasjoner. EXACT benytter avansert 3D-skanneteknologier for rask og n\u00f8yaktig datainnsamling. Data fra laserskanning brukes til \u00e5 utarbeide dokumentasjon til en lang rekke form\u00e5l. Vi presenterer og leverer disse dataene som 2D-tegninger i snitt og plane eller som 3D-modellerslik du \u00f8nsker. Vi ser [&hellip;]","og_url":"https:\/\/teamexact.com\/nb\/3d-skanning\/","og_site_name":"EXACT","article_modified_time":"2020-07-30T14:33:27+00:00","twitter_card":"summary_large_image","twitter_misc":{"Ansl. lesetid":"2 minutter"},"schema":{"@context":"https:\/\/schema.org","@graph":[{"@type":"WebPage","@id":"https:\/\/teamexact.com\/nb\/3d-skanning\/","url":"https:\/\/teamexact.com\/nb\/3d-skanning\/","name":"3D Skanning - EXACT","isPartOf":{"@id":"https:\/\/teamexact.com\/sv\/#website"},"datePublished":"2015-06-15T12:08:45+00:00","dateModified":"2020-07-30T14:33:27+00:00","breadcrumb":{"@id":"https:\/\/teamexact.com\/nb\/3d-skanning\/#breadcrumb"},"inLanguage":"nb-NO","potentialAction":[{"@type":"ReadAction","target":["https:\/\/teamexact.com\/nb\/3d-skanning\/"]}]},{"@type":"BreadcrumbList","@id":"https:\/\/teamexact.com\/nb\/3d-skanning\/#breadcrumb","itemListElement":[{"@type":"ListItem","position":1,"name":"Home","item":"https:\/\/teamexact.com\/nb\/"},{"@type":"ListItem","position":2,"name":"3D Skanning"}]},{"@type":"WebSite","@id":"https:\/\/teamexact.com\/sv\/#website","url":"https:\/\/teamexact.com\/sv\/","name":"EXACT","description":"We see more","potentialAction":[{"@type":"SearchAction","target":{"@type":"EntryPoint","urlTemplate":"https:\/\/teamexact.com\/sv\/?s={search_term_string}"},"query-input":"required name=search_term_string"}],"inLanguage":"nb-NO"}]}},"_links":{"self":[{"href":"https:\/\/teamexact.com\/nb\/wp-json\/wp\/v2\/pages\/1318"}],"collection":[{"href":"https:\/\/teamexact.com\/nb\/wp-json\/wp\/v2\/pages"}],"about":[{"href":"https:\/\/teamexact.com\/nb\/wp-json\/wp\/v2\/types\/page"}],"author":[{"embeddable":true,"href":"https:\/\/teamexact.com\/nb\/wp-json\/wp\/v2\/users\/1"}],"replies":[{"embeddable":true,"href":"https:\/\/teamexact.com\/nb\/wp-json\/wp\/v2\/comments?post=1318"}],"version-history":[{"count":11,"href":"https:\/\/teamexact.com\/nb\/wp-json\/wp\/v2\/pages\/1318\/revisions"}],"predecessor-version":[{"id":4304,"href":"https:\/\/teamexact.com\/nb\/wp-json\/wp\/v2\/pages\/1318\/revisions\/4304"}],"wp:attachment":[{"href":"https:\/\/teamexact.com\/nb\/wp-json\/wp\/v2\/media?parent=1318"}],"curies":[{"name":"wp","href":"https:\/\/api.w.org\/{rel}","templated":true}]}}