{"id":1322,"date":"2015-06-15T14:41:22","date_gmt":"2015-06-15T12:41:22","guid":{"rendered":"http:\/\/exact.lebowski.se\/construction-2\/"},"modified":"2018-04-27T14:07:57","modified_gmt":"2018-04-27T12:07:57","slug":"bygg-og-anlegg","status":"publish","type":"page","link":"https:\/\/teamexact.com\/nb\/bygg-og-anlegg\/","title":{"rendered":"Bygg og anlegg"},"content":{"rendered":"<p><strong>Hos EXACT ser vi alt. Vi arbeider n\u00f8yaktig fra de minste deler til strukturen som en helhet for \u00e5 gi deg de n\u00f8yaktige detaljer og svar. Takket v\u00e6re v\u00e5r ekspertise, kunnskap og erfaring med byggeprosjekter ser og m\u00e5ler vi mer n\u00f8yaktig. EXACT bruker riktig kompetanse og teknologi p\u00e5 byggeplassen og fullf\u00f8rer hver oppm\u00e5lingsoppgave med presisjon.<\/strong><\/p>\n<p>&nbsp;<\/p>\n<h3>Oppm\u00e5ling p\u00e5 bygg- og anlegg<\/h3>\n<p>Vi tilbyr oppm\u00e5lingstjenester for alle typer bygg, konstruksjoner og industrianlegg. EXACT utf\u00f8rer ogs\u00e5 konstruksjons- og kontrolloppm\u00e5linger p\u00e5 byggeplassen.<\/p>\n<h3>Prosjektstyring og kundest\u00f8tte<\/h3>\n<p>EXACT har omfattende erfaring og kunnskap i \u00e5 lede store byggeprosjekter. EXACT tilbyr prosjekt- og kundest\u00f8tte i alle faser av et prosjekt for \u00e5 bidra til suksess. EXACT kan oppm\u00e5ling, vi kan ogs\u00e5 prosjektstyring og kundest\u00f8tte.<\/p>\n<p>Vi hjelper deg med \u00e5 unng\u00e5 un\u00f8dvendige feil og misforst\u00e5elser. Ved \u00e5 g\u00e5 gjennom alle tilknyttede prosjektdokumenter kan vi kontrollere at de oppfyller fastsatte krav for \u00e5 sikre at prosjektet f\u00e5r en vellykket start. Underveis i prosjektet kan dere benytte v\u00e5re kundest\u00f8ttetjenester for \u00e5 kontrollere at juridiske kontrakter, bestemmelser og retningslinjer for konstruksjonstoleranse overholdes.<\/p>\n<h3>Overv\u00e5king og tilsyn<\/h3>\n<p>Under sprengning, tunnelbygging og annet risikoarbeid tilbyr vi l\u00f8sninger for smart og automatisk overv\u00e5king. Vi hjelper dere med \u00e5 installere det n\u00f8dvendige utstyret, definere parametere og implementere systemet.<\/p>\n<h3>Geodetisk grunnlagsnett<\/h3>\n<p>Grunnlagsnettet er fundamentet for alle aktiviteter knyttet til innm\u00e5ling, kartlegging og utsetting i forhold til et kjent referansesystem. Vi legger vekt p\u00e5 at et homogent grunnlagsnett kan v\u00e6re kostnadsbesparende for ethvert prosjekt og anbefaler etablering eller kontroll av grunnlagsnett ved prosjektstart eller hvor det er behov for kvalitetsheving. Et homogent grunnlagsnett med tilstrekkelig tetthet og kvalitet fungerer som bindeledd mellom prosjektets ulike faser.<\/p>\n<h3>Som bygget dokumentasjon\/As-built<\/h3>\n<p>Design, ombygging og forvaltning- drift og vedlikehold (FDV) krever n\u00f8yaktig og riktig dokumentasjon. EXACT produserer de tegningene og modellene du trenger. Vi oppfyller samtlige dokumentasjonsbehov og -krav. &#8220;Som utf\u00f8rt&#8221;-tegninger og modeller kan produseres etter en fullstendig oppm\u00e5ling eller etter en begrenset oppm\u00e5ling hvis dere bare \u00f8nsker \u00e5 supplere eksisterende tegninger. <a href=\"http:\/\/www.teamexact.com\/nb\/exact-as-built\/\">Les mer<\/a><\/p>\n<h3>One-Button Scanning (OBS) og etterbehandling<\/h3>\n<p>OBS fra EXACT er en l\u00f8sning for enkel, n\u00f8yaktig og rask 3D-datainnsamling med etter-prosessering i Skyen. OBS er en ideell l\u00f8sning for oppm\u00e5ling av dagbrudd, tunneler, gruver og st\u00f8rre masseforflyttinger.<\/p>\n<p>Etterbehandling i skyen fokuserer p\u00e5 dataregistrering, generering av modeller, volumberegning, og geometri-\/samsvarskontroll for 3D-prosjekter. OBS krever minimalt med oppl\u00e6ring og kan implementeres \u00f8yeblikkelig p\u00e5 ditt prosjekt.<\/p>\n<p>Du trenger ikke v\u00e6re spesialist for \u00e5 betjene OBS. V\u00e5re prosesseringstjenester st\u00e5r til disposisjon og behandler de innsamlede dataene i tr\u00e5d med ditt behov innen 24 timer.<\/p>\n<p>EXACT Mine M\u00e5p er v\u00e5r skybaserte l\u00f8sning som gir dine medarbeidere tilgang til resultater fra OBS og du kan selv enkelt gj\u00f8re ganske avanserte beregninger \u2013 bare ett klikk unna. OBS krever ingen investeringer, spar penger med oss.<\/p>\n","protected":false},"excerpt":{"rendered":"<p>Hos EXACT ser vi alt. Vi arbeider n\u00f8yaktig fra de minste deler til strukturen som en helhet for \u00e5 gi deg de n\u00f8yaktige detaljer og svar. Takket v\u00e6re v\u00e5r ekspertise, kunnskap og erfaring med byggeprosjekter ser og m\u00e5ler vi mer n\u00f8yaktig. EXACT bruker riktig kompetanse og teknologi p\u00e5 byggeplassen og fullf\u00f8rer hver oppm\u00e5lingsoppgave med presisjon. [&hellip;]<\/p>\n","protected":false},"author":1,"featured_media":0,"parent":0,"menu_order":0,"comment_status":"open","ping_status":"open","template":"template-area.php","meta":{"_acf_changed":false,"footnotes":""},"acf":[],"yoast_head":"<!-- This site is optimized with the Yoast SEO plugin v22.2 - https:\/\/yoast.com\/wordpress\/plugins\/seo\/ -->\n<title>Bygg og anlegg - EXACT<\/title>\n<meta name=\"robots\" content=\"index, follow, max-snippet:-1, max-image-preview:large, max-video-preview:-1\" \/>\n<link rel=\"canonical\" href=\"https:\/\/teamexact.com\/nb\/bygg-og-anlegg\/\" \/>\n<meta property=\"og:locale\" content=\"nb_NO\" \/>\n<meta property=\"og:type\" content=\"article\" \/>\n<meta property=\"og:title\" content=\"Bygg og anlegg - EXACT\" \/>\n<meta property=\"og:description\" content=\"Hos EXACT ser vi alt. Vi arbeider n\u00f8yaktig fra de minste deler til strukturen som en helhet for \u00e5 gi deg de n\u00f8yaktige detaljer og svar. Takket v\u00e6re v\u00e5r ekspertise, kunnskap og erfaring med byggeprosjekter ser og m\u00e5ler vi mer n\u00f8yaktig. EXACT bruker riktig kompetanse og teknologi p\u00e5 byggeplassen og fullf\u00f8rer hver oppm\u00e5lingsoppgave med presisjon. [&hellip;]\" \/>\n<meta property=\"og:url\" content=\"https:\/\/teamexact.com\/nb\/bygg-og-anlegg\/\" \/>\n<meta property=\"og:site_name\" content=\"EXACT\" \/>\n<meta property=\"article:modified_time\" content=\"2018-04-27T12:07:57+00:00\" \/>\n<meta name=\"twitter:card\" content=\"summary_large_image\" \/>\n<meta name=\"twitter:label1\" content=\"Ansl. lesetid\" \/>\n\t<meta name=\"twitter:data1\" content=\"2 minutter\" \/>\n<script type=\"application\/ld+json\" class=\"yoast-schema-graph\">{\"@context\":\"https:\/\/schema.org\",\"@graph\":[{\"@type\":\"WebPage\",\"@id\":\"https:\/\/teamexact.com\/nb\/bygg-og-anlegg\/\",\"url\":\"https:\/\/teamexact.com\/nb\/bygg-og-anlegg\/\",\"name\":\"Bygg og anlegg - EXACT\",\"isPartOf\":{\"@id\":\"https:\/\/teamexact.com\/sv\/#website\"},\"datePublished\":\"2015-06-15T12:41:22+00:00\",\"dateModified\":\"2018-04-27T12:07:57+00:00\",\"breadcrumb\":{\"@id\":\"https:\/\/teamexact.com\/nb\/bygg-og-anlegg\/#breadcrumb\"},\"inLanguage\":\"nb-NO\",\"potentialAction\":[{\"@type\":\"ReadAction\",\"target\":[\"https:\/\/teamexact.com\/nb\/bygg-og-anlegg\/\"]}]},{\"@type\":\"BreadcrumbList\",\"@id\":\"https:\/\/teamexact.com\/nb\/bygg-og-anlegg\/#breadcrumb\",\"itemListElement\":[{\"@type\":\"ListItem\",\"position\":1,\"name\":\"Home\",\"item\":\"https:\/\/teamexact.com\/nb\/\"},{\"@type\":\"ListItem\",\"position\":2,\"name\":\"Bygg og anlegg\"}]},{\"@type\":\"WebSite\",\"@id\":\"https:\/\/teamexact.com\/sv\/#website\",\"url\":\"https:\/\/teamexact.com\/sv\/\",\"name\":\"EXACT\",\"description\":\"We see more\",\"potentialAction\":[{\"@type\":\"SearchAction\",\"target\":{\"@type\":\"EntryPoint\",\"urlTemplate\":\"https:\/\/teamexact.com\/sv\/?s={search_term_string}\"},\"query-input\":\"required name=search_term_string\"}],\"inLanguage\":\"nb-NO\"}]}<\/script>\n<!-- \/ Yoast SEO plugin. -->","yoast_head_json":{"title":"Bygg og anlegg - EXACT","robots":{"index":"index","follow":"follow","max-snippet":"max-snippet:-1","max-image-preview":"max-image-preview:large","max-video-preview":"max-video-preview:-1"},"canonical":"https:\/\/teamexact.com\/nb\/bygg-og-anlegg\/","og_locale":"nb_NO","og_type":"article","og_title":"Bygg og anlegg - EXACT","og_description":"Hos EXACT ser vi alt. Vi arbeider n\u00f8yaktig fra de minste deler til strukturen som en helhet for \u00e5 gi deg de n\u00f8yaktige detaljer og svar. Takket v\u00e6re v\u00e5r ekspertise, kunnskap og erfaring med byggeprosjekter ser og m\u00e5ler vi mer n\u00f8yaktig. EXACT bruker riktig kompetanse og teknologi p\u00e5 byggeplassen og fullf\u00f8rer hver oppm\u00e5lingsoppgave med presisjon. [&hellip;]","og_url":"https:\/\/teamexact.com\/nb\/bygg-og-anlegg\/","og_site_name":"EXACT","article_modified_time":"2018-04-27T12:07:57+00:00","twitter_card":"summary_large_image","twitter_misc":{"Ansl. lesetid":"2 minutter"},"schema":{"@context":"https:\/\/schema.org","@graph":[{"@type":"WebPage","@id":"https:\/\/teamexact.com\/nb\/bygg-og-anlegg\/","url":"https:\/\/teamexact.com\/nb\/bygg-og-anlegg\/","name":"Bygg og anlegg - EXACT","isPartOf":{"@id":"https:\/\/teamexact.com\/sv\/#website"},"datePublished":"2015-06-15T12:41:22+00:00","dateModified":"2018-04-27T12:07:57+00:00","breadcrumb":{"@id":"https:\/\/teamexact.com\/nb\/bygg-og-anlegg\/#breadcrumb"},"inLanguage":"nb-NO","potentialAction":[{"@type":"ReadAction","target":["https:\/\/teamexact.com\/nb\/bygg-og-anlegg\/"]}]},{"@type":"BreadcrumbList","@id":"https:\/\/teamexact.com\/nb\/bygg-og-anlegg\/#breadcrumb","itemListElement":[{"@type":"ListItem","position":1,"name":"Home","item":"https:\/\/teamexact.com\/nb\/"},{"@type":"ListItem","position":2,"name":"Bygg og anlegg"}]},{"@type":"WebSite","@id":"https:\/\/teamexact.com\/sv\/#website","url":"https:\/\/teamexact.com\/sv\/","name":"EXACT","description":"We see more","potentialAction":[{"@type":"SearchAction","target":{"@type":"EntryPoint","urlTemplate":"https:\/\/teamexact.com\/sv\/?s={search_term_string}"},"query-input":"required name=search_term_string"}],"inLanguage":"nb-NO"}]}},"_links":{"self":[{"href":"https:\/\/teamexact.com\/nb\/wp-json\/wp\/v2\/pages\/1322"}],"collection":[{"href":"https:\/\/teamexact.com\/nb\/wp-json\/wp\/v2\/pages"}],"about":[{"href":"https:\/\/teamexact.com\/nb\/wp-json\/wp\/v2\/types\/page"}],"author":[{"embeddable":true,"href":"https:\/\/teamexact.com\/nb\/wp-json\/wp\/v2\/users\/1"}],"replies":[{"embeddable":true,"href":"https:\/\/teamexact.com\/nb\/wp-json\/wp\/v2\/comments?post=1322"}],"version-history":[{"count":4,"href":"https:\/\/teamexact.com\/nb\/wp-json\/wp\/v2\/pages\/1322\/revisions"}],"predecessor-version":[{"id":3540,"href":"https:\/\/teamexact.com\/nb\/wp-json\/wp\/v2\/pages\/1322\/revisions\/3540"}],"wp:attachment":[{"href":"https:\/\/teamexact.com\/nb\/wp-json\/wp\/v2\/media?parent=1322"}],"curies":[{"name":"wp","href":"https:\/\/api.w.org\/{rel}","templated":true}]}}