{"id":1326,"date":"2015-06-15T14:48:22","date_gmt":"2015-06-15T12:48:22","guid":{"rendered":"http:\/\/exact.lebowski.se\/design-engineering-2\/"},"modified":"2021-09-17T09:29:20","modified_gmt":"2021-09-17T07:29:20","slug":"konstruksjonsarbeid","status":"publish","type":"page","link":"https:\/\/teamexact.com\/nb\/konstruksjonsarbeid\/","title":{"rendered":"Konstruksjonsarbeid"},"content":{"rendered":"<p><strong>Vi kartlegger omr\u00e5det for ditt prosjekt f\u00f8r planlegging og byggingen. Vi leverer de m\u00e5leresultatene du trenger for \u00e5 gj\u00f8re dine ideer om til fysiske konstruksjoner. V\u00e5re dyktige landm\u00e5lere samarbeider tett med kunde, arkitekter, ingeni\u00f8rer og designere for \u00e5 utarbeide tegninger, modeller og utveksle data p\u00e5 \u00f8nsket format og form. Du kan stole p\u00e5 v\u00e5re landm\u00e5lere, vil hjelpe dere med \u00e5 overvinne hindringer og se flere muligheter.<\/strong><\/p>\n<p>&nbsp;<\/p>\n<h3>Situasjonskartlegging og modellering<\/h3>\n<p>EXACT Topographic Surveying Team best\u00e5r av spesialister p\u00e5 innm\u00e5ling og modellering av situasjon og terreng til bruk for planlegging og prosjektering. Vi har fokus p\u00e5 kvalitet og n\u00f8yaktighet. Datafangst utf\u00f8res med utstyr og m\u00e5lemetoder tilpasset kravene til ditt prosjekt og med riktig kvalitet og pris.<\/p>\n<p>Vi har ogs\u00e5 ekspertise og utstyr som er egnet for detaljerte oppm\u00e5linger av industriomr\u00e5der, hvor h\u00f8y presisjon og kunnskap om bransjespesifikke metoder og utstyr ofte er p\u00e5krevet.<\/p>\n<h3>Kartlegging sm\u00e5 fjernstyrte luftfart\u00f8y (drone\/UAV\/RPAS)<\/h3>\n<p>EXACT har tatt i bruk fjernstyrte luftfart\u00f8y til bruke for inspeksjon, overv\u00e5kning, dokumentasjon, topografisk kartlegging, ortofoto og terrengmodeller. V\u00e5re droner og sensorer er et opplagt valg om du \u00f8nsker oppdatert informasjon p\u00e5 ditt prosjekt.<\/p>\n<p>&nbsp;<\/p>\n<h3>Bygningsinformasjonsmodellering (BIM)<\/h3>\n<p>Vi leverer BIM-dataene du trenger for \u00e5 ta smarte beslutninger underveis i ditt byggeprosjekt. &nbsp;EXACT bruker 3D-skanneteknologi til \u00e5 utarbeide n\u00f8yaktige digitale modeller som hjelper arkitekter, ingeni\u00f8rer og designere med \u00e5 visualisere form og funksjon og for \u00e5 forutsi kostnader og v\u00e6re f\u00f8re var med hensyn til eventuelle endringer. Vi hjelper deg til \u00e5 ta smarte beslutninger tidligere i prosessen slik at du unng\u00e5r kostbare feil og uheldige beslutninger. <a href=\"http:\/\/www.teamexact.com\/nb\/vi-gjor-bim-begripelig\/\">Les mer<\/a><\/p>\n<h3>Som bygget dokumentasjon\/As-built<\/h3>\n<p>Design, ombygging og forvaltning- drift og vedlikehold (FDV) krever n\u00f8yaktig og riktig dokumentasjon. EXACT produserer de tegningene og modellene du trenger. Vi oppfyller samtlige dokumentasjonsbehov og -krav. &#8220;Som utf\u00f8rt&#8221;-tegninger og modeller kan produseres etter en fullstendig oppm\u00e5ling eller etter en begrenset oppm\u00e5ling hvis dere bare \u00f8nsker \u00e5 supplere eksisterende tegninger. <a href=\"http:\/\/www.teamexact.com\/nb\/exact-as-built\/\">Les mer<\/a><\/p>\n<h3>Sj\u00f8kartlegging<\/h3>\n<p>EXACT tilbyr oppm\u00e5ling med ekkolodd av innsj\u00f8er, elver, vannmagasiner og sj\u00f8bunnen ned til ca. 80 meters dybde. Ekkolodd-, GPS- og m\u00e5ling av hiv\/rull\/stamp bearbeides til terrengmodeller som kan leveres frittst\u00e5ende eller i kombinasjon med data fra landm\u00e5ling, laserskanning eller ordin\u00e6re kartdata.<\/p>\n<h3>Geodetisk grunnlagsnett<\/h3>\n<p>Grunnlagsnettet er fundamentet for alle aktiviteter knyttet til innm\u00e5ling, kartlegging og utsetting i forhold til et kjent referansesystem. Vi legger vekt p\u00e5 at et homogent grunnlagsnett kan v\u00e6re kostnadsbesparende for ethvert prosjekt og anbefaler etablering eller kontroll av grunnlagsnett ved prosjektstart eller hvor det er behov for kvalitetsheving. Et homogent grunnlagsnett med tilstrekkelig tetthet og kvalitet fungerer som bindeledd mellom prosjektets ulike faser.<\/p>\n<h3>Eiendom og matrikkel<\/h3>\n<p>Vi utf\u00f8rer oppdrag for offentlige og private kunder knyttet eiendomsfaget etter matrikkelloven og plan- og bygningsloven. Fradeling- og sammenf\u00f8ying av eiendom, klargj\u00f8ring av grenser, seksjonering og f\u00f8ring av matrikkelen er oppgaver vi kan utf\u00f8re for deg.<\/p>\n","protected":false},"excerpt":{"rendered":"<p>Vi kartlegger omr\u00e5det for ditt prosjekt f\u00f8r planlegging og byggingen. Vi leverer de m\u00e5leresultatene du trenger for \u00e5 gj\u00f8re dine ideer om til fysiske konstruksjoner. V\u00e5re dyktige landm\u00e5lere samarbeider tett med kunde, arkitekter, ingeni\u00f8rer og designere for \u00e5 utarbeide tegninger, modeller og utveksle data p\u00e5 \u00f8nsket format og form. Du kan stole p\u00e5 v\u00e5re landm\u00e5lere, [&hellip;]<\/p>\n","protected":false},"author":1,"featured_media":0,"parent":0,"menu_order":0,"comment_status":"open","ping_status":"open","template":"template-area.php","meta":{"_acf_changed":false,"footnotes":""},"acf":[],"yoast_head":"<!-- This site is optimized with the Yoast SEO plugin v22.2 - https:\/\/yoast.com\/wordpress\/plugins\/seo\/ -->\n<title>Konstruksjonsarbeid - EXACT<\/title>\n<meta name=\"robots\" content=\"index, follow, max-snippet:-1, max-image-preview:large, max-video-preview:-1\" \/>\n<link rel=\"canonical\" href=\"https:\/\/teamexact.com\/nb\/konstruksjonsarbeid\/\" \/>\n<meta property=\"og:locale\" content=\"nb_NO\" \/>\n<meta property=\"og:type\" content=\"article\" \/>\n<meta property=\"og:title\" content=\"Konstruksjonsarbeid - EXACT\" \/>\n<meta property=\"og:description\" content=\"Vi kartlegger omr\u00e5det for ditt prosjekt f\u00f8r planlegging og byggingen. Vi leverer de m\u00e5leresultatene du trenger for \u00e5 gj\u00f8re dine ideer om til fysiske konstruksjoner. V\u00e5re dyktige landm\u00e5lere samarbeider tett med kunde, arkitekter, ingeni\u00f8rer og designere for \u00e5 utarbeide tegninger, modeller og utveksle data p\u00e5 \u00f8nsket format og form. Du kan stole p\u00e5 v\u00e5re landm\u00e5lere, [&hellip;]\" \/>\n<meta property=\"og:url\" content=\"https:\/\/teamexact.com\/nb\/konstruksjonsarbeid\/\" \/>\n<meta property=\"og:site_name\" content=\"EXACT\" \/>\n<meta property=\"article:modified_time\" content=\"2021-09-17T07:29:20+00:00\" \/>\n<meta name=\"twitter:card\" content=\"summary_large_image\" \/>\n<meta name=\"twitter:label1\" content=\"Ansl. lesetid\" \/>\n\t<meta name=\"twitter:data1\" content=\"2 minutter\" \/>\n<script type=\"application\/ld+json\" class=\"yoast-schema-graph\">{\"@context\":\"https:\/\/schema.org\",\"@graph\":[{\"@type\":\"WebPage\",\"@id\":\"https:\/\/teamexact.com\/nb\/konstruksjonsarbeid\/\",\"url\":\"https:\/\/teamexact.com\/nb\/konstruksjonsarbeid\/\",\"name\":\"Konstruksjonsarbeid - EXACT\",\"isPartOf\":{\"@id\":\"https:\/\/teamexact.com\/sv\/#website\"},\"datePublished\":\"2015-06-15T12:48:22+00:00\",\"dateModified\":\"2021-09-17T07:29:20+00:00\",\"breadcrumb\":{\"@id\":\"https:\/\/teamexact.com\/nb\/konstruksjonsarbeid\/#breadcrumb\"},\"inLanguage\":\"nb-NO\",\"potentialAction\":[{\"@type\":\"ReadAction\",\"target\":[\"https:\/\/teamexact.com\/nb\/konstruksjonsarbeid\/\"]}]},{\"@type\":\"BreadcrumbList\",\"@id\":\"https:\/\/teamexact.com\/nb\/konstruksjonsarbeid\/#breadcrumb\",\"itemListElement\":[{\"@type\":\"ListItem\",\"position\":1,\"name\":\"Home\",\"item\":\"https:\/\/teamexact.com\/nb\/\"},{\"@type\":\"ListItem\",\"position\":2,\"name\":\"Konstruksjonsarbeid\"}]},{\"@type\":\"WebSite\",\"@id\":\"https:\/\/teamexact.com\/sv\/#website\",\"url\":\"https:\/\/teamexact.com\/sv\/\",\"name\":\"EXACT\",\"description\":\"We see more\",\"potentialAction\":[{\"@type\":\"SearchAction\",\"target\":{\"@type\":\"EntryPoint\",\"urlTemplate\":\"https:\/\/teamexact.com\/sv\/?s={search_term_string}\"},\"query-input\":\"required name=search_term_string\"}],\"inLanguage\":\"nb-NO\"}]}<\/script>\n<!-- \/ Yoast SEO plugin. -->","yoast_head_json":{"title":"Konstruksjonsarbeid - EXACT","robots":{"index":"index","follow":"follow","max-snippet":"max-snippet:-1","max-image-preview":"max-image-preview:large","max-video-preview":"max-video-preview:-1"},"canonical":"https:\/\/teamexact.com\/nb\/konstruksjonsarbeid\/","og_locale":"nb_NO","og_type":"article","og_title":"Konstruksjonsarbeid - EXACT","og_description":"Vi kartlegger omr\u00e5det for ditt prosjekt f\u00f8r planlegging og byggingen. Vi leverer de m\u00e5leresultatene du trenger for \u00e5 gj\u00f8re dine ideer om til fysiske konstruksjoner. V\u00e5re dyktige landm\u00e5lere samarbeider tett med kunde, arkitekter, ingeni\u00f8rer og designere for \u00e5 utarbeide tegninger, modeller og utveksle data p\u00e5 \u00f8nsket format og form. Du kan stole p\u00e5 v\u00e5re landm\u00e5lere, [&hellip;]","og_url":"https:\/\/teamexact.com\/nb\/konstruksjonsarbeid\/","og_site_name":"EXACT","article_modified_time":"2021-09-17T07:29:20+00:00","twitter_card":"summary_large_image","twitter_misc":{"Ansl. lesetid":"2 minutter"},"schema":{"@context":"https:\/\/schema.org","@graph":[{"@type":"WebPage","@id":"https:\/\/teamexact.com\/nb\/konstruksjonsarbeid\/","url":"https:\/\/teamexact.com\/nb\/konstruksjonsarbeid\/","name":"Konstruksjonsarbeid - EXACT","isPartOf":{"@id":"https:\/\/teamexact.com\/sv\/#website"},"datePublished":"2015-06-15T12:48:22+00:00","dateModified":"2021-09-17T07:29:20+00:00","breadcrumb":{"@id":"https:\/\/teamexact.com\/nb\/konstruksjonsarbeid\/#breadcrumb"},"inLanguage":"nb-NO","potentialAction":[{"@type":"ReadAction","target":["https:\/\/teamexact.com\/nb\/konstruksjonsarbeid\/"]}]},{"@type":"BreadcrumbList","@id":"https:\/\/teamexact.com\/nb\/konstruksjonsarbeid\/#breadcrumb","itemListElement":[{"@type":"ListItem","position":1,"name":"Home","item":"https:\/\/teamexact.com\/nb\/"},{"@type":"ListItem","position":2,"name":"Konstruksjonsarbeid"}]},{"@type":"WebSite","@id":"https:\/\/teamexact.com\/sv\/#website","url":"https:\/\/teamexact.com\/sv\/","name":"EXACT","description":"We see more","potentialAction":[{"@type":"SearchAction","target":{"@type":"EntryPoint","urlTemplate":"https:\/\/teamexact.com\/sv\/?s={search_term_string}"},"query-input":"required name=search_term_string"}],"inLanguage":"nb-NO"}]}},"_links":{"self":[{"href":"https:\/\/teamexact.com\/nb\/wp-json\/wp\/v2\/pages\/1326"}],"collection":[{"href":"https:\/\/teamexact.com\/nb\/wp-json\/wp\/v2\/pages"}],"about":[{"href":"https:\/\/teamexact.com\/nb\/wp-json\/wp\/v2\/types\/page"}],"author":[{"embeddable":true,"href":"https:\/\/teamexact.com\/nb\/wp-json\/wp\/v2\/users\/1"}],"replies":[{"embeddable":true,"href":"https:\/\/teamexact.com\/nb\/wp-json\/wp\/v2\/comments?post=1326"}],"version-history":[{"count":6,"href":"https:\/\/teamexact.com\/nb\/wp-json\/wp\/v2\/pages\/1326\/revisions"}],"predecessor-version":[{"id":4935,"href":"https:\/\/teamexact.com\/nb\/wp-json\/wp\/v2\/pages\/1326\/revisions\/4935"}],"wp:attachment":[{"href":"https:\/\/teamexact.com\/nb\/wp-json\/wp\/v2\/media?parent=1326"}],"curies":[{"name":"wp","href":"https:\/\/api.w.org\/{rel}","templated":true}]}}