{"id":1328,"date":"2015-06-15T10:29:25","date_gmt":"2015-06-15T08:29:25","guid":{"rendered":"http:\/\/exact.lebowski.se\/front-page-2\/"},"modified":"2023-12-15T13:46:15","modified_gmt":"2023-12-15T12:46:15","slug":"front-page","status":"publish","type":"page","link":"https:\/\/teamexact.com\/nb\/","title":{"rendered":"Front page"},"content":{"rendered":"<p><strong>EXACT er en komplett leverand\u00f8r av oppm\u00e5lingstekniske tjenester. Vi leverer landm\u00e5ling og datafangst med riktig kvalitet og til riktig tid. V\u00e5r kunnskap bruker vi til \u00e5 hjelpe v\u00e5re kunder slik at innsamlede data blir tilrettelagt og anvendt p\u00e5 best mulig m\u00e5te.<\/strong><\/p>\n<p>EXACT jobber hardt og smart hver eneste dag for \u00e5 v\u00e6re en ledende akt\u00f8r i oppm\u00e5lingsbransjen. Vi hjelper v\u00e5re kunder med \u00e5 realisere sine visjoner, fra id\u00e9stadiet til en ferdig konstruksjon. Vi kan bransjen, vi kan design- og konstruksjonsprosessen og vi kjenner hindringene mellom id\u00e9 og virkelighet. Vi leverer de oppm\u00e5lingstjenestene dere trenger, n\u00e5r dere trenger det.<\/p>\n<p>Velkommen til EXACT<\/p>\n","protected":false},"excerpt":{"rendered":"<p>EXACT er en komplett leverand\u00f8r av oppm\u00e5lingstekniske tjenester. Vi leverer landm\u00e5ling og datafangst med riktig kvalitet og til riktig tid. V\u00e5r kunnskap bruker vi til \u00e5 hjelpe v\u00e5re kunder slik at innsamlede data blir tilrettelagt og anvendt p\u00e5 best mulig m\u00e5te. EXACT jobber hardt og smart hver eneste dag for \u00e5 v\u00e6re en ledende akt\u00f8r [&hellip;]<\/p>\n","protected":false},"author":1,"featured_media":0,"parent":0,"menu_order":0,"comment_status":"open","ping_status":"open","template":"template-frontpage.php","meta":{"_acf_changed":false,"footnotes":""},"acf":[],"yoast_head":"<!-- This site is optimized with the Yoast SEO plugin v22.2 - https:\/\/yoast.com\/wordpress\/plugins\/seo\/ -->\n<title>Front page - EXACT<\/title>\n<meta name=\"robots\" content=\"index, follow, max-snippet:-1, max-image-preview:large, max-video-preview:-1\" \/>\n<link rel=\"canonical\" href=\"https:\/\/teamexact.com\/nb\/\" \/>\n<meta property=\"og:locale\" content=\"nb_NO\" \/>\n<meta property=\"og:type\" content=\"article\" \/>\n<meta property=\"og:title\" content=\"Front page - EXACT\" \/>\n<meta property=\"og:description\" content=\"EXACT er en komplett leverand\u00f8r av oppm\u00e5lingstekniske tjenester. Vi leverer landm\u00e5ling og datafangst med riktig kvalitet og til riktig tid. V\u00e5r kunnskap bruker vi til \u00e5 hjelpe v\u00e5re kunder slik at innsamlede data blir tilrettelagt og anvendt p\u00e5 best mulig m\u00e5te. EXACT jobber hardt og smart hver eneste dag for \u00e5 v\u00e6re en ledende akt\u00f8r [&hellip;]\" \/>\n<meta property=\"og:url\" content=\"https:\/\/teamexact.com\/nb\/\" \/>\n<meta property=\"og:site_name\" content=\"EXACT\" \/>\n<meta property=\"article:modified_time\" content=\"2023-12-15T12:46:15+00:00\" \/>\n<meta name=\"twitter:card\" content=\"summary_large_image\" \/>\n<meta name=\"twitter:label1\" content=\"Ansl. lesetid\" \/>\n\t<meta name=\"twitter:data1\" content=\"1 minutt\" \/>\n<script type=\"application\/ld+json\" class=\"yoast-schema-graph\">{\"@context\":\"https:\/\/schema.org\",\"@graph\":[{\"@type\":\"WebPage\",\"@id\":\"https:\/\/teamexact.com\/nb\/\",\"url\":\"https:\/\/teamexact.com\/nb\/\",\"name\":\"Front page - EXACT\",\"isPartOf\":{\"@id\":\"https:\/\/teamexact.com\/sv\/#website\"},\"datePublished\":\"2015-06-15T08:29:25+00:00\",\"dateModified\":\"2023-12-15T12:46:15+00:00\",\"breadcrumb\":{\"@id\":\"https:\/\/teamexact.com\/nb\/#breadcrumb\"},\"inLanguage\":\"nb-NO\",\"potentialAction\":[{\"@type\":\"ReadAction\",\"target\":[\"https:\/\/teamexact.com\/nb\/\"]}]},{\"@type\":\"BreadcrumbList\",\"@id\":\"https:\/\/teamexact.com\/nb\/#breadcrumb\",\"itemListElement\":[{\"@type\":\"ListItem\",\"position\":1,\"name\":\"Home\",\"item\":\"https:\/\/teamexact.com\/nb\/\"},{\"@type\":\"ListItem\",\"position\":2,\"name\":\"Front page\"}]},{\"@type\":\"WebSite\",\"@id\":\"https:\/\/teamexact.com\/sv\/#website\",\"url\":\"https:\/\/teamexact.com\/sv\/\",\"name\":\"EXACT\",\"description\":\"We see more\",\"potentialAction\":[{\"@type\":\"SearchAction\",\"target\":{\"@type\":\"EntryPoint\",\"urlTemplate\":\"https:\/\/teamexact.com\/sv\/?s={search_term_string}\"},\"query-input\":\"required name=search_term_string\"}],\"inLanguage\":\"nb-NO\"}]}<\/script>\n<!-- \/ Yoast SEO plugin. -->","yoast_head_json":{"title":"Front page - EXACT","robots":{"index":"index","follow":"follow","max-snippet":"max-snippet:-1","max-image-preview":"max-image-preview:large","max-video-preview":"max-video-preview:-1"},"canonical":"https:\/\/teamexact.com\/nb\/","og_locale":"nb_NO","og_type":"article","og_title":"Front page - EXACT","og_description":"EXACT er en komplett leverand\u00f8r av oppm\u00e5lingstekniske tjenester. Vi leverer landm\u00e5ling og datafangst med riktig kvalitet og til riktig tid. V\u00e5r kunnskap bruker vi til \u00e5 hjelpe v\u00e5re kunder slik at innsamlede data blir tilrettelagt og anvendt p\u00e5 best mulig m\u00e5te. EXACT jobber hardt og smart hver eneste dag for \u00e5 v\u00e6re en ledende akt\u00f8r [&hellip;]","og_url":"https:\/\/teamexact.com\/nb\/","og_site_name":"EXACT","article_modified_time":"2023-12-15T12:46:15+00:00","twitter_card":"summary_large_image","twitter_misc":{"Ansl. lesetid":"1 minutt"},"schema":{"@context":"https:\/\/schema.org","@graph":[{"@type":"WebPage","@id":"https:\/\/teamexact.com\/nb\/","url":"https:\/\/teamexact.com\/nb\/","name":"Front page - EXACT","isPartOf":{"@id":"https:\/\/teamexact.com\/sv\/#website"},"datePublished":"2015-06-15T08:29:25+00:00","dateModified":"2023-12-15T12:46:15+00:00","breadcrumb":{"@id":"https:\/\/teamexact.com\/nb\/#breadcrumb"},"inLanguage":"nb-NO","potentialAction":[{"@type":"ReadAction","target":["https:\/\/teamexact.com\/nb\/"]}]},{"@type":"BreadcrumbList","@id":"https:\/\/teamexact.com\/nb\/#breadcrumb","itemListElement":[{"@type":"ListItem","position":1,"name":"Home","item":"https:\/\/teamexact.com\/nb\/"},{"@type":"ListItem","position":2,"name":"Front page"}]},{"@type":"WebSite","@id":"https:\/\/teamexact.com\/sv\/#website","url":"https:\/\/teamexact.com\/sv\/","name":"EXACT","description":"We see more","potentialAction":[{"@type":"SearchAction","target":{"@type":"EntryPoint","urlTemplate":"https:\/\/teamexact.com\/sv\/?s={search_term_string}"},"query-input":"required name=search_term_string"}],"inLanguage":"nb-NO"}]}},"_links":{"self":[{"href":"https:\/\/teamexact.com\/nb\/wp-json\/wp\/v2\/pages\/1328"}],"collection":[{"href":"https:\/\/teamexact.com\/nb\/wp-json\/wp\/v2\/pages"}],"about":[{"href":"https:\/\/teamexact.com\/nb\/wp-json\/wp\/v2\/types\/page"}],"author":[{"embeddable":true,"href":"https:\/\/teamexact.com\/nb\/wp-json\/wp\/v2\/users\/1"}],"replies":[{"embeddable":true,"href":"https:\/\/teamexact.com\/nb\/wp-json\/wp\/v2\/comments?post=1328"}],"version-history":[{"count":11,"href":"https:\/\/teamexact.com\/nb\/wp-json\/wp\/v2\/pages\/1328\/revisions"}],"predecessor-version":[{"id":5116,"href":"https:\/\/teamexact.com\/nb\/wp-json\/wp\/v2\/pages\/1328\/revisions\/5116"}],"wp:attachment":[{"href":"https:\/\/teamexact.com\/nb\/wp-json\/wp\/v2\/media?parent=1328"}],"curies":[{"name":"wp","href":"https:\/\/api.w.org\/{rel}","templated":true}]}}