{"id":1332,"date":"2015-06-15T14:50:08","date_gmt":"2015-06-15T12:50:08","guid":{"rendered":"http:\/\/exact.lebowski.se\/industry-surveying-2\/"},"modified":"2021-09-17T09:17:00","modified_gmt":"2021-09-17T07:17:00","slug":"industrioppmaling","status":"publish","type":"page","link":"https:\/\/teamexact.com\/nb\/industrioppmaling\/","title":{"rendered":"Industrioppm\u00e5ling"},"content":{"rendered":"<p><strong>Vi tilbyr en lang rekke industrioppm\u00e5lingstjenester \u2013 fra landbasert oppm\u00e5ling av industrianlegg til offshore oppm\u00e5ling under krevende forhold. N\u00f8yaktig oppm\u00e5ling i disse milj\u00f8ene stiller krav til bruk av robuste og avanserte teknikker og h\u00f8yt kvalifisert personell. EXACT sine konsulenter er kunnskapsrike, kompetente og har erfaring fra en rekke ulike prosjekter i forskjellige bransjer.<\/strong><\/p>\n<p>&nbsp;<\/p>\n<h3>Oppm\u00e5linger i olje- og gassindustrien offshore<\/h3>\n<p>Hos EXACT vet vi at den mest kritiske faktoren ved arbeid offshore er tid. Laserskanneren er dermed ofte den ideelle l\u00f8sningen for \u00e5 gi en n\u00f8yaktig og sv\u00e6rt detaljert 3D-punktsky. Vi m\u00e5ler vanligvis objektene offshore, for s\u00e5 \u00e5 utf\u00f8re modellering av objektet p\u00e5 land. EXACT utf\u00f8rer ogs\u00e5 kontrolloppm\u00e5linger for \u00e5 utarbeide &#8220;som utf\u00f8rt&#8221;-dokumentasjon.<\/p>\n<h3>Oppm\u00e5ling av industriutstyr<\/h3>\n<p>Det som er m\u00e5lt kan forvaltes. EXACT utf\u00f8rer oppm\u00e5ling av industrianlegg for \u00e5 kartlegge maskiners eksakte plassering ved \u00e5 utarbeide fundamentplan, maskinenes fotavtrykk, midtakse, m\u00e5lelinje samt plan for fundamentplate. Vi bidrar med m\u00e5lene dere trenger for \u00e5 installere industriutstyr og kontrollere justering av presisjonsmaskiner. Vi kan ta detaljerte m\u00e5l av sylindertanker og kalibrere lagringstanker i henhold til ISO-spesifikasjoner samt utf\u00f8re setningskontroll og utarbeide dokumentasjon.<\/p>\n<h3>Oppm\u00e5ling av industrianlegg<\/h3>\n<p>EXACT sine konsulenter bruker den siste laserskanne- og 3D-modelleringsteknologien til \u00e5 utf\u00f8re komplette oppm\u00e5linger av anlegg for \u00e5 st\u00f8tte og bidra til oppf\u00f8ringer av tilbygg, ombygging, modernisering og vedlikeholds aktiviteter. Vi m\u00e5ler og registrerer &#8220;som utf\u00f8rt&#8221;-forhold, kartlegger og modellerer anlegg, systemer, strukturer, r\u00f8r, utstyr og alle eksisterende komponenter og integrerer dem i en 3D-designmodell. Vi hjelper deg med \u00e5 se den eksakte plasseringen av praktisk talt hvert eneste objekt i anlegget og ogs\u00e5 objektenes plassering i forhold til andre objekter. EXACT hjelper dere med \u00e5 ta full kontroll over konstruksjonen og designen av anlegget.<\/p>\n<h3>Bygningsinformasjonsmodellering (BIM)<\/h3>\n<p>Vi leverer BIM-dataene du trenger for \u00e5 ta smarte beslutninger underveis i ditt byggeprosjekt. &nbsp;EXACT bruker 3D-skanneteknologi til \u00e5 utarbeide n\u00f8yaktige digitale modeller som hjelper arkitekter, ingeni\u00f8rer og designere med \u00e5 visualisere form og funksjon og for \u00e5 forutsi kostnader og v\u00e6re f\u00f8re var med hensyn til eventuelle endringer. Vi hjelper deg til \u00e5 ta smarte beslutninger tidligere i prosessen slik at du unng\u00e5r kostbare feil og uheldige beslutninger. <a href=\"http:\/\/www.teamexact.com\/nb\/vi-gjor-bim-begripelig\/\">Les mer<\/a><\/p>\n<h3>Som bygget dokumentasjon\/As-built<\/h3>\n<p>Design, ombygging og forvaltning- drift og vedlikehold (FDV) krever n\u00f8yaktig og riktig dokumentasjon. EXACT produserer de tegningene og modellene du trenger. Vi oppfyller samtlige dokumentasjonsbehov og -krav. &#8220;Som utf\u00f8rt&#8221;-tegninger og modeller kan produseres etter en fullstendig oppm\u00e5ling eller etter en begrenset oppm\u00e5ling hvis dere bare \u00f8nsker \u00e5 supplere eksisterende tegninger. <a href=\"http:\/\/www.teamexact.com\/nb\/exact-as-built\/\">Les mer<\/a><\/p>\n","protected":false},"excerpt":{"rendered":"<p>Vi tilbyr en lang rekke industrioppm\u00e5lingstjenester \u2013 fra landbasert oppm\u00e5ling av industrianlegg til offshore oppm\u00e5ling under krevende forhold. N\u00f8yaktig oppm\u00e5ling i disse milj\u00f8ene stiller krav til bruk av robuste og avanserte teknikker og h\u00f8yt kvalifisert personell. EXACT sine konsulenter er kunnskapsrike, kompetente og har erfaring fra en rekke ulike prosjekter i forskjellige bransjer. &nbsp; Oppm\u00e5linger [&hellip;]<\/p>\n","protected":false},"author":1,"featured_media":0,"parent":0,"menu_order":0,"comment_status":"open","ping_status":"open","template":"template-area.php","meta":{"_acf_changed":false,"footnotes":""},"acf":[],"yoast_head":"<!-- This site is optimized with the Yoast SEO plugin v22.2 - https:\/\/yoast.com\/wordpress\/plugins\/seo\/ -->\n<title>Industrioppm\u00e5ling - EXACT<\/title>\n<meta name=\"robots\" content=\"index, follow, max-snippet:-1, max-image-preview:large, max-video-preview:-1\" \/>\n<link rel=\"canonical\" href=\"https:\/\/teamexact.com\/nb\/industrioppmaling\/\" \/>\n<meta property=\"og:locale\" content=\"nb_NO\" \/>\n<meta property=\"og:type\" content=\"article\" \/>\n<meta property=\"og:title\" content=\"Industrioppm\u00e5ling - EXACT\" \/>\n<meta property=\"og:description\" content=\"Vi tilbyr en lang rekke industrioppm\u00e5lingstjenester \u2013 fra landbasert oppm\u00e5ling av industrianlegg til offshore oppm\u00e5ling under krevende forhold. N\u00f8yaktig oppm\u00e5ling i disse milj\u00f8ene stiller krav til bruk av robuste og avanserte teknikker og h\u00f8yt kvalifisert personell. EXACT sine konsulenter er kunnskapsrike, kompetente og har erfaring fra en rekke ulike prosjekter i forskjellige bransjer. &nbsp; Oppm\u00e5linger [&hellip;]\" \/>\n<meta property=\"og:url\" content=\"https:\/\/teamexact.com\/nb\/industrioppmaling\/\" \/>\n<meta property=\"og:site_name\" content=\"EXACT\" \/>\n<meta property=\"article:modified_time\" content=\"2021-09-17T07:17:00+00:00\" \/>\n<meta name=\"twitter:card\" content=\"summary_large_image\" \/>\n<meta name=\"twitter:label1\" content=\"Ansl. lesetid\" \/>\n\t<meta name=\"twitter:data1\" content=\"2 minutter\" \/>\n<script type=\"application\/ld+json\" class=\"yoast-schema-graph\">{\"@context\":\"https:\/\/schema.org\",\"@graph\":[{\"@type\":\"WebPage\",\"@id\":\"https:\/\/teamexact.com\/nb\/industrioppmaling\/\",\"url\":\"https:\/\/teamexact.com\/nb\/industrioppmaling\/\",\"name\":\"Industrioppm\u00e5ling - EXACT\",\"isPartOf\":{\"@id\":\"https:\/\/teamexact.com\/sv\/#website\"},\"datePublished\":\"2015-06-15T12:50:08+00:00\",\"dateModified\":\"2021-09-17T07:17:00+00:00\",\"breadcrumb\":{\"@id\":\"https:\/\/teamexact.com\/nb\/industrioppmaling\/#breadcrumb\"},\"inLanguage\":\"nb-NO\",\"potentialAction\":[{\"@type\":\"ReadAction\",\"target\":[\"https:\/\/teamexact.com\/nb\/industrioppmaling\/\"]}]},{\"@type\":\"BreadcrumbList\",\"@id\":\"https:\/\/teamexact.com\/nb\/industrioppmaling\/#breadcrumb\",\"itemListElement\":[{\"@type\":\"ListItem\",\"position\":1,\"name\":\"Home\",\"item\":\"https:\/\/teamexact.com\/nb\/\"},{\"@type\":\"ListItem\",\"position\":2,\"name\":\"Industrioppm\u00e5ling\"}]},{\"@type\":\"WebSite\",\"@id\":\"https:\/\/teamexact.com\/sv\/#website\",\"url\":\"https:\/\/teamexact.com\/sv\/\",\"name\":\"EXACT\",\"description\":\"We see more\",\"potentialAction\":[{\"@type\":\"SearchAction\",\"target\":{\"@type\":\"EntryPoint\",\"urlTemplate\":\"https:\/\/teamexact.com\/sv\/?s={search_term_string}\"},\"query-input\":\"required name=search_term_string\"}],\"inLanguage\":\"nb-NO\"}]}<\/script>\n<!-- \/ Yoast SEO plugin. -->","yoast_head_json":{"title":"Industrioppm\u00e5ling - EXACT","robots":{"index":"index","follow":"follow","max-snippet":"max-snippet:-1","max-image-preview":"max-image-preview:large","max-video-preview":"max-video-preview:-1"},"canonical":"https:\/\/teamexact.com\/nb\/industrioppmaling\/","og_locale":"nb_NO","og_type":"article","og_title":"Industrioppm\u00e5ling - EXACT","og_description":"Vi tilbyr en lang rekke industrioppm\u00e5lingstjenester \u2013 fra landbasert oppm\u00e5ling av industrianlegg til offshore oppm\u00e5ling under krevende forhold. N\u00f8yaktig oppm\u00e5ling i disse milj\u00f8ene stiller krav til bruk av robuste og avanserte teknikker og h\u00f8yt kvalifisert personell. EXACT sine konsulenter er kunnskapsrike, kompetente og har erfaring fra en rekke ulike prosjekter i forskjellige bransjer. &nbsp; Oppm\u00e5linger [&hellip;]","og_url":"https:\/\/teamexact.com\/nb\/industrioppmaling\/","og_site_name":"EXACT","article_modified_time":"2021-09-17T07:17:00+00:00","twitter_card":"summary_large_image","twitter_misc":{"Ansl. lesetid":"2 minutter"},"schema":{"@context":"https:\/\/schema.org","@graph":[{"@type":"WebPage","@id":"https:\/\/teamexact.com\/nb\/industrioppmaling\/","url":"https:\/\/teamexact.com\/nb\/industrioppmaling\/","name":"Industrioppm\u00e5ling - EXACT","isPartOf":{"@id":"https:\/\/teamexact.com\/sv\/#website"},"datePublished":"2015-06-15T12:50:08+00:00","dateModified":"2021-09-17T07:17:00+00:00","breadcrumb":{"@id":"https:\/\/teamexact.com\/nb\/industrioppmaling\/#breadcrumb"},"inLanguage":"nb-NO","potentialAction":[{"@type":"ReadAction","target":["https:\/\/teamexact.com\/nb\/industrioppmaling\/"]}]},{"@type":"BreadcrumbList","@id":"https:\/\/teamexact.com\/nb\/industrioppmaling\/#breadcrumb","itemListElement":[{"@type":"ListItem","position":1,"name":"Home","item":"https:\/\/teamexact.com\/nb\/"},{"@type":"ListItem","position":2,"name":"Industrioppm\u00e5ling"}]},{"@type":"WebSite","@id":"https:\/\/teamexact.com\/sv\/#website","url":"https:\/\/teamexact.com\/sv\/","name":"EXACT","description":"We see more","potentialAction":[{"@type":"SearchAction","target":{"@type":"EntryPoint","urlTemplate":"https:\/\/teamexact.com\/sv\/?s={search_term_string}"},"query-input":"required name=search_term_string"}],"inLanguage":"nb-NO"}]}},"_links":{"self":[{"href":"https:\/\/teamexact.com\/nb\/wp-json\/wp\/v2\/pages\/1332"}],"collection":[{"href":"https:\/\/teamexact.com\/nb\/wp-json\/wp\/v2\/pages"}],"about":[{"href":"https:\/\/teamexact.com\/nb\/wp-json\/wp\/v2\/types\/page"}],"author":[{"embeddable":true,"href":"https:\/\/teamexact.com\/nb\/wp-json\/wp\/v2\/users\/1"}],"replies":[{"embeddable":true,"href":"https:\/\/teamexact.com\/nb\/wp-json\/wp\/v2\/comments?post=1332"}],"version-history":[{"count":7,"href":"https:\/\/teamexact.com\/nb\/wp-json\/wp\/v2\/pages\/1332\/revisions"}],"predecessor-version":[{"id":4931,"href":"https:\/\/teamexact.com\/nb\/wp-json\/wp\/v2\/pages\/1332\/revisions\/4931"}],"wp:attachment":[{"href":"https:\/\/teamexact.com\/nb\/wp-json\/wp\/v2\/media?parent=1332"}],"curies":[{"name":"wp","href":"https:\/\/api.w.org\/{rel}","templated":true}]}}