{"id":1334,"date":"2015-06-15T14:44:35","date_gmt":"2015-06-15T12:44:35","guid":{"rendered":"http:\/\/exact.lebowski.se\/infrastructure-2\/"},"modified":"2016-04-14T14:17:24","modified_gmt":"2016-04-14T12:17:24","slug":"infrastruktur","status":"publish","type":"page","link":"https:\/\/teamexact.com\/nb\/infrastruktur\/","title":{"rendered":"Infrastruktur"},"content":{"rendered":"<p><strong>EXACT sine landm\u00e5lere er ofte det f\u00f8rste fagpersonellet tilstede p\u00e5 ett nytt anlegg. Vi p\u00e5viser hvor konstruksjoner og forsyningssystemer skal plasseres. Vi gir m\u00e5ledata og r\u00e5d til arkitekter, ingeni\u00f8rer og entrepren\u00f8rer slik at prosjektet kan gjennomf\u00f8res som planlagt. EXACT hjelper deg med \u00e5 ha kontroll og gi deg en enklere arbeidsdag.<\/strong><\/p>\n<p>&nbsp;<\/p>\n<h3>Undergrunns-ekspertise<\/h3>\n<p>EXACT har lang erfaring med gruvedrift og tunnelbygging gjennom oppdrag i Skandinavia og Tsjekkia. Vi kan gruve- og tunneldrift faglig og sikkerhetsmessig. Vi utf\u00f8rer oppm\u00e5ling, kvalitetskontroll, mengdeberegning, kontraktstyring, optimalisering av grunnarbeid samt prosjektstyring og overv\u00e5king.<\/p>\n<h3>Smarte maskiner og smart utstyr<\/h3>\n<p>Maskinstyring brukes i stor grad p\u00e5 anlegg for \u00e5 gi besparelser og \u00f8kt presisjon. Vi kan hjelpe deg med \u00e5 bestemme hvilke systemer som er best tilpasset ditt behov, slik at dere raskt kan komme i gang med produktivt arbeid.<\/p>\n<p>Vi tilrettelegger prosjektets plandata til de valgte maskins-styringssystemene. Vi leverer referansepunkter og sikrer deretter at maskiner automatisk kommuniserer og koordinerer arbeidet tilfredsstillende.<\/p>\n<p>EXACT personell kan sette systemene i drift og bekrefte at de fungerer som de skal. Vi kan gi ditt personell n\u00f8dvendig og tilpasset instruksjon og oppl\u00e6ring.<\/p>\n<h3>Instrumenter og utstyr til leie<\/h3>\n<p>EXACT tilbyr leie av systemer for maskinstyring og oppm\u00e5lingsutstyr. Vi har et stort lager som utstyrer v\u00e5re 200 landm\u00e5lere med avanserte instrumentene og verkt\u00f8y. Vi tilbyr ogs\u00e5 l\u00f8pende utstyrstjenester for \u00e5 optimalisere produktiviteten i ditt prosjekt.<\/p>\n<h3>Mengdeberegning, regulerbare mengder og kontraktsoppf\u00f8lging<\/h3>\n<p>EXACT har omfattende erfaring i mengdeberegning. Fra det \u00f8yeblikket byggingen starter til prosjektet er fullf\u00f8rt, er en mengdeberegner involvert i kostnadsplanlegging, kontraktsforhandling, kontraktsoppf\u00f8lging og prosjektstyring.<\/p>\n<h3>EXACT Rail<\/h3>\n<p>EXACT Rail Survey best\u00e5r av eksperter p\u00e5 oppm\u00e5ling i forbindelse med bygging, vedlikehold og modernisering av jernbane, trikk og undergrunnsbaner. Teamet v\u00e5rt har kunnskapen, ferdighetene og ressursene som trengs for \u00e5 levere n\u00f8yaktig informasjon raskt, slik at ditt prosjekt g\u00e5r etter planen. I baneprosjekter er det spesifikke og strenge krav til dokumentasjon, og vi leverer &#8220;som utf\u00f8rt&#8221;-dokumentasjon i henhold til dine behov og krav.<\/p>\n<h3>EXACT Stop and Go laserskanning<\/h3>\n<p>EXACT har laget en l\u00f8sning for laserskanning fra bil. L\u00f8sningen gir mulighet for raskt \u00e5 utf\u00f8re skanning med h\u00f8y n\u00f8yaktighet. Dette er en smart og god l\u00f8sning for \u00e5 lage georefererte punktskyer som kan videreforedles til terrengmodeller, topografiske kart, 3D-visualisering og 3D-modeller.<\/p>\n<h3>EXACT Street<\/h3>\n<p>EXACT Street er den eneste oppm\u00e5lingsteknologien i sin klasse som garanterer en m\u00e5len\u00f8yaktighet p\u00e5 2 mm. L\u00f8sningen b\u00f8r v\u00e6re uunnv\u00e6rlig ved veibygging og veireparasjoner. Utf\u00f8r fremtidig veiplanlegging og reparasjoner med n\u00f8yaktige, omfattende data og detaljerte kart. EXACT Street kan spare deg for b\u00e5de tid og penger.<\/p>\n<p>Med EXACT Street kan du oppn\u00e5 betydelige besparelser ved veibygging, forlenge levetiden til reparasjonsarbeider og samtidig redusere behovet for \u00e5 stenge veier. Fra EXACT Street produseres nye og riktige veiprofiler slik at du f\u00e5r visualisert IRI-verdier, drenering, langsg\u00e5ende og tverrg\u00e5ende ujevnhet og veibanens helling.<\/p>\n<p>N\u00e5 kan du redusere kostnadene ved un\u00f8dvendig ombygging og i stedet fokusere p\u00e5 \u00e5 oppn\u00e5 et jevnt veidekke med enhetlige asfaltlag og hensiktsmessig drenering, noe som bidrar til langvarig kj\u00f8rekomfort og sikkerhet.<\/p>\n<h3>One-Button Scanning (OBS) og etterbehandling<\/h3>\n<p>OBS fra EXACT er en l\u00f8sning for enkel, n\u00f8yaktig og rask 3D-datainnsamling med etter-prosessering i Skyen. OBS er en ideell l\u00f8sning for oppm\u00e5ling av dagbrudd, tunneler, gruver og st\u00f8rre masseforflyttinger.<\/p>\n<p>Etterbehandling i skyen fokuserer p\u00e5 dataregistrering, generering av modeller, volumberegning, og geometri-\/samsvarskontroll for 3D-prosjekter. OBS krever minimalt med oppl\u00e6ring og kan implementeres \u00f8yeblikkelig p\u00e5 ditt prosjekt.<\/p>\n<p>Du trenger ikke v\u00e6re spesialist for \u00e5 betjene OBS. V\u00e5re prosesseringstjenester st\u00e5r til disposisjon og behandler de innsamlede dataene i tr\u00e5d med ditt behov innen 24 timer.<\/p>\n<p>EXACT Mine M\u00e5p er v\u00e5r skybaserte l\u00f8sning som gir dine medarbeidere tilgang til resultater fra OBS og du kan selv enkelt gj\u00f8re ganske avanserte beregninger \u2013 bare ett klikk unna. OBS krever ingen investeringer, spar penger med oss.<\/p>\n","protected":false},"excerpt":{"rendered":"<p>EXACT sine landm\u00e5lere er ofte det f\u00f8rste fagpersonellet tilstede p\u00e5 ett nytt anlegg. Vi p\u00e5viser hvor konstruksjoner og forsyningssystemer skal plasseres. Vi gir m\u00e5ledata og r\u00e5d til arkitekter, ingeni\u00f8rer og entrepren\u00f8rer slik at prosjektet kan gjennomf\u00f8res som planlagt. EXACT hjelper deg med \u00e5 ha kontroll og gi deg en enklere arbeidsdag. &nbsp; Undergrunns-ekspertise EXACT har [&hellip;]<\/p>\n","protected":false},"author":1,"featured_media":0,"parent":0,"menu_order":0,"comment_status":"open","ping_status":"open","template":"template-area.php","meta":{"_acf_changed":false,"footnotes":""},"acf":[],"yoast_head":"<!-- This site is optimized with the Yoast SEO plugin v22.2 - https:\/\/yoast.com\/wordpress\/plugins\/seo\/ -->\n<title>Infrastruktur - EXACT<\/title>\n<meta name=\"robots\" content=\"index, follow, max-snippet:-1, max-image-preview:large, max-video-preview:-1\" \/>\n<link rel=\"canonical\" href=\"https:\/\/teamexact.com\/nb\/infrastruktur\/\" \/>\n<meta property=\"og:locale\" content=\"nb_NO\" \/>\n<meta property=\"og:type\" content=\"article\" \/>\n<meta property=\"og:title\" content=\"Infrastruktur - EXACT\" \/>\n<meta property=\"og:description\" content=\"EXACT sine landm\u00e5lere er ofte det f\u00f8rste fagpersonellet tilstede p\u00e5 ett nytt anlegg. Vi p\u00e5viser hvor konstruksjoner og forsyningssystemer skal plasseres. Vi gir m\u00e5ledata og r\u00e5d til arkitekter, ingeni\u00f8rer og entrepren\u00f8rer slik at prosjektet kan gjennomf\u00f8res som planlagt. EXACT hjelper deg med \u00e5 ha kontroll og gi deg en enklere arbeidsdag. &nbsp; Undergrunns-ekspertise EXACT har [&hellip;]\" \/>\n<meta property=\"og:url\" content=\"https:\/\/teamexact.com\/nb\/infrastruktur\/\" \/>\n<meta property=\"og:site_name\" content=\"EXACT\" \/>\n<meta property=\"article:modified_time\" content=\"2016-04-14T12:17:24+00:00\" \/>\n<meta name=\"twitter:card\" content=\"summary_large_image\" \/>\n<meta name=\"twitter:label1\" content=\"Ansl. lesetid\" \/>\n\t<meta name=\"twitter:data1\" content=\"3 minutter\" \/>\n<script type=\"application\/ld+json\" class=\"yoast-schema-graph\">{\"@context\":\"https:\/\/schema.org\",\"@graph\":[{\"@type\":\"WebPage\",\"@id\":\"https:\/\/teamexact.com\/nb\/infrastruktur\/\",\"url\":\"https:\/\/teamexact.com\/nb\/infrastruktur\/\",\"name\":\"Infrastruktur - EXACT\",\"isPartOf\":{\"@id\":\"https:\/\/teamexact.com\/sv\/#website\"},\"datePublished\":\"2015-06-15T12:44:35+00:00\",\"dateModified\":\"2016-04-14T12:17:24+00:00\",\"breadcrumb\":{\"@id\":\"https:\/\/teamexact.com\/nb\/infrastruktur\/#breadcrumb\"},\"inLanguage\":\"nb-NO\",\"potentialAction\":[{\"@type\":\"ReadAction\",\"target\":[\"https:\/\/teamexact.com\/nb\/infrastruktur\/\"]}]},{\"@type\":\"BreadcrumbList\",\"@id\":\"https:\/\/teamexact.com\/nb\/infrastruktur\/#breadcrumb\",\"itemListElement\":[{\"@type\":\"ListItem\",\"position\":1,\"name\":\"Home\",\"item\":\"https:\/\/teamexact.com\/nb\/\"},{\"@type\":\"ListItem\",\"position\":2,\"name\":\"Infrastruktur\"}]},{\"@type\":\"WebSite\",\"@id\":\"https:\/\/teamexact.com\/sv\/#website\",\"url\":\"https:\/\/teamexact.com\/sv\/\",\"name\":\"EXACT\",\"description\":\"We see more\",\"potentialAction\":[{\"@type\":\"SearchAction\",\"target\":{\"@type\":\"EntryPoint\",\"urlTemplate\":\"https:\/\/teamexact.com\/sv\/?s={search_term_string}\"},\"query-input\":\"required name=search_term_string\"}],\"inLanguage\":\"nb-NO\"}]}<\/script>\n<!-- \/ Yoast SEO plugin. -->","yoast_head_json":{"title":"Infrastruktur - EXACT","robots":{"index":"index","follow":"follow","max-snippet":"max-snippet:-1","max-image-preview":"max-image-preview:large","max-video-preview":"max-video-preview:-1"},"canonical":"https:\/\/teamexact.com\/nb\/infrastruktur\/","og_locale":"nb_NO","og_type":"article","og_title":"Infrastruktur - EXACT","og_description":"EXACT sine landm\u00e5lere er ofte det f\u00f8rste fagpersonellet tilstede p\u00e5 ett nytt anlegg. Vi p\u00e5viser hvor konstruksjoner og forsyningssystemer skal plasseres. Vi gir m\u00e5ledata og r\u00e5d til arkitekter, ingeni\u00f8rer og entrepren\u00f8rer slik at prosjektet kan gjennomf\u00f8res som planlagt. EXACT hjelper deg med \u00e5 ha kontroll og gi deg en enklere arbeidsdag. &nbsp; Undergrunns-ekspertise EXACT har [&hellip;]","og_url":"https:\/\/teamexact.com\/nb\/infrastruktur\/","og_site_name":"EXACT","article_modified_time":"2016-04-14T12:17:24+00:00","twitter_card":"summary_large_image","twitter_misc":{"Ansl. lesetid":"3 minutter"},"schema":{"@context":"https:\/\/schema.org","@graph":[{"@type":"WebPage","@id":"https:\/\/teamexact.com\/nb\/infrastruktur\/","url":"https:\/\/teamexact.com\/nb\/infrastruktur\/","name":"Infrastruktur - EXACT","isPartOf":{"@id":"https:\/\/teamexact.com\/sv\/#website"},"datePublished":"2015-06-15T12:44:35+00:00","dateModified":"2016-04-14T12:17:24+00:00","breadcrumb":{"@id":"https:\/\/teamexact.com\/nb\/infrastruktur\/#breadcrumb"},"inLanguage":"nb-NO","potentialAction":[{"@type":"ReadAction","target":["https:\/\/teamexact.com\/nb\/infrastruktur\/"]}]},{"@type":"BreadcrumbList","@id":"https:\/\/teamexact.com\/nb\/infrastruktur\/#breadcrumb","itemListElement":[{"@type":"ListItem","position":1,"name":"Home","item":"https:\/\/teamexact.com\/nb\/"},{"@type":"ListItem","position":2,"name":"Infrastruktur"}]},{"@type":"WebSite","@id":"https:\/\/teamexact.com\/sv\/#website","url":"https:\/\/teamexact.com\/sv\/","name":"EXACT","description":"We see more","potentialAction":[{"@type":"SearchAction","target":{"@type":"EntryPoint","urlTemplate":"https:\/\/teamexact.com\/sv\/?s={search_term_string}"},"query-input":"required name=search_term_string"}],"inLanguage":"nb-NO"}]}},"_links":{"self":[{"href":"https:\/\/teamexact.com\/nb\/wp-json\/wp\/v2\/pages\/1334"}],"collection":[{"href":"https:\/\/teamexact.com\/nb\/wp-json\/wp\/v2\/pages"}],"about":[{"href":"https:\/\/teamexact.com\/nb\/wp-json\/wp\/v2\/types\/page"}],"author":[{"embeddable":true,"href":"https:\/\/teamexact.com\/nb\/wp-json\/wp\/v2\/users\/1"}],"replies":[{"embeddable":true,"href":"https:\/\/teamexact.com\/nb\/wp-json\/wp\/v2\/comments?post=1334"}],"version-history":[{"count":5,"href":"https:\/\/teamexact.com\/nb\/wp-json\/wp\/v2\/pages\/1334\/revisions"}],"predecessor-version":[{"id":2091,"href":"https:\/\/teamexact.com\/nb\/wp-json\/wp\/v2\/pages\/1334\/revisions\/2091"}],"wp:attachment":[{"href":"https:\/\/teamexact.com\/nb\/wp-json\/wp\/v2\/media?parent=1334"}],"curies":[{"name":"wp","href":"https:\/\/api.w.org\/{rel}","templated":true}]}}