{"id":1336,"date":"2015-06-15T14:28:54","date_gmt":"2015-06-15T12:28:54","guid":{"rendered":"http:\/\/exact.lebowski.se\/machine-control-2\/"},"modified":"2021-09-02T10:51:27","modified_gmt":"2021-09-02T08:51:27","slug":"maskinstyring","status":"publish","type":"page","link":"https:\/\/teamexact.com\/nb\/maskinstyring\/","title":{"rendered":"Maskinstyring"},"content":{"rendered":"<h3>Smarte maskiner og smart utstyr<\/h3>\n<p>Maskinstyring brukes i stor grad p\u00e5 anlegg for \u00e5 gi besparelser og \u00f8kt presisjon. Vi kan hjelpe deg med \u00e5 bestemme hvilke systemer som er best tilpasset ditt behov, slik at dere raskt kan komme i gang med produktivt arbeid.<\/p>\n<p>Vi tilrettelegger prosjektets plandata til de valgte maskins-styringssystemene. Vi leverer referansepunkter og sikrer deretter at maskiner automatisk kommuniserer og koordinerer arbeidet tilfredsstillende. EXACT personell kan sette systemene i drift og bekrefte at de fungerer som de skal. Vi kan gi ditt personell n\u00f8dvendig og tilpasset instruksjon og oppl\u00e6ring.<\/p>\n<h3>Instrumenter og utstyr til leie<\/h3>\n<p>EXACT tilbyr leie av systemer for maskinstyring og oppm\u00e5lingsutstyr. Vi har et stort lager som utstyrer v\u00e5re 200 landm\u00e5lere med avanserte instrumentene og verkt\u00f8y. Vi tilbyr ogs\u00e5 l\u00f8pende utstyrstjenester for \u00e5 optimalisere produktiviteten i ditt prosjekt.<\/p>\n","protected":false},"excerpt":{"rendered":"<p>Smarte maskiner og smart utstyr Maskinstyring brukes i stor grad p\u00e5 anlegg for \u00e5 gi besparelser og \u00f8kt presisjon. Vi kan hjelpe deg med \u00e5 bestemme hvilke systemer som er best tilpasset ditt behov, slik at dere raskt kan komme i gang med produktivt arbeid. Vi tilrettelegger prosjektets plandata til de valgte maskins-styringssystemene. Vi leverer [&hellip;]<\/p>\n","protected":false},"author":1,"featured_media":0,"parent":0,"menu_order":0,"comment_status":"open","ping_status":"open","template":"template-page.php","meta":{"_acf_changed":false,"footnotes":""},"acf":[],"yoast_head":"<!-- This site is optimized with the Yoast SEO plugin v22.2 - https:\/\/yoast.com\/wordpress\/plugins\/seo\/ -->\n<title>Maskinstyring - EXACT<\/title>\n<meta name=\"robots\" content=\"index, follow, max-snippet:-1, max-image-preview:large, max-video-preview:-1\" \/>\n<link rel=\"canonical\" href=\"https:\/\/teamexact.com\/nb\/maskinstyring\/\" \/>\n<meta property=\"og:locale\" content=\"nb_NO\" \/>\n<meta property=\"og:type\" content=\"article\" \/>\n<meta property=\"og:title\" content=\"Maskinstyring - EXACT\" \/>\n<meta property=\"og:description\" content=\"Smarte maskiner og smart utstyr Maskinstyring brukes i stor grad p\u00e5 anlegg for \u00e5 gi besparelser og \u00f8kt presisjon. Vi kan hjelpe deg med \u00e5 bestemme hvilke systemer som er best tilpasset ditt behov, slik at dere raskt kan komme i gang med produktivt arbeid. Vi tilrettelegger prosjektets plandata til de valgte maskins-styringssystemene. Vi leverer [&hellip;]\" \/>\n<meta property=\"og:url\" content=\"https:\/\/teamexact.com\/nb\/maskinstyring\/\" \/>\n<meta property=\"og:site_name\" content=\"EXACT\" \/>\n<meta property=\"article:modified_time\" content=\"2021-09-02T08:51:27+00:00\" \/>\n<meta name=\"twitter:card\" content=\"summary_large_image\" \/>\n<meta name=\"twitter:label1\" content=\"Ansl. lesetid\" \/>\n\t<meta name=\"twitter:data1\" content=\"1 minutt\" \/>\n<script type=\"application\/ld+json\" class=\"yoast-schema-graph\">{\"@context\":\"https:\/\/schema.org\",\"@graph\":[{\"@type\":\"WebPage\",\"@id\":\"https:\/\/teamexact.com\/nb\/maskinstyring\/\",\"url\":\"https:\/\/teamexact.com\/nb\/maskinstyring\/\",\"name\":\"Maskinstyring - EXACT\",\"isPartOf\":{\"@id\":\"https:\/\/teamexact.com\/sv\/#website\"},\"datePublished\":\"2015-06-15T12:28:54+00:00\",\"dateModified\":\"2021-09-02T08:51:27+00:00\",\"breadcrumb\":{\"@id\":\"https:\/\/teamexact.com\/nb\/maskinstyring\/#breadcrumb\"},\"inLanguage\":\"nb-NO\",\"potentialAction\":[{\"@type\":\"ReadAction\",\"target\":[\"https:\/\/teamexact.com\/nb\/maskinstyring\/\"]}]},{\"@type\":\"BreadcrumbList\",\"@id\":\"https:\/\/teamexact.com\/nb\/maskinstyring\/#breadcrumb\",\"itemListElement\":[{\"@type\":\"ListItem\",\"position\":1,\"name\":\"Home\",\"item\":\"https:\/\/teamexact.com\/nb\/\"},{\"@type\":\"ListItem\",\"position\":2,\"name\":\"Maskinstyring\"}]},{\"@type\":\"WebSite\",\"@id\":\"https:\/\/teamexact.com\/sv\/#website\",\"url\":\"https:\/\/teamexact.com\/sv\/\",\"name\":\"EXACT\",\"description\":\"We see more\",\"potentialAction\":[{\"@type\":\"SearchAction\",\"target\":{\"@type\":\"EntryPoint\",\"urlTemplate\":\"https:\/\/teamexact.com\/sv\/?s={search_term_string}\"},\"query-input\":\"required name=search_term_string\"}],\"inLanguage\":\"nb-NO\"}]}<\/script>\n<!-- \/ Yoast SEO plugin. -->","yoast_head_json":{"title":"Maskinstyring - EXACT","robots":{"index":"index","follow":"follow","max-snippet":"max-snippet:-1","max-image-preview":"max-image-preview:large","max-video-preview":"max-video-preview:-1"},"canonical":"https:\/\/teamexact.com\/nb\/maskinstyring\/","og_locale":"nb_NO","og_type":"article","og_title":"Maskinstyring - EXACT","og_description":"Smarte maskiner og smart utstyr Maskinstyring brukes i stor grad p\u00e5 anlegg for \u00e5 gi besparelser og \u00f8kt presisjon. Vi kan hjelpe deg med \u00e5 bestemme hvilke systemer som er best tilpasset ditt behov, slik at dere raskt kan komme i gang med produktivt arbeid. Vi tilrettelegger prosjektets plandata til de valgte maskins-styringssystemene. Vi leverer [&hellip;]","og_url":"https:\/\/teamexact.com\/nb\/maskinstyring\/","og_site_name":"EXACT","article_modified_time":"2021-09-02T08:51:27+00:00","twitter_card":"summary_large_image","twitter_misc":{"Ansl. lesetid":"1 minutt"},"schema":{"@context":"https:\/\/schema.org","@graph":[{"@type":"WebPage","@id":"https:\/\/teamexact.com\/nb\/maskinstyring\/","url":"https:\/\/teamexact.com\/nb\/maskinstyring\/","name":"Maskinstyring - EXACT","isPartOf":{"@id":"https:\/\/teamexact.com\/sv\/#website"},"datePublished":"2015-06-15T12:28:54+00:00","dateModified":"2021-09-02T08:51:27+00:00","breadcrumb":{"@id":"https:\/\/teamexact.com\/nb\/maskinstyring\/#breadcrumb"},"inLanguage":"nb-NO","potentialAction":[{"@type":"ReadAction","target":["https:\/\/teamexact.com\/nb\/maskinstyring\/"]}]},{"@type":"BreadcrumbList","@id":"https:\/\/teamexact.com\/nb\/maskinstyring\/#breadcrumb","itemListElement":[{"@type":"ListItem","position":1,"name":"Home","item":"https:\/\/teamexact.com\/nb\/"},{"@type":"ListItem","position":2,"name":"Maskinstyring"}]},{"@type":"WebSite","@id":"https:\/\/teamexact.com\/sv\/#website","url":"https:\/\/teamexact.com\/sv\/","name":"EXACT","description":"We see more","potentialAction":[{"@type":"SearchAction","target":{"@type":"EntryPoint","urlTemplate":"https:\/\/teamexact.com\/sv\/?s={search_term_string}"},"query-input":"required name=search_term_string"}],"inLanguage":"nb-NO"}]}},"_links":{"self":[{"href":"https:\/\/teamexact.com\/nb\/wp-json\/wp\/v2\/pages\/1336"}],"collection":[{"href":"https:\/\/teamexact.com\/nb\/wp-json\/wp\/v2\/pages"}],"about":[{"href":"https:\/\/teamexact.com\/nb\/wp-json\/wp\/v2\/types\/page"}],"author":[{"embeddable":true,"href":"https:\/\/teamexact.com\/nb\/wp-json\/wp\/v2\/users\/1"}],"replies":[{"embeddable":true,"href":"https:\/\/teamexact.com\/nb\/wp-json\/wp\/v2\/comments?post=1336"}],"version-history":[{"count":4,"href":"https:\/\/teamexact.com\/nb\/wp-json\/wp\/v2\/pages\/1336\/revisions"}],"predecessor-version":[{"id":4861,"href":"https:\/\/teamexact.com\/nb\/wp-json\/wp\/v2\/pages\/1336\/revisions\/4861"}],"wp:attachment":[{"href":"https:\/\/teamexact.com\/nb\/wp-json\/wp\/v2\/media?parent=1336"}],"curies":[{"name":"wp","href":"https:\/\/api.w.org\/{rel}","templated":true}]}}