{"id":1338,"date":"2015-06-15T14:20:32","date_gmt":"2015-06-15T12:20:32","guid":{"rendered":"http:\/\/exact.lebowski.se\/management-support-2\/"},"modified":"2017-09-19T11:47:24","modified_gmt":"2017-09-19T09:47:24","slug":"prosjektstotte-og-prosjektledelse","status":"publish","type":"page","link":"https:\/\/teamexact.com\/nb\/prosjektstotte-og-prosjektledelse\/","title":{"rendered":"Prosjektst\u00f8tte og prosjektledelse"},"content":{"rendered":"<h3>Prosjektstyring og kundest\u00f8tte<\/h3>\n<p>EXACT tilbyr prosjekt- og kundest\u00f8tte i alle faser av et prosjekt for \u00e5 bidra til suksess. EXACT kan oppm\u00e5ling, vi kan ogs\u00e5 prosjektstyring og kundest\u00f8tte.<\/p>\n<p>Vi hjelper deg med \u00e5 unng\u00e5 un\u00f8dvendige feil og misforst\u00e5elser. Ved \u00e5 g\u00e5 gjennom alle tilknyttede prosjektdokumenter kan vi kontrollere at de oppfyller fastsatte krav for \u00e5 sikre at prosjektet f\u00e5r en vellykket start. Underveis i prosjektet kan dere benytte v\u00e5re kundest\u00f8ttetjenester for \u00e5 kontrollere at juridiske kontrakter, bestemmelser og retningslinjer for konstruksjonstoleranse overholdes.<\/p>\n","protected":false},"excerpt":{"rendered":"<p>Prosjektstyring og kundest\u00f8tte EXACT tilbyr prosjekt- og kundest\u00f8tte i alle faser av et prosjekt for \u00e5 bidra til suksess. EXACT kan oppm\u00e5ling, vi kan ogs\u00e5 prosjektstyring og kundest\u00f8tte. Vi hjelper deg med \u00e5 unng\u00e5 un\u00f8dvendige feil og misforst\u00e5elser. Ved \u00e5 g\u00e5 gjennom alle tilknyttede prosjektdokumenter kan vi kontrollere at de oppfyller fastsatte krav for \u00e5 [&hellip;]<\/p>\n","protected":false},"author":1,"featured_media":0,"parent":0,"menu_order":0,"comment_status":"open","ping_status":"open","template":"template-page.php","meta":{"_acf_changed":false,"footnotes":""},"acf":[],"yoast_head":"<!-- This site is optimized with the Yoast SEO plugin v22.2 - https:\/\/yoast.com\/wordpress\/plugins\/seo\/ -->\n<title>Prosjektst\u00f8tte og prosjektledelse - EXACT<\/title>\n<meta name=\"robots\" content=\"index, follow, max-snippet:-1, max-image-preview:large, max-video-preview:-1\" \/>\n<link rel=\"canonical\" href=\"https:\/\/teamexact.com\/nb\/prosjektstotte-og-prosjektledelse\/\" \/>\n<meta property=\"og:locale\" content=\"nb_NO\" \/>\n<meta property=\"og:type\" content=\"article\" \/>\n<meta property=\"og:title\" content=\"Prosjektst\u00f8tte og prosjektledelse - EXACT\" \/>\n<meta property=\"og:description\" content=\"Prosjektstyring og kundest\u00f8tte EXACT tilbyr prosjekt- og kundest\u00f8tte i alle faser av et prosjekt for \u00e5 bidra til suksess. EXACT kan oppm\u00e5ling, vi kan ogs\u00e5 prosjektstyring og kundest\u00f8tte. Vi hjelper deg med \u00e5 unng\u00e5 un\u00f8dvendige feil og misforst\u00e5elser. Ved \u00e5 g\u00e5 gjennom alle tilknyttede prosjektdokumenter kan vi kontrollere at de oppfyller fastsatte krav for \u00e5 [&hellip;]\" \/>\n<meta property=\"og:url\" content=\"https:\/\/teamexact.com\/nb\/prosjektstotte-og-prosjektledelse\/\" \/>\n<meta property=\"og:site_name\" content=\"EXACT\" \/>\n<meta property=\"article:modified_time\" content=\"2017-09-19T09:47:24+00:00\" \/>\n<meta name=\"twitter:card\" content=\"summary_large_image\" \/>\n<script type=\"application\/ld+json\" class=\"yoast-schema-graph\">{\"@context\":\"https:\/\/schema.org\",\"@graph\":[{\"@type\":\"WebPage\",\"@id\":\"https:\/\/teamexact.com\/nb\/prosjektstotte-og-prosjektledelse\/\",\"url\":\"https:\/\/teamexact.com\/nb\/prosjektstotte-og-prosjektledelse\/\",\"name\":\"Prosjektst\u00f8tte og prosjektledelse - EXACT\",\"isPartOf\":{\"@id\":\"https:\/\/teamexact.com\/sv\/#website\"},\"datePublished\":\"2015-06-15T12:20:32+00:00\",\"dateModified\":\"2017-09-19T09:47:24+00:00\",\"breadcrumb\":{\"@id\":\"https:\/\/teamexact.com\/nb\/prosjektstotte-og-prosjektledelse\/#breadcrumb\"},\"inLanguage\":\"nb-NO\",\"potentialAction\":[{\"@type\":\"ReadAction\",\"target\":[\"https:\/\/teamexact.com\/nb\/prosjektstotte-og-prosjektledelse\/\"]}]},{\"@type\":\"BreadcrumbList\",\"@id\":\"https:\/\/teamexact.com\/nb\/prosjektstotte-og-prosjektledelse\/#breadcrumb\",\"itemListElement\":[{\"@type\":\"ListItem\",\"position\":1,\"name\":\"Home\",\"item\":\"https:\/\/teamexact.com\/nb\/\"},{\"@type\":\"ListItem\",\"position\":2,\"name\":\"Prosjektst\u00f8tte og prosjektledelse\"}]},{\"@type\":\"WebSite\",\"@id\":\"https:\/\/teamexact.com\/sv\/#website\",\"url\":\"https:\/\/teamexact.com\/sv\/\",\"name\":\"EXACT\",\"description\":\"We see more\",\"potentialAction\":[{\"@type\":\"SearchAction\",\"target\":{\"@type\":\"EntryPoint\",\"urlTemplate\":\"https:\/\/teamexact.com\/sv\/?s={search_term_string}\"},\"query-input\":\"required name=search_term_string\"}],\"inLanguage\":\"nb-NO\"}]}<\/script>\n<!-- \/ Yoast SEO plugin. -->","yoast_head_json":{"title":"Prosjektst\u00f8tte og prosjektledelse - EXACT","robots":{"index":"index","follow":"follow","max-snippet":"max-snippet:-1","max-image-preview":"max-image-preview:large","max-video-preview":"max-video-preview:-1"},"canonical":"https:\/\/teamexact.com\/nb\/prosjektstotte-og-prosjektledelse\/","og_locale":"nb_NO","og_type":"article","og_title":"Prosjektst\u00f8tte og prosjektledelse - EXACT","og_description":"Prosjektstyring og kundest\u00f8tte EXACT tilbyr prosjekt- og kundest\u00f8tte i alle faser av et prosjekt for \u00e5 bidra til suksess. EXACT kan oppm\u00e5ling, vi kan ogs\u00e5 prosjektstyring og kundest\u00f8tte. Vi hjelper deg med \u00e5 unng\u00e5 un\u00f8dvendige feil og misforst\u00e5elser. Ved \u00e5 g\u00e5 gjennom alle tilknyttede prosjektdokumenter kan vi kontrollere at de oppfyller fastsatte krav for \u00e5 [&hellip;]","og_url":"https:\/\/teamexact.com\/nb\/prosjektstotte-og-prosjektledelse\/","og_site_name":"EXACT","article_modified_time":"2017-09-19T09:47:24+00:00","twitter_card":"summary_large_image","schema":{"@context":"https:\/\/schema.org","@graph":[{"@type":"WebPage","@id":"https:\/\/teamexact.com\/nb\/prosjektstotte-og-prosjektledelse\/","url":"https:\/\/teamexact.com\/nb\/prosjektstotte-og-prosjektledelse\/","name":"Prosjektst\u00f8tte og prosjektledelse - EXACT","isPartOf":{"@id":"https:\/\/teamexact.com\/sv\/#website"},"datePublished":"2015-06-15T12:20:32+00:00","dateModified":"2017-09-19T09:47:24+00:00","breadcrumb":{"@id":"https:\/\/teamexact.com\/nb\/prosjektstotte-og-prosjektledelse\/#breadcrumb"},"inLanguage":"nb-NO","potentialAction":[{"@type":"ReadAction","target":["https:\/\/teamexact.com\/nb\/prosjektstotte-og-prosjektledelse\/"]}]},{"@type":"BreadcrumbList","@id":"https:\/\/teamexact.com\/nb\/prosjektstotte-og-prosjektledelse\/#breadcrumb","itemListElement":[{"@type":"ListItem","position":1,"name":"Home","item":"https:\/\/teamexact.com\/nb\/"},{"@type":"ListItem","position":2,"name":"Prosjektst\u00f8tte og prosjektledelse"}]},{"@type":"WebSite","@id":"https:\/\/teamexact.com\/sv\/#website","url":"https:\/\/teamexact.com\/sv\/","name":"EXACT","description":"We see more","potentialAction":[{"@type":"SearchAction","target":{"@type":"EntryPoint","urlTemplate":"https:\/\/teamexact.com\/sv\/?s={search_term_string}"},"query-input":"required name=search_term_string"}],"inLanguage":"nb-NO"}]}},"_links":{"self":[{"href":"https:\/\/teamexact.com\/nb\/wp-json\/wp\/v2\/pages\/1338"}],"collection":[{"href":"https:\/\/teamexact.com\/nb\/wp-json\/wp\/v2\/pages"}],"about":[{"href":"https:\/\/teamexact.com\/nb\/wp-json\/wp\/v2\/types\/page"}],"author":[{"embeddable":true,"href":"https:\/\/teamexact.com\/nb\/wp-json\/wp\/v2\/users\/1"}],"replies":[{"embeddable":true,"href":"https:\/\/teamexact.com\/nb\/wp-json\/wp\/v2\/comments?post=1338"}],"version-history":[{"count":5,"href":"https:\/\/teamexact.com\/nb\/wp-json\/wp\/v2\/pages\/1338\/revisions"}],"predecessor-version":[{"id":2767,"href":"https:\/\/teamexact.com\/nb\/wp-json\/wp\/v2\/pages\/1338\/revisions\/2767"}],"wp:attachment":[{"href":"https:\/\/teamexact.com\/nb\/wp-json\/wp\/v2\/media?parent=1338"}],"curies":[{"name":"wp","href":"https:\/\/api.w.org\/{rel}","templated":true}]}}