{"id":1342,"date":"2015-06-15T14:30:06","date_gmt":"2015-06-15T12:30:06","guid":{"rendered":"http:\/\/exact.lebowski.se\/on-and-off-shore-2\/"},"modified":"2021-09-02T10:52:35","modified_gmt":"2021-09-02T08:52:35","slug":"onshoreoffshore","status":"publish","type":"page","link":"https:\/\/teamexact.com\/nb\/onshoreoffshore\/","title":{"rendered":"Onshore\/Offshore"},"content":{"rendered":"<h3>Oppm\u00e5linger i olje- og gassindustrien offshore<\/h3>\n<p>Hos EXACT vet vi at den mest kritiske faktoren ved arbeid offshore er tid. Laserskanneren er dermed ofte den ideelle l\u00f8sningen for \u00e5 gi en n\u00f8yaktig og sv\u00e6rt detaljert 3D-punktsky. Vi m\u00e5ler vanligvis objektene offshore, for s\u00e5 \u00e5 utf\u00f8re modellering av objektet p\u00e5 land. EXACT utf\u00f8rer ogs\u00e5 kontrolloppm\u00e5linger for \u00e5 utarbeide &#8220;som utf\u00f8rt&#8221;-dokumentasjon.<\/p>\n<h3>Oppm\u00e5ling av industriutstyr<\/h3>\n<p>Det som er m\u00e5lt kan forvaltes. EXACT utf\u00f8rer oppm\u00e5ling av industrianlegg for \u00e5 kartlegge maskiners eksakte plassering ved \u00e5 utarbeide fundamentplan, maskinenes fotavtrykk, midtakse, m\u00e5lelinje samt plan for fundamentplate. Vi bidrar med m\u00e5lene dere trenger for \u00e5 installere industriutstyr og kontrollere justering av presisjonsmaskiner.<\/p>\n<p>Vi kan ta detaljerte m\u00e5l av sylindertanker og kalibrere lagringstanker i henhold til ISO-spesifikasjoner samt utf\u00f8re setningskontroll og utarbeide dokumentasjon.<\/p>\n<h3>Oppm\u00e5ling av industrianlegg<\/h3>\n<p>EXACT sine konsulenter bruker den siste laserskanne- og 3D-modelleringsteknologien til \u00e5 utf\u00f8re komplette oppm\u00e5linger av anlegg for \u00e5 st\u00f8tte og bidra til oppf\u00f8ringer av tilbygg, ombygging, modernisering og vedlikeholds aktiviteter. Vi m\u00e5ler og registrerer &#8220;som utf\u00f8rt&#8221;-forhold, kartlegger og modellerer anlegg, systemer, strukturer, r\u00f8r, utstyr og alle eksisterende komponenter og integrerer dem i en 3D-designmodell. Vi hjelper deg med \u00e5 se den eksakte plasseringen av praktisk talt hvert eneste objekt i anlegget og ogs\u00e5 objektenes plassering i forhold til andre objekter. EXACT hjelper dere med \u00e5 ta full kontroll over konstruksjonen og designen av anlegget.<\/p>\n","protected":false},"excerpt":{"rendered":"<p>Oppm\u00e5linger i olje- og gassindustrien offshore Hos EXACT vet vi at den mest kritiske faktoren ved arbeid offshore er tid. Laserskanneren er dermed ofte den ideelle l\u00f8sningen for \u00e5 gi en n\u00f8yaktig og sv\u00e6rt detaljert 3D-punktsky. Vi m\u00e5ler vanligvis objektene offshore, for s\u00e5 \u00e5 utf\u00f8re modellering av objektet p\u00e5 land. EXACT utf\u00f8rer ogs\u00e5 kontrolloppm\u00e5linger for [&hellip;]<\/p>\n","protected":false},"author":1,"featured_media":0,"parent":0,"menu_order":0,"comment_status":"open","ping_status":"open","template":"template-page.php","meta":{"_acf_changed":false,"footnotes":""},"acf":[],"yoast_head":"<!-- This site is optimized with the Yoast SEO plugin v22.2 - https:\/\/yoast.com\/wordpress\/plugins\/seo\/ -->\n<title>Onshore\/Offshore - EXACT<\/title>\n<meta name=\"robots\" content=\"index, follow, max-snippet:-1, max-image-preview:large, max-video-preview:-1\" \/>\n<link rel=\"canonical\" href=\"https:\/\/teamexact.com\/nb\/onshoreoffshore\/\" \/>\n<meta property=\"og:locale\" content=\"nb_NO\" \/>\n<meta property=\"og:type\" content=\"article\" \/>\n<meta property=\"og:title\" content=\"Onshore\/Offshore - EXACT\" \/>\n<meta property=\"og:description\" content=\"Oppm\u00e5linger i olje- og gassindustrien offshore Hos EXACT vet vi at den mest kritiske faktoren ved arbeid offshore er tid. Laserskanneren er dermed ofte den ideelle l\u00f8sningen for \u00e5 gi en n\u00f8yaktig og sv\u00e6rt detaljert 3D-punktsky. Vi m\u00e5ler vanligvis objektene offshore, for s\u00e5 \u00e5 utf\u00f8re modellering av objektet p\u00e5 land. EXACT utf\u00f8rer ogs\u00e5 kontrolloppm\u00e5linger for [&hellip;]\" \/>\n<meta property=\"og:url\" content=\"https:\/\/teamexact.com\/nb\/onshoreoffshore\/\" \/>\n<meta property=\"og:site_name\" content=\"EXACT\" \/>\n<meta property=\"article:modified_time\" content=\"2021-09-02T08:52:35+00:00\" \/>\n<meta name=\"twitter:card\" content=\"summary_large_image\" \/>\n<meta name=\"twitter:label1\" content=\"Ansl. lesetid\" \/>\n\t<meta name=\"twitter:data1\" content=\"1 minutt\" \/>\n<script type=\"application\/ld+json\" class=\"yoast-schema-graph\">{\"@context\":\"https:\/\/schema.org\",\"@graph\":[{\"@type\":\"WebPage\",\"@id\":\"https:\/\/teamexact.com\/nb\/onshoreoffshore\/\",\"url\":\"https:\/\/teamexact.com\/nb\/onshoreoffshore\/\",\"name\":\"Onshore\/Offshore - EXACT\",\"isPartOf\":{\"@id\":\"https:\/\/teamexact.com\/sv\/#website\"},\"datePublished\":\"2015-06-15T12:30:06+00:00\",\"dateModified\":\"2021-09-02T08:52:35+00:00\",\"breadcrumb\":{\"@id\":\"https:\/\/teamexact.com\/nb\/onshoreoffshore\/#breadcrumb\"},\"inLanguage\":\"nb-NO\",\"potentialAction\":[{\"@type\":\"ReadAction\",\"target\":[\"https:\/\/teamexact.com\/nb\/onshoreoffshore\/\"]}]},{\"@type\":\"BreadcrumbList\",\"@id\":\"https:\/\/teamexact.com\/nb\/onshoreoffshore\/#breadcrumb\",\"itemListElement\":[{\"@type\":\"ListItem\",\"position\":1,\"name\":\"Home\",\"item\":\"https:\/\/teamexact.com\/nb\/\"},{\"@type\":\"ListItem\",\"position\":2,\"name\":\"Onshore\/Offshore\"}]},{\"@type\":\"WebSite\",\"@id\":\"https:\/\/teamexact.com\/sv\/#website\",\"url\":\"https:\/\/teamexact.com\/sv\/\",\"name\":\"EXACT\",\"description\":\"We see more\",\"potentialAction\":[{\"@type\":\"SearchAction\",\"target\":{\"@type\":\"EntryPoint\",\"urlTemplate\":\"https:\/\/teamexact.com\/sv\/?s={search_term_string}\"},\"query-input\":\"required name=search_term_string\"}],\"inLanguage\":\"nb-NO\"}]}<\/script>\n<!-- \/ Yoast SEO plugin. -->","yoast_head_json":{"title":"Onshore\/Offshore - EXACT","robots":{"index":"index","follow":"follow","max-snippet":"max-snippet:-1","max-image-preview":"max-image-preview:large","max-video-preview":"max-video-preview:-1"},"canonical":"https:\/\/teamexact.com\/nb\/onshoreoffshore\/","og_locale":"nb_NO","og_type":"article","og_title":"Onshore\/Offshore - EXACT","og_description":"Oppm\u00e5linger i olje- og gassindustrien offshore Hos EXACT vet vi at den mest kritiske faktoren ved arbeid offshore er tid. Laserskanneren er dermed ofte den ideelle l\u00f8sningen for \u00e5 gi en n\u00f8yaktig og sv\u00e6rt detaljert 3D-punktsky. Vi m\u00e5ler vanligvis objektene offshore, for s\u00e5 \u00e5 utf\u00f8re modellering av objektet p\u00e5 land. EXACT utf\u00f8rer ogs\u00e5 kontrolloppm\u00e5linger for [&hellip;]","og_url":"https:\/\/teamexact.com\/nb\/onshoreoffshore\/","og_site_name":"EXACT","article_modified_time":"2021-09-02T08:52:35+00:00","twitter_card":"summary_large_image","twitter_misc":{"Ansl. lesetid":"1 minutt"},"schema":{"@context":"https:\/\/schema.org","@graph":[{"@type":"WebPage","@id":"https:\/\/teamexact.com\/nb\/onshoreoffshore\/","url":"https:\/\/teamexact.com\/nb\/onshoreoffshore\/","name":"Onshore\/Offshore - EXACT","isPartOf":{"@id":"https:\/\/teamexact.com\/sv\/#website"},"datePublished":"2015-06-15T12:30:06+00:00","dateModified":"2021-09-02T08:52:35+00:00","breadcrumb":{"@id":"https:\/\/teamexact.com\/nb\/onshoreoffshore\/#breadcrumb"},"inLanguage":"nb-NO","potentialAction":[{"@type":"ReadAction","target":["https:\/\/teamexact.com\/nb\/onshoreoffshore\/"]}]},{"@type":"BreadcrumbList","@id":"https:\/\/teamexact.com\/nb\/onshoreoffshore\/#breadcrumb","itemListElement":[{"@type":"ListItem","position":1,"name":"Home","item":"https:\/\/teamexact.com\/nb\/"},{"@type":"ListItem","position":2,"name":"Onshore\/Offshore"}]},{"@type":"WebSite","@id":"https:\/\/teamexact.com\/sv\/#website","url":"https:\/\/teamexact.com\/sv\/","name":"EXACT","description":"We see more","potentialAction":[{"@type":"SearchAction","target":{"@type":"EntryPoint","urlTemplate":"https:\/\/teamexact.com\/sv\/?s={search_term_string}"},"query-input":"required name=search_term_string"}],"inLanguage":"nb-NO"}]}},"_links":{"self":[{"href":"https:\/\/teamexact.com\/nb\/wp-json\/wp\/v2\/pages\/1342"}],"collection":[{"href":"https:\/\/teamexact.com\/nb\/wp-json\/wp\/v2\/pages"}],"about":[{"href":"https:\/\/teamexact.com\/nb\/wp-json\/wp\/v2\/types\/page"}],"author":[{"embeddable":true,"href":"https:\/\/teamexact.com\/nb\/wp-json\/wp\/v2\/users\/1"}],"replies":[{"embeddable":true,"href":"https:\/\/teamexact.com\/nb\/wp-json\/wp\/v2\/comments?post=1342"}],"version-history":[{"count":4,"href":"https:\/\/teamexact.com\/nb\/wp-json\/wp\/v2\/pages\/1342\/revisions"}],"predecessor-version":[{"id":4862,"href":"https:\/\/teamexact.com\/nb\/wp-json\/wp\/v2\/pages\/1342\/revisions\/4862"}],"wp:attachment":[{"href":"https:\/\/teamexact.com\/nb\/wp-json\/wp\/v2\/media?parent=1342"}],"curies":[{"name":"wp","href":"https:\/\/api.w.org\/{rel}","templated":true}]}}