{"id":1344,"date":"2015-06-15T14:19:36","date_gmt":"2015-06-15T12:19:36","guid":{"rendered":"http:\/\/exact.lebowski.se\/production-surveying-2\/"},"modified":"2018-05-08T14:22:41","modified_gmt":"2018-05-08T12:22:41","slug":"produksjonsmaling-og-stikking","status":"publish","type":"page","link":"https:\/\/teamexact.com\/nb\/produksjonsmaling-og-stikking\/","title":{"rendered":"Produksjonsm\u00e5ling og stikking"},"content":{"rendered":"<h3>Geodetisk grunnlagsnett<\/h3>\n<p>Grunnlagsnettet er fundamentet for alle aktiviteter knyttet til innm\u00e5ling, kartlegging og utsetting i forhold til et kjent referansesystem. Vi legger vekt p\u00e5 at et homogent grunnlagsnett kan v\u00e6re kostnadsbesparende for ethvert prosjekt og anbefaler etablering eller kontroll av grunnlagsnett ved prosjektstart eller hvor det er behov for kvalitetsheving. Et homogent grunnlagsnett med tilstrekkelig tetthet og kvalitet fungerer som bindeledd mellom prosjektets ulike faser.<\/p>\n<h3>Overv\u00e5king og tilsyn<\/h3>\n<p>Under sprengning, tunnelbygging og annet risikoarbeid tilbyr vi l\u00f8sninger for smart og automatisk overv\u00e5king. Vi hjelper dere med \u00e5 installere det n\u00f8dvendige utstyret, definere parametere og implementere systemet.<\/p>\n<h3>Mengdeberegning, regulerbare mengder og kontraktsoppf\u00f8lging<\/h3>\n<p>EXACT har omfattende erfaring i mengdeberegning. Fra det \u00f8yeblikket byggingen starter til prosjektet er fullf\u00f8rt, er en mengdeberegner involvert i kostnadsplanlegging, kontraktsforhandling, kontraktsoppf\u00f8lging og prosjektstyring.<\/p>\n<h3>Som bygget dokumentasjon\/As-built<\/h3>\n<p>Design, ombygging og forvaltning- drift og vedlikehold (FDV) krever n\u00f8yaktig og riktig dokumentasjon. EXACT produserer de tegningene og modellene du trenger. Vi oppfyller samtlige dokumentasjonsbehov og -krav. &#8220;Som utf\u00f8rt&#8221;-tegninger og modeller kan produseres etter en fullstendig oppm\u00e5ling eller etter en begrenset oppm\u00e5ling hvis dere bare \u00f8nsker \u00e5 supplere eksisterende tegninger.<\/p>\n<div class=\"apply\"><a class=\"button\" href=\"http:\/\/www.teamexact.com\/nb\/exact-as-built\/\">Les mer<\/a><\/div>\n","protected":false},"excerpt":{"rendered":"<p>Geodetisk grunnlagsnett Grunnlagsnettet er fundamentet for alle aktiviteter knyttet til innm\u00e5ling, kartlegging og utsetting i forhold til et kjent referansesystem. Vi legger vekt p\u00e5 at et homogent grunnlagsnett kan v\u00e6re kostnadsbesparende for ethvert prosjekt og anbefaler etablering eller kontroll av grunnlagsnett ved prosjektstart eller hvor det er behov for kvalitetsheving. Et homogent grunnlagsnett med tilstrekkelig [&hellip;]<\/p>\n","protected":false},"author":1,"featured_media":0,"parent":0,"menu_order":0,"comment_status":"open","ping_status":"open","template":"template-page.php","meta":{"_acf_changed":false,"footnotes":""},"acf":[],"yoast_head":"<!-- This site is optimized with the Yoast SEO plugin v22.2 - https:\/\/yoast.com\/wordpress\/plugins\/seo\/ -->\n<title>Produksjonsm\u00e5ling og stikking - EXACT<\/title>\n<meta name=\"robots\" content=\"index, follow, max-snippet:-1, max-image-preview:large, max-video-preview:-1\" \/>\n<link rel=\"canonical\" href=\"https:\/\/teamexact.com\/nb\/produksjonsmaling-og-stikking\/\" \/>\n<meta property=\"og:locale\" content=\"nb_NO\" \/>\n<meta property=\"og:type\" content=\"article\" \/>\n<meta property=\"og:title\" content=\"Produksjonsm\u00e5ling og stikking - EXACT\" \/>\n<meta property=\"og:description\" content=\"Geodetisk grunnlagsnett Grunnlagsnettet er fundamentet for alle aktiviteter knyttet til innm\u00e5ling, kartlegging og utsetting i forhold til et kjent referansesystem. Vi legger vekt p\u00e5 at et homogent grunnlagsnett kan v\u00e6re kostnadsbesparende for ethvert prosjekt og anbefaler etablering eller kontroll av grunnlagsnett ved prosjektstart eller hvor det er behov for kvalitetsheving. Et homogent grunnlagsnett med tilstrekkelig [&hellip;]\" \/>\n<meta property=\"og:url\" content=\"https:\/\/teamexact.com\/nb\/produksjonsmaling-og-stikking\/\" \/>\n<meta property=\"og:site_name\" content=\"EXACT\" \/>\n<meta property=\"article:modified_time\" content=\"2018-05-08T12:22:41+00:00\" \/>\n<meta name=\"twitter:card\" content=\"summary_large_image\" \/>\n<meta name=\"twitter:label1\" content=\"Ansl. lesetid\" \/>\n\t<meta name=\"twitter:data1\" content=\"1 minutt\" \/>\n<script type=\"application\/ld+json\" class=\"yoast-schema-graph\">{\"@context\":\"https:\/\/schema.org\",\"@graph\":[{\"@type\":\"WebPage\",\"@id\":\"https:\/\/teamexact.com\/nb\/produksjonsmaling-og-stikking\/\",\"url\":\"https:\/\/teamexact.com\/nb\/produksjonsmaling-og-stikking\/\",\"name\":\"Produksjonsm\u00e5ling og stikking - EXACT\",\"isPartOf\":{\"@id\":\"https:\/\/teamexact.com\/sv\/#website\"},\"datePublished\":\"2015-06-15T12:19:36+00:00\",\"dateModified\":\"2018-05-08T12:22:41+00:00\",\"breadcrumb\":{\"@id\":\"https:\/\/teamexact.com\/nb\/produksjonsmaling-og-stikking\/#breadcrumb\"},\"inLanguage\":\"nb-NO\",\"potentialAction\":[{\"@type\":\"ReadAction\",\"target\":[\"https:\/\/teamexact.com\/nb\/produksjonsmaling-og-stikking\/\"]}]},{\"@type\":\"BreadcrumbList\",\"@id\":\"https:\/\/teamexact.com\/nb\/produksjonsmaling-og-stikking\/#breadcrumb\",\"itemListElement\":[{\"@type\":\"ListItem\",\"position\":1,\"name\":\"Home\",\"item\":\"https:\/\/teamexact.com\/nb\/\"},{\"@type\":\"ListItem\",\"position\":2,\"name\":\"Produksjonsm\u00e5ling og stikking\"}]},{\"@type\":\"WebSite\",\"@id\":\"https:\/\/teamexact.com\/sv\/#website\",\"url\":\"https:\/\/teamexact.com\/sv\/\",\"name\":\"EXACT\",\"description\":\"We see more\",\"potentialAction\":[{\"@type\":\"SearchAction\",\"target\":{\"@type\":\"EntryPoint\",\"urlTemplate\":\"https:\/\/teamexact.com\/sv\/?s={search_term_string}\"},\"query-input\":\"required name=search_term_string\"}],\"inLanguage\":\"nb-NO\"}]}<\/script>\n<!-- \/ Yoast SEO plugin. -->","yoast_head_json":{"title":"Produksjonsm\u00e5ling og stikking - EXACT","robots":{"index":"index","follow":"follow","max-snippet":"max-snippet:-1","max-image-preview":"max-image-preview:large","max-video-preview":"max-video-preview:-1"},"canonical":"https:\/\/teamexact.com\/nb\/produksjonsmaling-og-stikking\/","og_locale":"nb_NO","og_type":"article","og_title":"Produksjonsm\u00e5ling og stikking - EXACT","og_description":"Geodetisk grunnlagsnett Grunnlagsnettet er fundamentet for alle aktiviteter knyttet til innm\u00e5ling, kartlegging og utsetting i forhold til et kjent referansesystem. Vi legger vekt p\u00e5 at et homogent grunnlagsnett kan v\u00e6re kostnadsbesparende for ethvert prosjekt og anbefaler etablering eller kontroll av grunnlagsnett ved prosjektstart eller hvor det er behov for kvalitetsheving. Et homogent grunnlagsnett med tilstrekkelig [&hellip;]","og_url":"https:\/\/teamexact.com\/nb\/produksjonsmaling-og-stikking\/","og_site_name":"EXACT","article_modified_time":"2018-05-08T12:22:41+00:00","twitter_card":"summary_large_image","twitter_misc":{"Ansl. lesetid":"1 minutt"},"schema":{"@context":"https:\/\/schema.org","@graph":[{"@type":"WebPage","@id":"https:\/\/teamexact.com\/nb\/produksjonsmaling-og-stikking\/","url":"https:\/\/teamexact.com\/nb\/produksjonsmaling-og-stikking\/","name":"Produksjonsm\u00e5ling og stikking - EXACT","isPartOf":{"@id":"https:\/\/teamexact.com\/sv\/#website"},"datePublished":"2015-06-15T12:19:36+00:00","dateModified":"2018-05-08T12:22:41+00:00","breadcrumb":{"@id":"https:\/\/teamexact.com\/nb\/produksjonsmaling-og-stikking\/#breadcrumb"},"inLanguage":"nb-NO","potentialAction":[{"@type":"ReadAction","target":["https:\/\/teamexact.com\/nb\/produksjonsmaling-og-stikking\/"]}]},{"@type":"BreadcrumbList","@id":"https:\/\/teamexact.com\/nb\/produksjonsmaling-og-stikking\/#breadcrumb","itemListElement":[{"@type":"ListItem","position":1,"name":"Home","item":"https:\/\/teamexact.com\/nb\/"},{"@type":"ListItem","position":2,"name":"Produksjonsm\u00e5ling og stikking"}]},{"@type":"WebSite","@id":"https:\/\/teamexact.com\/sv\/#website","url":"https:\/\/teamexact.com\/sv\/","name":"EXACT","description":"We see more","potentialAction":[{"@type":"SearchAction","target":{"@type":"EntryPoint","urlTemplate":"https:\/\/teamexact.com\/sv\/?s={search_term_string}"},"query-input":"required name=search_term_string"}],"inLanguage":"nb-NO"}]}},"_links":{"self":[{"href":"https:\/\/teamexact.com\/nb\/wp-json\/wp\/v2\/pages\/1344"}],"collection":[{"href":"https:\/\/teamexact.com\/nb\/wp-json\/wp\/v2\/pages"}],"about":[{"href":"https:\/\/teamexact.com\/nb\/wp-json\/wp\/v2\/types\/page"}],"author":[{"embeddable":true,"href":"https:\/\/teamexact.com\/nb\/wp-json\/wp\/v2\/users\/1"}],"replies":[{"embeddable":true,"href":"https:\/\/teamexact.com\/nb\/wp-json\/wp\/v2\/comments?post=1344"}],"version-history":[{"count":7,"href":"https:\/\/teamexact.com\/nb\/wp-json\/wp\/v2\/pages\/1344\/revisions"}],"predecessor-version":[{"id":3560,"href":"https:\/\/teamexact.com\/nb\/wp-json\/wp\/v2\/pages\/1344\/revisions\/3560"}],"wp:attachment":[{"href":"https:\/\/teamexact.com\/nb\/wp-json\/wp\/v2\/media?parent=1344"}],"curies":[{"name":"wp","href":"https:\/\/api.w.org\/{rel}","templated":true}]}}