{"id":1348,"date":"2015-06-15T14:26:55","date_gmt":"2015-06-15T12:26:55","guid":{"rendered":"http:\/\/exact.lebowski.se\/rail-roadworks-2\/"},"modified":"2015-07-01T19:33:55","modified_gmt":"2015-07-01T17:33:55","slug":"bygging-av-vei-og-bane","status":"publish","type":"page","link":"https:\/\/teamexact.com\/nb\/bygging-av-vei-og-bane\/","title":{"rendered":"Bygging av vei og bane"},"content":{"rendered":"<h3>EXACT Rail<\/h3>\n<p>EXACT Rail Survey best\u00e5r av eksperter p\u00e5 oppm\u00e5ling i forbindelse med bygging, vedlikehold og modernisering av jernbane, trikk og undergrunnsbaner. Teamet v\u00e5rt har kunnskapen, ferdighetene og ressursene som trengs for \u00e5 levere n\u00f8yaktig informasjon raskt, slik at ditt prosjekt g\u00e5r etter planen. I baneprosjekter er det spesifikke og strenge krav til dokumentasjon, og vi leverer &#8220;som utf\u00f8rt&#8221;-dokumentasjon i henhold til dine behov og krav.<\/p>\n<h3><\/h3>\n<h3>EXACT Street<\/h3>\n<p>EXACT Street er den eneste oppm\u00e5lingsteknologien i sin klasse som garanterer en m\u00e5len\u00f8yaktighet p\u00e5 2 mm. L\u00f8sningen b\u00f8r v\u00e6re uunnv\u00e6rlig ved veibygging og veireparasjoner. Utf\u00f8r fremtidig veiplanlegging og reparasjoner med n\u00f8yaktige, omfattende data og detaljerte kart. EXACT Street kan spare deg for b\u00e5de tid og penger.<\/p>\n<p>Med EXACT Street kan du oppn\u00e5 betydelige besparelser ved veibygging, forlenge levetiden til reparasjonsarbeider og samtidig redusere behovet for \u00e5 stenge veier. Fra EXACT Street produseres nye og riktige veiprofiler slik at du f\u00e5r visualisert IRI-verdier, drenering, langsg\u00e5ende og tverrg\u00e5ende ujevnhet og veibanens helling.<\/p>\n<p>N\u00e5 kan du redusere kostnadene ved un\u00f8dvendig ombygging og i stedet fokusere p\u00e5 \u00e5 oppn\u00e5 et jevnt veidekke med enhetlige asfaltlag og hensiktsmessig drenering, noe som bidrar til langvarig kj\u00f8rekomfort og sikkerhet.<\/p>\n<h3>Oppm\u00e5ling p\u00e5 bygg- og anlegg<\/h3>\n<p>Vi tilbyr oppm\u00e5lingstjenester for alle typer bygg, konstruksjoner og industrianlegg. EXACT utf\u00f8rer ogs\u00e5 konstruksjons- og kontrolloppm\u00e5linger p\u00e5 byggeplassen.<\/p>\n","protected":false},"excerpt":{"rendered":"<p>EXACT Rail EXACT Rail Survey best\u00e5r av eksperter p\u00e5 oppm\u00e5ling i forbindelse med bygging, vedlikehold og modernisering av jernbane, trikk og undergrunnsbaner. Teamet v\u00e5rt har kunnskapen, ferdighetene og ressursene som trengs for \u00e5 levere n\u00f8yaktig informasjon raskt, slik at ditt prosjekt g\u00e5r etter planen. I baneprosjekter er det spesifikke og strenge krav til dokumentasjon, og [&hellip;]<\/p>\n","protected":false},"author":1,"featured_media":0,"parent":0,"menu_order":0,"comment_status":"open","ping_status":"open","template":"template-page.php","meta":{"_acf_changed":false,"footnotes":""},"acf":[],"yoast_head":"<!-- This site is optimized with the Yoast SEO plugin v22.2 - https:\/\/yoast.com\/wordpress\/plugins\/seo\/ -->\n<title>Bygging av vei og bane - EXACT<\/title>\n<meta name=\"robots\" content=\"index, follow, max-snippet:-1, max-image-preview:large, max-video-preview:-1\" \/>\n<link rel=\"canonical\" href=\"https:\/\/teamexact.com\/nb\/bygging-av-vei-og-bane\/\" \/>\n<meta property=\"og:locale\" content=\"nb_NO\" \/>\n<meta property=\"og:type\" content=\"article\" \/>\n<meta property=\"og:title\" content=\"Bygging av vei og bane - EXACT\" \/>\n<meta property=\"og:description\" content=\"EXACT Rail EXACT Rail Survey best\u00e5r av eksperter p\u00e5 oppm\u00e5ling i forbindelse med bygging, vedlikehold og modernisering av jernbane, trikk og undergrunnsbaner. Teamet v\u00e5rt har kunnskapen, ferdighetene og ressursene som trengs for \u00e5 levere n\u00f8yaktig informasjon raskt, slik at ditt prosjekt g\u00e5r etter planen. I baneprosjekter er det spesifikke og strenge krav til dokumentasjon, og [&hellip;]\" \/>\n<meta property=\"og:url\" content=\"https:\/\/teamexact.com\/nb\/bygging-av-vei-og-bane\/\" \/>\n<meta property=\"og:site_name\" content=\"EXACT\" \/>\n<meta property=\"article:modified_time\" content=\"2015-07-01T17:33:55+00:00\" \/>\n<meta name=\"twitter:card\" content=\"summary_large_image\" \/>\n<meta name=\"twitter:label1\" content=\"Ansl. lesetid\" \/>\n\t<meta name=\"twitter:data1\" content=\"1 minutt\" \/>\n<script type=\"application\/ld+json\" class=\"yoast-schema-graph\">{\"@context\":\"https:\/\/schema.org\",\"@graph\":[{\"@type\":\"WebPage\",\"@id\":\"https:\/\/teamexact.com\/nb\/bygging-av-vei-og-bane\/\",\"url\":\"https:\/\/teamexact.com\/nb\/bygging-av-vei-og-bane\/\",\"name\":\"Bygging av vei og bane - EXACT\",\"isPartOf\":{\"@id\":\"https:\/\/teamexact.com\/sv\/#website\"},\"datePublished\":\"2015-06-15T12:26:55+00:00\",\"dateModified\":\"2015-07-01T17:33:55+00:00\",\"breadcrumb\":{\"@id\":\"https:\/\/teamexact.com\/nb\/bygging-av-vei-og-bane\/#breadcrumb\"},\"inLanguage\":\"nb-NO\",\"potentialAction\":[{\"@type\":\"ReadAction\",\"target\":[\"https:\/\/teamexact.com\/nb\/bygging-av-vei-og-bane\/\"]}]},{\"@type\":\"BreadcrumbList\",\"@id\":\"https:\/\/teamexact.com\/nb\/bygging-av-vei-og-bane\/#breadcrumb\",\"itemListElement\":[{\"@type\":\"ListItem\",\"position\":1,\"name\":\"Home\",\"item\":\"https:\/\/teamexact.com\/nb\/\"},{\"@type\":\"ListItem\",\"position\":2,\"name\":\"Bygging av vei og bane\"}]},{\"@type\":\"WebSite\",\"@id\":\"https:\/\/teamexact.com\/sv\/#website\",\"url\":\"https:\/\/teamexact.com\/sv\/\",\"name\":\"EXACT\",\"description\":\"We see more\",\"potentialAction\":[{\"@type\":\"SearchAction\",\"target\":{\"@type\":\"EntryPoint\",\"urlTemplate\":\"https:\/\/teamexact.com\/sv\/?s={search_term_string}\"},\"query-input\":\"required name=search_term_string\"}],\"inLanguage\":\"nb-NO\"}]}<\/script>\n<!-- \/ Yoast SEO plugin. -->","yoast_head_json":{"title":"Bygging av vei og bane - EXACT","robots":{"index":"index","follow":"follow","max-snippet":"max-snippet:-1","max-image-preview":"max-image-preview:large","max-video-preview":"max-video-preview:-1"},"canonical":"https:\/\/teamexact.com\/nb\/bygging-av-vei-og-bane\/","og_locale":"nb_NO","og_type":"article","og_title":"Bygging av vei og bane - EXACT","og_description":"EXACT Rail EXACT Rail Survey best\u00e5r av eksperter p\u00e5 oppm\u00e5ling i forbindelse med bygging, vedlikehold og modernisering av jernbane, trikk og undergrunnsbaner. Teamet v\u00e5rt har kunnskapen, ferdighetene og ressursene som trengs for \u00e5 levere n\u00f8yaktig informasjon raskt, slik at ditt prosjekt g\u00e5r etter planen. I baneprosjekter er det spesifikke og strenge krav til dokumentasjon, og [&hellip;]","og_url":"https:\/\/teamexact.com\/nb\/bygging-av-vei-og-bane\/","og_site_name":"EXACT","article_modified_time":"2015-07-01T17:33:55+00:00","twitter_card":"summary_large_image","twitter_misc":{"Ansl. lesetid":"1 minutt"},"schema":{"@context":"https:\/\/schema.org","@graph":[{"@type":"WebPage","@id":"https:\/\/teamexact.com\/nb\/bygging-av-vei-og-bane\/","url":"https:\/\/teamexact.com\/nb\/bygging-av-vei-og-bane\/","name":"Bygging av vei og bane - EXACT","isPartOf":{"@id":"https:\/\/teamexact.com\/sv\/#website"},"datePublished":"2015-06-15T12:26:55+00:00","dateModified":"2015-07-01T17:33:55+00:00","breadcrumb":{"@id":"https:\/\/teamexact.com\/nb\/bygging-av-vei-og-bane\/#breadcrumb"},"inLanguage":"nb-NO","potentialAction":[{"@type":"ReadAction","target":["https:\/\/teamexact.com\/nb\/bygging-av-vei-og-bane\/"]}]},{"@type":"BreadcrumbList","@id":"https:\/\/teamexact.com\/nb\/bygging-av-vei-og-bane\/#breadcrumb","itemListElement":[{"@type":"ListItem","position":1,"name":"Home","item":"https:\/\/teamexact.com\/nb\/"},{"@type":"ListItem","position":2,"name":"Bygging av vei og bane"}]},{"@type":"WebSite","@id":"https:\/\/teamexact.com\/sv\/#website","url":"https:\/\/teamexact.com\/sv\/","name":"EXACT","description":"We see more","potentialAction":[{"@type":"SearchAction","target":{"@type":"EntryPoint","urlTemplate":"https:\/\/teamexact.com\/sv\/?s={search_term_string}"},"query-input":"required name=search_term_string"}],"inLanguage":"nb-NO"}]}},"_links":{"self":[{"href":"https:\/\/teamexact.com\/nb\/wp-json\/wp\/v2\/pages\/1348"}],"collection":[{"href":"https:\/\/teamexact.com\/nb\/wp-json\/wp\/v2\/pages"}],"about":[{"href":"https:\/\/teamexact.com\/nb\/wp-json\/wp\/v2\/types\/page"}],"author":[{"embeddable":true,"href":"https:\/\/teamexact.com\/nb\/wp-json\/wp\/v2\/users\/1"}],"replies":[{"embeddable":true,"href":"https:\/\/teamexact.com\/nb\/wp-json\/wp\/v2\/comments?post=1348"}],"version-history":[{"count":4,"href":"https:\/\/teamexact.com\/nb\/wp-json\/wp\/v2\/pages\/1348\/revisions"}],"predecessor-version":[{"id":1515,"href":"https:\/\/teamexact.com\/nb\/wp-json\/wp\/v2\/pages\/1348\/revisions\/1515"}],"wp:attachment":[{"href":"https:\/\/teamexact.com\/nb\/wp-json\/wp\/v2\/media?parent=1348"}],"curies":[{"name":"wp","href":"https:\/\/api.w.org\/{rel}","templated":true}]}}