{"id":1350,"date":"2015-06-15T11:40:13","date_gmt":"2015-06-15T09:40:13","guid":{"rendered":"http:\/\/exact.lebowski.se\/real-estate-2\/"},"modified":"2018-04-27T13:54:45","modified_gmt":"2018-04-27T11:54:45","slug":"eiendom","status":"publish","type":"page","link":"https:\/\/teamexact.com\/nb\/eiendom\/","title":{"rendered":"Eiendom"},"content":{"rendered":"<p><strong>Vi tilbyr oppm\u00e5ling av bygg med avansert 3D-laserskanner som lar oss m\u00e5le store omr\u00e5der raskt og n\u00f8yaktig. Vi m\u00e5ler og tilrettelegger resultatene i n\u00f8yaktige tegninger og modeller slik at du f\u00e5r det beslutningsunderlaget du trenger. Vi ser mer!<\/strong><\/p>\n<p>&nbsp;<\/p>\n<h3>Vi ser mer i 3D<\/h3>\n<p>Vi m\u00e5ler alle typer komplekse rom og objekter, som bolighus, n\u00e6ringsbygg, fabrikker og installasjoner. EXACT benytter avansert 3D-skanneteknologier for rask og n\u00f8yaktig datainnsamling. Data fra laserskanning brukes til \u00e5 utarbeide dokumentasjon til en lang rekke form\u00e5l. Vi presenterer og leverer disse dataene som 2D-tegninger i snitt og plane eller som 3D-modellerslik du \u00f8nsker. Vi ser mer i 3D!<\/p>\n<h3>Som bygget dokumentasjon\/As-built<\/h3>\n<p>Design, ombygging og forvaltning- drift og vedlikehold (FDV) krever n\u00f8yaktig og riktig dokumentasjon. EXACT produserer de tegningene og modellene du trenger. Vi oppfyller samtlige dokumentasjonsbehov og -krav. &#8220;Som utf\u00f8rt&#8221;-tegninger og modeller kan produseres etter en fullstendig oppm\u00e5ling eller etter en begrenset oppm\u00e5ling hvis dere bare \u00f8nsker \u00e5 supplere eksisterende tegninger. <a href=\"http:\/\/www.teamexact.com\/nb\/exact-as-built\/\">Les mer<\/a><\/p>\n<h3>Bygningsinformasjonsmodellering (BIM)<\/h3>\n<p>Vi leverer BIM-dataene du trenger for \u00e5 ta smarte beslutninger underveis i ditt byggeprosjekt.\u00a0 EXACT bruker 3D-skanneteknologi til \u00e5 utarbeide n\u00f8yaktige digitale modeller som hjelper arkitekter, ingeni\u00f8rer og designere med \u00e5 visualisere form og funksjon og for \u00e5 forutsi kostnader og v\u00e6re f\u00f8re var med hensyn til eventuelle endringer. Vi hjelper deg til \u00e5 ta smarte beslutninger tidligere i prosessen slik at du unng\u00e5r kostbare feil og uheldige beslutninger. <a href=\"http:\/\/www.teamexact.com\/nb\/vi-gjor-bim-begripelig\/\">Les mer<\/a><\/p>\n","protected":false},"excerpt":{"rendered":"<p>Vi tilbyr oppm\u00e5ling av bygg med avansert 3D-laserskanner som lar oss m\u00e5le store omr\u00e5der raskt og n\u00f8yaktig. Vi m\u00e5ler og tilrettelegger resultatene i n\u00f8yaktige tegninger og modeller slik at du f\u00e5r det beslutningsunderlaget du trenger. Vi ser mer! &nbsp; Vi ser mer i 3D Vi m\u00e5ler alle typer komplekse rom og objekter, som bolighus, n\u00e6ringsbygg, [&hellip;]<\/p>\n","protected":false},"author":1,"featured_media":0,"parent":0,"menu_order":0,"comment_status":"open","ping_status":"open","template":"template-area.php","meta":{"_acf_changed":false,"footnotes":""},"acf":[],"yoast_head":"<!-- This site is optimized with the Yoast SEO plugin v22.2 - https:\/\/yoast.com\/wordpress\/plugins\/seo\/ -->\n<title>Eiendom - EXACT<\/title>\n<meta name=\"robots\" content=\"index, follow, max-snippet:-1, max-image-preview:large, max-video-preview:-1\" \/>\n<link rel=\"canonical\" href=\"https:\/\/teamexact.com\/nb\/eiendom\/\" \/>\n<meta property=\"og:locale\" content=\"nb_NO\" \/>\n<meta property=\"og:type\" content=\"article\" \/>\n<meta property=\"og:title\" content=\"Eiendom - EXACT\" \/>\n<meta property=\"og:description\" content=\"Vi tilbyr oppm\u00e5ling av bygg med avansert 3D-laserskanner som lar oss m\u00e5le store omr\u00e5der raskt og n\u00f8yaktig. Vi m\u00e5ler og tilrettelegger resultatene i n\u00f8yaktige tegninger og modeller slik at du f\u00e5r det beslutningsunderlaget du trenger. Vi ser mer! &nbsp; Vi ser mer i 3D Vi m\u00e5ler alle typer komplekse rom og objekter, som bolighus, n\u00e6ringsbygg, [&hellip;]\" \/>\n<meta property=\"og:url\" content=\"https:\/\/teamexact.com\/nb\/eiendom\/\" \/>\n<meta property=\"og:site_name\" content=\"EXACT\" \/>\n<meta property=\"article:modified_time\" content=\"2018-04-27T11:54:45+00:00\" \/>\n<meta name=\"twitter:card\" content=\"summary_large_image\" \/>\n<meta name=\"twitter:label1\" content=\"Ansl. lesetid\" \/>\n\t<meta name=\"twitter:data1\" content=\"1 minutt\" \/>\n<script type=\"application\/ld+json\" class=\"yoast-schema-graph\">{\"@context\":\"https:\/\/schema.org\",\"@graph\":[{\"@type\":\"WebPage\",\"@id\":\"https:\/\/teamexact.com\/nb\/eiendom\/\",\"url\":\"https:\/\/teamexact.com\/nb\/eiendom\/\",\"name\":\"Eiendom - EXACT\",\"isPartOf\":{\"@id\":\"https:\/\/teamexact.com\/sv\/#website\"},\"datePublished\":\"2015-06-15T09:40:13+00:00\",\"dateModified\":\"2018-04-27T11:54:45+00:00\",\"breadcrumb\":{\"@id\":\"https:\/\/teamexact.com\/nb\/eiendom\/#breadcrumb\"},\"inLanguage\":\"nb-NO\",\"potentialAction\":[{\"@type\":\"ReadAction\",\"target\":[\"https:\/\/teamexact.com\/nb\/eiendom\/\"]}]},{\"@type\":\"BreadcrumbList\",\"@id\":\"https:\/\/teamexact.com\/nb\/eiendom\/#breadcrumb\",\"itemListElement\":[{\"@type\":\"ListItem\",\"position\":1,\"name\":\"Home\",\"item\":\"https:\/\/teamexact.com\/nb\/\"},{\"@type\":\"ListItem\",\"position\":2,\"name\":\"Eiendom\"}]},{\"@type\":\"WebSite\",\"@id\":\"https:\/\/teamexact.com\/sv\/#website\",\"url\":\"https:\/\/teamexact.com\/sv\/\",\"name\":\"EXACT\",\"description\":\"We see more\",\"potentialAction\":[{\"@type\":\"SearchAction\",\"target\":{\"@type\":\"EntryPoint\",\"urlTemplate\":\"https:\/\/teamexact.com\/sv\/?s={search_term_string}\"},\"query-input\":\"required name=search_term_string\"}],\"inLanguage\":\"nb-NO\"}]}<\/script>\n<!-- \/ Yoast SEO plugin. -->","yoast_head_json":{"title":"Eiendom - EXACT","robots":{"index":"index","follow":"follow","max-snippet":"max-snippet:-1","max-image-preview":"max-image-preview:large","max-video-preview":"max-video-preview:-1"},"canonical":"https:\/\/teamexact.com\/nb\/eiendom\/","og_locale":"nb_NO","og_type":"article","og_title":"Eiendom - EXACT","og_description":"Vi tilbyr oppm\u00e5ling av bygg med avansert 3D-laserskanner som lar oss m\u00e5le store omr\u00e5der raskt og n\u00f8yaktig. Vi m\u00e5ler og tilrettelegger resultatene i n\u00f8yaktige tegninger og modeller slik at du f\u00e5r det beslutningsunderlaget du trenger. Vi ser mer! &nbsp; Vi ser mer i 3D Vi m\u00e5ler alle typer komplekse rom og objekter, som bolighus, n\u00e6ringsbygg, [&hellip;]","og_url":"https:\/\/teamexact.com\/nb\/eiendom\/","og_site_name":"EXACT","article_modified_time":"2018-04-27T11:54:45+00:00","twitter_card":"summary_large_image","twitter_misc":{"Ansl. lesetid":"1 minutt"},"schema":{"@context":"https:\/\/schema.org","@graph":[{"@type":"WebPage","@id":"https:\/\/teamexact.com\/nb\/eiendom\/","url":"https:\/\/teamexact.com\/nb\/eiendom\/","name":"Eiendom - EXACT","isPartOf":{"@id":"https:\/\/teamexact.com\/sv\/#website"},"datePublished":"2015-06-15T09:40:13+00:00","dateModified":"2018-04-27T11:54:45+00:00","breadcrumb":{"@id":"https:\/\/teamexact.com\/nb\/eiendom\/#breadcrumb"},"inLanguage":"nb-NO","potentialAction":[{"@type":"ReadAction","target":["https:\/\/teamexact.com\/nb\/eiendom\/"]}]},{"@type":"BreadcrumbList","@id":"https:\/\/teamexact.com\/nb\/eiendom\/#breadcrumb","itemListElement":[{"@type":"ListItem","position":1,"name":"Home","item":"https:\/\/teamexact.com\/nb\/"},{"@type":"ListItem","position":2,"name":"Eiendom"}]},{"@type":"WebSite","@id":"https:\/\/teamexact.com\/sv\/#website","url":"https:\/\/teamexact.com\/sv\/","name":"EXACT","description":"We see more","potentialAction":[{"@type":"SearchAction","target":{"@type":"EntryPoint","urlTemplate":"https:\/\/teamexact.com\/sv\/?s={search_term_string}"},"query-input":"required name=search_term_string"}],"inLanguage":"nb-NO"}]}},"_links":{"self":[{"href":"https:\/\/teamexact.com\/nb\/wp-json\/wp\/v2\/pages\/1350"}],"collection":[{"href":"https:\/\/teamexact.com\/nb\/wp-json\/wp\/v2\/pages"}],"about":[{"href":"https:\/\/teamexact.com\/nb\/wp-json\/wp\/v2\/types\/page"}],"author":[{"embeddable":true,"href":"https:\/\/teamexact.com\/nb\/wp-json\/wp\/v2\/users\/1"}],"replies":[{"embeddable":true,"href":"https:\/\/teamexact.com\/nb\/wp-json\/wp\/v2\/comments?post=1350"}],"version-history":[{"count":5,"href":"https:\/\/teamexact.com\/nb\/wp-json\/wp\/v2\/pages\/1350\/revisions"}],"predecessor-version":[{"id":3539,"href":"https:\/\/teamexact.com\/nb\/wp-json\/wp\/v2\/pages\/1350\/revisions\/3539"}],"wp:attachment":[{"href":"https:\/\/teamexact.com\/nb\/wp-json\/wp\/v2\/media?parent=1350"}],"curies":[{"name":"wp","href":"https:\/\/api.w.org\/{rel}","templated":true}]}}