{"id":1356,"date":"2015-06-18T12:30:47","date_gmt":"2015-06-18T10:30:47","guid":{"rendered":"http:\/\/exact.lebowski.se\/jobs-2\/"},"modified":"2025-09-19T10:19:07","modified_gmt":"2025-09-19T08:19:07","slug":"jobbe-i-exact","status":"publish","type":"page","link":"https:\/\/teamexact.com\/nb\/jobbe-i-exact\/","title":{"rendered":"Jobbe i EXACT"},"content":{"rendered":"<p><strong>Vi leter stadig etter mennesker som forst\u00e5r viktigheten av \u00e5 v\u00e6re Exact, og hvor avgj\u00f8rende det er med pasjon for presisjon. V\u00e5rt m\u00e5l fra dag en har v\u00e6rt \u00e5 utfordre og lede hele bransjen mot noe nytt. Det krever b\u00e5de mot og gode kolleger.<\/strong><\/p>\n<p>Vi vil skape noe som ingen andre har gjort. Det gj\u00f8r vi gjennom \u00e5 se nye muligheter og gjennom alltid \u00e5 jobbe for \u00e5 overtreffe forventninger. Byggebransjen er inne i en spennende tid med nye, digitale arbeidsmetoder. Og der vil vi ligge i forkant. Vi lykkes gjennom \u00e5 bli flere som kan mer. Det er mennesker med rett innstilling og kunnskap som utgj\u00f8r den store forskjellen. For verden trenger riktig, dyktige oppm\u00e5lingsingeni\u00f8rer. Er du en av disse? Velkommen med din s\u00f8knad.<\/p>\n<h3>Ledige jobb<\/h3>\n<p><a href=\"https:\/\/preciogroup.careers.haileyhr.app\/\">https:\/\/preciogroup.careers.haileyhr.app\/<\/a><\/p>\n<hr \/>\n<h2>S\u00e5 bra er det!<\/h2>\n<p>Foruten en spennende utfordring tilbyr vi deg mange andre fordeler.<\/p>\n<h3>DU VELGER BY<\/h3>\n<p>EXACT finnes b\u00e5de i Oslo og Bergen. Du velger selv hvilken by du vil jobbe i.<\/p>\n<h3>DU BYGGER DIN CV<\/h3>\n<p>I EXACT finnes det store muligheter for b\u00e5de utvikling og utfordringer. En jobb hos blir en verdifull erfaring p\u00e5 din cv.<\/p>\n<h3>DU ER MED OG FORMER FREMTIDEN<\/h3>\n<p>I EXACT vil vi utfordre og forandre. Du kommer til \u00e5 v\u00e6re med p\u00e5 denne reisen. Samtidig som du er med p\u00e5 \u00e5 forme v\u00e5r fremtid, former du din egen.<\/p>\n<h3>DU OPPN\u00c5R MANGE FORDELER<\/h3>\n<p>Vi gir deg trygghet i form av ordnete forhold, gode arbeidsvilk\u00e5r, konkurransedyktige betingelser og andre fordeler som helseforsikring.<\/p>\n<h3>DIN JOBB SETTER SPOR<\/h3>\n<p>Du jobber med destore prosjektene. Det du gj\u00f8r vil synes og v\u00e6re en del av samfunnsbyggingen. Ny E 18 Arendal \u2013 Tvedestrand, Bybanen i Bergen og nytt Nasjonalbibliotek i Oslo er bare tre eksempler.<\/p>\n<h3>VI ER ET INTERNASJONALT KONSERN<\/h3>\n<p>Du f\u00e5r jobbe i et konsern som er etablert i flere ulike land.<\/p>\n<hr \/>\n<h2>Oppm\u00e5lingsingeni\u00f8rer<\/h2>\n<p>N\u00e5 skal vi bli flere oppm\u00e5lingsingeni\u00f8rer. EXACT er etablert b\u00e5de i Oslo og i Bergen. Uansett hvilket kontor du velger f\u00e5r du en spennende jobb i et konsern med ambisjoner.<\/p>\n<h3>Du f\u00e5r<\/h3>\n<ul>\n<li>Utfordringer og muligheter til \u00e5 utvikles og ta ansvar<\/li>\n<li>Et arbeid i et h\u00f8yteknologisk milj\u00f8<\/li>\n<li>Strukturert support i form av kompetanse og policies<\/li>\n<li>Mulighet til internasjonal kompetanseerfaring med v\u00e5re s\u00f8sterselskaper<\/li>\n<li>Fantastiske kolleger med ulik alder, kj\u00f8nn, nasjonalitet og kompetanseerfaringer<\/li>\n<\/ul>\n<h3>EKSEMPEL P\u00c5 ARBEIDSOPPGAVER<\/h3>\n<ul>\n<li>Produksjonsstikning, anlegg og bygg<\/li>\n<li>N\u00e6r kontakt med eksisterende kunder<\/li>\n<li>Prosjektledelse<\/li>\n<li>Maskinstyring<\/li>\n<li>Kontrollm\u00e5linger<\/li>\n<li>Mulighet til \u00e5 utvikle andre gjennom mentorording<\/li>\n<\/ul>\n<p>&nbsp;<\/p>\n","protected":false},"excerpt":{"rendered":"<p>Vi leter stadig etter mennesker som forst\u00e5r viktigheten av \u00e5 v\u00e6re Exact, og hvor avgj\u00f8rende det er med pasjon for presisjon. V\u00e5rt m\u00e5l fra dag en har v\u00e6rt \u00e5 utfordre og lede hele bransjen mot noe nytt. Det krever b\u00e5de mot og gode kolleger. Vi vil skape noe som ingen andre har gjort. Det gj\u00f8r [&hellip;]<\/p>\n","protected":false},"author":1,"featured_media":0,"parent":0,"menu_order":0,"comment_status":"open","ping_status":"open","template":"template-campaign-nb.php","meta":{"_acf_changed":false,"footnotes":""},"acf":[],"yoast_head":"<!-- This site is optimized with the Yoast SEO plugin v22.2 - https:\/\/yoast.com\/wordpress\/plugins\/seo\/ -->\n<title>Jobbe i EXACT - EXACT<\/title>\n<meta name=\"robots\" content=\"index, follow, max-snippet:-1, max-image-preview:large, max-video-preview:-1\" \/>\n<link rel=\"canonical\" href=\"https:\/\/teamexact.com\/nb\/jobbe-i-exact\/\" \/>\n<meta property=\"og:locale\" content=\"nb_NO\" \/>\n<meta property=\"og:type\" content=\"article\" \/>\n<meta property=\"og:title\" content=\"Jobbe i EXACT - EXACT\" \/>\n<meta property=\"og:description\" content=\"Vi leter stadig etter mennesker som forst\u00e5r viktigheten av \u00e5 v\u00e6re Exact, og hvor avgj\u00f8rende det er med pasjon for presisjon. V\u00e5rt m\u00e5l fra dag en har v\u00e6rt \u00e5 utfordre og lede hele bransjen mot noe nytt. Det krever b\u00e5de mot og gode kolleger. Vi vil skape noe som ingen andre har gjort. Det gj\u00f8r [&hellip;]\" \/>\n<meta property=\"og:url\" content=\"https:\/\/teamexact.com\/nb\/jobbe-i-exact\/\" \/>\n<meta property=\"og:site_name\" content=\"EXACT\" \/>\n<meta property=\"article:modified_time\" content=\"2025-09-19T08:19:07+00:00\" \/>\n<meta name=\"twitter:card\" content=\"summary_large_image\" \/>\n<meta name=\"twitter:label1\" content=\"Ansl. lesetid\" \/>\n\t<meta name=\"twitter:data1\" content=\"2 minutter\" \/>\n<script type=\"application\/ld+json\" class=\"yoast-schema-graph\">{\"@context\":\"https:\/\/schema.org\",\"@graph\":[{\"@type\":\"WebPage\",\"@id\":\"https:\/\/teamexact.com\/nb\/jobbe-i-exact\/\",\"url\":\"https:\/\/teamexact.com\/nb\/jobbe-i-exact\/\",\"name\":\"Jobbe i EXACT - EXACT\",\"isPartOf\":{\"@id\":\"https:\/\/teamexact.com\/sv\/#website\"},\"datePublished\":\"2015-06-18T10:30:47+00:00\",\"dateModified\":\"2025-09-19T08:19:07+00:00\",\"breadcrumb\":{\"@id\":\"https:\/\/teamexact.com\/nb\/jobbe-i-exact\/#breadcrumb\"},\"inLanguage\":\"nb-NO\",\"potentialAction\":[{\"@type\":\"ReadAction\",\"target\":[\"https:\/\/teamexact.com\/nb\/jobbe-i-exact\/\"]}]},{\"@type\":\"BreadcrumbList\",\"@id\":\"https:\/\/teamexact.com\/nb\/jobbe-i-exact\/#breadcrumb\",\"itemListElement\":[{\"@type\":\"ListItem\",\"position\":1,\"name\":\"Home\",\"item\":\"https:\/\/teamexact.com\/nb\/\"},{\"@type\":\"ListItem\",\"position\":2,\"name\":\"Jobbe i EXACT\"}]},{\"@type\":\"WebSite\",\"@id\":\"https:\/\/teamexact.com\/sv\/#website\",\"url\":\"https:\/\/teamexact.com\/sv\/\",\"name\":\"EXACT\",\"description\":\"We see more\",\"potentialAction\":[{\"@type\":\"SearchAction\",\"target\":{\"@type\":\"EntryPoint\",\"urlTemplate\":\"https:\/\/teamexact.com\/sv\/?s={search_term_string}\"},\"query-input\":\"required name=search_term_string\"}],\"inLanguage\":\"nb-NO\"}]}<\/script>\n<!-- \/ Yoast SEO plugin. -->","yoast_head_json":{"title":"Jobbe i EXACT - EXACT","robots":{"index":"index","follow":"follow","max-snippet":"max-snippet:-1","max-image-preview":"max-image-preview:large","max-video-preview":"max-video-preview:-1"},"canonical":"https:\/\/teamexact.com\/nb\/jobbe-i-exact\/","og_locale":"nb_NO","og_type":"article","og_title":"Jobbe i EXACT - EXACT","og_description":"Vi leter stadig etter mennesker som forst\u00e5r viktigheten av \u00e5 v\u00e6re Exact, og hvor avgj\u00f8rende det er med pasjon for presisjon. V\u00e5rt m\u00e5l fra dag en har v\u00e6rt \u00e5 utfordre og lede hele bransjen mot noe nytt. Det krever b\u00e5de mot og gode kolleger. Vi vil skape noe som ingen andre har gjort. Det gj\u00f8r [&hellip;]","og_url":"https:\/\/teamexact.com\/nb\/jobbe-i-exact\/","og_site_name":"EXACT","article_modified_time":"2025-09-19T08:19:07+00:00","twitter_card":"summary_large_image","twitter_misc":{"Ansl. lesetid":"2 minutter"},"schema":{"@context":"https:\/\/schema.org","@graph":[{"@type":"WebPage","@id":"https:\/\/teamexact.com\/nb\/jobbe-i-exact\/","url":"https:\/\/teamexact.com\/nb\/jobbe-i-exact\/","name":"Jobbe i EXACT - EXACT","isPartOf":{"@id":"https:\/\/teamexact.com\/sv\/#website"},"datePublished":"2015-06-18T10:30:47+00:00","dateModified":"2025-09-19T08:19:07+00:00","breadcrumb":{"@id":"https:\/\/teamexact.com\/nb\/jobbe-i-exact\/#breadcrumb"},"inLanguage":"nb-NO","potentialAction":[{"@type":"ReadAction","target":["https:\/\/teamexact.com\/nb\/jobbe-i-exact\/"]}]},{"@type":"BreadcrumbList","@id":"https:\/\/teamexact.com\/nb\/jobbe-i-exact\/#breadcrumb","itemListElement":[{"@type":"ListItem","position":1,"name":"Home","item":"https:\/\/teamexact.com\/nb\/"},{"@type":"ListItem","position":2,"name":"Jobbe i EXACT"}]},{"@type":"WebSite","@id":"https:\/\/teamexact.com\/sv\/#website","url":"https:\/\/teamexact.com\/sv\/","name":"EXACT","description":"We see more","potentialAction":[{"@type":"SearchAction","target":{"@type":"EntryPoint","urlTemplate":"https:\/\/teamexact.com\/sv\/?s={search_term_string}"},"query-input":"required name=search_term_string"}],"inLanguage":"nb-NO"}]}},"_links":{"self":[{"href":"https:\/\/teamexact.com\/nb\/wp-json\/wp\/v2\/pages\/1356"}],"collection":[{"href":"https:\/\/teamexact.com\/nb\/wp-json\/wp\/v2\/pages"}],"about":[{"href":"https:\/\/teamexact.com\/nb\/wp-json\/wp\/v2\/types\/page"}],"author":[{"embeddable":true,"href":"https:\/\/teamexact.com\/nb\/wp-json\/wp\/v2\/users\/1"}],"replies":[{"embeddable":true,"href":"https:\/\/teamexact.com\/nb\/wp-json\/wp\/v2\/comments?post=1356"}],"version-history":[{"count":23,"href":"https:\/\/teamexact.com\/nb\/wp-json\/wp\/v2\/pages\/1356\/revisions"}],"predecessor-version":[{"id":7212,"href":"https:\/\/teamexact.com\/nb\/wp-json\/wp\/v2\/pages\/1356\/revisions\/7212"}],"wp:attachment":[{"href":"https:\/\/teamexact.com\/nb\/wp-json\/wp\/v2\/media?parent=1356"}],"curies":[{"name":"wp","href":"https:\/\/api.w.org\/{rel}","templated":true}]}}