{"id":3178,"date":"2018-03-14T16:44:37","date_gmt":"2018-03-14T15:44:37","guid":{"rendered":"http:\/\/www.teamexact.com\/?page_id=3178"},"modified":"2018-03-15T13:31:35","modified_gmt":"2018-03-15T12:31:35","slug":"vi-gjor-bim-begripelig","status":"publish","type":"page","link":"https:\/\/teamexact.com\/nb\/vi-gjor-bim-begripelig\/","title":{"rendered":"Vi gj\u00f8r BIM begripelig"},"content":{"rendered":"<p>Med Exact som BIM-partner f\u00e5r du all informasjonen du trenger \u2013 og bedre forst\u00e5else av informasjonen slik at du kan bruke den p\u00e5 riktig m\u00e5te. Uansett hvor i prosjektets livssyklus du befinner deg, har vi tjenester og produkter som f\u00e5r opp b\u00e5de produktiviteten og kvaliteten.<\/p>\n<p>We make you BIM-ready!<\/p>\n","protected":false},"excerpt":{"rendered":"<p>Med Exact som BIM-partner f\u00e5r du all informasjonen du trenger \u2013 og bedre forst\u00e5else av informasjonen slik at du kan bruke den p\u00e5 riktig m\u00e5te. Uansett hvor i prosjektets livssyklus du befinner deg, har vi tjenester og produkter som f\u00e5r opp b\u00e5de produktiviteten og kvaliteten. We make you BIM-ready!<\/p>\n","protected":false},"author":1,"featured_media":0,"parent":0,"menu_order":0,"comment_status":"closed","ping_status":"closed","template":"template-bim.php","meta":{"_acf_changed":false,"footnotes":""},"acf":[],"yoast_head":"<!-- This site is optimized with the Yoast SEO plugin v22.2 - https:\/\/yoast.com\/wordpress\/plugins\/seo\/ -->\n<title>Vi gj\u00f8r BIM begripelig - EXACT<\/title>\n<meta name=\"robots\" content=\"index, follow, max-snippet:-1, max-image-preview:large, max-video-preview:-1\" \/>\n<link rel=\"canonical\" href=\"https:\/\/teamexact.com\/nb\/vi-gjor-bim-begripelig\/\" \/>\n<meta property=\"og:locale\" content=\"nb_NO\" \/>\n<meta property=\"og:type\" content=\"article\" \/>\n<meta property=\"og:title\" content=\"Vi gj\u00f8r BIM begripelig - EXACT\" \/>\n<meta property=\"og:description\" content=\"Med Exact som BIM-partner f\u00e5r du all informasjonen du trenger \u2013 og bedre forst\u00e5else av informasjonen slik at du kan bruke den p\u00e5 riktig m\u00e5te. Uansett hvor i prosjektets livssyklus du befinner deg, har vi tjenester og produkter som f\u00e5r opp b\u00e5de produktiviteten og kvaliteten. We make you BIM-ready!\" \/>\n<meta property=\"og:url\" content=\"https:\/\/teamexact.com\/nb\/vi-gjor-bim-begripelig\/\" \/>\n<meta property=\"og:site_name\" content=\"EXACT\" \/>\n<meta property=\"article:modified_time\" content=\"2018-03-15T12:31:35+00:00\" \/>\n<meta name=\"twitter:card\" content=\"summary_large_image\" \/>\n<script type=\"application\/ld+json\" class=\"yoast-schema-graph\">{\"@context\":\"https:\/\/schema.org\",\"@graph\":[{\"@type\":\"WebPage\",\"@id\":\"https:\/\/teamexact.com\/nb\/vi-gjor-bim-begripelig\/\",\"url\":\"https:\/\/teamexact.com\/nb\/vi-gjor-bim-begripelig\/\",\"name\":\"Vi gj\u00f8r BIM begripelig - EXACT\",\"isPartOf\":{\"@id\":\"https:\/\/teamexact.com\/sv\/#website\"},\"datePublished\":\"2018-03-14T15:44:37+00:00\",\"dateModified\":\"2018-03-15T12:31:35+00:00\",\"breadcrumb\":{\"@id\":\"https:\/\/teamexact.com\/nb\/vi-gjor-bim-begripelig\/#breadcrumb\"},\"inLanguage\":\"nb-NO\",\"potentialAction\":[{\"@type\":\"ReadAction\",\"target\":[\"https:\/\/teamexact.com\/nb\/vi-gjor-bim-begripelig\/\"]}]},{\"@type\":\"BreadcrumbList\",\"@id\":\"https:\/\/teamexact.com\/nb\/vi-gjor-bim-begripelig\/#breadcrumb\",\"itemListElement\":[{\"@type\":\"ListItem\",\"position\":1,\"name\":\"Home\",\"item\":\"https:\/\/teamexact.com\/nb\/\"},{\"@type\":\"ListItem\",\"position\":2,\"name\":\"Vi gj\u00f8r BIM begripelig\"}]},{\"@type\":\"WebSite\",\"@id\":\"https:\/\/teamexact.com\/sv\/#website\",\"url\":\"https:\/\/teamexact.com\/sv\/\",\"name\":\"EXACT\",\"description\":\"We see more\",\"potentialAction\":[{\"@type\":\"SearchAction\",\"target\":{\"@type\":\"EntryPoint\",\"urlTemplate\":\"https:\/\/teamexact.com\/sv\/?s={search_term_string}\"},\"query-input\":\"required name=search_term_string\"}],\"inLanguage\":\"nb-NO\"}]}<\/script>\n<!-- \/ Yoast SEO plugin. -->","yoast_head_json":{"title":"Vi gj\u00f8r BIM begripelig - EXACT","robots":{"index":"index","follow":"follow","max-snippet":"max-snippet:-1","max-image-preview":"max-image-preview:large","max-video-preview":"max-video-preview:-1"},"canonical":"https:\/\/teamexact.com\/nb\/vi-gjor-bim-begripelig\/","og_locale":"nb_NO","og_type":"article","og_title":"Vi gj\u00f8r BIM begripelig - EXACT","og_description":"Med Exact som BIM-partner f\u00e5r du all informasjonen du trenger \u2013 og bedre forst\u00e5else av informasjonen slik at du kan bruke den p\u00e5 riktig m\u00e5te. Uansett hvor i prosjektets livssyklus du befinner deg, har vi tjenester og produkter som f\u00e5r opp b\u00e5de produktiviteten og kvaliteten. We make you BIM-ready!","og_url":"https:\/\/teamexact.com\/nb\/vi-gjor-bim-begripelig\/","og_site_name":"EXACT","article_modified_time":"2018-03-15T12:31:35+00:00","twitter_card":"summary_large_image","schema":{"@context":"https:\/\/schema.org","@graph":[{"@type":"WebPage","@id":"https:\/\/teamexact.com\/nb\/vi-gjor-bim-begripelig\/","url":"https:\/\/teamexact.com\/nb\/vi-gjor-bim-begripelig\/","name":"Vi gj\u00f8r BIM begripelig - EXACT","isPartOf":{"@id":"https:\/\/teamexact.com\/sv\/#website"},"datePublished":"2018-03-14T15:44:37+00:00","dateModified":"2018-03-15T12:31:35+00:00","breadcrumb":{"@id":"https:\/\/teamexact.com\/nb\/vi-gjor-bim-begripelig\/#breadcrumb"},"inLanguage":"nb-NO","potentialAction":[{"@type":"ReadAction","target":["https:\/\/teamexact.com\/nb\/vi-gjor-bim-begripelig\/"]}]},{"@type":"BreadcrumbList","@id":"https:\/\/teamexact.com\/nb\/vi-gjor-bim-begripelig\/#breadcrumb","itemListElement":[{"@type":"ListItem","position":1,"name":"Home","item":"https:\/\/teamexact.com\/nb\/"},{"@type":"ListItem","position":2,"name":"Vi gj\u00f8r BIM begripelig"}]},{"@type":"WebSite","@id":"https:\/\/teamexact.com\/sv\/#website","url":"https:\/\/teamexact.com\/sv\/","name":"EXACT","description":"We see more","potentialAction":[{"@type":"SearchAction","target":{"@type":"EntryPoint","urlTemplate":"https:\/\/teamexact.com\/sv\/?s={search_term_string}"},"query-input":"required name=search_term_string"}],"inLanguage":"nb-NO"}]}},"_links":{"self":[{"href":"https:\/\/teamexact.com\/nb\/wp-json\/wp\/v2\/pages\/3178"}],"collection":[{"href":"https:\/\/teamexact.com\/nb\/wp-json\/wp\/v2\/pages"}],"about":[{"href":"https:\/\/teamexact.com\/nb\/wp-json\/wp\/v2\/types\/page"}],"author":[{"embeddable":true,"href":"https:\/\/teamexact.com\/nb\/wp-json\/wp\/v2\/users\/1"}],"replies":[{"embeddable":true,"href":"https:\/\/teamexact.com\/nb\/wp-json\/wp\/v2\/comments?post=3178"}],"version-history":[{"count":5,"href":"https:\/\/teamexact.com\/nb\/wp-json\/wp\/v2\/pages\/3178\/revisions"}],"predecessor-version":[{"id":3224,"href":"https:\/\/teamexact.com\/nb\/wp-json\/wp\/v2\/pages\/3178\/revisions\/3224"}],"wp:attachment":[{"href":"https:\/\/teamexact.com\/nb\/wp-json\/wp\/v2\/media?parent=3178"}],"curies":[{"name":"wp","href":"https:\/\/api.w.org\/{rel}","templated":true}]}}