{"id":3459,"date":"2018-04-09T11:08:23","date_gmt":"2018-04-09T09:08:23","guid":{"rendered":"http:\/\/www.teamexact.com\/?page_id=3459"},"modified":"2019-10-24T10:54:17","modified_gmt":"2019-10-24T08:54:17","slug":"exact-as-built","status":"publish","type":"page","link":"https:\/\/teamexact.com\/nb\/exact-as-built\/","title":{"rendered":"Exact as Built"},"content":{"rendered":"<p><strong>Exact as Built er en smidig og effektiv kvalitetskontroll for mer l\u00f8nnsomme byggeprosjekter. Med Exact as Built foretar du enkelt l\u00f8pende kontroll av byggearbeidet og kan korrigere eventuelle avvik i tide. Raskt, smidig og kostnadseffektivt.<\/strong><\/p>\n<p>Ved \u00e5 3D-skanne p\u00e5g\u00e5ende bygg f\u00e5r alle involverte parter tidlig og fortl\u00f8pende tilgang til detaljerte m\u00e5leverdier. Skanningen g\u00e5r fort. Den er grundig og detaljert og kan gjennomf\u00f8res b\u00e5de innen- og utend\u00f8rs. Etter at m\u00e5lekonsulentene v\u00e5re har gjennomf\u00f8rt skanningen, analyserer de informasjonen for deg. Du f\u00e5r alts\u00e5 mer enn bare tall. Du f\u00e5r et underlag som inneholder alle dataene du trenger for \u00e5 kunne ta riktige beslutninger underveis i prosjektet.<\/p>\n<h3><strong>Lett \u00e5 forst\u00e5, lett tilgjengelig<\/strong><\/h3>\n<p>Resultatet leveres digitalt i form av en oversiktlig 3D-modell. Du trenger ikke datamaskin, men kan \u00e5pne filen p\u00e5 en smarttelefon eller et nettbrett og foreta tilpasningene hvor som helst, n\u00e5r som helst. Enklere blir det ikke. Har du sp\u00f8rsm\u00e5l om resultatet, kan du dessuten alltid kontakte m\u00e5lekonsulenten for en n\u00e6rmere prat.<\/p>\n<h3><strong>Oppdag avvik i tide<\/strong><\/h3>\n<p>N\u00e5r du bruker Exact as Built l\u00f8pende under byggearbeidet, har du hele tiden oversikt over hvordan virkeligheten stemmer overens med tegningene, og du kan raskt oppdage eventuelle avvik og foreta n\u00f8dvendige korrigeringer. Det sparer deg for b\u00e5de tid og penger. Og gj\u00f8r byggeprosjektet l\u00f8nnsomt.<\/p>\n<h3>5 fordeler med Exact as Built<\/h3>\n<ol>\n<li><strong><strong>H\u00f8yere kvalitet<br \/>\n<\/strong><\/strong>Ved \u00e5 scanne bygningen i et tidlig stadium kan du sammenligne virkeligheten med 3D -modellen, eler tegningene og kontrollere at de stemmer overens. Da avdekker du alle avvik, stor og sm\u00e5, og kan ta beslutninger som medf\u00f8rer at en oppfyller prosjektkravene og sikrer at leveransen blir som avtalt.<\/li>\n<li><strong><strong>Reduserte kostnader<br \/>\n<\/strong><\/strong>Ved \u00e5 avdekke avvik s\u00e5 tidlig som mulig i byggeprosessen medf\u00f8rer at en kan spare inn betydelige bel\u00f8p, eller fordele disse i prosjektet eller i organisasjonen. Tid og kostnad g\u00e5r som kjent h\u00e5nd i h\u00e5nd \u2013 forandringer tar tid og tid er penger. N\u00e5r feilen oppdages med en gang reduserer du b\u00e5de tidsbruken og kostnadene.<\/li>\n<li><strong><strong>Rett beslutning til rett tid<br \/>\n<\/strong><\/strong>Jo raskere avvikene oppdages, desto raskere kan en fatte beslutninger, som gj\u00f8r at en havner p\u00e5 rett kj\u00f8l igjen. Dessuten gj\u00f8r en det n\u00e5r rett beslutningsunderlag, verkt\u00f8y og riktig kompetanse finnes p\u00e5 plass. Det er sv\u00e6rt smidig.<\/li>\n<li><strong><strong>Enkelt \u00e5 anvende<br \/>\n<\/strong><\/strong>Du beh\u00f8ver ikke \u00e5 beherske avanserte programmer for \u00e5 forst\u00e5 levenransen som mottas i 3D. Resultatet sendes i et lett og forst\u00e5elig format, som du kan \u00e5pne n\u00e5r som helst og hvor som helst \u2013 p\u00e5 din smart telefon, nettbrett, eller pc.<\/li>\n<li><strong><strong>Digitalisert i alle faser<br \/>\n<\/strong><\/strong>Vi har digitalisert prosessen fra begynnelse til slutt. Informasjonen er enkel og forst\u00e5 og resultatet er lett \u00e5 anvende samt tilgjenglig for alle involverte. Alt dette til en lav kostnad.<\/li>\n<\/ol>\n","protected":false},"excerpt":{"rendered":"<p>Exact as Built er en smidig og effektiv kvalitetskontroll for mer l\u00f8nnsomme byggeprosjekter. Med Exact as Built foretar du enkelt l\u00f8pende kontroll av byggearbeidet og kan korrigere eventuelle avvik i tide. Raskt, smidig og kostnadseffektivt. Ved \u00e5 3D-skanne p\u00e5g\u00e5ende bygg f\u00e5r alle involverte parter tidlig og fortl\u00f8pende tilgang til detaljerte m\u00e5leverdier. Skanningen g\u00e5r fort. Den [&hellip;]<\/p>\n","protected":false},"author":1,"featured_media":0,"parent":0,"menu_order":0,"comment_status":"closed","ping_status":"closed","template":"template-as-built.php","meta":{"_acf_changed":false,"footnotes":""},"acf":[],"yoast_head":"<!-- This site is optimized with the Yoast SEO plugin v22.2 - https:\/\/yoast.com\/wordpress\/plugins\/seo\/ -->\n<title>Exact as Built - EXACT<\/title>\n<meta name=\"robots\" content=\"index, follow, max-snippet:-1, max-image-preview:large, max-video-preview:-1\" \/>\n<link rel=\"canonical\" href=\"https:\/\/teamexact.com\/nb\/exact-as-built\/\" \/>\n<meta property=\"og:locale\" content=\"nb_NO\" \/>\n<meta property=\"og:type\" content=\"article\" \/>\n<meta property=\"og:title\" content=\"Exact as Built - EXACT\" \/>\n<meta property=\"og:description\" content=\"Exact as Built er en smidig og effektiv kvalitetskontroll for mer l\u00f8nnsomme byggeprosjekter. Med Exact as Built foretar du enkelt l\u00f8pende kontroll av byggearbeidet og kan korrigere eventuelle avvik i tide. Raskt, smidig og kostnadseffektivt. Ved \u00e5 3D-skanne p\u00e5g\u00e5ende bygg f\u00e5r alle involverte parter tidlig og fortl\u00f8pende tilgang til detaljerte m\u00e5leverdier. Skanningen g\u00e5r fort. Den [&hellip;]\" \/>\n<meta property=\"og:url\" content=\"https:\/\/teamexact.com\/nb\/exact-as-built\/\" \/>\n<meta property=\"og:site_name\" content=\"EXACT\" \/>\n<meta property=\"article:modified_time\" content=\"2019-10-24T08:54:17+00:00\" \/>\n<meta name=\"twitter:card\" content=\"summary_large_image\" \/>\n<meta name=\"twitter:label1\" content=\"Ansl. lesetid\" \/>\n\t<meta name=\"twitter:data1\" content=\"2 minutter\" \/>\n<script type=\"application\/ld+json\" class=\"yoast-schema-graph\">{\"@context\":\"https:\/\/schema.org\",\"@graph\":[{\"@type\":\"WebPage\",\"@id\":\"https:\/\/teamexact.com\/nb\/exact-as-built\/\",\"url\":\"https:\/\/teamexact.com\/nb\/exact-as-built\/\",\"name\":\"Exact as Built - EXACT\",\"isPartOf\":{\"@id\":\"https:\/\/teamexact.com\/sv\/#website\"},\"datePublished\":\"2018-04-09T09:08:23+00:00\",\"dateModified\":\"2019-10-24T08:54:17+00:00\",\"breadcrumb\":{\"@id\":\"https:\/\/teamexact.com\/nb\/exact-as-built\/#breadcrumb\"},\"inLanguage\":\"nb-NO\",\"potentialAction\":[{\"@type\":\"ReadAction\",\"target\":[\"https:\/\/teamexact.com\/nb\/exact-as-built\/\"]}]},{\"@type\":\"BreadcrumbList\",\"@id\":\"https:\/\/teamexact.com\/nb\/exact-as-built\/#breadcrumb\",\"itemListElement\":[{\"@type\":\"ListItem\",\"position\":1,\"name\":\"Home\",\"item\":\"https:\/\/teamexact.com\/nb\/\"},{\"@type\":\"ListItem\",\"position\":2,\"name\":\"Exact as Built\"}]},{\"@type\":\"WebSite\",\"@id\":\"https:\/\/teamexact.com\/sv\/#website\",\"url\":\"https:\/\/teamexact.com\/sv\/\",\"name\":\"EXACT\",\"description\":\"We see more\",\"potentialAction\":[{\"@type\":\"SearchAction\",\"target\":{\"@type\":\"EntryPoint\",\"urlTemplate\":\"https:\/\/teamexact.com\/sv\/?s={search_term_string}\"},\"query-input\":\"required name=search_term_string\"}],\"inLanguage\":\"nb-NO\"}]}<\/script>\n<!-- \/ Yoast SEO plugin. -->","yoast_head_json":{"title":"Exact as Built - EXACT","robots":{"index":"index","follow":"follow","max-snippet":"max-snippet:-1","max-image-preview":"max-image-preview:large","max-video-preview":"max-video-preview:-1"},"canonical":"https:\/\/teamexact.com\/nb\/exact-as-built\/","og_locale":"nb_NO","og_type":"article","og_title":"Exact as Built - EXACT","og_description":"Exact as Built er en smidig og effektiv kvalitetskontroll for mer l\u00f8nnsomme byggeprosjekter. Med Exact as Built foretar du enkelt l\u00f8pende kontroll av byggearbeidet og kan korrigere eventuelle avvik i tide. Raskt, smidig og kostnadseffektivt. Ved \u00e5 3D-skanne p\u00e5g\u00e5ende bygg f\u00e5r alle involverte parter tidlig og fortl\u00f8pende tilgang til detaljerte m\u00e5leverdier. Skanningen g\u00e5r fort. Den [&hellip;]","og_url":"https:\/\/teamexact.com\/nb\/exact-as-built\/","og_site_name":"EXACT","article_modified_time":"2019-10-24T08:54:17+00:00","twitter_card":"summary_large_image","twitter_misc":{"Ansl. lesetid":"2 minutter"},"schema":{"@context":"https:\/\/schema.org","@graph":[{"@type":"WebPage","@id":"https:\/\/teamexact.com\/nb\/exact-as-built\/","url":"https:\/\/teamexact.com\/nb\/exact-as-built\/","name":"Exact as Built - EXACT","isPartOf":{"@id":"https:\/\/teamexact.com\/sv\/#website"},"datePublished":"2018-04-09T09:08:23+00:00","dateModified":"2019-10-24T08:54:17+00:00","breadcrumb":{"@id":"https:\/\/teamexact.com\/nb\/exact-as-built\/#breadcrumb"},"inLanguage":"nb-NO","potentialAction":[{"@type":"ReadAction","target":["https:\/\/teamexact.com\/nb\/exact-as-built\/"]}]},{"@type":"BreadcrumbList","@id":"https:\/\/teamexact.com\/nb\/exact-as-built\/#breadcrumb","itemListElement":[{"@type":"ListItem","position":1,"name":"Home","item":"https:\/\/teamexact.com\/nb\/"},{"@type":"ListItem","position":2,"name":"Exact as Built"}]},{"@type":"WebSite","@id":"https:\/\/teamexact.com\/sv\/#website","url":"https:\/\/teamexact.com\/sv\/","name":"EXACT","description":"We see more","potentialAction":[{"@type":"SearchAction","target":{"@type":"EntryPoint","urlTemplate":"https:\/\/teamexact.com\/sv\/?s={search_term_string}"},"query-input":"required name=search_term_string"}],"inLanguage":"nb-NO"}]}},"_links":{"self":[{"href":"https:\/\/teamexact.com\/nb\/wp-json\/wp\/v2\/pages\/3459"}],"collection":[{"href":"https:\/\/teamexact.com\/nb\/wp-json\/wp\/v2\/pages"}],"about":[{"href":"https:\/\/teamexact.com\/nb\/wp-json\/wp\/v2\/types\/page"}],"author":[{"embeddable":true,"href":"https:\/\/teamexact.com\/nb\/wp-json\/wp\/v2\/users\/1"}],"replies":[{"embeddable":true,"href":"https:\/\/teamexact.com\/nb\/wp-json\/wp\/v2\/comments?post=3459"}],"version-history":[{"count":6,"href":"https:\/\/teamexact.com\/nb\/wp-json\/wp\/v2\/pages\/3459\/revisions"}],"predecessor-version":[{"id":3632,"href":"https:\/\/teamexact.com\/nb\/wp-json\/wp\/v2\/pages\/3459\/revisions\/3632"}],"wp:attachment":[{"href":"https:\/\/teamexact.com\/nb\/wp-json\/wp\/v2\/media?parent=3459"}],"curies":[{"name":"wp","href":"https:\/\/api.w.org\/{rel}","templated":true}]}}