{"id":3601,"date":"2018-05-31T09:52:22","date_gmt":"2018-05-31T07:52:22","guid":{"rendered":"http:\/\/www.teamexact.com\/?page_id=3601"},"modified":"2018-05-31T09:52:22","modified_gmt":"2018-05-31T07:52:22","slug":"websidene-blir-bedre-med-cookies","status":"publish","type":"page","link":"https:\/\/teamexact.com\/nb\/websidene-blir-bedre-med-cookies\/","title":{"rendered":"Websidene blir bedre med cookies"},"content":{"rendered":"<p>Vi benytter cookies eller informasjonskapsler, som det og kalles, for \u00e5 gi deg en best mulig brukeropplevelse av v\u00e5re websider. En cookie er en liten tekstfil, som lagres i din webleser.<\/p>\n<p><strong>To typer cookies<br \/>\n<\/strong>Det finnes to typer informasjonskapsler: permanente og midlertidige. Sistnevnte kalles ogs\u00e5 \u00f8kt eller sesjonskapsler. Permanente informasjonskapsler lagres som en fil p\u00e5 datamaskinen eller mobilenheten til du eller serveren som sendte dem, sletter dem. Midlertidige cookies lagres midlertidig for \u00e5 lette ditt bes\u00f8k p\u00e5 nettstedet og forsvinner n\u00e5r du lukker nettleseren.<\/p>\n<p><strong>Vi bruker informasjonskapsler for \u00e5 utvikle nettstedet<\/strong><br \/>\nGarageportexperten AB bruker informasjonskapsler for \u00e5 samle informasjon om hvordan v\u00e5re bes\u00f8kende bruker nettstedet v\u00e5rt.\u00a0Det kan for eksempel v\u00e6re om hvilke sider som er mest popul\u00e6re, hvilke operativsystem eller nettlesere som brukerne v\u00e5re bruker, og hvor de m\u00f8ter feilmeldinger p\u00e5 enkelte sider.\u00a0Dataene brukes til \u00e5 utvikle og forbedre nettstedet v\u00e5rt.<\/p>\n<p><strong>H\u00e4r listar vi information om viktiga cookies som anv\u00e4nds<\/strong><\/p>\n<p>Cookie\u00a0\u00a0\u00a0\u00a0\u00a0\u00a0\u00a0\u00a0\u00a0\u00a0\u00a0\u00a0\u00a0\u00a0\u00a0\u00a0\u00a0\u00a0\u00a0\u00a0\u00a0\u00a0\u00a0\u00a0\u00a0\u00a0\u00a0\u00a0\u00a0\u00a0 Utg\u00e5ngstid\u00a0\u00a0\u00a0\u00a0\u00a0\u00a0\u00a0\u00a0\u00a0\u00a0\u00a0\u00a0\u00a0\u00a0\u00a0\u00a0\u00a0\u00a0\u00a0\u00a0\u00a0\u00a0 Beskrivning<\/p>\n<p><strong>Hotjar<\/strong><br \/>\n_<em>hjIncludedInSample\u00a0\u00a0\u00a0\u00a0\u00a0 <\/em>365 dagar<em>\u00a0\u00a0\u00a0\u00a0\u00a0\u00a0\u00a0\u00a0\u00a0\u00a0\u00a0\u00a0\u00a0\u00a0\u00a0\u00a0\u00a0\u00a0\u00a0\u00a0\u00a0\u00a0\u00a0\u00a0 <\/em>Denna sessions-kaka s\u00e4tts f\u00f6r att l\u00e5ta Hotjar veta om en bes\u00f6kare \u00e4r inkluderad i en grupp bes\u00f6kare som anv\u00e4nds f\u00f6r att visa statistik som \u201dHeat maps\u201d, beteendeinspelning mm.<\/p>\n<p><strong>Google Analytics<\/strong> (L\u00e4r mer <a href=\"https:\/\/developers.google.com\/analytics\/devguides\/collection\/analyticsjs\/cookie-usage\">h\u00e4r<\/a>)<\/p>\n<p>Cookie\u00a0\u00a0\u00a0\u00a0\u00a0\u00a0\u00a0\u00a0 \u00a0\u00a0\u00a0\u00a0\u00a0\u00a0\u00a0\u00a0\u00a0\u00a0\u00a0\u00a0\u00a0\u00a0\u00a0\u00a0\u00a0\u00a0\u00a0\u00a0\u00a0 Utg\u00e5ngstid\u00a0 \u00a0\u00a0\u00a0\u00a0\u00a0\u00a0\u00a0\u00a0\u00a0\u00a0\u00a0\u00a0\u00a0\u00a0\u00a0\u00a0\u00a0\u00a0\u00a0\u00a0\u00a0 Beskrivning<\/p>\n<p>_ga\u00a0\u00a0\u00a0\u00a0\u00a0\u00a0\u00a0\u00a0\u00a0\u00a0\u00a0\u00a0\u00a0\u00a0\u00a0\u00a0\u00a0\u00a0\u00a0\u00a0\u00a0\u00a0\u00a0\u00a0\u00a0\u00a0\u00a0\u00a0\u00a0\u00a0\u00a0\u00a0\u00a0\u00a0\u00a0\u00a0 2 \u00e5r\u00a0\u00a0\u00a0\u00a0\u00a0\u00a0\u00a0\u00a0\u00a0\u00a0\u00a0\u00a0\u00a0\u00a0\u00a0\u00a0\u00a0\u00a0\u00a0\u00a0\u00a0\u00a0\u00a0\u00a0\u00a0\u00a0\u00a0\u00a0\u00a0\u00a0\u00a0\u00a0\u00a0\u00a0\u00a0\u00a0 Anv\u00e4nds f\u00f6r att urskilja bes\u00f6kare<\/p>\n<p>_gid\u00a0\u00a0\u00a0\u00a0\u00a0\u00a0\u00a0\u00a0\u00a0\u00a0\u00a0\u00a0\u00a0\u00a0\u00a0\u00a0\u00a0\u00a0\u00a0\u00a0\u00a0\u00a0\u00a0\u00a0\u00a0\u00a0\u00a0\u00a0\u00a0\u00a0\u00a0\u00a0\u00a0\u00a0\u00a0 24 timmar\u00a0\u00a0\u00a0\u00a0\u00a0\u00a0\u00a0\u00a0\u00a0\u00a0\u00a0\u00a0\u00a0\u00a0\u00a0\u00a0\u00a0\u00a0\u00a0\u00a0\u00a0\u00a0\u00a0\u00a0 Anv\u00e4nds f\u00f6r att urskilja bes\u00f6kare.<\/p>\n<p>_gat\u00a0\u00a0\u00a0\u00a0\u00a0\u00a0\u00a0\u00a0\u00a0\u00a0\u00a0\u00a0\u00a0\u00a0\u00a0\u00a0\u00a0\u00a0\u00a0\u00a0\u00a0\u00a0\u00a0\u00a0\u00a0\u00a0\u00a0\u00a0\u00a0\u00a0\u00a0\u00a0\u00a0\u00a0\u00a0 1 minut\u00a0\u00a0\u00a0\u00a0\u00a0\u00a0\u00a0\u00a0\u00a0\u00a0\u00a0\u00a0\u00a0\u00a0\u00a0\u00a0\u00a0\u00a0\u00a0\u00a0\u00a0\u00a0\u00a0\u00a0\u00a0\u00a0\u00a0\u00a0\u00a0 Anv\u00e4nds f\u00f6r att strypa sidanrop.<\/p>\n<p>AMP_TOKEN\u00a0\u00a0\u00a0\u00a0\u00a0\u00a0\u00a0\u00a0\u00a0\u00a0\u00a0\u00a0\u00a0\u00a0\u00a0\u00a0\u00a0\u00a0 30 sekunder till 1 \u00e5r\u00a0\u00a0\u00a0\u00a0\u00a0\u00a0\u00a0 Inneh\u00e5ller referens f\u00f6r att h\u00e4mta Client ID fr\u00e5n AMP Client ID service. Andra m\u00f6jliga v\u00e4rden indikerar opt-out, \u201dinflight request\u201d eller ett felmeddelande av Client ID fr\u00e5n AMP Client ID service.<\/p>\n<p>_gac_&lt;property-id&gt;\u00a0\u00a0\u00a0\u00a0\u00a0\u00a0\u00a0 90 dagar\u00a0\u00a0\u00a0\u00a0\u00a0 \u00a0\u00a0\u00a0\u00a0\u00a0\u00a0\u00a0\u00a0\u00a0\u00a0\u00a0\u00a0\u00a0\u00a0\u00a0\u00a0\u00a0\u00a0\u00a0\u00a0\u00a0 Inneh\u00e5ller kampanjrelaterad information f\u00f6r anv\u00e4ndaren.<\/p>\n<p><strong>ActiveCampaign<\/strong> L\u00e4s mer <a href=\"https:\/\/www.activecampaign.com\/cookies\/\">h\u00e4r<\/a><\/p>\n<p><strong>Hvis du ikke vil lagre informasjonskapsler<\/strong><br \/>\nHvis du tidligere har akseptert at vi bruker informasjonskapsler for ditt bes\u00f8k, men deretter endrer mening og ikke vil tillate informasjonskapsler, s\u00e5 kan du i nettleseren din angi dette for \u00e5 f\u00e5 en advarsel hver gang et nettsted \u00f8nsker \u00e5 legge inn en informasjonskapsel om deg. Du kan ogs\u00e5 velge \u00e5 deaktivere informasjonskapsler helt. Hvordan du g\u00e5r frem for \u00e5 gj\u00f8re det, kan du lese mer om i nettleserens hjelpefunksjon. I dine innstillinger kan du blokkere alle informasjonskapsler, men du kan ogs\u00e5 velge \u00e5 godta f\u00f8rstepartskapsler eller velge \u00e5 slette informasjonskapsler n\u00e5r du lukker nettleseren din. Husk at n\u00f8dvendige informasjonskapsler kreves hvis du fortsatt skal bruke nettstedet v\u00e5rt og v\u00e5re tjenester.<\/p>\n","protected":false},"excerpt":{"rendered":"<p>Vi benytter cookies eller informasjonskapsler, som det og kalles, for \u00e5 gi deg en best mulig brukeropplevelse av v\u00e5re websider. En cookie er en liten tekstfil, som lagres i din webleser. To typer cookies Det finnes to typer informasjonskapsler: permanente og midlertidige. Sistnevnte kalles ogs\u00e5 \u00f8kt eller sesjonskapsler. Permanente informasjonskapsler lagres som en fil p\u00e5 [&hellip;]<\/p>\n","protected":false},"author":1,"featured_media":0,"parent":0,"menu_order":0,"comment_status":"closed","ping_status":"closed","template":"template-page.php","meta":{"_acf_changed":false,"footnotes":""},"acf":[],"yoast_head":"<!-- This site is optimized with the Yoast SEO plugin v22.2 - https:\/\/yoast.com\/wordpress\/plugins\/seo\/ -->\n<title>Websidene blir bedre med cookies - EXACT<\/title>\n<meta name=\"robots\" content=\"index, follow, max-snippet:-1, max-image-preview:large, max-video-preview:-1\" \/>\n<link rel=\"canonical\" href=\"https:\/\/teamexact.com\/nb\/websidene-blir-bedre-med-cookies\/\" \/>\n<meta property=\"og:locale\" content=\"nb_NO\" \/>\n<meta property=\"og:type\" content=\"article\" \/>\n<meta property=\"og:title\" content=\"Websidene blir bedre med cookies - EXACT\" \/>\n<meta property=\"og:description\" content=\"Vi benytter cookies eller informasjonskapsler, som det og kalles, for \u00e5 gi deg en best mulig brukeropplevelse av v\u00e5re websider. En cookie er en liten tekstfil, som lagres i din webleser. To typer cookies Det finnes to typer informasjonskapsler: permanente og midlertidige. Sistnevnte kalles ogs\u00e5 \u00f8kt eller sesjonskapsler. Permanente informasjonskapsler lagres som en fil p\u00e5 [&hellip;]\" \/>\n<meta property=\"og:url\" content=\"https:\/\/teamexact.com\/nb\/websidene-blir-bedre-med-cookies\/\" \/>\n<meta property=\"og:site_name\" content=\"EXACT\" \/>\n<meta name=\"twitter:card\" content=\"summary_large_image\" \/>\n<meta name=\"twitter:label1\" content=\"Ansl. lesetid\" \/>\n\t<meta name=\"twitter:data1\" content=\"2 minutter\" \/>\n<script type=\"application\/ld+json\" class=\"yoast-schema-graph\">{\"@context\":\"https:\/\/schema.org\",\"@graph\":[{\"@type\":\"WebPage\",\"@id\":\"https:\/\/teamexact.com\/nb\/websidene-blir-bedre-med-cookies\/\",\"url\":\"https:\/\/teamexact.com\/nb\/websidene-blir-bedre-med-cookies\/\",\"name\":\"Websidene blir bedre med cookies - EXACT\",\"isPartOf\":{\"@id\":\"https:\/\/teamexact.com\/sv\/#website\"},\"datePublished\":\"2018-05-31T07:52:22+00:00\",\"dateModified\":\"2018-05-31T07:52:22+00:00\",\"breadcrumb\":{\"@id\":\"https:\/\/teamexact.com\/nb\/websidene-blir-bedre-med-cookies\/#breadcrumb\"},\"inLanguage\":\"nb-NO\",\"potentialAction\":[{\"@type\":\"ReadAction\",\"target\":[\"https:\/\/teamexact.com\/nb\/websidene-blir-bedre-med-cookies\/\"]}]},{\"@type\":\"BreadcrumbList\",\"@id\":\"https:\/\/teamexact.com\/nb\/websidene-blir-bedre-med-cookies\/#breadcrumb\",\"itemListElement\":[{\"@type\":\"ListItem\",\"position\":1,\"name\":\"Home\",\"item\":\"https:\/\/teamexact.com\/nb\/\"},{\"@type\":\"ListItem\",\"position\":2,\"name\":\"Websidene blir bedre med cookies\"}]},{\"@type\":\"WebSite\",\"@id\":\"https:\/\/teamexact.com\/sv\/#website\",\"url\":\"https:\/\/teamexact.com\/sv\/\",\"name\":\"EXACT\",\"description\":\"We see more\",\"potentialAction\":[{\"@type\":\"SearchAction\",\"target\":{\"@type\":\"EntryPoint\",\"urlTemplate\":\"https:\/\/teamexact.com\/sv\/?s={search_term_string}\"},\"query-input\":\"required name=search_term_string\"}],\"inLanguage\":\"nb-NO\"}]}<\/script>\n<!-- \/ Yoast SEO plugin. -->","yoast_head_json":{"title":"Websidene blir bedre med cookies - EXACT","robots":{"index":"index","follow":"follow","max-snippet":"max-snippet:-1","max-image-preview":"max-image-preview:large","max-video-preview":"max-video-preview:-1"},"canonical":"https:\/\/teamexact.com\/nb\/websidene-blir-bedre-med-cookies\/","og_locale":"nb_NO","og_type":"article","og_title":"Websidene blir bedre med cookies - EXACT","og_description":"Vi benytter cookies eller informasjonskapsler, som det og kalles, for \u00e5 gi deg en best mulig brukeropplevelse av v\u00e5re websider. En cookie er en liten tekstfil, som lagres i din webleser. To typer cookies Det finnes to typer informasjonskapsler: permanente og midlertidige. Sistnevnte kalles ogs\u00e5 \u00f8kt eller sesjonskapsler. Permanente informasjonskapsler lagres som en fil p\u00e5 [&hellip;]","og_url":"https:\/\/teamexact.com\/nb\/websidene-blir-bedre-med-cookies\/","og_site_name":"EXACT","twitter_card":"summary_large_image","twitter_misc":{"Ansl. lesetid":"2 minutter"},"schema":{"@context":"https:\/\/schema.org","@graph":[{"@type":"WebPage","@id":"https:\/\/teamexact.com\/nb\/websidene-blir-bedre-med-cookies\/","url":"https:\/\/teamexact.com\/nb\/websidene-blir-bedre-med-cookies\/","name":"Websidene blir bedre med cookies - EXACT","isPartOf":{"@id":"https:\/\/teamexact.com\/sv\/#website"},"datePublished":"2018-05-31T07:52:22+00:00","dateModified":"2018-05-31T07:52:22+00:00","breadcrumb":{"@id":"https:\/\/teamexact.com\/nb\/websidene-blir-bedre-med-cookies\/#breadcrumb"},"inLanguage":"nb-NO","potentialAction":[{"@type":"ReadAction","target":["https:\/\/teamexact.com\/nb\/websidene-blir-bedre-med-cookies\/"]}]},{"@type":"BreadcrumbList","@id":"https:\/\/teamexact.com\/nb\/websidene-blir-bedre-med-cookies\/#breadcrumb","itemListElement":[{"@type":"ListItem","position":1,"name":"Home","item":"https:\/\/teamexact.com\/nb\/"},{"@type":"ListItem","position":2,"name":"Websidene blir bedre med cookies"}]},{"@type":"WebSite","@id":"https:\/\/teamexact.com\/sv\/#website","url":"https:\/\/teamexact.com\/sv\/","name":"EXACT","description":"We see more","potentialAction":[{"@type":"SearchAction","target":{"@type":"EntryPoint","urlTemplate":"https:\/\/teamexact.com\/sv\/?s={search_term_string}"},"query-input":"required name=search_term_string"}],"inLanguage":"nb-NO"}]}},"_links":{"self":[{"href":"https:\/\/teamexact.com\/nb\/wp-json\/wp\/v2\/pages\/3601"}],"collection":[{"href":"https:\/\/teamexact.com\/nb\/wp-json\/wp\/v2\/pages"}],"about":[{"href":"https:\/\/teamexact.com\/nb\/wp-json\/wp\/v2\/types\/page"}],"author":[{"embeddable":true,"href":"https:\/\/teamexact.com\/nb\/wp-json\/wp\/v2\/users\/1"}],"replies":[{"embeddable":true,"href":"https:\/\/teamexact.com\/nb\/wp-json\/wp\/v2\/comments?post=3601"}],"version-history":[{"count":1,"href":"https:\/\/teamexact.com\/nb\/wp-json\/wp\/v2\/pages\/3601\/revisions"}],"predecessor-version":[{"id":3602,"href":"https:\/\/teamexact.com\/nb\/wp-json\/wp\/v2\/pages\/3601\/revisions\/3602"}],"wp:attachment":[{"href":"https:\/\/teamexact.com\/nb\/wp-json\/wp\/v2\/media?parent=3601"}],"curies":[{"name":"wp","href":"https:\/\/api.w.org\/{rel}","templated":true}]}}