{"id":3858,"date":"2019-04-04T15:02:29","date_gmt":"2019-04-04T13:02:29","guid":{"rendered":"http:\/\/www.teamexact.com\/?page_id=3858"},"modified":"2019-04-04T15:28:09","modified_gmt":"2019-04-04T13:28:09","slug":"underjordisk-posisjonering","status":"publish","type":"page","link":"https:\/\/teamexact.com\/nb\/underjordisk-posisjonering\/","title":{"rendered":"Underjordisk posisjonering"},"content":{"rendered":"<p><strong>Et stort, og dessverre vanlig, problem er \u00e5 ikke ha full kontroll p\u00e5 hva som skjuler seg under jordoverflaten. Det kan f\u00f8re til kostbare feil og i verste fall farlige ulykker. S\u00e5 hvorfor gjette n\u00e5r du kan vite?<\/strong><\/p>\n<p>Posisjonering av strukturer under bakken er en komplisert prosess. Vi gj\u00f8r det enkelt for deg. Ved hjelp av moderne teknologi og en solid dose kunnskaper kan vi lokalisere strukturer under bakken basert p\u00e5 ditt prosjekts unike behov. Vi finner ut hvor fjell, kabler, r\u00f8r og andre installasjoner er. Og vi gj\u00f8r det helt ned til seks meters dybde.<\/p>\n<h3>Riktig resultat, lett \u00e5 bruke<\/h3>\n<p>Avhengig av prosjektkravene samler vi inn underlagsmateriale ved hjelp av radar, sensorer og tradisjonell m\u00e5leteknologi og gj\u00f8r dette om til lokaliseringsdata. Det krever unik spisskompetanse, presisjonsinstrumenter og mange \u00e5rs erfaring. Alt det har vi. Vi leverer materialet i et lett tilgjengelig 3D-format som du kan \u00e5pne hvor du vil, n\u00e5r du vil.<\/p>\n<h3>Mange fordeler \u2013 noen av dem livsviktige<\/h3>\n<p>Fordelene er mange. Noen er livsviktige fordi de gj\u00f8r arbeidsmilj\u00f8et betydelig sikrere. N\u00e5r du vet hvor ting er, reduseres risikoen for \u00e5 skade objekter eller st\u00f8te p\u00e5 overraskelser, og du slipper forsinkelser og dyre endringsarbeider. I tillegg kj\u00f8rer hele prosjektet mer effektivt n\u00e5r du lettere kan planlegge, reparere og dele informasjon. Du sparer b\u00e5de tid og penger. Og blir mer l\u00f8nnsom.<\/p>\n<h3>Slik foreg\u00e5r det \u2013 trinn for trinn<\/h3>\n<h3><img loading=\"lazy\" decoding=\"async\" class=\"aligncenter size-full wp-image-3853\" src=\"http:\/\/www.teamexact.com\/wp-content\/uploads\/2019\/03\/underjord-1.png\" alt=\"\" width=\"699\" height=\"87\" srcset=\"https:\/\/teamexact.com\/wp-content\/uploads\/2019\/03\/underjord-1.png 699w, https:\/\/teamexact.com\/wp-content\/uploads\/2019\/03\/underjord-1-300x37.png 300w\" sizes=\"(max-width: 699px) 100vw, 699px\" \/><\/h3>\n<p><strong>1. Valg av metode basert p\u00e5 prosjektets muligheter og behov<\/strong><\/p>\n<p><strong>2. Gjennomgang av eksisterende dokumentasjon<\/strong><\/p>\n<p><strong>3. Oppdatering av dokumentasjon etter synlige forandringer p\u00e5 stedet<\/strong><\/p>\n<p><strong>4. Unders\u00f8kelse av bakken med jordradar og elektromagnetisk s\u00f8ker<\/strong><\/p>\n<p><strong>5. H\u00f8yde- og posisjonsbestemmelse av funne objekter<\/strong><\/p>\n<p><strong>6. Sammenstilling av innsamlede data<\/strong><\/p>\n<p><strong>7. Levering i et lett tilgjengelig filformat<\/strong><\/p>\n","protected":false},"excerpt":{"rendered":"<p>Et stort, og dessverre vanlig, problem er \u00e5 ikke ha full kontroll p\u00e5 hva som skjuler seg under jordoverflaten. Det kan f\u00f8re til kostbare feil og i verste fall farlige ulykker. S\u00e5 hvorfor gjette n\u00e5r du kan vite? Posisjonering av strukturer under bakken er en komplisert prosess. Vi gj\u00f8r det enkelt for deg. Ved hjelp [&hellip;]<\/p>\n","protected":false},"author":1,"featured_media":0,"parent":0,"menu_order":0,"comment_status":"closed","ping_status":"closed","template":"template-as-built.php","meta":{"_acf_changed":false,"footnotes":""},"acf":[],"yoast_head":"<!-- This site is optimized with the Yoast SEO plugin v22.2 - https:\/\/yoast.com\/wordpress\/plugins\/seo\/ -->\n<title>Underjordisk posisjonering - EXACT<\/title>\n<meta name=\"robots\" content=\"index, follow, max-snippet:-1, max-image-preview:large, max-video-preview:-1\" \/>\n<link rel=\"canonical\" href=\"https:\/\/teamexact.com\/nb\/underjordisk-posisjonering\/\" \/>\n<meta property=\"og:locale\" content=\"nb_NO\" \/>\n<meta property=\"og:type\" content=\"article\" \/>\n<meta property=\"og:title\" content=\"Underjordisk posisjonering - EXACT\" \/>\n<meta property=\"og:description\" content=\"Et stort, og dessverre vanlig, problem er \u00e5 ikke ha full kontroll p\u00e5 hva som skjuler seg under jordoverflaten. Det kan f\u00f8re til kostbare feil og i verste fall farlige ulykker. S\u00e5 hvorfor gjette n\u00e5r du kan vite? Posisjonering av strukturer under bakken er en komplisert prosess. Vi gj\u00f8r det enkelt for deg. Ved hjelp [&hellip;]\" \/>\n<meta property=\"og:url\" content=\"https:\/\/teamexact.com\/nb\/underjordisk-posisjonering\/\" \/>\n<meta property=\"og:site_name\" content=\"EXACT\" \/>\n<meta property=\"article:modified_time\" content=\"2019-04-04T13:28:09+00:00\" \/>\n<meta property=\"og:image\" content=\"http:\/\/www.teamexact.com\/wp-content\/uploads\/2019\/03\/underjord-1.png\" \/>\n<meta name=\"twitter:card\" content=\"summary_large_image\" \/>\n<meta name=\"twitter:label1\" content=\"Ansl. lesetid\" \/>\n\t<meta name=\"twitter:data1\" content=\"1 minutt\" \/>\n<script type=\"application\/ld+json\" class=\"yoast-schema-graph\">{\"@context\":\"https:\/\/schema.org\",\"@graph\":[{\"@type\":\"WebPage\",\"@id\":\"https:\/\/teamexact.com\/nb\/underjordisk-posisjonering\/\",\"url\":\"https:\/\/teamexact.com\/nb\/underjordisk-posisjonering\/\",\"name\":\"Underjordisk posisjonering - EXACT\",\"isPartOf\":{\"@id\":\"https:\/\/teamexact.com\/sv\/#website\"},\"primaryImageOfPage\":{\"@id\":\"https:\/\/teamexact.com\/nb\/underjordisk-posisjonering\/#primaryimage\"},\"image\":{\"@id\":\"https:\/\/teamexact.com\/nb\/underjordisk-posisjonering\/#primaryimage\"},\"thumbnailUrl\":\"http:\/\/www.teamexact.com\/wp-content\/uploads\/2019\/03\/underjord-1.png\",\"datePublished\":\"2019-04-04T13:02:29+00:00\",\"dateModified\":\"2019-04-04T13:28:09+00:00\",\"breadcrumb\":{\"@id\":\"https:\/\/teamexact.com\/nb\/underjordisk-posisjonering\/#breadcrumb\"},\"inLanguage\":\"nb-NO\",\"potentialAction\":[{\"@type\":\"ReadAction\",\"target\":[\"https:\/\/teamexact.com\/nb\/underjordisk-posisjonering\/\"]}]},{\"@type\":\"ImageObject\",\"inLanguage\":\"nb-NO\",\"@id\":\"https:\/\/teamexact.com\/nb\/underjordisk-posisjonering\/#primaryimage\",\"url\":\"http:\/\/www.teamexact.com\/wp-content\/uploads\/2019\/03\/underjord-1.png\",\"contentUrl\":\"http:\/\/www.teamexact.com\/wp-content\/uploads\/2019\/03\/underjord-1.png\"},{\"@type\":\"BreadcrumbList\",\"@id\":\"https:\/\/teamexact.com\/nb\/underjordisk-posisjonering\/#breadcrumb\",\"itemListElement\":[{\"@type\":\"ListItem\",\"position\":1,\"name\":\"Home\",\"item\":\"https:\/\/teamexact.com\/nb\/\"},{\"@type\":\"ListItem\",\"position\":2,\"name\":\"Underjordisk posisjonering\"}]},{\"@type\":\"WebSite\",\"@id\":\"https:\/\/teamexact.com\/sv\/#website\",\"url\":\"https:\/\/teamexact.com\/sv\/\",\"name\":\"EXACT\",\"description\":\"We see more\",\"potentialAction\":[{\"@type\":\"SearchAction\",\"target\":{\"@type\":\"EntryPoint\",\"urlTemplate\":\"https:\/\/teamexact.com\/sv\/?s={search_term_string}\"},\"query-input\":\"required name=search_term_string\"}],\"inLanguage\":\"nb-NO\"}]}<\/script>\n<!-- \/ Yoast SEO plugin. -->","yoast_head_json":{"title":"Underjordisk posisjonering - EXACT","robots":{"index":"index","follow":"follow","max-snippet":"max-snippet:-1","max-image-preview":"max-image-preview:large","max-video-preview":"max-video-preview:-1"},"canonical":"https:\/\/teamexact.com\/nb\/underjordisk-posisjonering\/","og_locale":"nb_NO","og_type":"article","og_title":"Underjordisk posisjonering - EXACT","og_description":"Et stort, og dessverre vanlig, problem er \u00e5 ikke ha full kontroll p\u00e5 hva som skjuler seg under jordoverflaten. Det kan f\u00f8re til kostbare feil og i verste fall farlige ulykker. S\u00e5 hvorfor gjette n\u00e5r du kan vite? Posisjonering av strukturer under bakken er en komplisert prosess. Vi gj\u00f8r det enkelt for deg. Ved hjelp [&hellip;]","og_url":"https:\/\/teamexact.com\/nb\/underjordisk-posisjonering\/","og_site_name":"EXACT","article_modified_time":"2019-04-04T13:28:09+00:00","og_image":[{"url":"http:\/\/www.teamexact.com\/wp-content\/uploads\/2019\/03\/underjord-1.png"}],"twitter_card":"summary_large_image","twitter_misc":{"Ansl. lesetid":"1 minutt"},"schema":{"@context":"https:\/\/schema.org","@graph":[{"@type":"WebPage","@id":"https:\/\/teamexact.com\/nb\/underjordisk-posisjonering\/","url":"https:\/\/teamexact.com\/nb\/underjordisk-posisjonering\/","name":"Underjordisk posisjonering - EXACT","isPartOf":{"@id":"https:\/\/teamexact.com\/sv\/#website"},"primaryImageOfPage":{"@id":"https:\/\/teamexact.com\/nb\/underjordisk-posisjonering\/#primaryimage"},"image":{"@id":"https:\/\/teamexact.com\/nb\/underjordisk-posisjonering\/#primaryimage"},"thumbnailUrl":"http:\/\/www.teamexact.com\/wp-content\/uploads\/2019\/03\/underjord-1.png","datePublished":"2019-04-04T13:02:29+00:00","dateModified":"2019-04-04T13:28:09+00:00","breadcrumb":{"@id":"https:\/\/teamexact.com\/nb\/underjordisk-posisjonering\/#breadcrumb"},"inLanguage":"nb-NO","potentialAction":[{"@type":"ReadAction","target":["https:\/\/teamexact.com\/nb\/underjordisk-posisjonering\/"]}]},{"@type":"ImageObject","inLanguage":"nb-NO","@id":"https:\/\/teamexact.com\/nb\/underjordisk-posisjonering\/#primaryimage","url":"http:\/\/www.teamexact.com\/wp-content\/uploads\/2019\/03\/underjord-1.png","contentUrl":"http:\/\/www.teamexact.com\/wp-content\/uploads\/2019\/03\/underjord-1.png"},{"@type":"BreadcrumbList","@id":"https:\/\/teamexact.com\/nb\/underjordisk-posisjonering\/#breadcrumb","itemListElement":[{"@type":"ListItem","position":1,"name":"Home","item":"https:\/\/teamexact.com\/nb\/"},{"@type":"ListItem","position":2,"name":"Underjordisk posisjonering"}]},{"@type":"WebSite","@id":"https:\/\/teamexact.com\/sv\/#website","url":"https:\/\/teamexact.com\/sv\/","name":"EXACT","description":"We see more","potentialAction":[{"@type":"SearchAction","target":{"@type":"EntryPoint","urlTemplate":"https:\/\/teamexact.com\/sv\/?s={search_term_string}"},"query-input":"required name=search_term_string"}],"inLanguage":"nb-NO"}]}},"_links":{"self":[{"href":"https:\/\/teamexact.com\/nb\/wp-json\/wp\/v2\/pages\/3858"}],"collection":[{"href":"https:\/\/teamexact.com\/nb\/wp-json\/wp\/v2\/pages"}],"about":[{"href":"https:\/\/teamexact.com\/nb\/wp-json\/wp\/v2\/types\/page"}],"author":[{"embeddable":true,"href":"https:\/\/teamexact.com\/nb\/wp-json\/wp\/v2\/users\/1"}],"replies":[{"embeddable":true,"href":"https:\/\/teamexact.com\/nb\/wp-json\/wp\/v2\/comments?post=3858"}],"version-history":[{"count":5,"href":"https:\/\/teamexact.com\/nb\/wp-json\/wp\/v2\/pages\/3858\/revisions"}],"predecessor-version":[{"id":3890,"href":"https:\/\/teamexact.com\/nb\/wp-json\/wp\/v2\/pages\/3858\/revisions\/3890"}],"wp:attachment":[{"href":"https:\/\/teamexact.com\/nb\/wp-json\/wp\/v2\/media?parent=3858"}],"curies":[{"name":"wp","href":"https:\/\/api.w.org\/{rel}","templated":true}]}}