{"id":3964,"date":"2019-06-17T14:10:21","date_gmt":"2019-06-17T12:10:21","guid":{"rendered":"http:\/\/www.teamexact.com\/?page_id=3964"},"modified":"2019-06-24T14:53:37","modified_gmt":"2019-06-24T12:53:37","slug":"digitale-tvillinger","status":"publish","type":"page","link":"https:\/\/teamexact.com\/nb\/digitale-tvillinger\/","title":{"rendered":"Digitale tvillinger"},"content":{"rendered":"<h4>Hos Exact analyserer vi m\u00e5lbare data for visjonen eller prosjektet ditt og replikerer dataene til en digital tvilling som blir et allsidig og uvurderlig hjelpemiddel. Stort eller sm\u00e5tt, virkelighet eller id\u00e9, grove trekk eller millimeterniv\u00e5 \u2013 mulighetene er enorme.<\/h4>\n<p>&nbsp;<\/p>\n<h2>Skaper Street View innend\u00f8rs<\/h2>\n<p>En 3D-visualisering og plantegning av objektet ditt som du kan berike med ulike typer informasjon. P\u00e5 sikt samles data inn for \u00e5 hjelpe deg \u00e5 ta smarte beslutninger og spare tid og penger.<\/p>\n<div style=\"width: 1590px;\" class=\"wp-video\"><!--[if lt IE 9]><script>document.createElement('video');<\/script><![endif]-->\n<video class=\"wp-video-shortcode\" id=\"video-3964-1\" width=\"1590\" height=\"736\" preload=\"metadata\" controls=\"controls\"><source type=\"video\/mp4\" src=\"http:\/\/www.teamexact.com\/wp-content\/uploads\/2019\/05\/NavVis_T\u00e4by-C_2.mp4?_=1\" \/><a href=\"http:\/\/www.teamexact.com\/wp-content\/uploads\/2019\/05\/NavVis_T\u00e4by-C_2.mp4\">http:\/\/www.teamexact.com\/wp-content\/uploads\/2019\/05\/NavVis_T\u00e4by-C_2.mp4<\/a><\/video><\/div>\n<p>&nbsp;<\/p>\n<hr \/>\n<h2>Store punktskyer direkte i nettleseren din<\/h2>\n<p>I dette nettbaserte verkt\u00f8yet kan du dele informasjon med kunder og samarbeidspartnere uten \u00e5 gi fra deg store mengder data. Lett, smart og forenkler kommunikasjonen under hele prosjekt gjennomf\u00f8ringen.<\/p>\n<div style=\"width: 1920px;\" class=\"wp-video\"><video class=\"wp-video-shortcode\" id=\"video-3964-2\" width=\"1920\" height=\"1048\" preload=\"metadata\" controls=\"controls\"><source type=\"video\/mp4\" src=\"http:\/\/www.teamexact.com\/wp-content\/uploads\/2019\/05\/potree.teamexact.cz_3d_karlstad_CCC_karlstad_CCC.html-Google-Chrome-2019-02-15-14_55_30.mp4?_=2\" \/><a href=\"http:\/\/www.teamexact.com\/wp-content\/uploads\/2019\/05\/potree.teamexact.cz_3d_karlstad_CCC_karlstad_CCC.html-Google-Chrome-2019-02-15-14_55_30.mp4\">http:\/\/www.teamexact.com\/wp-content\/uploads\/2019\/05\/potree.teamexact.cz_3d_karlstad_CCC_karlstad_CCC.html-Google-Chrome-2019-02-15-14_55_30.mp4<\/a><\/video><\/div>\n<p>&nbsp;<\/p>\n<hr \/>\n<h2>Se alt under jorden<\/h2>\n<p>Utforsk og lokaliser alt du trenger under jorden. Innsamling og tolkning av data utf\u00f8res ved hjelp av radar, sensorer og tradisjonell m\u00e5leteknikk.<\/p>\n<div style=\"width: 960px;\" class=\"wp-video\"><video class=\"wp-video-shortcode\" id=\"video-3964-3\" width=\"960\" height=\"720\" preload=\"metadata\" controls=\"controls\"><source type=\"video\/mp4\" src=\"http:\/\/www.teamexact.com\/wp-content\/uploads\/2019\/05\/GISonLine_-Underground-Infrastructure-3D-Model.mp4?_=3\" \/><a href=\"http:\/\/www.teamexact.com\/wp-content\/uploads\/2019\/05\/GISonLine_-Underground-Infrastructure-3D-Model.mp4\">http:\/\/www.teamexact.com\/wp-content\/uploads\/2019\/05\/GISonLine_-Underground-Infrastructure-3D-Model.mp4<\/a><\/video><\/div>\n<p>&nbsp;<\/p>\n<hr \/>\n<h2>Exact as Built &#8211; kvalitetskontroll<\/h2>\n<p>Med Exact as Built kan du enkelt tilpasse arbeidet underveis og du kan korrigere eventuelle avvik i tide. Raskt og veldig kostnadseffektivt.<\/p>\n<div style=\"width: 1152px;\" class=\"wp-video\"><video class=\"wp-video-shortcode\" id=\"video-3964-4\" width=\"1152\" height=\"720\" preload=\"metadata\" controls=\"controls\"><source type=\"video\/mp4\" src=\"http:\/\/www.teamexact.com\/wp-content\/uploads\/2019\/05\/asbuilt.mp4?_=4\" \/><a href=\"http:\/\/www.teamexact.com\/wp-content\/uploads\/2019\/05\/asbuilt.mp4\">http:\/\/www.teamexact.com\/wp-content\/uploads\/2019\/05\/asbuilt.mp4<\/a><\/video><\/div>\n<p>&nbsp;<\/p>\n<hr \/>\n<h2>3D-modellen som gj\u00f8r deg BIM Ready<\/h2>\n<p>Uansett hvilken digital tvilling vi har fanget, lager vi digitale tegninger og 3D-modeller tilpasset dine behov og, eller i henhold til, bransjestandard.<\/p>\n<div style=\"width: 1024px;\" class=\"wp-video\"><video class=\"wp-video-shortcode\" id=\"video-3964-5\" width=\"1024\" height=\"576\" preload=\"metadata\" controls=\"controls\"><source type=\"video\/mp4\" src=\"http:\/\/www.teamexact.com\/wp-content\/uploads\/2019\/05\/Bim-ready.mp4?_=5\" \/><a href=\"http:\/\/www.teamexact.com\/wp-content\/uploads\/2019\/05\/Bim-ready.mp4\">http:\/\/www.teamexact.com\/wp-content\/uploads\/2019\/05\/Bim-ready.mp4<\/a><\/video><\/div>\n","protected":false},"excerpt":{"rendered":"<p>Hos Exact analyserer vi m\u00e5lbare data for visjonen eller prosjektet ditt og replikerer dataene til en digital tvilling som blir et allsidig og uvurderlig hjelpemiddel. Stort eller sm\u00e5tt, virkelighet eller id\u00e9, grove trekk eller millimeterniv\u00e5 \u2013 mulighetene er enorme. &nbsp; Skaper Street View innend\u00f8rs En 3D-visualisering og plantegning av objektet ditt som du kan berike [&hellip;]<\/p>\n","protected":false},"author":1,"featured_media":0,"parent":0,"menu_order":0,"comment_status":"closed","ping_status":"closed","template":"template-page.php","meta":{"_acf_changed":false,"footnotes":""},"acf":[],"yoast_head":"<!-- This site is optimized with the Yoast SEO plugin v22.2 - https:\/\/yoast.com\/wordpress\/plugins\/seo\/ -->\n<title>Digitale tvillinger - EXACT<\/title>\n<meta name=\"robots\" content=\"index, follow, max-snippet:-1, max-image-preview:large, max-video-preview:-1\" \/>\n<link rel=\"canonical\" href=\"https:\/\/teamexact.com\/nb\/digitale-tvillinger\/\" \/>\n<meta property=\"og:locale\" content=\"nb_NO\" \/>\n<meta property=\"og:type\" content=\"article\" \/>\n<meta property=\"og:title\" content=\"Digitale tvillinger - EXACT\" \/>\n<meta property=\"og:description\" content=\"Hos Exact analyserer vi m\u00e5lbare data for visjonen eller prosjektet ditt og replikerer dataene til en digital tvilling som blir et allsidig og uvurderlig hjelpemiddel. Stort eller sm\u00e5tt, virkelighet eller id\u00e9, grove trekk eller millimeterniv\u00e5 \u2013 mulighetene er enorme. &nbsp; Skaper Street View innend\u00f8rs En 3D-visualisering og plantegning av objektet ditt som du kan berike [&hellip;]\" \/>\n<meta property=\"og:url\" content=\"https:\/\/teamexact.com\/nb\/digitale-tvillinger\/\" \/>\n<meta property=\"og:site_name\" content=\"EXACT\" \/>\n<meta property=\"article:modified_time\" content=\"2019-06-24T12:53:37+00:00\" \/>\n<meta name=\"twitter:card\" content=\"summary_large_image\" \/>\n<meta name=\"twitter:label1\" content=\"Ansl. lesetid\" \/>\n\t<meta name=\"twitter:data1\" content=\"1 minutt\" \/>\n<script type=\"application\/ld+json\" class=\"yoast-schema-graph\">{\"@context\":\"https:\/\/schema.org\",\"@graph\":[{\"@type\":\"WebPage\",\"@id\":\"https:\/\/teamexact.com\/nb\/digitale-tvillinger\/\",\"url\":\"https:\/\/teamexact.com\/nb\/digitale-tvillinger\/\",\"name\":\"Digitale tvillinger - EXACT\",\"isPartOf\":{\"@id\":\"https:\/\/teamexact.com\/sv\/#website\"},\"datePublished\":\"2019-06-17T12:10:21+00:00\",\"dateModified\":\"2019-06-24T12:53:37+00:00\",\"breadcrumb\":{\"@id\":\"https:\/\/teamexact.com\/nb\/digitale-tvillinger\/#breadcrumb\"},\"inLanguage\":\"nb-NO\",\"potentialAction\":[{\"@type\":\"ReadAction\",\"target\":[\"https:\/\/teamexact.com\/nb\/digitale-tvillinger\/\"]}]},{\"@type\":\"BreadcrumbList\",\"@id\":\"https:\/\/teamexact.com\/nb\/digitale-tvillinger\/#breadcrumb\",\"itemListElement\":[{\"@type\":\"ListItem\",\"position\":1,\"name\":\"Home\",\"item\":\"https:\/\/teamexact.com\/nb\/\"},{\"@type\":\"ListItem\",\"position\":2,\"name\":\"Digitale tvillinger\"}]},{\"@type\":\"WebSite\",\"@id\":\"https:\/\/teamexact.com\/sv\/#website\",\"url\":\"https:\/\/teamexact.com\/sv\/\",\"name\":\"EXACT\",\"description\":\"We see more\",\"potentialAction\":[{\"@type\":\"SearchAction\",\"target\":{\"@type\":\"EntryPoint\",\"urlTemplate\":\"https:\/\/teamexact.com\/sv\/?s={search_term_string}\"},\"query-input\":\"required name=search_term_string\"}],\"inLanguage\":\"nb-NO\"}]}<\/script>\n<!-- \/ Yoast SEO plugin. -->","yoast_head_json":{"title":"Digitale tvillinger - EXACT","robots":{"index":"index","follow":"follow","max-snippet":"max-snippet:-1","max-image-preview":"max-image-preview:large","max-video-preview":"max-video-preview:-1"},"canonical":"https:\/\/teamexact.com\/nb\/digitale-tvillinger\/","og_locale":"nb_NO","og_type":"article","og_title":"Digitale tvillinger - EXACT","og_description":"Hos Exact analyserer vi m\u00e5lbare data for visjonen eller prosjektet ditt og replikerer dataene til en digital tvilling som blir et allsidig og uvurderlig hjelpemiddel. Stort eller sm\u00e5tt, virkelighet eller id\u00e9, grove trekk eller millimeterniv\u00e5 \u2013 mulighetene er enorme. &nbsp; Skaper Street View innend\u00f8rs En 3D-visualisering og plantegning av objektet ditt som du kan berike [&hellip;]","og_url":"https:\/\/teamexact.com\/nb\/digitale-tvillinger\/","og_site_name":"EXACT","article_modified_time":"2019-06-24T12:53:37+00:00","twitter_card":"summary_large_image","twitter_misc":{"Ansl. lesetid":"1 minutt"},"schema":{"@context":"https:\/\/schema.org","@graph":[{"@type":"WebPage","@id":"https:\/\/teamexact.com\/nb\/digitale-tvillinger\/","url":"https:\/\/teamexact.com\/nb\/digitale-tvillinger\/","name":"Digitale tvillinger - EXACT","isPartOf":{"@id":"https:\/\/teamexact.com\/sv\/#website"},"datePublished":"2019-06-17T12:10:21+00:00","dateModified":"2019-06-24T12:53:37+00:00","breadcrumb":{"@id":"https:\/\/teamexact.com\/nb\/digitale-tvillinger\/#breadcrumb"},"inLanguage":"nb-NO","potentialAction":[{"@type":"ReadAction","target":["https:\/\/teamexact.com\/nb\/digitale-tvillinger\/"]}]},{"@type":"BreadcrumbList","@id":"https:\/\/teamexact.com\/nb\/digitale-tvillinger\/#breadcrumb","itemListElement":[{"@type":"ListItem","position":1,"name":"Home","item":"https:\/\/teamexact.com\/nb\/"},{"@type":"ListItem","position":2,"name":"Digitale tvillinger"}]},{"@type":"WebSite","@id":"https:\/\/teamexact.com\/sv\/#website","url":"https:\/\/teamexact.com\/sv\/","name":"EXACT","description":"We see more","potentialAction":[{"@type":"SearchAction","target":{"@type":"EntryPoint","urlTemplate":"https:\/\/teamexact.com\/sv\/?s={search_term_string}"},"query-input":"required name=search_term_string"}],"inLanguage":"nb-NO"}]}},"_links":{"self":[{"href":"https:\/\/teamexact.com\/nb\/wp-json\/wp\/v2\/pages\/3964"}],"collection":[{"href":"https:\/\/teamexact.com\/nb\/wp-json\/wp\/v2\/pages"}],"about":[{"href":"https:\/\/teamexact.com\/nb\/wp-json\/wp\/v2\/types\/page"}],"author":[{"embeddable":true,"href":"https:\/\/teamexact.com\/nb\/wp-json\/wp\/v2\/users\/1"}],"replies":[{"embeddable":true,"href":"https:\/\/teamexact.com\/nb\/wp-json\/wp\/v2\/comments?post=3964"}],"version-history":[{"count":6,"href":"https:\/\/teamexact.com\/nb\/wp-json\/wp\/v2\/pages\/3964\/revisions"}],"predecessor-version":[{"id":3975,"href":"https:\/\/teamexact.com\/nb\/wp-json\/wp\/v2\/pages\/3964\/revisions\/3975"}],"wp:attachment":[{"href":"https:\/\/teamexact.com\/nb\/wp-json\/wp\/v2\/media?parent=3964"}],"curies":[{"name":"wp","href":"https:\/\/api.w.org\/{rel}","templated":true}]}}