{"id":1150,"date":"2015-06-15T10:29:25","date_gmt":"2015-06-15T08:29:25","guid":{"rendered":"http:\/\/exact.lebowski.se\/front-page-2\/"},"modified":"2024-06-27T08:14:47","modified_gmt":"2024-06-27T06:14:47","slug":"front-page","status":"publish","type":"page","link":"https:\/\/teamexact.com\/sv\/","title":{"rendered":"Front page"},"content":{"rendered":"<p><strong>Vi \u00e4r en komplett leverant\u00f6r av h\u00f6gkvalitativa m\u00e4tningstekniska tj\u00e4nster i hela Europa. Vi har h\u00f6g kompetens inom m\u00e4tning och samlar in exakt de data som du beh\u00f6ver. EXACT \u00e4r en partner som ser till att du f\u00e5r ut s\u00e5 mycket information som m\u00f6jligt fr\u00e5n dina data och hj\u00e4lper dig att anv\u00e4nda informationen p\u00e5 r\u00e4tt s\u00e4tt.<\/strong><\/p>\n<p>Vi arbetar h\u00e5rt och m\u00e5lmedvetet f\u00f6r att beh\u00e5lla v\u00e5r ledande st\u00e4llning inom m\u00e4tbranschen, men vi \u00e4r ocks\u00e5 verksamma i id\u00e9branschen. Vi hj\u00e4lper v\u00e5ra kunder att f\u00f6rverkliga sina visioner \u2013 att g\u00e5 fr\u00e5n en vit fl\u00e4ck p\u00e5 kartan till ett framg\u00e5ngsrikt byggprojekt. Vi \u00e4r bra p\u00e5 det vi g\u00f6r f\u00f6r vi kan branschen. Vi vet hur konstruktionsprocessen g\u00e5r till och vi vet exakt vad du beh\u00f6ver f\u00f6r att \u00f6vervinna hindren mellan vision och verklighet. Du beh\u00f6ver tydliga och anv\u00e4ndbara parametrar f\u00f6r att komma fram\u00e5t. Du beh\u00f6ver m\u00e4tbara data, v\u00e5r specialitet. V\u00e4lkommen till oss p\u00e5 EXACT.<\/p>\n","protected":false},"excerpt":{"rendered":"<p>Vi \u00e4r en komplett leverant\u00f6r av h\u00f6gkvalitativa m\u00e4tningstekniska tj\u00e4nster i hela Europa. Vi har h\u00f6g kompetens inom m\u00e4tning och samlar in exakt de data som du beh\u00f6ver. EXACT \u00e4r en partner som ser till att du f\u00e5r ut s\u00e5 mycket information som m\u00f6jligt fr\u00e5n dina data och hj\u00e4lper dig att anv\u00e4nda informationen p\u00e5 r\u00e4tt s\u00e4tt. [&hellip;]<\/p>\n","protected":false},"author":1,"featured_media":0,"parent":0,"menu_order":0,"comment_status":"open","ping_status":"open","template":"template-frontpage.php","meta":{"_acf_changed":false,"footnotes":""},"acf":[],"yoast_head":"<!-- This site is optimized with the Yoast SEO plugin v22.2 - https:\/\/yoast.com\/wordpress\/plugins\/seo\/ -->\n<title>Front page - EXACT<\/title>\n<meta name=\"robots\" content=\"index, follow, max-snippet:-1, max-image-preview:large, max-video-preview:-1\" \/>\n<link rel=\"canonical\" href=\"https:\/\/teamexact.com\/sv\/\" \/>\n<meta property=\"og:locale\" content=\"sv_SE\" \/>\n<meta property=\"og:type\" content=\"article\" \/>\n<meta property=\"og:title\" content=\"Front page - EXACT\" \/>\n<meta property=\"og:description\" content=\"Vi \u00e4r en komplett leverant\u00f6r av h\u00f6gkvalitativa m\u00e4tningstekniska tj\u00e4nster i hela Europa. Vi har h\u00f6g kompetens inom m\u00e4tning och samlar in exakt de data som du beh\u00f6ver. EXACT \u00e4r en partner som ser till att du f\u00e5r ut s\u00e5 mycket information som m\u00f6jligt fr\u00e5n dina data och hj\u00e4lper dig att anv\u00e4nda informationen p\u00e5 r\u00e4tt s\u00e4tt. [&hellip;]\" \/>\n<meta property=\"og:url\" content=\"https:\/\/teamexact.com\/sv\/\" \/>\n<meta property=\"og:site_name\" content=\"EXACT\" \/>\n<meta property=\"article:modified_time\" content=\"2024-06-27T06:14:47+00:00\" \/>\n<meta name=\"twitter:card\" content=\"summary_large_image\" \/>\n<meta name=\"twitter:label1\" content=\"Ber\u00e4knad l\u00e4stid\" \/>\n\t<meta name=\"twitter:data1\" content=\"1 minut\" \/>\n<script type=\"application\/ld+json\" class=\"yoast-schema-graph\">{\"@context\":\"https:\/\/schema.org\",\"@graph\":[{\"@type\":\"WebPage\",\"@id\":\"https:\/\/teamexact.com\/sv\/\",\"url\":\"https:\/\/teamexact.com\/sv\/\",\"name\":\"Front page - EXACT\",\"isPartOf\":{\"@id\":\"https:\/\/teamexact.com\/sv\/#website\"},\"datePublished\":\"2015-06-15T08:29:25+00:00\",\"dateModified\":\"2024-06-27T06:14:47+00:00\",\"breadcrumb\":{\"@id\":\"https:\/\/teamexact.com\/sv\/#breadcrumb\"},\"inLanguage\":\"sv-SE\",\"potentialAction\":[{\"@type\":\"ReadAction\",\"target\":[\"https:\/\/teamexact.com\/sv\/\"]}]},{\"@type\":\"BreadcrumbList\",\"@id\":\"https:\/\/teamexact.com\/sv\/#breadcrumb\",\"itemListElement\":[{\"@type\":\"ListItem\",\"position\":1,\"name\":\"Home\",\"item\":\"https:\/\/teamexact.com\/sv\/\"},{\"@type\":\"ListItem\",\"position\":2,\"name\":\"Front page\"}]},{\"@type\":\"WebSite\",\"@id\":\"https:\/\/teamexact.com\/sv\/#website\",\"url\":\"https:\/\/teamexact.com\/sv\/\",\"name\":\"EXACT\",\"description\":\"We see more\",\"potentialAction\":[{\"@type\":\"SearchAction\",\"target\":{\"@type\":\"EntryPoint\",\"urlTemplate\":\"https:\/\/teamexact.com\/sv\/?s={search_term_string}\"},\"query-input\":\"required name=search_term_string\"}],\"inLanguage\":\"sv-SE\"}]}<\/script>\n<!-- \/ Yoast SEO plugin. -->","yoast_head_json":{"title":"Front page - EXACT","robots":{"index":"index","follow":"follow","max-snippet":"max-snippet:-1","max-image-preview":"max-image-preview:large","max-video-preview":"max-video-preview:-1"},"canonical":"https:\/\/teamexact.com\/sv\/","og_locale":"sv_SE","og_type":"article","og_title":"Front page - EXACT","og_description":"Vi \u00e4r en komplett leverant\u00f6r av h\u00f6gkvalitativa m\u00e4tningstekniska tj\u00e4nster i hela Europa. Vi har h\u00f6g kompetens inom m\u00e4tning och samlar in exakt de data som du beh\u00f6ver. EXACT \u00e4r en partner som ser till att du f\u00e5r ut s\u00e5 mycket information som m\u00f6jligt fr\u00e5n dina data och hj\u00e4lper dig att anv\u00e4nda informationen p\u00e5 r\u00e4tt s\u00e4tt. [&hellip;]","og_url":"https:\/\/teamexact.com\/sv\/","og_site_name":"EXACT","article_modified_time":"2024-06-27T06:14:47+00:00","twitter_card":"summary_large_image","twitter_misc":{"Ber\u00e4knad l\u00e4stid":"1 minut"},"schema":{"@context":"https:\/\/schema.org","@graph":[{"@type":"WebPage","@id":"https:\/\/teamexact.com\/sv\/","url":"https:\/\/teamexact.com\/sv\/","name":"Front page - EXACT","isPartOf":{"@id":"https:\/\/teamexact.com\/sv\/#website"},"datePublished":"2015-06-15T08:29:25+00:00","dateModified":"2024-06-27T06:14:47+00:00","breadcrumb":{"@id":"https:\/\/teamexact.com\/sv\/#breadcrumb"},"inLanguage":"sv-SE","potentialAction":[{"@type":"ReadAction","target":["https:\/\/teamexact.com\/sv\/"]}]},{"@type":"BreadcrumbList","@id":"https:\/\/teamexact.com\/sv\/#breadcrumb","itemListElement":[{"@type":"ListItem","position":1,"name":"Home","item":"https:\/\/teamexact.com\/sv\/"},{"@type":"ListItem","position":2,"name":"Front page"}]},{"@type":"WebSite","@id":"https:\/\/teamexact.com\/sv\/#website","url":"https:\/\/teamexact.com\/sv\/","name":"EXACT","description":"We see more","potentialAction":[{"@type":"SearchAction","target":{"@type":"EntryPoint","urlTemplate":"https:\/\/teamexact.com\/sv\/?s={search_term_string}"},"query-input":"required name=search_term_string"}],"inLanguage":"sv-SE"}]}},"_links":{"self":[{"href":"https:\/\/teamexact.com\/sv\/wp-json\/wp\/v2\/pages\/1150"}],"collection":[{"href":"https:\/\/teamexact.com\/sv\/wp-json\/wp\/v2\/pages"}],"about":[{"href":"https:\/\/teamexact.com\/sv\/wp-json\/wp\/v2\/types\/page"}],"author":[{"embeddable":true,"href":"https:\/\/teamexact.com\/sv\/wp-json\/wp\/v2\/users\/1"}],"replies":[{"embeddable":true,"href":"https:\/\/teamexact.com\/sv\/wp-json\/wp\/v2\/comments?post=1150"}],"version-history":[{"count":13,"href":"https:\/\/teamexact.com\/sv\/wp-json\/wp\/v2\/pages\/1150\/revisions"}],"predecessor-version":[{"id":7127,"href":"https:\/\/teamexact.com\/sv\/wp-json\/wp\/v2\/pages\/1150\/revisions\/7127"}],"wp:attachment":[{"href":"https:\/\/teamexact.com\/sv\/wp-json\/wp\/v2\/media?parent=1150"}],"curies":[{"name":"wp","href":"https:\/\/api.w.org\/{rel}","templated":true}]}}