{"id":1155,"date":"2015-06-15T15:05:49","date_gmt":"2015-06-15T13:05:49","guid":{"rendered":"http:\/\/exact.lebowski.se\/about-2\/"},"modified":"2016-07-25T12:27:11","modified_gmt":"2016-07-25T10:27:11","slug":"om-exact","status":"publish","type":"page","link":"https:\/\/teamexact.com\/sv\/om-exact\/","title":{"rendered":"Om EXACT"},"content":{"rendered":"<p><strong>Vi \u00e4r en komplett leverant\u00f6r av h\u00f6gkvalitativa m\u00e4tningstekniska tj\u00e4nster i hela Europa. Vi har h\u00f6g kompetens inom m\u00e4tning och samlar in exakt de data som du beh\u00f6ver. EXACT \u00e4r en partner som ser till att du f\u00e5r ut s\u00e5 mycket information som m\u00f6jligt fr\u00e5n dina data och hj\u00e4lper dig att anv\u00e4nda informationen p\u00e5 r\u00e4tt s\u00e4tt.<\/strong><\/p>\n<p>Vi arbetar h\u00e5rt och m\u00e5lmedvetet f\u00f6r att beh\u00e5lla v\u00e5r ledande st\u00e4llning inom m\u00e4tbranschen, men vi \u00e4r ocks\u00e5 verksamma i id\u00e9branschen. Vi hj\u00e4lper v\u00e5ra kunder att f\u00f6rverkliga sina visioner \u2013 att g\u00e5 fr\u00e5n en vit fl\u00e4ck p\u00e5 kartan till ett framg\u00e5ngsrikt byggprojekt. Vi \u00e4r bra p\u00e5 det vi g\u00f6r f\u00f6r vi kan branschen. Vi vet hur konstruktionsprocessen g\u00e5r till och vi vet exakt vad du beh\u00f6ver f\u00f6r att \u00f6vervinna hindren mellan vision och verklighet. Du beh\u00f6ver tydliga och anv\u00e4ndbara parametrar f\u00f6r att komma fram\u00e5t. Du beh\u00f6ver m\u00e4tbara data, v\u00e5r specialitet.<\/p>\n<p><strong>Vi ser mer!<\/strong><\/p>\n<p>V\u00e5rt m\u00e5l har fr\u00e5n dag ett varit att utmana och f\u00f6r\u00e4ndra m\u00e4tbranschen. Att h\u00f6ja statusen p\u00e5 m\u00e4ttj\u00e4nster och leda branschen mot n\u00e5got nytt. Ett arbete som kr\u00e4ver b\u00e5de mod och bra kollegor. Vi \u00e4r lika \u00f6vertygade om det idag som d\u00e5.<\/p>\n<p>F\u00f6r oss har det alltid handlat om att se mer. Att se nya m\u00f6jligheter och ny kunskap f\u00f6r att hela tiden forts\u00e4tta f\u00f6rverkliga andras id\u00e9er. Vi vill skapa n\u00e5got som ingen annan gjort och vi vill forts\u00e4tta att flytta fram v\u00e5ra positioner. Vi tror p\u00e5 st\u00e4ndig f\u00f6rb\u00e4ttring och att alltid jobba f\u00f6r att \u00f6vertr\u00e4ffa f\u00f6rv\u00e4ntningar.<\/p>\n<p>Det \u00e4r r\u00e4tt m\u00e4nniskor med r\u00e4tt inst\u00e4llning och kunskap som g\u00f6r den stora skillnaden. Vi lyckas genom att bli fler som kan mer. M\u00e5nga som ser mer.<\/p>\n<p>V\u00e4lkommen till oss p\u00e5 EXACT.<\/p>\n","protected":false},"excerpt":{"rendered":"<p>Vi \u00e4r en komplett leverant\u00f6r av h\u00f6gkvalitativa m\u00e4tningstekniska tj\u00e4nster i hela Europa. Vi har h\u00f6g kompetens inom m\u00e4tning och samlar in exakt de data som du beh\u00f6ver. EXACT \u00e4r en partner som ser till att du f\u00e5r ut s\u00e5 mycket information som m\u00f6jligt fr\u00e5n dina data och hj\u00e4lper dig att anv\u00e4nda informationen p\u00e5 r\u00e4tt s\u00e4tt. [&hellip;]<\/p>\n","protected":false},"author":1,"featured_media":0,"parent":0,"menu_order":0,"comment_status":"open","ping_status":"open","template":"template-page.php","meta":{"_acf_changed":false,"footnotes":""},"acf":[],"yoast_head":"<!-- This site is optimized with the Yoast SEO plugin v22.2 - https:\/\/yoast.com\/wordpress\/plugins\/seo\/ -->\n<title>Om EXACT - EXACT<\/title>\n<meta name=\"robots\" content=\"index, follow, max-snippet:-1, max-image-preview:large, max-video-preview:-1\" \/>\n<link rel=\"canonical\" href=\"https:\/\/teamexact.com\/sv\/om-exact\/\" \/>\n<meta property=\"og:locale\" content=\"sv_SE\" \/>\n<meta property=\"og:type\" content=\"article\" \/>\n<meta property=\"og:title\" content=\"Om EXACT - EXACT\" \/>\n<meta property=\"og:description\" content=\"Vi \u00e4r en komplett leverant\u00f6r av h\u00f6gkvalitativa m\u00e4tningstekniska tj\u00e4nster i hela Europa. Vi har h\u00f6g kompetens inom m\u00e4tning och samlar in exakt de data som du beh\u00f6ver. EXACT \u00e4r en partner som ser till att du f\u00e5r ut s\u00e5 mycket information som m\u00f6jligt fr\u00e5n dina data och hj\u00e4lper dig att anv\u00e4nda informationen p\u00e5 r\u00e4tt s\u00e4tt. [&hellip;]\" \/>\n<meta property=\"og:url\" content=\"https:\/\/teamexact.com\/sv\/om-exact\/\" \/>\n<meta property=\"og:site_name\" content=\"EXACT\" \/>\n<meta property=\"article:modified_time\" content=\"2016-07-25T10:27:11+00:00\" \/>\n<meta name=\"twitter:card\" content=\"summary_large_image\" \/>\n<meta name=\"twitter:label1\" content=\"Ber\u00e4knad l\u00e4stid\" \/>\n\t<meta name=\"twitter:data1\" content=\"2 minuter\" \/>\n<script type=\"application\/ld+json\" class=\"yoast-schema-graph\">{\"@context\":\"https:\/\/schema.org\",\"@graph\":[{\"@type\":\"WebPage\",\"@id\":\"https:\/\/teamexact.com\/sv\/om-exact\/\",\"url\":\"https:\/\/teamexact.com\/sv\/om-exact\/\",\"name\":\"Om EXACT - EXACT\",\"isPartOf\":{\"@id\":\"https:\/\/teamexact.com\/sv\/#website\"},\"datePublished\":\"2015-06-15T13:05:49+00:00\",\"dateModified\":\"2016-07-25T10:27:11+00:00\",\"breadcrumb\":{\"@id\":\"https:\/\/teamexact.com\/sv\/om-exact\/#breadcrumb\"},\"inLanguage\":\"sv-SE\",\"potentialAction\":[{\"@type\":\"ReadAction\",\"target\":[\"https:\/\/teamexact.com\/sv\/om-exact\/\"]}]},{\"@type\":\"BreadcrumbList\",\"@id\":\"https:\/\/teamexact.com\/sv\/om-exact\/#breadcrumb\",\"itemListElement\":[{\"@type\":\"ListItem\",\"position\":1,\"name\":\"Home\",\"item\":\"https:\/\/teamexact.com\/sv\/\"},{\"@type\":\"ListItem\",\"position\":2,\"name\":\"Om EXACT\"}]},{\"@type\":\"WebSite\",\"@id\":\"https:\/\/teamexact.com\/sv\/#website\",\"url\":\"https:\/\/teamexact.com\/sv\/\",\"name\":\"EXACT\",\"description\":\"We see more\",\"potentialAction\":[{\"@type\":\"SearchAction\",\"target\":{\"@type\":\"EntryPoint\",\"urlTemplate\":\"https:\/\/teamexact.com\/sv\/?s={search_term_string}\"},\"query-input\":\"required name=search_term_string\"}],\"inLanguage\":\"sv-SE\"}]}<\/script>\n<!-- \/ Yoast SEO plugin. -->","yoast_head_json":{"title":"Om EXACT - EXACT","robots":{"index":"index","follow":"follow","max-snippet":"max-snippet:-1","max-image-preview":"max-image-preview:large","max-video-preview":"max-video-preview:-1"},"canonical":"https:\/\/teamexact.com\/sv\/om-exact\/","og_locale":"sv_SE","og_type":"article","og_title":"Om EXACT - EXACT","og_description":"Vi \u00e4r en komplett leverant\u00f6r av h\u00f6gkvalitativa m\u00e4tningstekniska tj\u00e4nster i hela Europa. Vi har h\u00f6g kompetens inom m\u00e4tning och samlar in exakt de data som du beh\u00f6ver. EXACT \u00e4r en partner som ser till att du f\u00e5r ut s\u00e5 mycket information som m\u00f6jligt fr\u00e5n dina data och hj\u00e4lper dig att anv\u00e4nda informationen p\u00e5 r\u00e4tt s\u00e4tt. [&hellip;]","og_url":"https:\/\/teamexact.com\/sv\/om-exact\/","og_site_name":"EXACT","article_modified_time":"2016-07-25T10:27:11+00:00","twitter_card":"summary_large_image","twitter_misc":{"Ber\u00e4knad l\u00e4stid":"2 minuter"},"schema":{"@context":"https:\/\/schema.org","@graph":[{"@type":"WebPage","@id":"https:\/\/teamexact.com\/sv\/om-exact\/","url":"https:\/\/teamexact.com\/sv\/om-exact\/","name":"Om EXACT - EXACT","isPartOf":{"@id":"https:\/\/teamexact.com\/sv\/#website"},"datePublished":"2015-06-15T13:05:49+00:00","dateModified":"2016-07-25T10:27:11+00:00","breadcrumb":{"@id":"https:\/\/teamexact.com\/sv\/om-exact\/#breadcrumb"},"inLanguage":"sv-SE","potentialAction":[{"@type":"ReadAction","target":["https:\/\/teamexact.com\/sv\/om-exact\/"]}]},{"@type":"BreadcrumbList","@id":"https:\/\/teamexact.com\/sv\/om-exact\/#breadcrumb","itemListElement":[{"@type":"ListItem","position":1,"name":"Home","item":"https:\/\/teamexact.com\/sv\/"},{"@type":"ListItem","position":2,"name":"Om EXACT"}]},{"@type":"WebSite","@id":"https:\/\/teamexact.com\/sv\/#website","url":"https:\/\/teamexact.com\/sv\/","name":"EXACT","description":"We see more","potentialAction":[{"@type":"SearchAction","target":{"@type":"EntryPoint","urlTemplate":"https:\/\/teamexact.com\/sv\/?s={search_term_string}"},"query-input":"required name=search_term_string"}],"inLanguage":"sv-SE"}]}},"_links":{"self":[{"href":"https:\/\/teamexact.com\/sv\/wp-json\/wp\/v2\/pages\/1155"}],"collection":[{"href":"https:\/\/teamexact.com\/sv\/wp-json\/wp\/v2\/pages"}],"about":[{"href":"https:\/\/teamexact.com\/sv\/wp-json\/wp\/v2\/types\/page"}],"author":[{"embeddable":true,"href":"https:\/\/teamexact.com\/sv\/wp-json\/wp\/v2\/users\/1"}],"replies":[{"embeddable":true,"href":"https:\/\/teamexact.com\/sv\/wp-json\/wp\/v2\/comments?post=1155"}],"version-history":[{"count":5,"href":"https:\/\/teamexact.com\/sv\/wp-json\/wp\/v2\/pages\/1155\/revisions"}],"predecessor-version":[{"id":2234,"href":"https:\/\/teamexact.com\/sv\/wp-json\/wp\/v2\/pages\/1155\/revisions\/2234"}],"wp:attachment":[{"href":"https:\/\/teamexact.com\/sv\/wp-json\/wp\/v2\/media?parent=1155"}],"curies":[{"name":"wp","href":"https:\/\/api.w.org\/{rel}","templated":true}]}}