{"id":1166,"date":"2015-06-15T11:40:13","date_gmt":"2015-06-15T09:40:13","guid":{"rendered":"http:\/\/exact.lebowski.se\/real-estate-2\/"},"modified":"2021-09-17T09:06:05","modified_gmt":"2021-09-17T07:06:05","slug":"fastigheter","status":"publish","type":"page","link":"https:\/\/teamexact.com\/sv\/fastigheter\/","title":{"rendered":"Fastigheter"},"content":{"rendered":"<p><strong>Vi erbjuder kvalificerade m\u00e4tningar med avancerad 3D-laserskanning som snabbt och exakt m\u00e4ter upp stora omr\u00e5den. Vi ser alla detaljer i en fastighet och ger dig alla data du beh\u00f6ver f\u00f6r att g\u00f6ra en korrekt bed\u00f6mning. EXACT hj\u00e4lper dig att hitta kvadratmeter som du inte visste fanns. Vi ger dig detaljerad dokumentation och noggranna ritningar som blir ett v\u00e4rdefullt st\u00f6d under alla faser av ditt exploateringsprojekt. EXACT ser mer i alla fastigheter.<\/strong><\/p>\n<p>&nbsp;<\/p>\n<h3>Vi ser mer i 3D<\/h3>\n<p>Vi m\u00e4ter alla typer av komplexa utrymmen och storskaliga objekt som exempelvis bostads- och kontorsbyggnader, fabriker, inv\u00e4ndiga konstruktioner och installationer. EXACT anv\u00e4nder avancerad 3D-skanningsteknik f\u00f6r snabb och noggrann insamling av data d\u00e4r inga detaljer l\u00e4mnas \u00e5t slumpen. V\u00e5ra m\u00e4tningar resulterar i v\u00e4rdefulla m\u00e4tdata som anv\u00e4nds till dokumentation f\u00f6r en rad olika \u00e4ndam\u00e5l. Vi presenterar och levererar din data i 3D-modeller, 2D-ritningar eller elevations-\/tv\u00e4rsnittsritningar allt enligt dina \u00f6nskem\u00e5l.<\/p>\n<h3>Exact as Built<\/h3>\n<p>Konstruktion, ombyggnad och andra tekniska projekt och f\u00f6rvaltningsprojekt kr\u00e4ver noggrann och fullst\u00e4ndig dokumentation i god tid f\u00f6r framtida drift och underh\u00e5ll. EXACT tar fram CAD-ritningar av det f\u00e4rdiga byggresultatet d\u00e4r samtliga systemkomponenters m\u00e5tt och placering framg\u00e5r. Ritningar \u00f6ver det f\u00e4rdiga byggresultatet tas fram efter en fullst\u00e4ndig m\u00e4tning, eller efter en begr\u00e4nsad m\u00e4tning om du bara vill komplettera befintliga ritningar. Vi ger dig all dokumentation som du beh\u00f6ver. <a href=\"http:\/\/www.teamexact.com\/sv\/exact-as-built\/\">L\u00e4s mer<\/a><\/p>\n<h3>Byggnadsinformationsmodellering (BIM)<\/h3>\n<p>Vi levererar de data f\u00f6r byggnadsinformationsmodellering som du beh\u00f6ver f\u00f6r att fatta r\u00e4tt beslut under byggprojektet. EXACT anv\u00e4nder 3D-skanningsteknik f\u00f6r att skapa exakta digitala modeller som hj\u00e4lper arkitekter, ingenj\u00f6rer och formgivare att visualisera form och funktion, f\u00f6rutse kostnader och i god tid g\u00f6ra eventuellt n\u00f6dv\u00e4ndiga f\u00f6r\u00e4ndringar. Med smarta beslut tidigt i processen kan du undvika kostsamma fel och se till att strukturen blir v\u00e4lbyggd, kostnadseffektiv och energieffektiv. <a href=\"http:\/\/www.teamexact.com\/sv\/vi-gor-bim-begripligt\/\">L\u00e4s mer<\/a><\/p>\n","protected":false},"excerpt":{"rendered":"<p>Vi erbjuder kvalificerade m\u00e4tningar med avancerad 3D-laserskanning som snabbt och exakt m\u00e4ter upp stora omr\u00e5den. Vi ser alla detaljer i en fastighet och ger dig alla data du beh\u00f6ver f\u00f6r att g\u00f6ra en korrekt bed\u00f6mning. EXACT hj\u00e4lper dig att hitta kvadratmeter som du inte visste fanns. Vi ger dig detaljerad dokumentation och noggranna ritningar som [&hellip;]<\/p>\n","protected":false},"author":1,"featured_media":0,"parent":0,"menu_order":0,"comment_status":"open","ping_status":"open","template":"template-area.php","meta":{"_acf_changed":false,"footnotes":""},"acf":[],"yoast_head":"<!-- This site is optimized with the Yoast SEO plugin v22.2 - https:\/\/yoast.com\/wordpress\/plugins\/seo\/ -->\n<title>Fastigheter - EXACT<\/title>\n<meta name=\"robots\" content=\"index, follow, max-snippet:-1, max-image-preview:large, max-video-preview:-1\" \/>\n<link rel=\"canonical\" href=\"https:\/\/teamexact.com\/sv\/fastigheter\/\" \/>\n<meta property=\"og:locale\" content=\"sv_SE\" \/>\n<meta property=\"og:type\" content=\"article\" \/>\n<meta property=\"og:title\" content=\"Fastigheter - EXACT\" \/>\n<meta property=\"og:description\" content=\"Vi erbjuder kvalificerade m\u00e4tningar med avancerad 3D-laserskanning som snabbt och exakt m\u00e4ter upp stora omr\u00e5den. Vi ser alla detaljer i en fastighet och ger dig alla data du beh\u00f6ver f\u00f6r att g\u00f6ra en korrekt bed\u00f6mning. EXACT hj\u00e4lper dig att hitta kvadratmeter som du inte visste fanns. Vi ger dig detaljerad dokumentation och noggranna ritningar som [&hellip;]\" \/>\n<meta property=\"og:url\" content=\"https:\/\/teamexact.com\/sv\/fastigheter\/\" \/>\n<meta property=\"og:site_name\" content=\"EXACT\" \/>\n<meta property=\"article:modified_time\" content=\"2021-09-17T07:06:05+00:00\" \/>\n<meta name=\"twitter:card\" content=\"summary_large_image\" \/>\n<meta name=\"twitter:label1\" content=\"Ber\u00e4knad l\u00e4stid\" \/>\n\t<meta name=\"twitter:data1\" content=\"2 minuter\" \/>\n<script type=\"application\/ld+json\" class=\"yoast-schema-graph\">{\"@context\":\"https:\/\/schema.org\",\"@graph\":[{\"@type\":\"WebPage\",\"@id\":\"https:\/\/teamexact.com\/sv\/fastigheter\/\",\"url\":\"https:\/\/teamexact.com\/sv\/fastigheter\/\",\"name\":\"Fastigheter - EXACT\",\"isPartOf\":{\"@id\":\"https:\/\/teamexact.com\/sv\/#website\"},\"datePublished\":\"2015-06-15T09:40:13+00:00\",\"dateModified\":\"2021-09-17T07:06:05+00:00\",\"breadcrumb\":{\"@id\":\"https:\/\/teamexact.com\/sv\/fastigheter\/#breadcrumb\"},\"inLanguage\":\"sv-SE\",\"potentialAction\":[{\"@type\":\"ReadAction\",\"target\":[\"https:\/\/teamexact.com\/sv\/fastigheter\/\"]}]},{\"@type\":\"BreadcrumbList\",\"@id\":\"https:\/\/teamexact.com\/sv\/fastigheter\/#breadcrumb\",\"itemListElement\":[{\"@type\":\"ListItem\",\"position\":1,\"name\":\"Home\",\"item\":\"https:\/\/teamexact.com\/sv\/\"},{\"@type\":\"ListItem\",\"position\":2,\"name\":\"Fastigheter\"}]},{\"@type\":\"WebSite\",\"@id\":\"https:\/\/teamexact.com\/sv\/#website\",\"url\":\"https:\/\/teamexact.com\/sv\/\",\"name\":\"EXACT\",\"description\":\"We see more\",\"potentialAction\":[{\"@type\":\"SearchAction\",\"target\":{\"@type\":\"EntryPoint\",\"urlTemplate\":\"https:\/\/teamexact.com\/sv\/?s={search_term_string}\"},\"query-input\":\"required name=search_term_string\"}],\"inLanguage\":\"sv-SE\"}]}<\/script>\n<!-- \/ Yoast SEO plugin. -->","yoast_head_json":{"title":"Fastigheter - EXACT","robots":{"index":"index","follow":"follow","max-snippet":"max-snippet:-1","max-image-preview":"max-image-preview:large","max-video-preview":"max-video-preview:-1"},"canonical":"https:\/\/teamexact.com\/sv\/fastigheter\/","og_locale":"sv_SE","og_type":"article","og_title":"Fastigheter - EXACT","og_description":"Vi erbjuder kvalificerade m\u00e4tningar med avancerad 3D-laserskanning som snabbt och exakt m\u00e4ter upp stora omr\u00e5den. Vi ser alla detaljer i en fastighet och ger dig alla data du beh\u00f6ver f\u00f6r att g\u00f6ra en korrekt bed\u00f6mning. EXACT hj\u00e4lper dig att hitta kvadratmeter som du inte visste fanns. Vi ger dig detaljerad dokumentation och noggranna ritningar som [&hellip;]","og_url":"https:\/\/teamexact.com\/sv\/fastigheter\/","og_site_name":"EXACT","article_modified_time":"2021-09-17T07:06:05+00:00","twitter_card":"summary_large_image","twitter_misc":{"Ber\u00e4knad l\u00e4stid":"2 minuter"},"schema":{"@context":"https:\/\/schema.org","@graph":[{"@type":"WebPage","@id":"https:\/\/teamexact.com\/sv\/fastigheter\/","url":"https:\/\/teamexact.com\/sv\/fastigheter\/","name":"Fastigheter - EXACT","isPartOf":{"@id":"https:\/\/teamexact.com\/sv\/#website"},"datePublished":"2015-06-15T09:40:13+00:00","dateModified":"2021-09-17T07:06:05+00:00","breadcrumb":{"@id":"https:\/\/teamexact.com\/sv\/fastigheter\/#breadcrumb"},"inLanguage":"sv-SE","potentialAction":[{"@type":"ReadAction","target":["https:\/\/teamexact.com\/sv\/fastigheter\/"]}]},{"@type":"BreadcrumbList","@id":"https:\/\/teamexact.com\/sv\/fastigheter\/#breadcrumb","itemListElement":[{"@type":"ListItem","position":1,"name":"Home","item":"https:\/\/teamexact.com\/sv\/"},{"@type":"ListItem","position":2,"name":"Fastigheter"}]},{"@type":"WebSite","@id":"https:\/\/teamexact.com\/sv\/#website","url":"https:\/\/teamexact.com\/sv\/","name":"EXACT","description":"We see more","potentialAction":[{"@type":"SearchAction","target":{"@type":"EntryPoint","urlTemplate":"https:\/\/teamexact.com\/sv\/?s={search_term_string}"},"query-input":"required name=search_term_string"}],"inLanguage":"sv-SE"}]}},"_links":{"self":[{"href":"https:\/\/teamexact.com\/sv\/wp-json\/wp\/v2\/pages\/1166"}],"collection":[{"href":"https:\/\/teamexact.com\/sv\/wp-json\/wp\/v2\/pages"}],"about":[{"href":"https:\/\/teamexact.com\/sv\/wp-json\/wp\/v2\/types\/page"}],"author":[{"embeddable":true,"href":"https:\/\/teamexact.com\/sv\/wp-json\/wp\/v2\/users\/1"}],"replies":[{"embeddable":true,"href":"https:\/\/teamexact.com\/sv\/wp-json\/wp\/v2\/comments?post=1166"}],"version-history":[{"count":7,"href":"https:\/\/teamexact.com\/sv\/wp-json\/wp\/v2\/pages\/1166\/revisions"}],"predecessor-version":[{"id":4926,"href":"https:\/\/teamexact.com\/sv\/wp-json\/wp\/v2\/pages\/1166\/revisions\/4926"}],"wp:attachment":[{"href":"https:\/\/teamexact.com\/sv\/wp-json\/wp\/v2\/media?parent=1166"}],"curies":[{"name":"wp","href":"https:\/\/api.w.org\/{rel}","templated":true}]}}