{"id":1170,"date":"2015-06-15T14:41:22","date_gmt":"2015-06-15T12:41:22","guid":{"rendered":"http:\/\/exact.lebowski.se\/construction-2\/"},"modified":"2021-05-17T15:00:08","modified_gmt":"2021-05-17T13:00:08","slug":"bygg-och-anlaggning","status":"publish","type":"page","link":"https:\/\/teamexact.com\/sv\/bygg-och-anlaggning\/","title":{"rendered":"Bygg och anl\u00e4ggning"},"content":{"rendered":"<p><strong>Vi missar ingenting. Vi g\u00e5r igenom allt fr\u00e5n de minsta komponenterna till strukturen i sin helhet s\u00e5 att du f\u00e5r noggranna och detaljerade data. EXACT\u2019s m\u00e4ttekniska specialistkompetens och v\u00e5ra kunskaper om och erfarenheter av alla faser i byggprojekten ger oss f\u00f6rm\u00e5gan att se och m\u00e4ta strukturerna mer exakt. Vi kommer alltid till byggplatsen med r\u00e4tt teknik och r\u00e4tt personal. Vi utf\u00f6r varje enskild m\u00e4tuppgift med just den precision som kr\u00e4vs och vi arbetar alltid s\u00e5 ekonomiskt som m\u00f6jligt.<\/strong><\/p>\n<p>&nbsp;<\/p>\n<h3>M\u00e4tning f\u00f6r bygg- och anl\u00e4ggningsprojekt<\/h3>\n<p>Vi erbjuder m\u00e4tningstj\u00e4nster f\u00f6r alla typer av byggprojekt, som t.ex. bostadshus, kontorsbyggnader samt idrotts- och industrianl\u00e4ggningar. EXACT utf\u00f6r dessutom konstruktions- och kontrollm\u00e4tningar p\u00e5 byggplatsen av strukturer som broar, v\u00e4gar och j\u00e4rnv\u00e4gar samt inm\u00e4tning och uts\u00e4ttning av kanaler, ventilationssystem, hisschakt, asfaltbelagda ytor, terrasser, p\u00e5lar, fundament, betongkonstruktioner och andra strukturer. Vi hj\u00e4lper dig med vad du \u00e4n beh\u00f6ver inom m\u00e4tning.<\/p>\n<h3>Projektledning och best\u00e4llarst\u00f6d<\/h3>\n<p>Vi tar fram exakta m\u00e4tdata helt enligt dina specifikationer p\u00e5 det mest ekonomiska s\u00e4ttet. Vi har omfattande kunskaper om och erfarenhet av att leda omf\u00e5ngsrika byggprojekt. EXACT ger dig goda r\u00e5d under alla faser i ditt projekt. Det garanterar att ditt projekt blir framg\u00e5ngsrikt.<\/p>\n<p>Vi hj\u00e4lper dig att undvika on\u00f6diga fel och missf\u00f6rst\u00e5nd genom att granska alla projektdokument. Redan p\u00e5 f\u00f6rhand kontrollerar vi att alla relevanta dokument uppfyller f\u00f6reskrivna krav s\u00e5 att ditt projekt f\u00e5r b\u00e4sta m\u00f6jliga start. N\u00e4r projektet \u00e4r ig\u00e5ng kan du utnyttja v\u00e5ra l\u00f6pande kundst\u00f6dstj\u00e4nster f\u00f6r att kontrollera att r\u00e4ttsligt bindande avtal, best\u00e4mmelser och riktlinjer f\u00f6r konstruktionstoleranser uppfylls. Vi kommunicerar effektivt med dina leverant\u00f6rer och kontrollerar att alla parter som deltar i projektet vidtar de \u00e5tg\u00e4rder f\u00f6r kvalitetskontroll som f\u00f6reskrivs i planerna.<\/p>\n<p>Vi erbjuder \u00e4ven Management genom hela projektets livscykel och assisterar dig tidigt i ditt projekt med beslutsunderlag och hj\u00e4lp med kalkyler. Vi erbjuder \u00e4ven arbetsledning, byggledning, kvalitetskontroll, produktionsplanering och uppr\u00e4ttande av relationshandlingar.<\/p>\n<h3>\u00d6vervakning och tillsyn<\/h3>\n<p>M\u00e5nga byggprojekt genomf\u00f6rs i t\u00e4torter och andra k\u00e4nsliga milj\u00f6er. Vid spr\u00e4ngningsarbeten, tunnelbyggen och andra riskarbeten m\u00e5ste s\u00e4kerheten garanteras. Vi erbjuder intelligent \u00f6vervakning som ger maximal s\u00e4kerhet. \u00d6vervakningen sker automatiskt \u2013 \u00e4ven nattetid, allm\u00e4nna helgdagar och i s\u00e4kerhetsomr\u00e5den utan tilltr\u00e4de. Om en r\u00f6relse registreras informeras ber\u00f6rd personal automatiskt. Vi hj\u00e4lper dig med att installera all n\u00f6dv\u00e4ndig utrustning.<\/p>\n<h3>Geodetisk m\u00e4tning<\/h3>\n<p>Vid geodetisk m\u00e4tning best\u00e4ms positioner mot ett n\u00e4t av referenspunkter eller med hj\u00e4lp av satellitteknik. M\u00e4tv\u00e4rdena anv\u00e4nds f\u00f6r v\u00e4gar eller byggnader och kan \u00e4ven ligga till grund f\u00f6r digitala modeller och kartor. Vi utf\u00f6r traditionella geodetiska m\u00e4tningar med totalstation och satellitbaserade m\u00e4tningar. M\u00e4tningarna ligger \u00e4ven till grund f\u00f6r stomn\u00e4t med mycket h\u00f6g noggrannhet.\u201d<\/p>\n<h3>Exact as Built<\/h3>\n<p>Konstruktion, ombyggnad och andra tekniska projekt och f\u00f6rvaltningsprojekt kr\u00e4ver noggrann och fullst\u00e4ndig dokumentation i god tid f\u00f6r framtida drift och underh\u00e5ll. EXACT tar fram CAD-ritningar av det f\u00e4rdiga byggresultatet d\u00e4r samtliga systemkomponenters m\u00e5tt och placering framg\u00e5r. Ritningar \u00f6ver det f\u00e4rdiga byggresultatet tas fram efter en fullst\u00e4ndig m\u00e4tning, eller efter en begr\u00e4nsad m\u00e4tning om du bara vill komplettera befintliga ritningar. Vi ger dig all dokumentation som du beh\u00f6ver. <a href=\"http:\/\/www.teamexact.com\/sv\/exact-as-built\/\">L\u00e4s mer<\/a><\/p>\n<h3>One-Button Scanning (OBS)<\/h3>\n<p>One-Button Scanning (OBS) fr\u00e5n oss p\u00e5 EXACT m\u00f6jligg\u00f6r extremt snabb och noggrann insamling av 3D-data och efterbehandling i molnet. OBS \u00e4r perfekt f\u00f6r dagbrott och andra jordf\u00f6rflyttningsprojekt och anv\u00e4nds f\u00f6r s\u00e4ker och effektiv insamling av 3D-m\u00e4tdata f\u00f6r alla konstruktioner och strukturer. Den snabba efterbehandlingen i molnet fokuserar p\u00e5 dataregistrering, digital generering av terr\u00e4ng, volymber\u00e4kning och kontroll av geometri och \u00f6verensst\u00e4mmelse vid 3D-projekt. Efter en kort introduktion implementeras OBS snabbt p\u00e5 plats.<\/p>\n<p>Alla operat\u00f6rer kan utf\u00f6ra 3D-skanning var som helst f\u00f6r generering av exakta data i h\u00f6gsta kvalitet. Anl\u00e4ggnings- och gruvbolag beh\u00f6ver inga m\u00e4ttekniker f\u00f6r insamling och analys av kartdata. I st\u00e4llet kan den ordinarie personalen samla in v\u00e4rdefulla data som st\u00f6d f\u00f6r de dagliga uppgifterna i anl\u00e4ggningsarbetet eller gruvdriften. Resultatet blir l\u00e4gre kostnader och h\u00f6gre vinst. V\u00e5rt skickliga team av kvalificerade och erfarna specialister behandlar den insamlade informationen enligt dina \u00f6nskem\u00e5l inom 24 timmar. Med v\u00e5r molnbaserade l\u00f6sning EXACT Mine Map f\u00e5r din personal tillg\u00e5ng till avancerad, anpassningsbar efterbehandling p\u00e5 webben via ett enkelt musklick.<\/p>\n<p>OBS-informationen f\u00f6rb\u00e4ttrar effektiviteten och minskar m\u00e4ngden utrustning som du beh\u00f6ver p\u00e5 plats. Du ser precis hur m\u00e5nga lastbilar som beh\u00f6vs p\u00e5 varje lastomr\u00e5de och undviker kostnader som orsakas av ramper med fel lutning. Med OBS anv\u00e4nder du exakt och uppdaterad information f\u00f6r att uppn\u00e5 optimala driftsprestanda och h\u00f6gsta s\u00e4kerhet samtidigt som de aff\u00e4rsm\u00e4ssiga riskerna reduceras. Du beh\u00f6ver varken investeringar eller experter f\u00f6r att komma ig\u00e5ng. Spara tid och pengar med oss.<\/p>\n","protected":false},"excerpt":{"rendered":"<p>Vi missar ingenting. Vi g\u00e5r igenom allt fr\u00e5n de minsta komponenterna till strukturen i sin helhet s\u00e5 att du f\u00e5r noggranna och detaljerade data. EXACT\u2019s m\u00e4ttekniska specialistkompetens och v\u00e5ra kunskaper om och erfarenheter av alla faser i byggprojekten ger oss f\u00f6rm\u00e5gan att se och m\u00e4ta strukturerna mer exakt. Vi kommer alltid till byggplatsen med r\u00e4tt [&hellip;]<\/p>\n","protected":false},"author":1,"featured_media":0,"parent":0,"menu_order":0,"comment_status":"open","ping_status":"open","template":"template-area.php","meta":{"_acf_changed":false,"footnotes":""},"acf":[],"yoast_head":"<!-- This site is optimized with the Yoast SEO plugin v22.2 - https:\/\/yoast.com\/wordpress\/plugins\/seo\/ -->\n<title>Bygg och anl\u00e4ggning - EXACT<\/title>\n<meta name=\"robots\" content=\"index, follow, max-snippet:-1, max-image-preview:large, max-video-preview:-1\" \/>\n<link rel=\"canonical\" href=\"https:\/\/teamexact.com\/sv\/bygg-och-anlaggning\/\" \/>\n<meta property=\"og:locale\" content=\"sv_SE\" \/>\n<meta property=\"og:type\" content=\"article\" \/>\n<meta property=\"og:title\" content=\"Bygg och anl\u00e4ggning - EXACT\" \/>\n<meta property=\"og:description\" content=\"Vi missar ingenting. Vi g\u00e5r igenom allt fr\u00e5n de minsta komponenterna till strukturen i sin helhet s\u00e5 att du f\u00e5r noggranna och detaljerade data. EXACT\u2019s m\u00e4ttekniska specialistkompetens och v\u00e5ra kunskaper om och erfarenheter av alla faser i byggprojekten ger oss f\u00f6rm\u00e5gan att se och m\u00e4ta strukturerna mer exakt. Vi kommer alltid till byggplatsen med r\u00e4tt [&hellip;]\" \/>\n<meta property=\"og:url\" content=\"https:\/\/teamexact.com\/sv\/bygg-och-anlaggning\/\" \/>\n<meta property=\"og:site_name\" content=\"EXACT\" \/>\n<meta property=\"article:modified_time\" content=\"2021-05-17T13:00:08+00:00\" \/>\n<meta name=\"twitter:card\" content=\"summary_large_image\" \/>\n<meta name=\"twitter:label1\" content=\"Ber\u00e4knad l\u00e4stid\" \/>\n\t<meta name=\"twitter:data1\" content=\"4 minuter\" \/>\n<script type=\"application\/ld+json\" class=\"yoast-schema-graph\">{\"@context\":\"https:\/\/schema.org\",\"@graph\":[{\"@type\":\"WebPage\",\"@id\":\"https:\/\/teamexact.com\/sv\/bygg-och-anlaggning\/\",\"url\":\"https:\/\/teamexact.com\/sv\/bygg-och-anlaggning\/\",\"name\":\"Bygg och anl\u00e4ggning - EXACT\",\"isPartOf\":{\"@id\":\"https:\/\/teamexact.com\/sv\/#website\"},\"datePublished\":\"2015-06-15T12:41:22+00:00\",\"dateModified\":\"2021-05-17T13:00:08+00:00\",\"breadcrumb\":{\"@id\":\"https:\/\/teamexact.com\/sv\/bygg-och-anlaggning\/#breadcrumb\"},\"inLanguage\":\"sv-SE\",\"potentialAction\":[{\"@type\":\"ReadAction\",\"target\":[\"https:\/\/teamexact.com\/sv\/bygg-och-anlaggning\/\"]}]},{\"@type\":\"BreadcrumbList\",\"@id\":\"https:\/\/teamexact.com\/sv\/bygg-och-anlaggning\/#breadcrumb\",\"itemListElement\":[{\"@type\":\"ListItem\",\"position\":1,\"name\":\"Home\",\"item\":\"https:\/\/teamexact.com\/sv\/\"},{\"@type\":\"ListItem\",\"position\":2,\"name\":\"Bygg och anl\u00e4ggning\"}]},{\"@type\":\"WebSite\",\"@id\":\"https:\/\/teamexact.com\/sv\/#website\",\"url\":\"https:\/\/teamexact.com\/sv\/\",\"name\":\"EXACT\",\"description\":\"We see more\",\"potentialAction\":[{\"@type\":\"SearchAction\",\"target\":{\"@type\":\"EntryPoint\",\"urlTemplate\":\"https:\/\/teamexact.com\/sv\/?s={search_term_string}\"},\"query-input\":\"required name=search_term_string\"}],\"inLanguage\":\"sv-SE\"}]}<\/script>\n<!-- \/ Yoast SEO plugin. -->","yoast_head_json":{"title":"Bygg och anl\u00e4ggning - EXACT","robots":{"index":"index","follow":"follow","max-snippet":"max-snippet:-1","max-image-preview":"max-image-preview:large","max-video-preview":"max-video-preview:-1"},"canonical":"https:\/\/teamexact.com\/sv\/bygg-och-anlaggning\/","og_locale":"sv_SE","og_type":"article","og_title":"Bygg och anl\u00e4ggning - EXACT","og_description":"Vi missar ingenting. Vi g\u00e5r igenom allt fr\u00e5n de minsta komponenterna till strukturen i sin helhet s\u00e5 att du f\u00e5r noggranna och detaljerade data. EXACT\u2019s m\u00e4ttekniska specialistkompetens och v\u00e5ra kunskaper om och erfarenheter av alla faser i byggprojekten ger oss f\u00f6rm\u00e5gan att se och m\u00e4ta strukturerna mer exakt. Vi kommer alltid till byggplatsen med r\u00e4tt [&hellip;]","og_url":"https:\/\/teamexact.com\/sv\/bygg-och-anlaggning\/","og_site_name":"EXACT","article_modified_time":"2021-05-17T13:00:08+00:00","twitter_card":"summary_large_image","twitter_misc":{"Ber\u00e4knad l\u00e4stid":"4 minuter"},"schema":{"@context":"https:\/\/schema.org","@graph":[{"@type":"WebPage","@id":"https:\/\/teamexact.com\/sv\/bygg-och-anlaggning\/","url":"https:\/\/teamexact.com\/sv\/bygg-och-anlaggning\/","name":"Bygg och anl\u00e4ggning - EXACT","isPartOf":{"@id":"https:\/\/teamexact.com\/sv\/#website"},"datePublished":"2015-06-15T12:41:22+00:00","dateModified":"2021-05-17T13:00:08+00:00","breadcrumb":{"@id":"https:\/\/teamexact.com\/sv\/bygg-och-anlaggning\/#breadcrumb"},"inLanguage":"sv-SE","potentialAction":[{"@type":"ReadAction","target":["https:\/\/teamexact.com\/sv\/bygg-och-anlaggning\/"]}]},{"@type":"BreadcrumbList","@id":"https:\/\/teamexact.com\/sv\/bygg-och-anlaggning\/#breadcrumb","itemListElement":[{"@type":"ListItem","position":1,"name":"Home","item":"https:\/\/teamexact.com\/sv\/"},{"@type":"ListItem","position":2,"name":"Bygg och anl\u00e4ggning"}]},{"@type":"WebSite","@id":"https:\/\/teamexact.com\/sv\/#website","url":"https:\/\/teamexact.com\/sv\/","name":"EXACT","description":"We see more","potentialAction":[{"@type":"SearchAction","target":{"@type":"EntryPoint","urlTemplate":"https:\/\/teamexact.com\/sv\/?s={search_term_string}"},"query-input":"required name=search_term_string"}],"inLanguage":"sv-SE"}]}},"_links":{"self":[{"href":"https:\/\/teamexact.com\/sv\/wp-json\/wp\/v2\/pages\/1170"}],"collection":[{"href":"https:\/\/teamexact.com\/sv\/wp-json\/wp\/v2\/pages"}],"about":[{"href":"https:\/\/teamexact.com\/sv\/wp-json\/wp\/v2\/types\/page"}],"author":[{"embeddable":true,"href":"https:\/\/teamexact.com\/sv\/wp-json\/wp\/v2\/users\/1"}],"replies":[{"embeddable":true,"href":"https:\/\/teamexact.com\/sv\/wp-json\/wp\/v2\/comments?post=1170"}],"version-history":[{"count":6,"href":"https:\/\/teamexact.com\/sv\/wp-json\/wp\/v2\/pages\/1170\/revisions"}],"predecessor-version":[{"id":4565,"href":"https:\/\/teamexact.com\/sv\/wp-json\/wp\/v2\/pages\/1170\/revisions\/4565"}],"wp:attachment":[{"href":"https:\/\/teamexact.com\/sv\/wp-json\/wp\/v2\/media?parent=1170"}],"curies":[{"name":"wp","href":"https:\/\/api.w.org\/{rel}","templated":true}]}}