{"id":1173,"date":"2015-06-15T14:44:35","date_gmt":"2015-06-15T12:44:35","guid":{"rendered":"http:\/\/exact.lebowski.se\/infrastructure-2\/"},"modified":"2021-05-17T15:01:28","modified_gmt":"2021-05-17T13:01:28","slug":"infrastruktur","status":"publish","type":"page","link":"https:\/\/teamexact.com\/sv\/infrastruktur\/","title":{"rendered":"Infrastruktur"},"content":{"rendered":"<p><strong>Vi p\u00e5 EXACT \u00e4r ofta de f\u00f6rsta proffsen p\u00e5 plats och vi kommer ocks\u00e5 tillbaka m\u00e5nga g\u00e5nger f\u00f6r att f\u00f6rs\u00e4kra oss om att du har exakt de m\u00e4tv\u00e4rden du beh\u00f6ver f\u00f6r att slutf\u00f6ra ditt projekt. Vi genomf\u00f6r v\u00e5ra m\u00e4tningar med t\u00e4ta intervaller s\u00e5 att arkitekter, ingenj\u00f6rer och entrepren\u00f6rer kan fullf\u00f6lja projektet enligt plan. Vi anger den exakta data du beh\u00f6ver f\u00f6r att veta var en bro, v\u00e4g eller tunnel ska b\u00f6rja eller sluta och vi l\u00e4gger fast precisa positioner f\u00f6r telefonledningar, kraftledningar, r\u00f6r, avlopp och andra f\u00f6rs\u00f6rjningssystem. EXACT skapar f\u00f6ruts\u00e4ttningar f\u00f6r ett kontrollerat projektgenomf\u00f6rande och en enklare arbetsvardag.<\/strong><\/p>\n<p>&nbsp;<\/p>\n<h3>Specialistkompetens p\u00e5 underjordsarbeten<\/h3>\n<p>EXACT har mer \u00e4n tio \u00e5rs erfarenhet av gruvdrift och tunnelbyggen fr\u00e5n uppdrag i Skandinavien, Tjeckien och Kanada. Underjordsarbeten \u00e4r komplicerade och utmanande. Begr\u00e4nsade utrymmen, luftf\u00f6roreningar, buller och vibrationer g\u00f6r f\u00f6rh\u00e5llandena mycket kr\u00e4vande. Det finns \u00e4ven risker i form av fallande stenblock, giftiga gaser och spr\u00e4ngmedel. Vi vet vad som kr\u00e4vs f\u00f6r att garantera s\u00e4kerheten och fokusera p\u00e5 arbetet i gruv- och tunnelprojekt. Vi utf\u00f6r m\u00e4tningar av konstruktioner under jord, 3D-laserskanning, kvalitetskontroller av tunnlar, massaber\u00e4kningar, ber\u00e4kningar av \u00f6ver- och underberg samt optimering av markarbetet samt allm\u00e4n projektstyrning och \u00f6vervakning.<\/p>\n<h3>Maskiner och utrustning med intelligens<\/h3>\n<p>I de flesta byggprojekt anv\u00e4nds maskinstyrning som ger extra besparingar och h\u00f6gre precision. EXACT \u00e4r en maskinstyrningspartner, oberoende av m\u00e4rke, allt f\u00f6r att ge den b\u00e4sta projektekonomin. Vi kan hj\u00e4lpa dig med r\u00e5dgivning om vilket system som passar dina behov b\u00e4st, uthyrning, etablering och montering samt skapa modeller f\u00f6r att maskinerna ska utnyttjas p\u00e5 det mest l\u00f6nsamma s\u00e4ttet. Service och support \u00e4r v\u00e5ra ledstj\u00e4rnor och du som kund ska alltid st\u00e5 i fokus. Vi tar fram de b\u00e4sta alternativen f\u00f6r dig, fr\u00e5n korttidshyra till l\u00e5ngtidshyra eller k\u00f6p. Vi vet hur systemen skall anv\u00e4ndas f\u00f6r att g\u00f6ra just ditt projekt mer l\u00f6nsamt.<\/p>\n<h3>Instrument och utrustning f\u00f6r uthyrning<\/h3>\n<p>Vi har m\u00e5nga \u00e5rs erfarenhet av massber\u00e4kning. Hela v\u00e4gen fr\u00e5n byggstart till projektets slutf\u00f6rande deltar en specialist p\u00e5 massber\u00e4kningar i b\u00e5de kostnadsplanering, avtalsf\u00f6rhandlingar och projektledning. Vi samlar in data via flera m\u00e4tmetoder \u2013 t.ex. laserskanning, GPS och totalstation \u2013 f\u00f6r att s\u00e4kerst\u00e4lla att projektet fortl\u00f6per p\u00e5 ett effektivt och l\u00f6nsamt s\u00e4tt.<\/p>\n<h3>Massber\u00e4kning &amp; m\u00e4ngdber\u00e4kning<\/h3>\n<p>Vi har m\u00e5nga \u00e5rs erfarenhet av massber\u00e4kning. Hela v\u00e4gen fr\u00e5n byggstart till projektets slutf\u00f6rande deltar en specialist p\u00e5 massber\u00e4kningar i b\u00e5de kostnadsplanering, avtalsf\u00f6rhandlingar och projektledning. Vi samlar in data via flera m\u00e4tmetoder \u2013 t.ex. laserskanning, GPS och totalstation \u2013 f\u00f6r att s\u00e4kerst\u00e4lla att projektet fortl\u00f6per p\u00e5 ett effektivt och l\u00f6nsamt s\u00e4tt.<\/p>\n<h3>EXACT Team Specialist<\/h3>\n<p>EXACT Team Specialist best\u00e5r av experter p\u00e5 m\u00e4tning i samband med projekt f\u00f6r nybyggnation, underh\u00e5ll och renovering av j\u00e4rnv\u00e4gar och tunnelbanor \u00f6ver hela Europa. V\u00e5rt team har de kunskaper och resurser samt den kompetens och erfarenhet som kr\u00e4vs f\u00f6r att snabbt leverera noggrann information som h\u00e5ller ditt projekt p\u00e5 r\u00e4tt sp\u00e5r. Eftersom arbetet i sp\u00e5rmilj\u00f6 \u00e4r speciellt kr\u00e4vande genomg\u00e5r alla medlemmar av EXACT Team Specialist utbildningar f\u00f6r beh\u00f6righet och s\u00e4kerhet. Vid projekt i sp\u00e5rmilj\u00f6 \u00e4r det mycket viktigt att de nationella j\u00e4rnv\u00e4gsmyndigheternas krav p\u00e5 dokumentation uppfylls. Vi tillhandah\u00e5ller ocks\u00e5 dokumentation \u00f6ver det f\u00e4rdiga byggresultatet enligt dina \u00f6nskem\u00e5l.<\/p>\n<p>Inom EXACT Team Specialist ing\u00e5r ocks\u00e5 har experter inom topografisk m\u00e4tning och dokumentation f\u00f6r projektplanering. V\u00e5rt fokus ligger p\u00e5 kvalitet och precision och vi utf\u00f6r v\u00e5ra m\u00e4tningar och dokumentation enligt g\u00e4llande regelverk. Vi utf\u00f6r m\u00e4tning och levererar m\u00e4tdata och terr\u00e4ngmodeller som \u00e4r f\u00e4rdiga att anv\u00e4ndas i ditt projekt. Vi har ocks\u00e5 kompetens och utrustning f\u00f6r detaljerad m\u00e4tning i industrimilj\u00f6 d\u00e4r det st\u00e4lls h\u00f6ga krav p\u00e5 precision. Vi arbetar ocks\u00e5 med signalering f\u00f6r flygfotografering och m\u00e4tning av h\u00f6jdst\u00f6d vid skanningsarbeten. Vi tar g\u00e4rna helhetsansvaret f\u00f6r helikopterbaserade m\u00e4tningar i samband med ditt projekt.<\/p>\n<h3>3D-skanning i farten<\/h3>\n<p>Med EXACTs 3D-kontrollbil, som \u00e4r utrustad med en 3D-laserskanner, kan vi snabbt genomf\u00f6ra lantm\u00e4tning och samla in precisa rumsliga data. Kontrollbilen \u00e4r speciellt anv\u00e4ndbar f\u00f6r framst\u00e4llning av topografiska kartor, niv\u00e5kartor, 3D-visualiseringar och digitala modeller av terr\u00e4ngen (DMT). Vi kan m\u00e4ta kartlagda omr\u00e5den p\u00e5 upp till en miljon kvadratmeter per dag. Tack vare den senaste laserskanningstekniken m\u00e4ter vi \u00e4ven de allra minsta detaljerna med st\u00f6rsta noggrannhet.<\/p>\n<h3>EXACT Street<\/h3>\n<p>EXACT Street \u00e4r den enda m\u00e4ttekniken i sin klass som garanterar en m\u00e4tnoggrannhet p\u00e5 h\u00f6gst 2 mm fr\u00e5n fasta punkter. Vid moderna v\u00e4gbyggen och v\u00e4greparationer \u00e4r denna teknik mycket v\u00e4rdefull. Tekniken m\u00f6jligg\u00f6r framtida v\u00e4gplanering och reparationer med noggranna, omf\u00e5ngsrika data och detaljerade kartor. EXACT Street sparar b\u00e5de tid och pengar, vare sig ditt projekt handlar om gator, landsv\u00e4gar eller motorv\u00e4gar.<\/p>\n<p>Med EXACT Street kan du uppn\u00e5 betydande besparingar vid nya v\u00e4gbyggen och f\u00f6rl\u00e4nga reparations\u00e5tg\u00e4rdernas livsl\u00e4ngd samtidigt som v\u00e4garna bara beh\u00f6ver h\u00e5llas st\u00e4ngda under en minimal tid. Framg\u00e5ngsrika v\u00e4gbyggnadsprojekt anv\u00e4nder EXACTs Street fr\u00e5n start till m\u00e5l och som underlag f\u00f6r 3D-modeller. En 3D-v\u00e4gkonstruktion som optimerats med EXACT Street hj\u00e4lper dig att visualisera v\u00e4gens IRI-v\u00e4rden, v\u00e4gytans dr\u00e4nering, oj\u00e4mnheter i l\u00e4ngd- och tv\u00e4rriktningen samt v\u00e4gbanans lutning.<\/p>\n<p>Tillsammans med oss kan du s\u00e4nka kostnaderna f\u00f6r on\u00f6diga ombyggnader och i st\u00e4llet fokusera p\u00e5 att uppn\u00e5 en j\u00e4mn v\u00e4gyta med homogena asfaltlager och l\u00e4mplig dr\u00e4nering. Resultatet blir h\u00f6g \u00e5kkomfort och s\u00e4kerhet under l\u00e5ng tid.<\/p>\n<h3>One-Button Scanning (OBS)<\/h3>\n<p>One-Button Scanning (OBS) fr\u00e5n oss p\u00e5 EXACT m\u00f6jligg\u00f6r extremt snabb och noggrann insamling av 3D-data och efterbehandling i molnet. OBS \u00e4r perfekt f\u00f6r dagbrott och andra jordf\u00f6rflyttningsprojekt och anv\u00e4nds f\u00f6r s\u00e4ker och effektiv insamling av 3D-m\u00e4tdata f\u00f6r alla konstruktioner och strukturer. Den snabba efterbehandlingen i molnet fokuserar p\u00e5 dataregistrering, digital generering av terr\u00e4ng, volymber\u00e4kning och kontroll av geometri och \u00f6verensst\u00e4mmelse vid 3D-projekt. Efter en kort introduktion implementeras OBS snabbt p\u00e5 plats.<\/p>\n<p>Alla operat\u00f6rer kan utf\u00f6ra 3D-skanning var som helst f\u00f6r generering av exakta data i h\u00f6gsta kvalitet. Anl\u00e4ggnings- och gruvbolag beh\u00f6ver inga m\u00e4ttekniker f\u00f6r insamling och analys av kartdata. I st\u00e4llet kan den ordinarie personalen samla in v\u00e4rdefulla data som st\u00f6d f\u00f6r de dagliga uppgifterna i anl\u00e4ggningsarbetet eller gruvdriften. Resultatet blir l\u00e4gre kostnader och h\u00f6gre vinst. V\u00e5rt skickliga team av kvalificerade och erfarna specialister behandlar den insamlade informationen enligt dina \u00f6nskem\u00e5l inom 24 timmar. Med v\u00e5r molnbaserade l\u00f6sning EXACT Mine Map f\u00e5r din personal tillg\u00e5ng till avancerad, anpassningsbar efterbehandling p\u00e5 webben via ett enkelt musklick.<\/p>\n<p>OBS-informationen f\u00f6rb\u00e4ttrar effektiviteten och minskar m\u00e4ngden utrustning som du beh\u00f6ver p\u00e5 plats. Du ser precis hur m\u00e5nga lastbilar som beh\u00f6vs p\u00e5 varje lastomr\u00e5de och undviker kostnader som orsakas av ramper med fel lutning. Med OBS anv\u00e4nder du exakt och uppdaterad information f\u00f6r att uppn\u00e5 optimala driftsprestanda och h\u00f6gsta s\u00e4kerhet samtidigt som de aff\u00e4rsm\u00e4ssiga riskerna reduceras. Du beh\u00f6ver varken investeringar eller experter f\u00f6r att komma ig\u00e5ng. Spara tid och pengar med oss.<\/p>\n","protected":false},"excerpt":{"rendered":"<p>Vi p\u00e5 EXACT \u00e4r ofta de f\u00f6rsta proffsen p\u00e5 plats och vi kommer ocks\u00e5 tillbaka m\u00e5nga g\u00e5nger f\u00f6r att f\u00f6rs\u00e4kra oss om att du har exakt de m\u00e4tv\u00e4rden du beh\u00f6ver f\u00f6r att slutf\u00f6ra ditt projekt. Vi genomf\u00f6r v\u00e5ra m\u00e4tningar med t\u00e4ta intervaller s\u00e5 att arkitekter, ingenj\u00f6rer och entrepren\u00f6rer kan fullf\u00f6lja projektet enligt plan. Vi anger [&hellip;]<\/p>\n","protected":false},"author":1,"featured_media":0,"parent":0,"menu_order":0,"comment_status":"open","ping_status":"open","template":"template-area.php","meta":{"_acf_changed":false,"footnotes":""},"acf":[],"yoast_head":"<!-- This site is optimized with the Yoast SEO plugin v22.2 - https:\/\/yoast.com\/wordpress\/plugins\/seo\/ -->\n<title>Infrastruktur - EXACT<\/title>\n<meta name=\"robots\" content=\"index, follow, max-snippet:-1, max-image-preview:large, max-video-preview:-1\" \/>\n<link rel=\"canonical\" href=\"https:\/\/teamexact.com\/sv\/infrastruktur\/\" \/>\n<meta property=\"og:locale\" content=\"sv_SE\" \/>\n<meta property=\"og:type\" content=\"article\" \/>\n<meta property=\"og:title\" content=\"Infrastruktur - EXACT\" \/>\n<meta property=\"og:description\" content=\"Vi p\u00e5 EXACT \u00e4r ofta de f\u00f6rsta proffsen p\u00e5 plats och vi kommer ocks\u00e5 tillbaka m\u00e5nga g\u00e5nger f\u00f6r att f\u00f6rs\u00e4kra oss om att du har exakt de m\u00e4tv\u00e4rden du beh\u00f6ver f\u00f6r att slutf\u00f6ra ditt projekt. Vi genomf\u00f6r v\u00e5ra m\u00e4tningar med t\u00e4ta intervaller s\u00e5 att arkitekter, ingenj\u00f6rer och entrepren\u00f6rer kan fullf\u00f6lja projektet enligt plan. Vi anger [&hellip;]\" \/>\n<meta property=\"og:url\" content=\"https:\/\/teamexact.com\/sv\/infrastruktur\/\" \/>\n<meta property=\"og:site_name\" content=\"EXACT\" \/>\n<meta property=\"article:modified_time\" content=\"2021-05-17T13:01:28+00:00\" \/>\n<meta name=\"twitter:card\" content=\"summary_large_image\" \/>\n<meta name=\"twitter:label1\" content=\"Ber\u00e4knad l\u00e4stid\" \/>\n\t<meta name=\"twitter:data1\" content=\"5 minuter\" \/>\n<script type=\"application\/ld+json\" class=\"yoast-schema-graph\">{\"@context\":\"https:\/\/schema.org\",\"@graph\":[{\"@type\":\"WebPage\",\"@id\":\"https:\/\/teamexact.com\/sv\/infrastruktur\/\",\"url\":\"https:\/\/teamexact.com\/sv\/infrastruktur\/\",\"name\":\"Infrastruktur - EXACT\",\"isPartOf\":{\"@id\":\"https:\/\/teamexact.com\/sv\/#website\"},\"datePublished\":\"2015-06-15T12:44:35+00:00\",\"dateModified\":\"2021-05-17T13:01:28+00:00\",\"breadcrumb\":{\"@id\":\"https:\/\/teamexact.com\/sv\/infrastruktur\/#breadcrumb\"},\"inLanguage\":\"sv-SE\",\"potentialAction\":[{\"@type\":\"ReadAction\",\"target\":[\"https:\/\/teamexact.com\/sv\/infrastruktur\/\"]}]},{\"@type\":\"BreadcrumbList\",\"@id\":\"https:\/\/teamexact.com\/sv\/infrastruktur\/#breadcrumb\",\"itemListElement\":[{\"@type\":\"ListItem\",\"position\":1,\"name\":\"Home\",\"item\":\"https:\/\/teamexact.com\/sv\/\"},{\"@type\":\"ListItem\",\"position\":2,\"name\":\"Infrastruktur\"}]},{\"@type\":\"WebSite\",\"@id\":\"https:\/\/teamexact.com\/sv\/#website\",\"url\":\"https:\/\/teamexact.com\/sv\/\",\"name\":\"EXACT\",\"description\":\"We see more\",\"potentialAction\":[{\"@type\":\"SearchAction\",\"target\":{\"@type\":\"EntryPoint\",\"urlTemplate\":\"https:\/\/teamexact.com\/sv\/?s={search_term_string}\"},\"query-input\":\"required name=search_term_string\"}],\"inLanguage\":\"sv-SE\"}]}<\/script>\n<!-- \/ Yoast SEO plugin. -->","yoast_head_json":{"title":"Infrastruktur - EXACT","robots":{"index":"index","follow":"follow","max-snippet":"max-snippet:-1","max-image-preview":"max-image-preview:large","max-video-preview":"max-video-preview:-1"},"canonical":"https:\/\/teamexact.com\/sv\/infrastruktur\/","og_locale":"sv_SE","og_type":"article","og_title":"Infrastruktur - EXACT","og_description":"Vi p\u00e5 EXACT \u00e4r ofta de f\u00f6rsta proffsen p\u00e5 plats och vi kommer ocks\u00e5 tillbaka m\u00e5nga g\u00e5nger f\u00f6r att f\u00f6rs\u00e4kra oss om att du har exakt de m\u00e4tv\u00e4rden du beh\u00f6ver f\u00f6r att slutf\u00f6ra ditt projekt. Vi genomf\u00f6r v\u00e5ra m\u00e4tningar med t\u00e4ta intervaller s\u00e5 att arkitekter, ingenj\u00f6rer och entrepren\u00f6rer kan fullf\u00f6lja projektet enligt plan. Vi anger [&hellip;]","og_url":"https:\/\/teamexact.com\/sv\/infrastruktur\/","og_site_name":"EXACT","article_modified_time":"2021-05-17T13:01:28+00:00","twitter_card":"summary_large_image","twitter_misc":{"Ber\u00e4knad l\u00e4stid":"5 minuter"},"schema":{"@context":"https:\/\/schema.org","@graph":[{"@type":"WebPage","@id":"https:\/\/teamexact.com\/sv\/infrastruktur\/","url":"https:\/\/teamexact.com\/sv\/infrastruktur\/","name":"Infrastruktur - EXACT","isPartOf":{"@id":"https:\/\/teamexact.com\/sv\/#website"},"datePublished":"2015-06-15T12:44:35+00:00","dateModified":"2021-05-17T13:01:28+00:00","breadcrumb":{"@id":"https:\/\/teamexact.com\/sv\/infrastruktur\/#breadcrumb"},"inLanguage":"sv-SE","potentialAction":[{"@type":"ReadAction","target":["https:\/\/teamexact.com\/sv\/infrastruktur\/"]}]},{"@type":"BreadcrumbList","@id":"https:\/\/teamexact.com\/sv\/infrastruktur\/#breadcrumb","itemListElement":[{"@type":"ListItem","position":1,"name":"Home","item":"https:\/\/teamexact.com\/sv\/"},{"@type":"ListItem","position":2,"name":"Infrastruktur"}]},{"@type":"WebSite","@id":"https:\/\/teamexact.com\/sv\/#website","url":"https:\/\/teamexact.com\/sv\/","name":"EXACT","description":"We see more","potentialAction":[{"@type":"SearchAction","target":{"@type":"EntryPoint","urlTemplate":"https:\/\/teamexact.com\/sv\/?s={search_term_string}"},"query-input":"required name=search_term_string"}],"inLanguage":"sv-SE"}]}},"_links":{"self":[{"href":"https:\/\/teamexact.com\/sv\/wp-json\/wp\/v2\/pages\/1173"}],"collection":[{"href":"https:\/\/teamexact.com\/sv\/wp-json\/wp\/v2\/pages"}],"about":[{"href":"https:\/\/teamexact.com\/sv\/wp-json\/wp\/v2\/types\/page"}],"author":[{"embeddable":true,"href":"https:\/\/teamexact.com\/sv\/wp-json\/wp\/v2\/users\/1"}],"replies":[{"embeddable":true,"href":"https:\/\/teamexact.com\/sv\/wp-json\/wp\/v2\/comments?post=1173"}],"version-history":[{"count":7,"href":"https:\/\/teamexact.com\/sv\/wp-json\/wp\/v2\/pages\/1173\/revisions"}],"predecessor-version":[{"id":4566,"href":"https:\/\/teamexact.com\/sv\/wp-json\/wp\/v2\/pages\/1173\/revisions\/4566"}],"wp:attachment":[{"href":"https:\/\/teamexact.com\/sv\/wp-json\/wp\/v2\/media?parent=1173"}],"curies":[{"name":"wp","href":"https:\/\/api.w.org\/{rel}","templated":true}]}}