{"id":1176,"date":"2015-06-15T14:48:22","date_gmt":"2015-06-15T12:48:22","guid":{"rendered":"http:\/\/exact.lebowski.se\/design-engineering-2\/"},"modified":"2021-09-17T09:28:00","modified_gmt":"2021-09-17T07:28:00","slug":"konstruktionsarbete","status":"publish","type":"page","link":"https:\/\/teamexact.com\/sv\/konstruktionsarbete\/","title":{"rendered":"Konstruktionsarbete"},"content":{"rendered":"<p><strong>Vi unders\u00f6ker alla parametrar och f\u00f6rh\u00e5llanden p\u00e5 den planerade anl\u00e4ggningsplatsen och kringliggande omr\u00e5den grundligt innan projektplaneringen och byggnadsarbetena b\u00f6rjar. Vi levererar alla m\u00e4tdata du beh\u00f6ver f\u00f6r att f\u00f6rvandla id\u00e9er till fysiska konstruktioner. V\u00e5ra yrkesskickliga m\u00e4tare tar i n\u00e4ra samarbete med arkitekter, ingenj\u00f6rer och formgivare fram m\u00e4tritningar som senare inf\u00f6rlivas i de tekniska ritningarna. Du kan r\u00e4kna med att v\u00e5ra experters kompetens och erfarenhet hj\u00e4lper dig att \u00f6vervinna alla hinder och se fler m\u00f6jligheter.<\/strong><\/p>\n<p>&nbsp;<\/p>\n<h3>EXACT Team Specialist<\/h3>\n<p>EXACT Team Specialist best\u00e5r av experter p\u00e5 m\u00e4tning i samband med projekt f\u00f6r nybyggnation, underh\u00e5ll och renovering av j\u00e4rnv\u00e4gar och tunnelbanor \u00f6ver hela Europa. V\u00e5rt team har de kunskaper och resurser samt den kompetens och erfarenhet som kr\u00e4vs f\u00f6r att snabbt leverera noggrann information som h\u00e5ller ditt projekt p\u00e5 r\u00e4tt sp\u00e5r. Eftersom arbetet i sp\u00e5rmilj\u00f6 \u00e4r speciellt kr\u00e4vande genomg\u00e5r alla medlemmar av EXACT Team Specialist utbildningar f\u00f6r beh\u00f6righet och s\u00e4kerhet. Vid projekt i sp\u00e5rmilj\u00f6 \u00e4r det mycket viktigt att de nationella j\u00e4rnv\u00e4gsmyndigheternas krav p\u00e5 dokumentation uppfylls. Vi tillhandah\u00e5ller ocks\u00e5 dokumentation \u00f6ver det f\u00e4rdiga byggresultatet enligt dina \u00f6nskem\u00e5l.<\/p>\n<p>Inom EXACT Team Specialist ing\u00e5r ocks\u00e5 har experter inom topografisk m\u00e4tning och dokumentation f\u00f6r projektplanering. V\u00e5rt fokus ligger p\u00e5 kvalitet och precision och vi utf\u00f6r v\u00e5ra m\u00e4tningar och dokumentation enligt g\u00e4llande regelverk. Vi utf\u00f6r m\u00e4tning och levererar m\u00e4tdata och terr\u00e4ngmodeller som \u00e4r f\u00e4rdiga att anv\u00e4ndas i ditt projekt. Vi har ocks\u00e5 kompetens och utrustning f\u00f6r detaljerad m\u00e4tning i industrimilj\u00f6 d\u00e4r det st\u00e4lls h\u00f6ga krav p\u00e5 precision. Vi arbetar ocks\u00e5 med signalering f\u00f6r flygfotografering och m\u00e4tning av h\u00f6jdst\u00f6d vid skanningsarbeten. Vi tar g\u00e4rna helhetsansvaret f\u00f6r helikopterbaserade m\u00e4tningar i samband med ditt projekt.<\/p>\n<h3>Obemannade luftfarkoster<\/h3>\n<p>F\u00f6rutom lantm\u00e4tning p\u00e5 f\u00e4ltet anv\u00e4nder vi \u00e4ven laserskanningsteknik fr\u00e5n luften och UAV (obemannade luftfarkoster). UAV \u00e4r ett v\u00e4rdefullt verktyg f\u00f6r insamling av data f\u00f6r inspektion, \u00f6vervakning, kartl\u00e4ggning och 3D-modellering. Vi rekommenderar en l\u00f6sning med flera rotorer och fasta vingar f\u00f6r generering av ortofoton och 3D-kartl\u00e4ggning av infrastruktur och gruvanl\u00e4ggningar. V\u00e5r UAV-l\u00f6sning \u00e4r ett smart s\u00e4tt att alltid h\u00e5lla informationen p\u00e5 din byggplats uppdaterad.<\/p>\n<h3>Byggnadsinformationsmodellering (BIM)<\/h3>\n<p>3D-m\u00e4tningar och modeller fr\u00e5n EXACT \u00e4r utg\u00e5ngspunkten f\u00f6r alla framg\u00e5ngsrika BIM-projektet. Vi levererar de BIM-data du beh\u00f6ver f\u00f6r att fatta r\u00e4tt beslut under byggprojektet. Vi anv\u00e4nder 3D-skanningsteknik f\u00f6r att skapa exakta digitala modeller som hj\u00e4lper dina arkitekter, ingenj\u00f6rer och formgivare att visualisera form och funktion, f\u00f6rutse kostnader och i god tid g\u00f6ra eventuellt n\u00f6dv\u00e4ndiga f\u00f6r\u00e4ndringar. EXACT hj\u00e4lper dig att fatta smarta beslut tidigt i processen s\u00e5 att du undviker kostsamma fel och ser till att strukturen blir v\u00e4lbyggd, kostnadseffektiv och energieffektiv. <a href=\"http:\/\/www.teamexact.com\/sv\/vi-gor-bim-begripligt\/\">Read more.<\/a><\/p>\n<h3>Exact as Built<\/h3>\n<p>Konstruktion, ombyggnad och andra tekniska projekt och f\u00f6rvaltningsprojekt kr\u00e4ver noggrann och fullst\u00e4ndig dokumentation i god tid f\u00f6r framtida drift och underh\u00e5ll. EXACT tar fram CAD-ritningar av det f\u00e4rdiga byggresultatet d\u00e4r samtliga systemkomponenters m\u00e5tt och placering framg\u00e5r. Ritningar \u00f6ver det f\u00e4rdiga byggresultatet tas fram efter en fullst\u00e4ndig m\u00e4tning, eller efter en begr\u00e4nsad m\u00e4tning om du bara vill komplettera befintliga ritningar. Vi ger dig all dokumentation som du beh\u00f6ver. <a href=\"http:\/\/www.teamexact.com\/sv\/exact-as-built\/\">L\u00e4s mer<\/a><\/p>\n<h3>Sj\u00f6m\u00e4tning<\/h3>\n<p>EXACT erbjuder m\u00e4tning med ekolod av insj\u00f6ar, \u00e4lvar, vattenmagasin och sj\u00f6bottnar ned till ca 80 meters djup. Ekolod-, GPS- och attitydm\u00e4tningarna bearbetas till terr\u00e4ngmodeller som kan levereras separat eller i kombination med landdata. F\u00f6r att samla in tillr\u00e4ckliga m\u00e4ngder data och undvika on\u00f6diga f\u00f6rseningar b\u00f6r m\u00e4tningar i marina milj\u00f6er utf\u00f6ras av specialister med hydrografisk erfarenhet och k\u00e4nnedom om vad som k\u00e4nnetecknar m\u00e4tningar av h\u00f6g kvalitet. D\u00e4rf\u00f6r litar vi p\u00e5 skickliga och erfarna lantm\u00e4tare.<\/p>\n<h3>Geodetisk m\u00e4tning<\/h3>\n<p>Vid geodetisk m\u00e4tning best\u00e4ms positioner mot ett n\u00e4t av referenspunkter eller med hj\u00e4lp av satellitteknik. M\u00e4tv\u00e4rdena anv\u00e4nds f\u00f6r v\u00e4gar eller byggnader och kan \u00e4ven ligga till grund f\u00f6r digitala modeller och kartor. Vi utf\u00f6r traditionella geodetiska m\u00e4tningar med totalstation och satellitbaserade m\u00e4tningar. M\u00e4tningarna ligger \u00e4ven till grund f\u00f6r stomn\u00e4t med mycket h\u00f6g noggrannhet.<\/p>\n<h3>Geografiskt informationssystem<\/h3>\n<p>Vi erbjuder insamling av data f\u00f6r framst\u00e4llning av prim\u00e4rkartor, nybyggnadskartor, ledningskartor och kyrkog\u00e5rdskartor. Vare sig det \u00e4r ajourh\u00e5llning eller nyframst\u00e4llning erbjuder vi er korta leveranstider. Kartorna leveras i 2D eller 3D allt efter ert \u00f6nskem\u00e5l. Vi erbjuder ocks\u00e5 att attributs\u00e4tta era kartor s\u00e5 de passar i just ert GIS-system. Tack vare stor geografisk t\u00e4ckning och goda personalresurser kan vi leverera h\u00f6gsta kvalitet, oavsett var projektet finns.<\/p>\n","protected":false},"excerpt":{"rendered":"<p>Vi unders\u00f6ker alla parametrar och f\u00f6rh\u00e5llanden p\u00e5 den planerade anl\u00e4ggningsplatsen och kringliggande omr\u00e5den grundligt innan projektplaneringen och byggnadsarbetena b\u00f6rjar. Vi levererar alla m\u00e4tdata du beh\u00f6ver f\u00f6r att f\u00f6rvandla id\u00e9er till fysiska konstruktioner. V\u00e5ra yrkesskickliga m\u00e4tare tar i n\u00e4ra samarbete med arkitekter, ingenj\u00f6rer och formgivare fram m\u00e4tritningar som senare inf\u00f6rlivas i de tekniska ritningarna. Du kan [&hellip;]<\/p>\n","protected":false},"author":1,"featured_media":0,"parent":0,"menu_order":0,"comment_status":"open","ping_status":"open","template":"template-area.php","meta":{"_acf_changed":false,"footnotes":""},"acf":[],"yoast_head":"<!-- This site is optimized with the Yoast SEO plugin v22.2 - https:\/\/yoast.com\/wordpress\/plugins\/seo\/ -->\n<title>Konstruktionsarbete - EXACT<\/title>\n<meta name=\"robots\" content=\"index, follow, max-snippet:-1, max-image-preview:large, max-video-preview:-1\" \/>\n<link rel=\"canonical\" href=\"https:\/\/teamexact.com\/sv\/konstruktionsarbete\/\" \/>\n<meta property=\"og:locale\" content=\"sv_SE\" \/>\n<meta property=\"og:type\" content=\"article\" \/>\n<meta property=\"og:title\" content=\"Konstruktionsarbete - EXACT\" \/>\n<meta property=\"og:description\" content=\"Vi unders\u00f6ker alla parametrar och f\u00f6rh\u00e5llanden p\u00e5 den planerade anl\u00e4ggningsplatsen och kringliggande omr\u00e5den grundligt innan projektplaneringen och byggnadsarbetena b\u00f6rjar. Vi levererar alla m\u00e4tdata du beh\u00f6ver f\u00f6r att f\u00f6rvandla id\u00e9er till fysiska konstruktioner. V\u00e5ra yrkesskickliga m\u00e4tare tar i n\u00e4ra samarbete med arkitekter, ingenj\u00f6rer och formgivare fram m\u00e4tritningar som senare inf\u00f6rlivas i de tekniska ritningarna. Du kan [&hellip;]\" \/>\n<meta property=\"og:url\" content=\"https:\/\/teamexact.com\/sv\/konstruktionsarbete\/\" \/>\n<meta property=\"og:site_name\" content=\"EXACT\" \/>\n<meta property=\"article:modified_time\" content=\"2021-09-17T07:28:00+00:00\" \/>\n<meta name=\"twitter:card\" content=\"summary_large_image\" \/>\n<meta name=\"twitter:label1\" content=\"Ber\u00e4knad l\u00e4stid\" \/>\n\t<meta name=\"twitter:data1\" content=\"3 minuter\" \/>\n<script type=\"application\/ld+json\" class=\"yoast-schema-graph\">{\"@context\":\"https:\/\/schema.org\",\"@graph\":[{\"@type\":\"WebPage\",\"@id\":\"https:\/\/teamexact.com\/sv\/konstruktionsarbete\/\",\"url\":\"https:\/\/teamexact.com\/sv\/konstruktionsarbete\/\",\"name\":\"Konstruktionsarbete - EXACT\",\"isPartOf\":{\"@id\":\"https:\/\/teamexact.com\/sv\/#website\"},\"datePublished\":\"2015-06-15T12:48:22+00:00\",\"dateModified\":\"2021-09-17T07:28:00+00:00\",\"breadcrumb\":{\"@id\":\"https:\/\/teamexact.com\/sv\/konstruktionsarbete\/#breadcrumb\"},\"inLanguage\":\"sv-SE\",\"potentialAction\":[{\"@type\":\"ReadAction\",\"target\":[\"https:\/\/teamexact.com\/sv\/konstruktionsarbete\/\"]}]},{\"@type\":\"BreadcrumbList\",\"@id\":\"https:\/\/teamexact.com\/sv\/konstruktionsarbete\/#breadcrumb\",\"itemListElement\":[{\"@type\":\"ListItem\",\"position\":1,\"name\":\"Home\",\"item\":\"https:\/\/teamexact.com\/sv\/\"},{\"@type\":\"ListItem\",\"position\":2,\"name\":\"Konstruktionsarbete\"}]},{\"@type\":\"WebSite\",\"@id\":\"https:\/\/teamexact.com\/sv\/#website\",\"url\":\"https:\/\/teamexact.com\/sv\/\",\"name\":\"EXACT\",\"description\":\"We see more\",\"potentialAction\":[{\"@type\":\"SearchAction\",\"target\":{\"@type\":\"EntryPoint\",\"urlTemplate\":\"https:\/\/teamexact.com\/sv\/?s={search_term_string}\"},\"query-input\":\"required name=search_term_string\"}],\"inLanguage\":\"sv-SE\"}]}<\/script>\n<!-- \/ Yoast SEO plugin. -->","yoast_head_json":{"title":"Konstruktionsarbete - EXACT","robots":{"index":"index","follow":"follow","max-snippet":"max-snippet:-1","max-image-preview":"max-image-preview:large","max-video-preview":"max-video-preview:-1"},"canonical":"https:\/\/teamexact.com\/sv\/konstruktionsarbete\/","og_locale":"sv_SE","og_type":"article","og_title":"Konstruktionsarbete - EXACT","og_description":"Vi unders\u00f6ker alla parametrar och f\u00f6rh\u00e5llanden p\u00e5 den planerade anl\u00e4ggningsplatsen och kringliggande omr\u00e5den grundligt innan projektplaneringen och byggnadsarbetena b\u00f6rjar. Vi levererar alla m\u00e4tdata du beh\u00f6ver f\u00f6r att f\u00f6rvandla id\u00e9er till fysiska konstruktioner. V\u00e5ra yrkesskickliga m\u00e4tare tar i n\u00e4ra samarbete med arkitekter, ingenj\u00f6rer och formgivare fram m\u00e4tritningar som senare inf\u00f6rlivas i de tekniska ritningarna. Du kan [&hellip;]","og_url":"https:\/\/teamexact.com\/sv\/konstruktionsarbete\/","og_site_name":"EXACT","article_modified_time":"2021-09-17T07:28:00+00:00","twitter_card":"summary_large_image","twitter_misc":{"Ber\u00e4knad l\u00e4stid":"3 minuter"},"schema":{"@context":"https:\/\/schema.org","@graph":[{"@type":"WebPage","@id":"https:\/\/teamexact.com\/sv\/konstruktionsarbete\/","url":"https:\/\/teamexact.com\/sv\/konstruktionsarbete\/","name":"Konstruktionsarbete - EXACT","isPartOf":{"@id":"https:\/\/teamexact.com\/sv\/#website"},"datePublished":"2015-06-15T12:48:22+00:00","dateModified":"2021-09-17T07:28:00+00:00","breadcrumb":{"@id":"https:\/\/teamexact.com\/sv\/konstruktionsarbete\/#breadcrumb"},"inLanguage":"sv-SE","potentialAction":[{"@type":"ReadAction","target":["https:\/\/teamexact.com\/sv\/konstruktionsarbete\/"]}]},{"@type":"BreadcrumbList","@id":"https:\/\/teamexact.com\/sv\/konstruktionsarbete\/#breadcrumb","itemListElement":[{"@type":"ListItem","position":1,"name":"Home","item":"https:\/\/teamexact.com\/sv\/"},{"@type":"ListItem","position":2,"name":"Konstruktionsarbete"}]},{"@type":"WebSite","@id":"https:\/\/teamexact.com\/sv\/#website","url":"https:\/\/teamexact.com\/sv\/","name":"EXACT","description":"We see more","potentialAction":[{"@type":"SearchAction","target":{"@type":"EntryPoint","urlTemplate":"https:\/\/teamexact.com\/sv\/?s={search_term_string}"},"query-input":"required name=search_term_string"}],"inLanguage":"sv-SE"}]}},"_links":{"self":[{"href":"https:\/\/teamexact.com\/sv\/wp-json\/wp\/v2\/pages\/1176"}],"collection":[{"href":"https:\/\/teamexact.com\/sv\/wp-json\/wp\/v2\/pages"}],"about":[{"href":"https:\/\/teamexact.com\/sv\/wp-json\/wp\/v2\/types\/page"}],"author":[{"embeddable":true,"href":"https:\/\/teamexact.com\/sv\/wp-json\/wp\/v2\/users\/1"}],"replies":[{"embeddable":true,"href":"https:\/\/teamexact.com\/sv\/wp-json\/wp\/v2\/comments?post=1176"}],"version-history":[{"count":7,"href":"https:\/\/teamexact.com\/sv\/wp-json\/wp\/v2\/pages\/1176\/revisions"}],"predecessor-version":[{"id":4933,"href":"https:\/\/teamexact.com\/sv\/wp-json\/wp\/v2\/pages\/1176\/revisions\/4933"}],"wp:attachment":[{"href":"https:\/\/teamexact.com\/sv\/wp-json\/wp\/v2\/media?parent=1176"}],"curies":[{"name":"wp","href":"https:\/\/api.w.org\/{rel}","templated":true}]}}