{"id":1180,"date":"2015-06-15T14:50:08","date_gmt":"2015-06-15T12:50:08","guid":{"rendered":"http:\/\/exact.lebowski.se\/industry-surveying-2\/"},"modified":"2021-05-17T15:03:53","modified_gmt":"2021-05-17T13:03:53","slug":"industrimatning","status":"publish","type":"page","link":"https:\/\/teamexact.com\/sv\/industrimatning\/","title":{"rendered":"Industrim\u00e4tning"},"content":{"rendered":"<p><strong>Vi erbjuder en l\u00e5ng rad tj\u00e4nster inom industrim\u00e4tning \u2013 fr\u00e5n landbaserad m\u00e4tning av industrianl\u00e4ggningar till m\u00e4tning offshore under kr\u00e4vande f\u00f6rh\u00e5llanden. F\u00f6r noggranna m\u00e4tningar i utmanande milj\u00f6er kr\u00e4vs mycket avancerad teknik och personal med h\u00f6g kompetens. V\u00e5ra m\u00e4tkonsulter m\u00e5ste ofta arbeta i tr\u00e5nga utrymmen och under v\u00e4ldigt tuffa f\u00f6rh\u00e5llanden. De har rutinen som kr\u00e4vs och de \u00e4r kunniga och kompetenta yrkesm\u00e4nniskor med erfarenhet fr\u00e5n vitt skilda projekt i olika branscher. Vi garanterar att du f\u00e5r v\u00e4lutbildade och erfarna lantm\u00e4tare som g\u00f6r ett bra jobb.<\/strong><\/p>\n<p>&nbsp;<\/p>\n<h3>M\u00e4tningar i olje- och gasindustri offshore<\/h3>\n<p>Vi p\u00e5 EXACT vet att den mest kritiska faktorn vid allt arbete offshore \u00e4r tid. D\u00e4rf\u00f6r \u00e4r laserscannern perfekt f\u00f6r att tillhandah\u00e5lla noggranna och mycket detaljerade 3D-punktmoln. V\u00e5ra m\u00e4tningar av plattformar och fartyg baseras p\u00e5 ett system med XYZ-rutn\u00e4tsreferenser. Vi m\u00e4ter vanligen objektet offshore och utf\u00f6r sedan modelleringen av objektet p\u00e5 v\u00e5rt kontor i land. EXACT genomf\u00f6r \u00e4ven kontrollm\u00e4tningar som l\u00e4ggs till grund f\u00f6r dokumentation av f\u00e4rdiga byggresultat.<\/p>\n<h3>M\u00e4tning av industriutrustning<\/h3>\n<p>Det som m\u00e4tts upp kan ocks\u00e5 hanteras. Vi utf\u00f6r m\u00e4tningar av industrianl\u00e4ggningar f\u00f6r att kartl\u00e4gga maskinernas exakta placering genom att utarbeta fundamentritningar, maskinernas ytterm\u00e5tt, maskinaxlar, baslinjer och ritningar f\u00f6r fundamentplattor. Vi ger dig alla m\u00e4tv\u00e4rden du beh\u00f6ver f\u00f6r att installera industriutrustning och kontrollera placeringen av precisionsmaskiner som t.ex. valsverk f\u00f6r att s\u00e4kerst\u00e4lla att produkten (st\u00e5l, papper, plast osv.) inte veckas eller hamnar utanf\u00f6r valskanten. Vi kan m\u00e4ta cylinderformer i detalj och kalibrera lagertankar i enlighet med ISO-specifikationerna samt utf\u00f6ra s\u00e4ttningskontroller och utarbeta dokumentation.<\/p>\n<h3>M\u00e4tning av industrianl\u00e4ggningar<\/h3>\n<p>EXACTs m\u00e4tkonsulter anv\u00e4nder den senaste laserskannings- och 3D-modelleringstekniken f\u00f6r att genomf\u00f6ra fullst\u00e4ndiga m\u00e4tningar av anl\u00e4ggningen. Datan kan d\u00e4refter ligga till grund f\u00f6r tillbyggnader, ombyggnader, moderniseringar och schemalagda underh\u00e5llsarbeten. Vi m\u00e4ter och registrerar f\u00e4rdiga f\u00f6rh\u00e5llanden samt kartl\u00e4gger och modellerar anl\u00e4ggningar, system, strukturer, r\u00f6r, utrustning och alla befintliga komponenter och integrerar dem i en 3D-konstruktionsmodell. Vi hj\u00e4lper dig att se exakt var n\u00e4stan alla objekt i anl\u00e4ggningen \u00e4r placerade och \u00e4ven deras placering i f\u00f6rh\u00e5llande till andra objekt. Vi ger dig full kontroll \u00f6ver anl\u00e4ggningens konstruktion och utformning.<\/p>\n<h3>Byggnadsinformationsmodellering (BIM)<\/h3>\n<p>3D-m\u00e4tningar och modeller fr\u00e5n EXACT \u00e4r utg\u00e5ngspunkten f\u00f6r alla framg\u00e5ngsrika BIM-projektet. Vi levererar de BIM-data du beh\u00f6ver f\u00f6r att fatta r\u00e4tt beslut under byggprojektet. Vi anv\u00e4nder 3D-skanningsteknik f\u00f6r att skapa exakta digitala modeller som hj\u00e4lper dina arkitekter, ingenj\u00f6rer och formgivare att visualisera form och funktion, f\u00f6rutse kostnader och i god tid g\u00f6ra eventuellt n\u00f6dv\u00e4ndiga f\u00f6r\u00e4ndringar. EXACT hj\u00e4lper dig att fatta smarta beslut tidigt i processen s\u00e5 att du undviker kostsamma fel och ser till att strukturen blir v\u00e4lbyggd, kostnadseffektiv och energieffektiv. <a href=\"http:\/\/www.teamexact.com\/sv\/vi-gor-bim-begripligt\/\">Read more.<\/a><\/p>\n<h3>Exact as Built<\/h3>\n<p>Konstruktion, ombyggnad och andra tekniska projekt och f\u00f6rvaltningsprojekt kr\u00e4ver noggrann och fullst\u00e4ndig dokumentation i god tid f\u00f6r framtida drift och underh\u00e5ll. EXACT tar fram CAD-ritningar av det f\u00e4rdiga byggresultatet d\u00e4r samtliga systemkomponenters m\u00e5tt och placering framg\u00e5r. Ritningar \u00f6ver det f\u00e4rdiga byggresultatet tas fram efter en fullst\u00e4ndig m\u00e4tning, eller efter en begr\u00e4nsad m\u00e4tning om du bara vill komplettera befintliga ritningar. Vi ger dig all dokumentation som du beh\u00f6ver. <a href=\"http:\/\/www.teamexact.com\/sv\/exact-as-built\/\">L\u00e4s mer<\/a><\/p>\n<h3><\/h3>\n","protected":false},"excerpt":{"rendered":"<p>Vi erbjuder en l\u00e5ng rad tj\u00e4nster inom industrim\u00e4tning \u2013 fr\u00e5n landbaserad m\u00e4tning av industrianl\u00e4ggningar till m\u00e4tning offshore under kr\u00e4vande f\u00f6rh\u00e5llanden. F\u00f6r noggranna m\u00e4tningar i utmanande milj\u00f6er kr\u00e4vs mycket avancerad teknik och personal med h\u00f6g kompetens. V\u00e5ra m\u00e4tkonsulter m\u00e5ste ofta arbeta i tr\u00e5nga utrymmen och under v\u00e4ldigt tuffa f\u00f6rh\u00e5llanden. De har rutinen som kr\u00e4vs och de [&hellip;]<\/p>\n","protected":false},"author":1,"featured_media":0,"parent":0,"menu_order":0,"comment_status":"open","ping_status":"open","template":"template-area.php","meta":{"_acf_changed":false,"footnotes":""},"acf":[],"yoast_head":"<!-- This site is optimized with the Yoast SEO plugin v22.2 - https:\/\/yoast.com\/wordpress\/plugins\/seo\/ -->\n<title>Industrim\u00e4tning - EXACT<\/title>\n<meta name=\"robots\" content=\"index, follow, max-snippet:-1, max-image-preview:large, max-video-preview:-1\" \/>\n<link rel=\"canonical\" href=\"https:\/\/teamexact.com\/sv\/industrimatning\/\" \/>\n<meta property=\"og:locale\" content=\"sv_SE\" \/>\n<meta property=\"og:type\" content=\"article\" \/>\n<meta property=\"og:title\" content=\"Industrim\u00e4tning - EXACT\" \/>\n<meta property=\"og:description\" content=\"Vi erbjuder en l\u00e5ng rad tj\u00e4nster inom industrim\u00e4tning \u2013 fr\u00e5n landbaserad m\u00e4tning av industrianl\u00e4ggningar till m\u00e4tning offshore under kr\u00e4vande f\u00f6rh\u00e5llanden. F\u00f6r noggranna m\u00e4tningar i utmanande milj\u00f6er kr\u00e4vs mycket avancerad teknik och personal med h\u00f6g kompetens. V\u00e5ra m\u00e4tkonsulter m\u00e5ste ofta arbeta i tr\u00e5nga utrymmen och under v\u00e4ldigt tuffa f\u00f6rh\u00e5llanden. De har rutinen som kr\u00e4vs och de [&hellip;]\" \/>\n<meta property=\"og:url\" content=\"https:\/\/teamexact.com\/sv\/industrimatning\/\" \/>\n<meta property=\"og:site_name\" content=\"EXACT\" \/>\n<meta property=\"article:modified_time\" content=\"2021-05-17T13:03:53+00:00\" \/>\n<meta name=\"twitter:card\" content=\"summary_large_image\" \/>\n<meta name=\"twitter:label1\" content=\"Ber\u00e4knad l\u00e4stid\" \/>\n\t<meta name=\"twitter:data1\" content=\"3 minuter\" \/>\n<script type=\"application\/ld+json\" class=\"yoast-schema-graph\">{\"@context\":\"https:\/\/schema.org\",\"@graph\":[{\"@type\":\"WebPage\",\"@id\":\"https:\/\/teamexact.com\/sv\/industrimatning\/\",\"url\":\"https:\/\/teamexact.com\/sv\/industrimatning\/\",\"name\":\"Industrim\u00e4tning - EXACT\",\"isPartOf\":{\"@id\":\"https:\/\/teamexact.com\/sv\/#website\"},\"datePublished\":\"2015-06-15T12:50:08+00:00\",\"dateModified\":\"2021-05-17T13:03:53+00:00\",\"breadcrumb\":{\"@id\":\"https:\/\/teamexact.com\/sv\/industrimatning\/#breadcrumb\"},\"inLanguage\":\"sv-SE\",\"potentialAction\":[{\"@type\":\"ReadAction\",\"target\":[\"https:\/\/teamexact.com\/sv\/industrimatning\/\"]}]},{\"@type\":\"BreadcrumbList\",\"@id\":\"https:\/\/teamexact.com\/sv\/industrimatning\/#breadcrumb\",\"itemListElement\":[{\"@type\":\"ListItem\",\"position\":1,\"name\":\"Home\",\"item\":\"https:\/\/teamexact.com\/sv\/\"},{\"@type\":\"ListItem\",\"position\":2,\"name\":\"Industrim\u00e4tning\"}]},{\"@type\":\"WebSite\",\"@id\":\"https:\/\/teamexact.com\/sv\/#website\",\"url\":\"https:\/\/teamexact.com\/sv\/\",\"name\":\"EXACT\",\"description\":\"We see more\",\"potentialAction\":[{\"@type\":\"SearchAction\",\"target\":{\"@type\":\"EntryPoint\",\"urlTemplate\":\"https:\/\/teamexact.com\/sv\/?s={search_term_string}\"},\"query-input\":\"required name=search_term_string\"}],\"inLanguage\":\"sv-SE\"}]}<\/script>\n<!-- \/ Yoast SEO plugin. -->","yoast_head_json":{"title":"Industrim\u00e4tning - EXACT","robots":{"index":"index","follow":"follow","max-snippet":"max-snippet:-1","max-image-preview":"max-image-preview:large","max-video-preview":"max-video-preview:-1"},"canonical":"https:\/\/teamexact.com\/sv\/industrimatning\/","og_locale":"sv_SE","og_type":"article","og_title":"Industrim\u00e4tning - EXACT","og_description":"Vi erbjuder en l\u00e5ng rad tj\u00e4nster inom industrim\u00e4tning \u2013 fr\u00e5n landbaserad m\u00e4tning av industrianl\u00e4ggningar till m\u00e4tning offshore under kr\u00e4vande f\u00f6rh\u00e5llanden. F\u00f6r noggranna m\u00e4tningar i utmanande milj\u00f6er kr\u00e4vs mycket avancerad teknik och personal med h\u00f6g kompetens. V\u00e5ra m\u00e4tkonsulter m\u00e5ste ofta arbeta i tr\u00e5nga utrymmen och under v\u00e4ldigt tuffa f\u00f6rh\u00e5llanden. De har rutinen som kr\u00e4vs och de [&hellip;]","og_url":"https:\/\/teamexact.com\/sv\/industrimatning\/","og_site_name":"EXACT","article_modified_time":"2021-05-17T13:03:53+00:00","twitter_card":"summary_large_image","twitter_misc":{"Ber\u00e4knad l\u00e4stid":"3 minuter"},"schema":{"@context":"https:\/\/schema.org","@graph":[{"@type":"WebPage","@id":"https:\/\/teamexact.com\/sv\/industrimatning\/","url":"https:\/\/teamexact.com\/sv\/industrimatning\/","name":"Industrim\u00e4tning - EXACT","isPartOf":{"@id":"https:\/\/teamexact.com\/sv\/#website"},"datePublished":"2015-06-15T12:50:08+00:00","dateModified":"2021-05-17T13:03:53+00:00","breadcrumb":{"@id":"https:\/\/teamexact.com\/sv\/industrimatning\/#breadcrumb"},"inLanguage":"sv-SE","potentialAction":[{"@type":"ReadAction","target":["https:\/\/teamexact.com\/sv\/industrimatning\/"]}]},{"@type":"BreadcrumbList","@id":"https:\/\/teamexact.com\/sv\/industrimatning\/#breadcrumb","itemListElement":[{"@type":"ListItem","position":1,"name":"Home","item":"https:\/\/teamexact.com\/sv\/"},{"@type":"ListItem","position":2,"name":"Industrim\u00e4tning"}]},{"@type":"WebSite","@id":"https:\/\/teamexact.com\/sv\/#website","url":"https:\/\/teamexact.com\/sv\/","name":"EXACT","description":"We see more","potentialAction":[{"@type":"SearchAction","target":{"@type":"EntryPoint","urlTemplate":"https:\/\/teamexact.com\/sv\/?s={search_term_string}"},"query-input":"required name=search_term_string"}],"inLanguage":"sv-SE"}]}},"_links":{"self":[{"href":"https:\/\/teamexact.com\/sv\/wp-json\/wp\/v2\/pages\/1180"}],"collection":[{"href":"https:\/\/teamexact.com\/sv\/wp-json\/wp\/v2\/pages"}],"about":[{"href":"https:\/\/teamexact.com\/sv\/wp-json\/wp\/v2\/types\/page"}],"author":[{"embeddable":true,"href":"https:\/\/teamexact.com\/sv\/wp-json\/wp\/v2\/users\/1"}],"replies":[{"embeddable":true,"href":"https:\/\/teamexact.com\/sv\/wp-json\/wp\/v2\/comments?post=1180"}],"version-history":[{"count":7,"href":"https:\/\/teamexact.com\/sv\/wp-json\/wp\/v2\/pages\/1180\/revisions"}],"predecessor-version":[{"id":4568,"href":"https:\/\/teamexact.com\/sv\/wp-json\/wp\/v2\/pages\/1180\/revisions\/4568"}],"wp:attachment":[{"href":"https:\/\/teamexact.com\/sv\/wp-json\/wp\/v2\/media?parent=1180"}],"curies":[{"name":"wp","href":"https:\/\/api.w.org\/{rel}","templated":true}]}}