{"id":1195,"date":"2015-06-15T14:08:45","date_gmt":"2015-06-15T12:08:45","guid":{"rendered":"http:\/\/exact.lebowski.se\/3d-scanning-2\/"},"modified":"2025-06-23T16:44:03","modified_gmt":"2025-06-23T14:44:03","slug":"3d-skanning","status":"publish","type":"page","link":"https:\/\/teamexact.com\/sv\/3d-skanning\/","title":{"rendered":"3D-skanning"},"content":{"rendered":"<p><strong>Vi m\u00e4ter alla typer av komplexa utrymmen och storskaliga objekt som exempelvis bostads- och kontorsbyggnader, fabriker, inv\u00e4ndiga konstruktioner och installationer. EXACT anv\u00e4nder avancerad 3D-skanningsteknik f\u00f6r snabb och noggrann insamling av data d\u00e4r inga detaljer l\u00e4mnas \u00e5t slumpen. V\u00e5ra m\u00e4tningar resulterar i v\u00e4rdefulla m\u00e4tdata som anv\u00e4nds till dokumentation f\u00f6r en rad olika \u00e4ndam\u00e5l. Vi presenterar och levererar din data i 3D-modeller, 2D-ritningar eller elevations-\/tv\u00e4rsnittsritningar allt enligt dina \u00f6nskem\u00e5l.<\/strong><\/p>\n<h3>Exact as Built<\/h3>\n<p>Konstruktion, ombyggnad och andra tekniska projekt och f\u00f6rvaltningsprojekt kr\u00e4ver noggrann och fullst\u00e4ndig dokumentation i god tid f\u00f6r framtida drift och underh\u00e5ll. EXACT tar fram CAD-ritningar av det f\u00e4rdiga byggresultatet d\u00e4r samtliga systemkomponenters m\u00e5tt och placering framg\u00e5r. Ritningar \u00f6ver det f\u00e4rdiga byggresultatet tas fram efter en fullst\u00e4ndig m\u00e4tning, eller efter en begr\u00e4nsad m\u00e4tning om du bara vill komplettera befintliga ritningar. Vi ger dig all dokumentation som du beh\u00f6ver.<\/p>\n<div class=\"apply\"><a class=\"button\" href=\"http:\/\/www.teamexact.com\/sv\/exact-as-built\/\">L\u00e4s mer<\/a><\/div>\n<h3>Byggnadsinformationsmodellering (BIM)<\/h3>\n<p>Vi levererar de data f\u00f6r byggnadsinformationsmodellering som du beh\u00f6ver f\u00f6r att fatta r\u00e4tt beslut under byggprojektet. EXACT anv\u00e4nder 3D-skanningsteknik f\u00f6r att skapa exakta digitala modeller som hj\u00e4lper arkitekter, ingenj\u00f6rer och formgivare att visualisera form och funktion, f\u00f6rutse kostnader och i god tid g\u00f6ra eventuellt n\u00f6dv\u00e4ndiga f\u00f6r\u00e4ndringar. Med smarta beslut tidigt i processen kan du undvika kostsamma fel och se till att strukturen blir v\u00e4lbyggd, kostnadseffektiv och energieffektiv.<\/p>\n<div class=\"apply\"><a class=\"button\" href=\"http:\/\/www.teamexact.com\/sv\/vi-gor-bim-begripligt\/\">L\u00e4s mer<\/a><\/div>\n<h3>3D-skanning i farten<\/h3>\n<p>Med EXACTs 3D-kontrollbil, som \u00e4r utrustad med en 3D-laserskanner, kan vi snabbt genomf\u00f6ra lantm\u00e4tning och samla in precisa rumsliga data. Kontrollbilen \u00e4r speciellt anv\u00e4ndbar f\u00f6r framst\u00e4llning av topografiska kartor, niv\u00e5kartor, 3D-visualiseringar och digitala modeller av terr\u00e4ngen (DMT). Vi kan m\u00e4ta kartlagda omr\u00e5den p\u00e5 upp till en miljon kvadratmeter per dag. Tack vare den senaste laserskanningstekniken m\u00e4ter vi \u00e4ven de allra minsta detaljerna med st\u00f6rsta noggrannhet.<\/p>\n<h3>EXACT Street<\/h3>\n<p>EXACT Street \u00e4r den enda m\u00e4ttekniken i sin klass som garanterar en m\u00e4tnoggrannhet p\u00e5 h\u00f6gst 2 mm fr\u00e5n fasta punkter. Vid moderna v\u00e4gbyggen och v\u00e4greparationer \u00e4r denna teknik mycket v\u00e4rdefull. Tekniken m\u00f6jligg\u00f6r framtida v\u00e4gplanering och reparationer med noggranna, omf\u00e5ngsrika data och detaljerade kartor. EXACT Street sparar b\u00e5de tid och pengar, vare sig ditt projekt handlar om gator, landsv\u00e4gar eller motorv\u00e4gar.<\/p>\n<p>Med EXACT Street kan du uppn\u00e5 betydande besparingar vid nya v\u00e4gbyggen och f\u00f6rl\u00e4nga reparations\u00e5tg\u00e4rdernas livsl\u00e4ngd samtidigt som v\u00e4garna bara beh\u00f6ver h\u00e5llas st\u00e4ngda under en minimal tid. Framg\u00e5ngsrika v\u00e4gbyggnadsprojekt anv\u00e4nder EXACTs Street fr\u00e5n start till m\u00e5l och som underlag f\u00f6r 3D-modeller. En 3D-v\u00e4gkonstruktion som optimerats med EXACT Street hj\u00e4lper dig att visualisera v\u00e4gens IRI-v\u00e4rden, v\u00e4gytans dr\u00e4nering, oj\u00e4mnheter i l\u00e4ngd- och tv\u00e4rriktningen samt v\u00e4gbanans lutning.<\/p>\n<p>Tillsammans med oss kan du s\u00e4nka kostnaderna f\u00f6r on\u00f6diga ombyggnader och i st\u00e4llet fokusera p\u00e5 att uppn\u00e5 en j\u00e4mn v\u00e4gyta med homogena asfaltlager och l\u00e4mplig dr\u00e4nering. Resultatet blir h\u00f6g \u00e5kkomfort och s\u00e4kerhet under l\u00e5ng tid.<\/p>\n<h3>One-Button Scanning (OBS)<\/h3>\n<p>One-Button Scanning (OBS) fr\u00e5n oss p\u00e5 EXACT m\u00f6jligg\u00f6r extremt snabb och noggrann insamling av 3D-data och efterbehandling i molnet. OBS \u00e4r perfekt f\u00f6r dagbrott och andra jordf\u00f6rflyttningsprojekt och anv\u00e4nds f\u00f6r s\u00e4ker och effektiv insamling av 3D-m\u00e4tdata f\u00f6r alla konstruktioner och strukturer. Den snabba efterbehandlingen i molnet fokuserar p\u00e5 dataregistrering, digital generering av terr\u00e4ng, volymber\u00e4kning och kontroll av geometri och \u00f6verensst\u00e4mmelse vid 3D-projekt. Efter en kort introduktion implementeras OBS snabbt p\u00e5 plats.<\/p>\n<p>Alla operat\u00f6rer kan utf\u00f6ra 3D-skanning var som helst f\u00f6r generering av exakta data i h\u00f6gsta kvalitet. Anl\u00e4ggnings- och gruvbolag beh\u00f6ver inga m\u00e4ttekniker f\u00f6r insamling och analys av kartdata. I st\u00e4llet kan den ordinarie personalen samla in v\u00e4rdefulla data som st\u00f6d f\u00f6r de dagliga uppgifterna i anl\u00e4ggningsarbetet eller gruvdriften. Resultatet blir l\u00e4gre kostnader och h\u00f6gre vinst. V\u00e5rt skickliga team av kvalificerade och erfarna specialister behandlar den insamlade informationen enligt dina \u00f6nskem\u00e5l inom 24 timmar. Med v\u00e5r molnbaserade l\u00f6sning EXACT Mine Map f\u00e5r din personal tillg\u00e5ng till avancerad, anpassningsbar efterbehandling p\u00e5 webben via ett enkelt musklick.<\/p>\n<p>OBS-informationen f\u00f6rb\u00e4ttrar effektiviteten och minskar m\u00e4ngden utrustning som du beh\u00f6ver p\u00e5 plats. Du ser precis hur m\u00e5nga lastbilar som beh\u00f6vs p\u00e5 varje lastomr\u00e5de och undviker kostnader som orsakas av ramper med fel lutning. Med OBS anv\u00e4nder du exakt och uppdaterad information f\u00f6r att uppn\u00e5 optimala driftsprestanda och h\u00f6gsta s\u00e4kerhet samtidigt som de aff\u00e4rsm\u00e4ssiga riskerna reduceras. Du beh\u00f6ver varken investeringar eller experter f\u00f6r att komma ig\u00e5ng. Spara tid och pengar med oss.<\/p>\n<h2>EXACT STUDIO<\/h2>\n<p><strong>Fr\u00e5n m\u00e4tdata till interaktiv 3D<\/strong><br \/>\nUppt\u00e4ck v\u00e4rdet i dina m\u00e4tv\u00e4rden! Exact studio \u00e4r plattformen d\u00e4r du kan visualisera, analysera och dela dina geodata i realtid. Du f\u00e5r full kontroll \u00f6ver dina m\u00e4tdata \u2013 oavsett om du arbetar med punktmoln, 2D-ritningar, 3D-modeller, interaktiva 360\u00b0\u2013panoraman eller dr\u00f6nardata.<\/p>\n<p><iframe loading=\"lazy\" width=\"560\" height=\"315\" src=\"https:\/\/www.youtube.com\/embed\/mQ3O1iNJnVw?si=S_gO_lnrQtDtMHTZ\" title=\"YouTube video player\" frameborder=\"0\" allow=\"accelerometer; autoplay; clipboard-write; encrypted-media; gyroscope; picture-in-picture; web-share\" referrerpolicy=\"strict-origin-when-cross-origin\" allowfullscreen><\/iframe><\/p>\n<p><strong>Vidga dina vyer<\/strong><br \/>\nZooma in och ut. Panorera och rotera i 360\u00b0. I Exact studio kan du se och utforska dina uppm\u00e4tta platser fr\u00e5n alla h\u00e5ll och vinklar. T\u00e4nk dig ett Google Street View \u2013 fast utifr\u00e5n just dina m\u00e4tdata, med avancerade m\u00f6jligheter f\u00f6r dig att uppleva dina milj\u00f6er och analysera dem i minsta detalj.<br \/>\nKoll p\u00e5 varje kvadratmeter<br \/>\nF\u00e5 full kontroll \u00f6ver komplexa byggnader och milj\u00f6er. Kombinera 3D-modeller, 2D-ritningar, 360\u00b0-panoraman, punktmoln och dr\u00f6nardata i ett och samma gr\u00e4nssnitt. V\u00e4xla s\u00f6ml\u00f6st mellan olika datak\u00e4llor, platser och perspektiv f\u00f6r att f\u00e5 en helhetsbild \u00f6ver platsen \u2013 \u00e4ven de allra minsta detaljerna.<\/p>\n<p><strong>M\u00e4t med exakthet<\/strong><br \/>\nMarkera och m\u00e4t. I Exact Studio m\u00e4ter du avst\u00e5nd, ytor och volymer med ett klick. Eftersom allt du m\u00e4ter bygger p\u00e5 exakta m\u00e4tdata, f\u00e5r du ocks\u00e5 exakta resultat. Linjem\u00e4tningar, arealm\u00e4tningar och volymber\u00e4kningar har aldrig varit enklare.<\/p>\n<p><strong>Punktmarkera och dela platser<\/strong><br \/>\nMarkera intressanta punkter som POI:er. Ladda upp bilder, filmer och anteckningar till varje sparad punkt. Dela dina sparade punkter med kollegor och samarbetspartners f\u00f6r ett \u00e4nnu smidigare samarbete.<\/p>\n<p><strong>Samarbeta med vem du vill, n\u00e4r du vill<\/strong><br \/>\nLadda upp och dela dina data med andra. Exact studio st\u00f6djer m\u00e4ngder av filformat och uppdateras i realtid \u2013 allt s\u00e5 att du och ditt team kan samarbeta effektivt.<\/p>\n","protected":false},"excerpt":{"rendered":"<p>Vi m\u00e4ter alla typer av komplexa utrymmen och storskaliga objekt som exempelvis bostads- och kontorsbyggnader, fabriker, inv\u00e4ndiga konstruktioner och installationer. EXACT anv\u00e4nder avancerad 3D-skanningsteknik f\u00f6r snabb och noggrann insamling av data d\u00e4r inga detaljer l\u00e4mnas \u00e5t slumpen. V\u00e5ra m\u00e4tningar resulterar i v\u00e4rdefulla m\u00e4tdata som anv\u00e4nds till dokumentation f\u00f6r en rad olika \u00e4ndam\u00e5l. Vi presenterar och [&hellip;]<\/p>\n","protected":false},"author":1,"featured_media":0,"parent":0,"menu_order":0,"comment_status":"open","ping_status":"open","template":"template-page.php","meta":{"_acf_changed":false,"footnotes":""},"acf":[],"yoast_head":"<!-- This site is optimized with the Yoast SEO plugin v22.2 - https:\/\/yoast.com\/wordpress\/plugins\/seo\/ -->\n<title>3D-skanning - EXACT<\/title>\n<meta name=\"robots\" content=\"index, follow, max-snippet:-1, max-image-preview:large, max-video-preview:-1\" \/>\n<link rel=\"canonical\" href=\"https:\/\/teamexact.com\/sv\/3d-skanning\/\" \/>\n<meta property=\"og:locale\" content=\"sv_SE\" \/>\n<meta property=\"og:type\" content=\"article\" \/>\n<meta property=\"og:title\" content=\"3D-skanning - EXACT\" \/>\n<meta property=\"og:description\" content=\"Vi m\u00e4ter alla typer av komplexa utrymmen och storskaliga objekt som exempelvis bostads- och kontorsbyggnader, fabriker, inv\u00e4ndiga konstruktioner och installationer. EXACT anv\u00e4nder avancerad 3D-skanningsteknik f\u00f6r snabb och noggrann insamling av data d\u00e4r inga detaljer l\u00e4mnas \u00e5t slumpen. V\u00e5ra m\u00e4tningar resulterar i v\u00e4rdefulla m\u00e4tdata som anv\u00e4nds till dokumentation f\u00f6r en rad olika \u00e4ndam\u00e5l. Vi presenterar och [&hellip;]\" \/>\n<meta property=\"og:url\" content=\"https:\/\/teamexact.com\/sv\/3d-skanning\/\" \/>\n<meta property=\"og:site_name\" content=\"EXACT\" \/>\n<meta property=\"article:modified_time\" content=\"2025-06-23T14:44:03+00:00\" \/>\n<meta name=\"twitter:card\" content=\"summary_large_image\" \/>\n<meta name=\"twitter:label1\" content=\"Ber\u00e4knad l\u00e4stid\" \/>\n\t<meta name=\"twitter:data1\" content=\"3 minuter\" \/>\n<script type=\"application\/ld+json\" class=\"yoast-schema-graph\">{\"@context\":\"https:\/\/schema.org\",\"@graph\":[{\"@type\":\"WebPage\",\"@id\":\"https:\/\/teamexact.com\/sv\/3d-skanning\/\",\"url\":\"https:\/\/teamexact.com\/sv\/3d-skanning\/\",\"name\":\"3D-skanning - EXACT\",\"isPartOf\":{\"@id\":\"https:\/\/teamexact.com\/sv\/#website\"},\"datePublished\":\"2015-06-15T12:08:45+00:00\",\"dateModified\":\"2025-06-23T14:44:03+00:00\",\"breadcrumb\":{\"@id\":\"https:\/\/teamexact.com\/sv\/3d-skanning\/#breadcrumb\"},\"inLanguage\":\"sv-SE\",\"potentialAction\":[{\"@type\":\"ReadAction\",\"target\":[\"https:\/\/teamexact.com\/sv\/3d-skanning\/\"]}]},{\"@type\":\"BreadcrumbList\",\"@id\":\"https:\/\/teamexact.com\/sv\/3d-skanning\/#breadcrumb\",\"itemListElement\":[{\"@type\":\"ListItem\",\"position\":1,\"name\":\"Home\",\"item\":\"https:\/\/teamexact.com\/sv\/\"},{\"@type\":\"ListItem\",\"position\":2,\"name\":\"3D-skanning\"}]},{\"@type\":\"WebSite\",\"@id\":\"https:\/\/teamexact.com\/sv\/#website\",\"url\":\"https:\/\/teamexact.com\/sv\/\",\"name\":\"EXACT\",\"description\":\"We see more\",\"potentialAction\":[{\"@type\":\"SearchAction\",\"target\":{\"@type\":\"EntryPoint\",\"urlTemplate\":\"https:\/\/teamexact.com\/sv\/?s={search_term_string}\"},\"query-input\":\"required name=search_term_string\"}],\"inLanguage\":\"sv-SE\"}]}<\/script>\n<!-- \/ Yoast SEO plugin. -->","yoast_head_json":{"title":"3D-skanning - EXACT","robots":{"index":"index","follow":"follow","max-snippet":"max-snippet:-1","max-image-preview":"max-image-preview:large","max-video-preview":"max-video-preview:-1"},"canonical":"https:\/\/teamexact.com\/sv\/3d-skanning\/","og_locale":"sv_SE","og_type":"article","og_title":"3D-skanning - EXACT","og_description":"Vi m\u00e4ter alla typer av komplexa utrymmen och storskaliga objekt som exempelvis bostads- och kontorsbyggnader, fabriker, inv\u00e4ndiga konstruktioner och installationer. EXACT anv\u00e4nder avancerad 3D-skanningsteknik f\u00f6r snabb och noggrann insamling av data d\u00e4r inga detaljer l\u00e4mnas \u00e5t slumpen. V\u00e5ra m\u00e4tningar resulterar i v\u00e4rdefulla m\u00e4tdata som anv\u00e4nds till dokumentation f\u00f6r en rad olika \u00e4ndam\u00e5l. Vi presenterar och [&hellip;]","og_url":"https:\/\/teamexact.com\/sv\/3d-skanning\/","og_site_name":"EXACT","article_modified_time":"2025-06-23T14:44:03+00:00","twitter_card":"summary_large_image","twitter_misc":{"Ber\u00e4knad l\u00e4stid":"3 minuter"},"schema":{"@context":"https:\/\/schema.org","@graph":[{"@type":"WebPage","@id":"https:\/\/teamexact.com\/sv\/3d-skanning\/","url":"https:\/\/teamexact.com\/sv\/3d-skanning\/","name":"3D-skanning - EXACT","isPartOf":{"@id":"https:\/\/teamexact.com\/sv\/#website"},"datePublished":"2015-06-15T12:08:45+00:00","dateModified":"2025-06-23T14:44:03+00:00","breadcrumb":{"@id":"https:\/\/teamexact.com\/sv\/3d-skanning\/#breadcrumb"},"inLanguage":"sv-SE","potentialAction":[{"@type":"ReadAction","target":["https:\/\/teamexact.com\/sv\/3d-skanning\/"]}]},{"@type":"BreadcrumbList","@id":"https:\/\/teamexact.com\/sv\/3d-skanning\/#breadcrumb","itemListElement":[{"@type":"ListItem","position":1,"name":"Home","item":"https:\/\/teamexact.com\/sv\/"},{"@type":"ListItem","position":2,"name":"3D-skanning"}]},{"@type":"WebSite","@id":"https:\/\/teamexact.com\/sv\/#website","url":"https:\/\/teamexact.com\/sv\/","name":"EXACT","description":"We see more","potentialAction":[{"@type":"SearchAction","target":{"@type":"EntryPoint","urlTemplate":"https:\/\/teamexact.com\/sv\/?s={search_term_string}"},"query-input":"required name=search_term_string"}],"inLanguage":"sv-SE"}]}},"_links":{"self":[{"href":"https:\/\/teamexact.com\/sv\/wp-json\/wp\/v2\/pages\/1195"}],"collection":[{"href":"https:\/\/teamexact.com\/sv\/wp-json\/wp\/v2\/pages"}],"about":[{"href":"https:\/\/teamexact.com\/sv\/wp-json\/wp\/v2\/types\/page"}],"author":[{"embeddable":true,"href":"https:\/\/teamexact.com\/sv\/wp-json\/wp\/v2\/users\/1"}],"replies":[{"embeddable":true,"href":"https:\/\/teamexact.com\/sv\/wp-json\/wp\/v2\/comments?post=1195"}],"version-history":[{"count":20,"href":"https:\/\/teamexact.com\/sv\/wp-json\/wp\/v2\/pages\/1195\/revisions"}],"predecessor-version":[{"id":7203,"href":"https:\/\/teamexact.com\/sv\/wp-json\/wp\/v2\/pages\/1195\/revisions\/7203"}],"wp:attachment":[{"href":"https:\/\/teamexact.com\/sv\/wp-json\/wp\/v2\/media?parent=1195"}],"curies":[{"name":"wp","href":"https:\/\/api.w.org\/{rel}","templated":true}]}}