{"id":1201,"date":"2015-06-15T14:19:36","date_gmt":"2015-06-15T12:19:36","guid":{"rendered":"http:\/\/exact.lebowski.se\/production-surveying-2\/"},"modified":"2021-05-06T17:01:36","modified_gmt":"2021-05-06T15:01:36","slug":"produktionsmatning","status":"publish","type":"page","link":"https:\/\/teamexact.com\/sv\/produktionsmatning\/","title":{"rendered":"Produktionsm\u00e4tning"},"content":{"rendered":"<p><strong>Vi erbjuder m\u00e4tningstj\u00e4nster f\u00f6r alla typer av byggprojekt, som t.ex. bostadshus, kontorsbyggnader samt idrotts- och industrianl\u00e4ggningar. EXACT utf\u00f6r dessutom konstruktions- och kontrollm\u00e4tningar p\u00e5 byggplatsen av strukturer som broar, v\u00e4gar och j\u00e4rnv\u00e4gar samt inm\u00e4tning och uts\u00e4ttning av kanaler, ventilationssystem, hisschakt, asfaltbelagda ytor, terrasser, p\u00e5lar, fundament, betongkonstruktioner och andra strukturer. Vi hj\u00e4lper dig med vad du \u00e4n beh\u00f6ver inom m\u00e4tning.<\/strong><\/p>\n<p>&nbsp;<\/p>\n<h3>Geodetisk m\u00e4tning<\/h3>\n<p>Vid geodetisk m\u00e4tning best\u00e4ms positioner mot ett n\u00e4t av referenspunkter eller med hj\u00e4lp av satellitteknik. M\u00e4tv\u00e4rdena anv\u00e4nds f\u00f6r v\u00e4gar eller byggnader och kan \u00e4ven ligga till grund f\u00f6r digitala modeller och kartor. Vi utf\u00f6r traditionella geodetiska m\u00e4tningar med totalstation och satellitbaserade m\u00e4tningar. M\u00e4tningarna ligger \u00e4ven till grund f\u00f6r stomn\u00e4t med mycket h\u00f6g noggrannhet.<\/p>\n<h3>\u00d6vervakning och tillsyn<\/h3>\n<p>M\u00e5nga byggprojekt genomf\u00f6rs i t\u00e4torter och andra k\u00e4nsliga milj\u00f6er. Vid spr\u00e4ngningsarbeten, tunnelbyggen och andra riskarbeten m\u00e5ste s\u00e4kerheten garanteras. Vi erbjuder intelligent \u00f6vervakning som ger maximal s\u00e4kerhet. \u00d6vervakningen sker automatiskt \u2013 \u00e4ven nattetid, allm\u00e4nna helgdagar och i s\u00e4kerhetsomr\u00e5den utan tilltr\u00e4de. Om en r\u00f6relse registreras informeras ber\u00f6rd personal automatiskt. Vi hj\u00e4lper dig med att installera all n\u00f6dv\u00e4ndig utrustning.<\/p>\n<h3>Massber\u00e4kning &amp; m\u00e4ngdber\u00e4kning<\/h3>\n<p>Vi har m\u00e5nga \u00e5rs erfarenhet av massber\u00e4kning. Hela v\u00e4gen fr\u00e5n byggstart till projektets slutf\u00f6rande deltar en specialist p\u00e5 massber\u00e4kningar i b\u00e5de kostnadsplanering, avtalsf\u00f6rhandlingar och projektledning. Vi samlar in data via flera m\u00e4tmetoder \u2013 t.ex. laserskanning, GPS och totalstation \u2013 f\u00f6r att s\u00e4kerst\u00e4lla att projektet fortl\u00f6per p\u00e5 ett effektivt och l\u00f6nsamt s\u00e4tt.<\/p>\n<h3>Exact as Built<\/h3>\n<p>Konstruktion, ombyggnad och andra tekniska projekt och f\u00f6rvaltningsprojekt kr\u00e4ver noggrann och fullst\u00e4ndig dokumentation i god tid f\u00f6r framtida drift och underh\u00e5ll. EXACT tar fram CAD-ritningar av det f\u00e4rdiga byggresultatet d\u00e4r samtliga systemkomponenters m\u00e5tt och placering framg\u00e5r. Ritningar \u00f6ver det f\u00e4rdiga byggresultatet tas fram efter en fullst\u00e4ndig m\u00e4tning, eller efter en begr\u00e4nsad m\u00e4tning om du bara vill komplettera befintliga ritningar. Vi ger dig all dokumentation som du beh\u00f6ver.<\/p>\n<div class=\"apply\"><a class=\"button\" href=\"http:\/\/www.teamexact.com\/sv\/exact-as-built\/\">L\u00e4s mer<\/a><\/div>\n<h3>3D-skanning i farten<\/h3>\n<p>Med EXACTs 3D-kontrollbil, som \u00e4r utrustad med en 3D-laserskanner, kan vi snabbt genomf\u00f6ra lantm\u00e4tning och samla in precisa rumsliga data. Kontrollbilen \u00e4r speciellt anv\u00e4ndbar f\u00f6r framst\u00e4llning av topografiska kartor, niv\u00e5kartor, 3D-visualiseringar och digitala modeller av terr\u00e4ngen (DMT). Vi kan m\u00e4ta kartlagda omr\u00e5den p\u00e5 upp till en miljon kvadratmeter per dag. Tack vare den senaste laserskanningstekniken m\u00e4ter vi \u00e4ven de allra minsta detaljerna med st\u00f6rsta noggrannhet.<\/p>\n","protected":false},"excerpt":{"rendered":"<p>Vi erbjuder m\u00e4tningstj\u00e4nster f\u00f6r alla typer av byggprojekt, som t.ex. bostadshus, kontorsbyggnader samt idrotts- och industrianl\u00e4ggningar. EXACT utf\u00f6r dessutom konstruktions- och kontrollm\u00e4tningar p\u00e5 byggplatsen av strukturer som broar, v\u00e4gar och j\u00e4rnv\u00e4gar samt inm\u00e4tning och uts\u00e4ttning av kanaler, ventilationssystem, hisschakt, asfaltbelagda ytor, terrasser, p\u00e5lar, fundament, betongkonstruktioner och andra strukturer. Vi hj\u00e4lper dig med vad du \u00e4n [&hellip;]<\/p>\n","protected":false},"author":1,"featured_media":0,"parent":0,"menu_order":0,"comment_status":"open","ping_status":"open","template":"template-page.php","meta":{"_acf_changed":false,"footnotes":""},"acf":[],"yoast_head":"<!-- This site is optimized with the Yoast SEO plugin v22.2 - https:\/\/yoast.com\/wordpress\/plugins\/seo\/ -->\n<title>Produktionsm\u00e4tning - EXACT<\/title>\n<meta name=\"robots\" content=\"index, follow, max-snippet:-1, max-image-preview:large, max-video-preview:-1\" \/>\n<link rel=\"canonical\" href=\"https:\/\/teamexact.com\/sv\/produktionsmatning\/\" \/>\n<meta property=\"og:locale\" content=\"sv_SE\" \/>\n<meta property=\"og:type\" content=\"article\" \/>\n<meta property=\"og:title\" content=\"Produktionsm\u00e4tning - EXACT\" \/>\n<meta property=\"og:description\" content=\"Vi erbjuder m\u00e4tningstj\u00e4nster f\u00f6r alla typer av byggprojekt, som t.ex. bostadshus, kontorsbyggnader samt idrotts- och industrianl\u00e4ggningar. EXACT utf\u00f6r dessutom konstruktions- och kontrollm\u00e4tningar p\u00e5 byggplatsen av strukturer som broar, v\u00e4gar och j\u00e4rnv\u00e4gar samt inm\u00e4tning och uts\u00e4ttning av kanaler, ventilationssystem, hisschakt, asfaltbelagda ytor, terrasser, p\u00e5lar, fundament, betongkonstruktioner och andra strukturer. Vi hj\u00e4lper dig med vad du \u00e4n [&hellip;]\" \/>\n<meta property=\"og:url\" content=\"https:\/\/teamexact.com\/sv\/produktionsmatning\/\" \/>\n<meta property=\"og:site_name\" content=\"EXACT\" \/>\n<meta property=\"article:modified_time\" content=\"2021-05-06T15:01:36+00:00\" \/>\n<meta name=\"twitter:card\" content=\"summary_large_image\" \/>\n<meta name=\"twitter:label1\" content=\"Ber\u00e4knad l\u00e4stid\" \/>\n\t<meta name=\"twitter:data1\" content=\"2 minuter\" \/>\n<script type=\"application\/ld+json\" class=\"yoast-schema-graph\">{\"@context\":\"https:\/\/schema.org\",\"@graph\":[{\"@type\":\"WebPage\",\"@id\":\"https:\/\/teamexact.com\/sv\/produktionsmatning\/\",\"url\":\"https:\/\/teamexact.com\/sv\/produktionsmatning\/\",\"name\":\"Produktionsm\u00e4tning - EXACT\",\"isPartOf\":{\"@id\":\"https:\/\/teamexact.com\/sv\/#website\"},\"datePublished\":\"2015-06-15T12:19:36+00:00\",\"dateModified\":\"2021-05-06T15:01:36+00:00\",\"breadcrumb\":{\"@id\":\"https:\/\/teamexact.com\/sv\/produktionsmatning\/#breadcrumb\"},\"inLanguage\":\"sv-SE\",\"potentialAction\":[{\"@type\":\"ReadAction\",\"target\":[\"https:\/\/teamexact.com\/sv\/produktionsmatning\/\"]}]},{\"@type\":\"BreadcrumbList\",\"@id\":\"https:\/\/teamexact.com\/sv\/produktionsmatning\/#breadcrumb\",\"itemListElement\":[{\"@type\":\"ListItem\",\"position\":1,\"name\":\"Home\",\"item\":\"https:\/\/teamexact.com\/sv\/\"},{\"@type\":\"ListItem\",\"position\":2,\"name\":\"Produktionsm\u00e4tning\"}]},{\"@type\":\"WebSite\",\"@id\":\"https:\/\/teamexact.com\/sv\/#website\",\"url\":\"https:\/\/teamexact.com\/sv\/\",\"name\":\"EXACT\",\"description\":\"We see more\",\"potentialAction\":[{\"@type\":\"SearchAction\",\"target\":{\"@type\":\"EntryPoint\",\"urlTemplate\":\"https:\/\/teamexact.com\/sv\/?s={search_term_string}\"},\"query-input\":\"required name=search_term_string\"}],\"inLanguage\":\"sv-SE\"}]}<\/script>\n<!-- \/ Yoast SEO plugin. -->","yoast_head_json":{"title":"Produktionsm\u00e4tning - EXACT","robots":{"index":"index","follow":"follow","max-snippet":"max-snippet:-1","max-image-preview":"max-image-preview:large","max-video-preview":"max-video-preview:-1"},"canonical":"https:\/\/teamexact.com\/sv\/produktionsmatning\/","og_locale":"sv_SE","og_type":"article","og_title":"Produktionsm\u00e4tning - EXACT","og_description":"Vi erbjuder m\u00e4tningstj\u00e4nster f\u00f6r alla typer av byggprojekt, som t.ex. bostadshus, kontorsbyggnader samt idrotts- och industrianl\u00e4ggningar. EXACT utf\u00f6r dessutom konstruktions- och kontrollm\u00e4tningar p\u00e5 byggplatsen av strukturer som broar, v\u00e4gar och j\u00e4rnv\u00e4gar samt inm\u00e4tning och uts\u00e4ttning av kanaler, ventilationssystem, hisschakt, asfaltbelagda ytor, terrasser, p\u00e5lar, fundament, betongkonstruktioner och andra strukturer. Vi hj\u00e4lper dig med vad du \u00e4n [&hellip;]","og_url":"https:\/\/teamexact.com\/sv\/produktionsmatning\/","og_site_name":"EXACT","article_modified_time":"2021-05-06T15:01:36+00:00","twitter_card":"summary_large_image","twitter_misc":{"Ber\u00e4knad l\u00e4stid":"2 minuter"},"schema":{"@context":"https:\/\/schema.org","@graph":[{"@type":"WebPage","@id":"https:\/\/teamexact.com\/sv\/produktionsmatning\/","url":"https:\/\/teamexact.com\/sv\/produktionsmatning\/","name":"Produktionsm\u00e4tning - EXACT","isPartOf":{"@id":"https:\/\/teamexact.com\/sv\/#website"},"datePublished":"2015-06-15T12:19:36+00:00","dateModified":"2021-05-06T15:01:36+00:00","breadcrumb":{"@id":"https:\/\/teamexact.com\/sv\/produktionsmatning\/#breadcrumb"},"inLanguage":"sv-SE","potentialAction":[{"@type":"ReadAction","target":["https:\/\/teamexact.com\/sv\/produktionsmatning\/"]}]},{"@type":"BreadcrumbList","@id":"https:\/\/teamexact.com\/sv\/produktionsmatning\/#breadcrumb","itemListElement":[{"@type":"ListItem","position":1,"name":"Home","item":"https:\/\/teamexact.com\/sv\/"},{"@type":"ListItem","position":2,"name":"Produktionsm\u00e4tning"}]},{"@type":"WebSite","@id":"https:\/\/teamexact.com\/sv\/#website","url":"https:\/\/teamexact.com\/sv\/","name":"EXACT","description":"We see more","potentialAction":[{"@type":"SearchAction","target":{"@type":"EntryPoint","urlTemplate":"https:\/\/teamexact.com\/sv\/?s={search_term_string}"},"query-input":"required name=search_term_string"}],"inLanguage":"sv-SE"}]}},"_links":{"self":[{"href":"https:\/\/teamexact.com\/sv\/wp-json\/wp\/v2\/pages\/1201"}],"collection":[{"href":"https:\/\/teamexact.com\/sv\/wp-json\/wp\/v2\/pages"}],"about":[{"href":"https:\/\/teamexact.com\/sv\/wp-json\/wp\/v2\/types\/page"}],"author":[{"embeddable":true,"href":"https:\/\/teamexact.com\/sv\/wp-json\/wp\/v2\/users\/1"}],"replies":[{"embeddable":true,"href":"https:\/\/teamexact.com\/sv\/wp-json\/wp\/v2\/comments?post=1201"}],"version-history":[{"count":11,"href":"https:\/\/teamexact.com\/sv\/wp-json\/wp\/v2\/pages\/1201\/revisions"}],"predecessor-version":[{"id":4535,"href":"https:\/\/teamexact.com\/sv\/wp-json\/wp\/v2\/pages\/1201\/revisions\/4535"}],"wp:attachment":[{"href":"https:\/\/teamexact.com\/sv\/wp-json\/wp\/v2\/media?parent=1201"}],"curies":[{"name":"wp","href":"https:\/\/api.w.org\/{rel}","templated":true}]}}