{"id":1205,"date":"2015-06-15T14:20:32","date_gmt":"2015-06-15T12:20:32","guid":{"rendered":"http:\/\/exact.lebowski.se\/management-support-2\/"},"modified":"2020-02-19T16:30:48","modified_gmt":"2020-02-19T15:30:48","slug":"management","status":"publish","type":"page","link":"https:\/\/teamexact.com\/sv\/management\/","title":{"rendered":"Management"},"content":{"rendered":"<p><strong>Vi tar fram exakta m\u00e4tdata helt enligt dina specifikationer p\u00e5 det mest ekonomiska s\u00e4ttet. Vi har omfattande kunskaper om och erfarenhet av att leda omf\u00e5ngsrika byggprojekt. EXACT ger dig goda r\u00e5d under alla faser i ditt projekt. Det garanterar att ditt projekt blir framg\u00e5ngsrikt.<\/strong><\/p>\n<p>Vi hj\u00e4lper dig att undvika on\u00f6diga fel och missf\u00f6rst\u00e5nd genom att granska alla projektdokument. Redan p\u00e5 f\u00f6rhand kontrollerar vi att alla relevanta dokument uppfyller f\u00f6reskrivna krav s\u00e5 att ditt projekt f\u00e5r b\u00e4sta m\u00f6jliga start. N\u00e4r projektet \u00e4r ig\u00e5ng kan du utnyttja v\u00e5ra l\u00f6pande kundst\u00f6dstj\u00e4nster f\u00f6r att kontrollera att r\u00e4ttsligt bindande avtal, best\u00e4mmelser och riktlinjer f\u00f6r konstruktionstoleranser uppfylls. Vi kommunicerar effektivt med dina leverant\u00f6rer och kontrollerar att alla parter som deltar i projektet vidtar de \u00e5tg\u00e4rder f\u00f6r kvalitetskontroll som f\u00f6reskrivs i planerna.<\/p>\n<p>Vi erbjuder \u00e4ven Management genom hela projektets livscykel och assisterar dig tidigt i ditt projekt med beslutsunderlag och hj\u00e4lp med kalkyler. Vi erbjuder \u00e4ven arbetsledning, byggledning, kvalitetskontroll, produktionsplanering och uppr\u00e4ttande av relationshandlingar.<\/p>\n","protected":false},"excerpt":{"rendered":"<p>Vi tar fram exakta m\u00e4tdata helt enligt dina specifikationer p\u00e5 det mest ekonomiska s\u00e4ttet. Vi har omfattande kunskaper om och erfarenhet av att leda omf\u00e5ngsrika byggprojekt. EXACT ger dig goda r\u00e5d under alla faser i ditt projekt. Det garanterar att ditt projekt blir framg\u00e5ngsrikt. Vi hj\u00e4lper dig att undvika on\u00f6diga fel och missf\u00f6rst\u00e5nd genom att [&hellip;]<\/p>\n","protected":false},"author":1,"featured_media":0,"parent":0,"menu_order":0,"comment_status":"open","ping_status":"open","template":"template-page.php","meta":{"_acf_changed":false,"footnotes":""},"acf":[],"yoast_head":"<!-- This site is optimized with the Yoast SEO plugin v22.2 - https:\/\/yoast.com\/wordpress\/plugins\/seo\/ -->\n<title>Management - EXACT<\/title>\n<meta name=\"robots\" content=\"index, follow, max-snippet:-1, max-image-preview:large, max-video-preview:-1\" \/>\n<link rel=\"canonical\" href=\"https:\/\/teamexact.com\/sv\/management\/\" \/>\n<meta property=\"og:locale\" content=\"sv_SE\" \/>\n<meta property=\"og:type\" content=\"article\" \/>\n<meta property=\"og:title\" content=\"Management - EXACT\" \/>\n<meta property=\"og:description\" content=\"Vi tar fram exakta m\u00e4tdata helt enligt dina specifikationer p\u00e5 det mest ekonomiska s\u00e4ttet. Vi har omfattande kunskaper om och erfarenhet av att leda omf\u00e5ngsrika byggprojekt. EXACT ger dig goda r\u00e5d under alla faser i ditt projekt. Det garanterar att ditt projekt blir framg\u00e5ngsrikt. Vi hj\u00e4lper dig att undvika on\u00f6diga fel och missf\u00f6rst\u00e5nd genom att [&hellip;]\" \/>\n<meta property=\"og:url\" content=\"https:\/\/teamexact.com\/sv\/management\/\" \/>\n<meta property=\"og:site_name\" content=\"EXACT\" \/>\n<meta property=\"article:modified_time\" content=\"2020-02-19T15:30:48+00:00\" \/>\n<meta name=\"twitter:card\" content=\"summary_large_image\" \/>\n<meta name=\"twitter:label1\" content=\"Ber\u00e4knad l\u00e4stid\" \/>\n\t<meta name=\"twitter:data1\" content=\"1 minut\" \/>\n<script type=\"application\/ld+json\" class=\"yoast-schema-graph\">{\"@context\":\"https:\/\/schema.org\",\"@graph\":[{\"@type\":\"WebPage\",\"@id\":\"https:\/\/teamexact.com\/sv\/management\/\",\"url\":\"https:\/\/teamexact.com\/sv\/management\/\",\"name\":\"Management - EXACT\",\"isPartOf\":{\"@id\":\"https:\/\/teamexact.com\/sv\/#website\"},\"datePublished\":\"2015-06-15T12:20:32+00:00\",\"dateModified\":\"2020-02-19T15:30:48+00:00\",\"breadcrumb\":{\"@id\":\"https:\/\/teamexact.com\/sv\/management\/#breadcrumb\"},\"inLanguage\":\"sv-SE\",\"potentialAction\":[{\"@type\":\"ReadAction\",\"target\":[\"https:\/\/teamexact.com\/sv\/management\/\"]}]},{\"@type\":\"BreadcrumbList\",\"@id\":\"https:\/\/teamexact.com\/sv\/management\/#breadcrumb\",\"itemListElement\":[{\"@type\":\"ListItem\",\"position\":1,\"name\":\"Home\",\"item\":\"https:\/\/teamexact.com\/sv\/\"},{\"@type\":\"ListItem\",\"position\":2,\"name\":\"Management\"}]},{\"@type\":\"WebSite\",\"@id\":\"https:\/\/teamexact.com\/sv\/#website\",\"url\":\"https:\/\/teamexact.com\/sv\/\",\"name\":\"EXACT\",\"description\":\"We see more\",\"potentialAction\":[{\"@type\":\"SearchAction\",\"target\":{\"@type\":\"EntryPoint\",\"urlTemplate\":\"https:\/\/teamexact.com\/sv\/?s={search_term_string}\"},\"query-input\":\"required name=search_term_string\"}],\"inLanguage\":\"sv-SE\"}]}<\/script>\n<!-- \/ Yoast SEO plugin. -->","yoast_head_json":{"title":"Management - EXACT","robots":{"index":"index","follow":"follow","max-snippet":"max-snippet:-1","max-image-preview":"max-image-preview:large","max-video-preview":"max-video-preview:-1"},"canonical":"https:\/\/teamexact.com\/sv\/management\/","og_locale":"sv_SE","og_type":"article","og_title":"Management - EXACT","og_description":"Vi tar fram exakta m\u00e4tdata helt enligt dina specifikationer p\u00e5 det mest ekonomiska s\u00e4ttet. Vi har omfattande kunskaper om och erfarenhet av att leda omf\u00e5ngsrika byggprojekt. EXACT ger dig goda r\u00e5d under alla faser i ditt projekt. Det garanterar att ditt projekt blir framg\u00e5ngsrikt. Vi hj\u00e4lper dig att undvika on\u00f6diga fel och missf\u00f6rst\u00e5nd genom att [&hellip;]","og_url":"https:\/\/teamexact.com\/sv\/management\/","og_site_name":"EXACT","article_modified_time":"2020-02-19T15:30:48+00:00","twitter_card":"summary_large_image","twitter_misc":{"Ber\u00e4knad l\u00e4stid":"1 minut"},"schema":{"@context":"https:\/\/schema.org","@graph":[{"@type":"WebPage","@id":"https:\/\/teamexact.com\/sv\/management\/","url":"https:\/\/teamexact.com\/sv\/management\/","name":"Management - EXACT","isPartOf":{"@id":"https:\/\/teamexact.com\/sv\/#website"},"datePublished":"2015-06-15T12:20:32+00:00","dateModified":"2020-02-19T15:30:48+00:00","breadcrumb":{"@id":"https:\/\/teamexact.com\/sv\/management\/#breadcrumb"},"inLanguage":"sv-SE","potentialAction":[{"@type":"ReadAction","target":["https:\/\/teamexact.com\/sv\/management\/"]}]},{"@type":"BreadcrumbList","@id":"https:\/\/teamexact.com\/sv\/management\/#breadcrumb","itemListElement":[{"@type":"ListItem","position":1,"name":"Home","item":"https:\/\/teamexact.com\/sv\/"},{"@type":"ListItem","position":2,"name":"Management"}]},{"@type":"WebSite","@id":"https:\/\/teamexact.com\/sv\/#website","url":"https:\/\/teamexact.com\/sv\/","name":"EXACT","description":"We see more","potentialAction":[{"@type":"SearchAction","target":{"@type":"EntryPoint","urlTemplate":"https:\/\/teamexact.com\/sv\/?s={search_term_string}"},"query-input":"required name=search_term_string"}],"inLanguage":"sv-SE"}]}},"_links":{"self":[{"href":"https:\/\/teamexact.com\/sv\/wp-json\/wp\/v2\/pages\/1205"}],"collection":[{"href":"https:\/\/teamexact.com\/sv\/wp-json\/wp\/v2\/pages"}],"about":[{"href":"https:\/\/teamexact.com\/sv\/wp-json\/wp\/v2\/types\/page"}],"author":[{"embeddable":true,"href":"https:\/\/teamexact.com\/sv\/wp-json\/wp\/v2\/users\/1"}],"replies":[{"embeddable":true,"href":"https:\/\/teamexact.com\/sv\/wp-json\/wp\/v2\/comments?post=1205"}],"version-history":[{"count":7,"href":"https:\/\/teamexact.com\/sv\/wp-json\/wp\/v2\/pages\/1205\/revisions"}],"predecessor-version":[{"id":4171,"href":"https:\/\/teamexact.com\/sv\/wp-json\/wp\/v2\/pages\/1205\/revisions\/4171"}],"wp:attachment":[{"href":"https:\/\/teamexact.com\/sv\/wp-json\/wp\/v2\/media?parent=1205"}],"curies":[{"name":"wp","href":"https:\/\/api.w.org\/{rel}","templated":true}]}}