{"id":1209,"date":"2015-06-15T14:26:55","date_gmt":"2015-06-15T12:26:55","guid":{"rendered":"http:\/\/exact.lebowski.se\/rail-roadworks-2\/"},"modified":"2018-03-22T13:27:35","modified_gmt":"2018-03-22T12:27:35","slug":"vagarbeten","status":"publish","type":"page","link":"https:\/\/teamexact.com\/sv\/vagarbeten\/","title":{"rendered":"V\u00e4garbeten"},"content":{"rendered":"<h3>EXACT Street<\/h3>\n<p>EXACT Street \u00e4r den enda m\u00e4ttekniken i sin klass som garanterar en m\u00e4tnoggrannhet p\u00e5 h\u00f6gst 2 mm fr\u00e5n fasta punkter. Vid moderna v\u00e4gbyggen och v\u00e4greparationer \u00e4r denna teknik mycket v\u00e4rdefull. Tekniken m\u00f6jligg\u00f6r framtida v\u00e4gplanering och reparationer med noggranna, omf\u00e5ngsrika data och detaljerade kartor. EXACT Street sparar b\u00e5de tid och pengar, vare sig ditt projekt handlar om gator, landsv\u00e4gar eller motorv\u00e4gar.<\/p>\n<p>Med EXACT Street kan du uppn\u00e5 betydande besparingar vid nya v\u00e4gbyggen och f\u00f6rl\u00e4nga reparations\u00e5tg\u00e4rdernas livsl\u00e4ngd samtidigt som v\u00e4garna bara beh\u00f6ver h\u00e5llas st\u00e4ngda under en minimal tid. Framg\u00e5ngsrika v\u00e4gbyggnadsprojekt anv\u00e4nder EXACTs Street fr\u00e5n start till m\u00e5l och som underlag f\u00f6r 3D-modeller. En 3D-v\u00e4gkonstruktion som optimerats med EXACT Street hj\u00e4lper dig att visualisera v\u00e4gens IRI-v\u00e4rden, v\u00e4gytans dr\u00e4nering, oj\u00e4mnheter i l\u00e4ngd- och tv\u00e4rriktningen samt v\u00e4gbanans lutning.<\/p>\n<p>Tillsammans med oss kan du s\u00e4nka kostnaderna f\u00f6r on\u00f6diga ombyggnader och i st\u00e4llet fokusera p\u00e5 att uppn\u00e5 en j\u00e4mn v\u00e4gyta med homogena asfaltlager och l\u00e4mplig dr\u00e4nering. Resultatet blir h\u00f6g \u00e5kkomfort och s\u00e4kerhet under l\u00e5ng tid.<\/p>\n<h3>M\u00e4tning f\u00f6r bygg- och anl\u00e4ggningsprojekt<\/h3>\n<p>Vi erbjuder m\u00e4tningstj\u00e4nster f\u00f6r alla typer av byggprojekt, som t.ex. bostadshus, kontorsbyggnader samt idrotts- och industrianl\u00e4ggningar. EXACT utf\u00f6r dessutom konstruktions- och kontrollm\u00e4tningar p\u00e5 byggplatsen av strukturer som broar, v\u00e4gar och j\u00e4rnv\u00e4gar samt inm\u00e4tning och uts\u00e4ttning av kanaler, ventilationssystem, hisschakt, asfaltbelagda ytor, terrasser, p\u00e5lar, fundament, betongkonstruktioner och andra strukturer. Vi hj\u00e4lper dig med vad du \u00e4n beh\u00f6ver inom m\u00e4tning.<\/p>\n","protected":false},"excerpt":{"rendered":"<p>EXACT Street EXACT Street \u00e4r den enda m\u00e4ttekniken i sin klass som garanterar en m\u00e4tnoggrannhet p\u00e5 h\u00f6gst 2 mm fr\u00e5n fasta punkter. Vid moderna v\u00e4gbyggen och v\u00e4greparationer \u00e4r denna teknik mycket v\u00e4rdefull. Tekniken m\u00f6jligg\u00f6r framtida v\u00e4gplanering och reparationer med noggranna, omf\u00e5ngsrika data och detaljerade kartor. EXACT Street sparar b\u00e5de tid och pengar, vare sig ditt [&hellip;]<\/p>\n","protected":false},"author":1,"featured_media":0,"parent":0,"menu_order":0,"comment_status":"open","ping_status":"open","template":"template-page.php","meta":{"_acf_changed":false,"footnotes":""},"acf":[],"yoast_head":"<!-- This site is optimized with the Yoast SEO plugin v22.2 - https:\/\/yoast.com\/wordpress\/plugins\/seo\/ -->\n<title>V\u00e4garbeten - EXACT<\/title>\n<meta name=\"robots\" content=\"index, follow, max-snippet:-1, max-image-preview:large, max-video-preview:-1\" \/>\n<link rel=\"canonical\" href=\"https:\/\/teamexact.com\/sv\/vagarbeten\/\" \/>\n<meta property=\"og:locale\" content=\"sv_SE\" \/>\n<meta property=\"og:type\" content=\"article\" \/>\n<meta property=\"og:title\" content=\"V\u00e4garbeten - EXACT\" \/>\n<meta property=\"og:description\" content=\"EXACT Street EXACT Street \u00e4r den enda m\u00e4ttekniken i sin klass som garanterar en m\u00e4tnoggrannhet p\u00e5 h\u00f6gst 2 mm fr\u00e5n fasta punkter. Vid moderna v\u00e4gbyggen och v\u00e4greparationer \u00e4r denna teknik mycket v\u00e4rdefull. Tekniken m\u00f6jligg\u00f6r framtida v\u00e4gplanering och reparationer med noggranna, omf\u00e5ngsrika data och detaljerade kartor. EXACT Street sparar b\u00e5de tid och pengar, vare sig ditt [&hellip;]\" \/>\n<meta property=\"og:url\" content=\"https:\/\/teamexact.com\/sv\/vagarbeten\/\" \/>\n<meta property=\"og:site_name\" content=\"EXACT\" \/>\n<meta property=\"article:modified_time\" content=\"2018-03-22T12:27:35+00:00\" \/>\n<meta name=\"twitter:card\" content=\"summary_large_image\" \/>\n<meta name=\"twitter:label1\" content=\"Ber\u00e4knad l\u00e4stid\" \/>\n\t<meta name=\"twitter:data1\" content=\"1 minut\" \/>\n<script type=\"application\/ld+json\" class=\"yoast-schema-graph\">{\"@context\":\"https:\/\/schema.org\",\"@graph\":[{\"@type\":\"WebPage\",\"@id\":\"https:\/\/teamexact.com\/sv\/vagarbeten\/\",\"url\":\"https:\/\/teamexact.com\/sv\/vagarbeten\/\",\"name\":\"V\u00e4garbeten - EXACT\",\"isPartOf\":{\"@id\":\"https:\/\/teamexact.com\/sv\/#website\"},\"datePublished\":\"2015-06-15T12:26:55+00:00\",\"dateModified\":\"2018-03-22T12:27:35+00:00\",\"breadcrumb\":{\"@id\":\"https:\/\/teamexact.com\/sv\/vagarbeten\/#breadcrumb\"},\"inLanguage\":\"sv-SE\",\"potentialAction\":[{\"@type\":\"ReadAction\",\"target\":[\"https:\/\/teamexact.com\/sv\/vagarbeten\/\"]}]},{\"@type\":\"BreadcrumbList\",\"@id\":\"https:\/\/teamexact.com\/sv\/vagarbeten\/#breadcrumb\",\"itemListElement\":[{\"@type\":\"ListItem\",\"position\":1,\"name\":\"Home\",\"item\":\"https:\/\/teamexact.com\/sv\/\"},{\"@type\":\"ListItem\",\"position\":2,\"name\":\"V\u00e4garbeten\"}]},{\"@type\":\"WebSite\",\"@id\":\"https:\/\/teamexact.com\/sv\/#website\",\"url\":\"https:\/\/teamexact.com\/sv\/\",\"name\":\"EXACT\",\"description\":\"We see more\",\"potentialAction\":[{\"@type\":\"SearchAction\",\"target\":{\"@type\":\"EntryPoint\",\"urlTemplate\":\"https:\/\/teamexact.com\/sv\/?s={search_term_string}\"},\"query-input\":\"required name=search_term_string\"}],\"inLanguage\":\"sv-SE\"}]}<\/script>\n<!-- \/ Yoast SEO plugin. -->","yoast_head_json":{"title":"V\u00e4garbeten - EXACT","robots":{"index":"index","follow":"follow","max-snippet":"max-snippet:-1","max-image-preview":"max-image-preview:large","max-video-preview":"max-video-preview:-1"},"canonical":"https:\/\/teamexact.com\/sv\/vagarbeten\/","og_locale":"sv_SE","og_type":"article","og_title":"V\u00e4garbeten - EXACT","og_description":"EXACT Street EXACT Street \u00e4r den enda m\u00e4ttekniken i sin klass som garanterar en m\u00e4tnoggrannhet p\u00e5 h\u00f6gst 2 mm fr\u00e5n fasta punkter. Vid moderna v\u00e4gbyggen och v\u00e4greparationer \u00e4r denna teknik mycket v\u00e4rdefull. Tekniken m\u00f6jligg\u00f6r framtida v\u00e4gplanering och reparationer med noggranna, omf\u00e5ngsrika data och detaljerade kartor. EXACT Street sparar b\u00e5de tid och pengar, vare sig ditt [&hellip;]","og_url":"https:\/\/teamexact.com\/sv\/vagarbeten\/","og_site_name":"EXACT","article_modified_time":"2018-03-22T12:27:35+00:00","twitter_card":"summary_large_image","twitter_misc":{"Ber\u00e4knad l\u00e4stid":"1 minut"},"schema":{"@context":"https:\/\/schema.org","@graph":[{"@type":"WebPage","@id":"https:\/\/teamexact.com\/sv\/vagarbeten\/","url":"https:\/\/teamexact.com\/sv\/vagarbeten\/","name":"V\u00e4garbeten - EXACT","isPartOf":{"@id":"https:\/\/teamexact.com\/sv\/#website"},"datePublished":"2015-06-15T12:26:55+00:00","dateModified":"2018-03-22T12:27:35+00:00","breadcrumb":{"@id":"https:\/\/teamexact.com\/sv\/vagarbeten\/#breadcrumb"},"inLanguage":"sv-SE","potentialAction":[{"@type":"ReadAction","target":["https:\/\/teamexact.com\/sv\/vagarbeten\/"]}]},{"@type":"BreadcrumbList","@id":"https:\/\/teamexact.com\/sv\/vagarbeten\/#breadcrumb","itemListElement":[{"@type":"ListItem","position":1,"name":"Home","item":"https:\/\/teamexact.com\/sv\/"},{"@type":"ListItem","position":2,"name":"V\u00e4garbeten"}]},{"@type":"WebSite","@id":"https:\/\/teamexact.com\/sv\/#website","url":"https:\/\/teamexact.com\/sv\/","name":"EXACT","description":"We see more","potentialAction":[{"@type":"SearchAction","target":{"@type":"EntryPoint","urlTemplate":"https:\/\/teamexact.com\/sv\/?s={search_term_string}"},"query-input":"required name=search_term_string"}],"inLanguage":"sv-SE"}]}},"_links":{"self":[{"href":"https:\/\/teamexact.com\/sv\/wp-json\/wp\/v2\/pages\/1209"}],"collection":[{"href":"https:\/\/teamexact.com\/sv\/wp-json\/wp\/v2\/pages"}],"about":[{"href":"https:\/\/teamexact.com\/sv\/wp-json\/wp\/v2\/types\/page"}],"author":[{"embeddable":true,"href":"https:\/\/teamexact.com\/sv\/wp-json\/wp\/v2\/users\/1"}],"replies":[{"embeddable":true,"href":"https:\/\/teamexact.com\/sv\/wp-json\/wp\/v2\/comments?post=1209"}],"version-history":[{"count":5,"href":"https:\/\/teamexact.com\/sv\/wp-json\/wp\/v2\/pages\/1209\/revisions"}],"predecessor-version":[{"id":3420,"href":"https:\/\/teamexact.com\/sv\/wp-json\/wp\/v2\/pages\/1209\/revisions\/3420"}],"wp:attachment":[{"href":"https:\/\/teamexact.com\/sv\/wp-json\/wp\/v2\/media?parent=1209"}],"curies":[{"name":"wp","href":"https:\/\/api.w.org\/{rel}","templated":true}]}}