{"id":1214,"date":"2015-06-15T14:28:08","date_gmt":"2015-06-15T12:28:08","guid":{"rendered":"http:\/\/exact.lebowski.se\/mining-tunnelling-2\/"},"modified":"2018-05-08T14:30:22","modified_gmt":"2018-05-08T12:30:22","slug":"gruvdrift-och-tunnelbyggen","status":"publish","type":"page","link":"https:\/\/teamexact.com\/sv\/gruvdrift-och-tunnelbyggen\/","title":{"rendered":"Gruvdrift och tunnelbyggen"},"content":{"rendered":"<h3>Specialistkompetens p\u00e5 underjordsarbeten<\/h3>\n<p>EXACT har mer \u00e4n tio \u00e5rs erfarenhet av gruvdrift och tunnelbyggen fr\u00e5n uppdrag i Skandinavien, Tjeckien och Kanada. Underjordsarbeten \u00e4r komplicerade och utmanande. Begr\u00e4nsade utrymmen, luftf\u00f6roreningar, buller och vibrationer g\u00f6r f\u00f6rh\u00e5llandena mycket kr\u00e4vande. Det finns \u00e4ven risker i form av fallande stenblock, giftiga gaser och spr\u00e4ngmedel. Vi vet vad som kr\u00e4vs f\u00f6r att garantera s\u00e4kerheten och fokusera p\u00e5 arbetet i gruv- och tunnelprojekt. Vi utf\u00f6r m\u00e4tningar av konstruktioner under jord, 3D-laserskanning, kvalitetskontroller av tunnlar, massaber\u00e4kningar, ber\u00e4kningar av \u00f6ver- och underberg samt optimering av markarbetet samt allm\u00e4n projektstyrning och \u00f6vervakning.<\/p>\n<h3>Exact as Built<\/h3>\n<p>Konstruktion, ombyggnad och andra tekniska projekt och f\u00f6rvaltningsprojekt kr\u00e4ver noggrann och fullst\u00e4ndig dokumentation i god tid f\u00f6r framtida drift och underh\u00e5ll. EXACT tar fram CAD-ritningar av det f\u00e4rdiga byggresultatet d\u00e4r samtliga systemkomponenters m\u00e5tt och placering framg\u00e5r. Ritningar \u00f6ver det f\u00e4rdiga byggresultatet tas fram efter en fullst\u00e4ndig m\u00e4tning, eller efter en begr\u00e4nsad m\u00e4tning om du bara vill komplettera befintliga ritningar. Vi ger dig all dokumentation som du beh\u00f6ver.<\/p>\n<div class=\"apply\"><a class=\"button\" href=\"http:\/\/www.teamexact.com\/sv\/exact-as-built\/\">L\u00e4s mer<\/a><\/div>\n","protected":false},"excerpt":{"rendered":"<p>Specialistkompetens p\u00e5 underjordsarbeten EXACT har mer \u00e4n tio \u00e5rs erfarenhet av gruvdrift och tunnelbyggen fr\u00e5n uppdrag i Skandinavien, Tjeckien och Kanada. Underjordsarbeten \u00e4r komplicerade och utmanande. Begr\u00e4nsade utrymmen, luftf\u00f6roreningar, buller och vibrationer g\u00f6r f\u00f6rh\u00e5llandena mycket kr\u00e4vande. Det finns \u00e4ven risker i form av fallande stenblock, giftiga gaser och spr\u00e4ngmedel. Vi vet vad som kr\u00e4vs f\u00f6r [&hellip;]<\/p>\n","protected":false},"author":1,"featured_media":0,"parent":0,"menu_order":0,"comment_status":"open","ping_status":"open","template":"template-page.php","meta":{"_acf_changed":false,"footnotes":""},"acf":[],"yoast_head":"<!-- This site is optimized with the Yoast SEO plugin v22.2 - https:\/\/yoast.com\/wordpress\/plugins\/seo\/ -->\n<title>Gruvdrift och tunnelbyggen - EXACT<\/title>\n<meta name=\"robots\" content=\"index, follow, max-snippet:-1, max-image-preview:large, max-video-preview:-1\" \/>\n<link rel=\"canonical\" href=\"https:\/\/teamexact.com\/sv\/gruvdrift-och-tunnelbyggen\/\" \/>\n<meta property=\"og:locale\" content=\"sv_SE\" \/>\n<meta property=\"og:type\" content=\"article\" \/>\n<meta property=\"og:title\" content=\"Gruvdrift och tunnelbyggen - EXACT\" \/>\n<meta property=\"og:description\" content=\"Specialistkompetens p\u00e5 underjordsarbeten EXACT har mer \u00e4n tio \u00e5rs erfarenhet av gruvdrift och tunnelbyggen fr\u00e5n uppdrag i Skandinavien, Tjeckien och Kanada. Underjordsarbeten \u00e4r komplicerade och utmanande. Begr\u00e4nsade utrymmen, luftf\u00f6roreningar, buller och vibrationer g\u00f6r f\u00f6rh\u00e5llandena mycket kr\u00e4vande. Det finns \u00e4ven risker i form av fallande stenblock, giftiga gaser och spr\u00e4ngmedel. Vi vet vad som kr\u00e4vs f\u00f6r [&hellip;]\" \/>\n<meta property=\"og:url\" content=\"https:\/\/teamexact.com\/sv\/gruvdrift-och-tunnelbyggen\/\" \/>\n<meta property=\"og:site_name\" content=\"EXACT\" \/>\n<meta property=\"article:modified_time\" content=\"2018-05-08T12:30:22+00:00\" \/>\n<meta name=\"twitter:card\" content=\"summary_large_image\" \/>\n<meta name=\"twitter:label1\" content=\"Ber\u00e4knad l\u00e4stid\" \/>\n\t<meta name=\"twitter:data1\" content=\"1 minut\" \/>\n<script type=\"application\/ld+json\" class=\"yoast-schema-graph\">{\"@context\":\"https:\/\/schema.org\",\"@graph\":[{\"@type\":\"WebPage\",\"@id\":\"https:\/\/teamexact.com\/sv\/gruvdrift-och-tunnelbyggen\/\",\"url\":\"https:\/\/teamexact.com\/sv\/gruvdrift-och-tunnelbyggen\/\",\"name\":\"Gruvdrift och tunnelbyggen - EXACT\",\"isPartOf\":{\"@id\":\"https:\/\/teamexact.com\/sv\/#website\"},\"datePublished\":\"2015-06-15T12:28:08+00:00\",\"dateModified\":\"2018-05-08T12:30:22+00:00\",\"breadcrumb\":{\"@id\":\"https:\/\/teamexact.com\/sv\/gruvdrift-och-tunnelbyggen\/#breadcrumb\"},\"inLanguage\":\"sv-SE\",\"potentialAction\":[{\"@type\":\"ReadAction\",\"target\":[\"https:\/\/teamexact.com\/sv\/gruvdrift-och-tunnelbyggen\/\"]}]},{\"@type\":\"BreadcrumbList\",\"@id\":\"https:\/\/teamexact.com\/sv\/gruvdrift-och-tunnelbyggen\/#breadcrumb\",\"itemListElement\":[{\"@type\":\"ListItem\",\"position\":1,\"name\":\"Home\",\"item\":\"https:\/\/teamexact.com\/sv\/\"},{\"@type\":\"ListItem\",\"position\":2,\"name\":\"Gruvdrift och tunnelbyggen\"}]},{\"@type\":\"WebSite\",\"@id\":\"https:\/\/teamexact.com\/sv\/#website\",\"url\":\"https:\/\/teamexact.com\/sv\/\",\"name\":\"EXACT\",\"description\":\"We see more\",\"potentialAction\":[{\"@type\":\"SearchAction\",\"target\":{\"@type\":\"EntryPoint\",\"urlTemplate\":\"https:\/\/teamexact.com\/sv\/?s={search_term_string}\"},\"query-input\":\"required name=search_term_string\"}],\"inLanguage\":\"sv-SE\"}]}<\/script>\n<!-- \/ Yoast SEO plugin. -->","yoast_head_json":{"title":"Gruvdrift och tunnelbyggen - EXACT","robots":{"index":"index","follow":"follow","max-snippet":"max-snippet:-1","max-image-preview":"max-image-preview:large","max-video-preview":"max-video-preview:-1"},"canonical":"https:\/\/teamexact.com\/sv\/gruvdrift-och-tunnelbyggen\/","og_locale":"sv_SE","og_type":"article","og_title":"Gruvdrift och tunnelbyggen - EXACT","og_description":"Specialistkompetens p\u00e5 underjordsarbeten EXACT har mer \u00e4n tio \u00e5rs erfarenhet av gruvdrift och tunnelbyggen fr\u00e5n uppdrag i Skandinavien, Tjeckien och Kanada. Underjordsarbeten \u00e4r komplicerade och utmanande. Begr\u00e4nsade utrymmen, luftf\u00f6roreningar, buller och vibrationer g\u00f6r f\u00f6rh\u00e5llandena mycket kr\u00e4vande. Det finns \u00e4ven risker i form av fallande stenblock, giftiga gaser och spr\u00e4ngmedel. Vi vet vad som kr\u00e4vs f\u00f6r [&hellip;]","og_url":"https:\/\/teamexact.com\/sv\/gruvdrift-och-tunnelbyggen\/","og_site_name":"EXACT","article_modified_time":"2018-05-08T12:30:22+00:00","twitter_card":"summary_large_image","twitter_misc":{"Ber\u00e4knad l\u00e4stid":"1 minut"},"schema":{"@context":"https:\/\/schema.org","@graph":[{"@type":"WebPage","@id":"https:\/\/teamexact.com\/sv\/gruvdrift-och-tunnelbyggen\/","url":"https:\/\/teamexact.com\/sv\/gruvdrift-och-tunnelbyggen\/","name":"Gruvdrift och tunnelbyggen - EXACT","isPartOf":{"@id":"https:\/\/teamexact.com\/sv\/#website"},"datePublished":"2015-06-15T12:28:08+00:00","dateModified":"2018-05-08T12:30:22+00:00","breadcrumb":{"@id":"https:\/\/teamexact.com\/sv\/gruvdrift-och-tunnelbyggen\/#breadcrumb"},"inLanguage":"sv-SE","potentialAction":[{"@type":"ReadAction","target":["https:\/\/teamexact.com\/sv\/gruvdrift-och-tunnelbyggen\/"]}]},{"@type":"BreadcrumbList","@id":"https:\/\/teamexact.com\/sv\/gruvdrift-och-tunnelbyggen\/#breadcrumb","itemListElement":[{"@type":"ListItem","position":1,"name":"Home","item":"https:\/\/teamexact.com\/sv\/"},{"@type":"ListItem","position":2,"name":"Gruvdrift och tunnelbyggen"}]},{"@type":"WebSite","@id":"https:\/\/teamexact.com\/sv\/#website","url":"https:\/\/teamexact.com\/sv\/","name":"EXACT","description":"We see more","potentialAction":[{"@type":"SearchAction","target":{"@type":"EntryPoint","urlTemplate":"https:\/\/teamexact.com\/sv\/?s={search_term_string}"},"query-input":"required name=search_term_string"}],"inLanguage":"sv-SE"}]}},"_links":{"self":[{"href":"https:\/\/teamexact.com\/sv\/wp-json\/wp\/v2\/pages\/1214"}],"collection":[{"href":"https:\/\/teamexact.com\/sv\/wp-json\/wp\/v2\/pages"}],"about":[{"href":"https:\/\/teamexact.com\/sv\/wp-json\/wp\/v2\/types\/page"}],"author":[{"embeddable":true,"href":"https:\/\/teamexact.com\/sv\/wp-json\/wp\/v2\/users\/1"}],"replies":[{"embeddable":true,"href":"https:\/\/teamexact.com\/sv\/wp-json\/wp\/v2\/comments?post=1214"}],"version-history":[{"count":7,"href":"https:\/\/teamexact.com\/sv\/wp-json\/wp\/v2\/pages\/1214\/revisions"}],"predecessor-version":[{"id":3566,"href":"https:\/\/teamexact.com\/sv\/wp-json\/wp\/v2\/pages\/1214\/revisions\/3566"}],"wp:attachment":[{"href":"https:\/\/teamexact.com\/sv\/wp-json\/wp\/v2\/media?parent=1214"}],"curies":[{"name":"wp","href":"https:\/\/api.w.org\/{rel}","templated":true}]}}