{"id":1218,"date":"2015-06-15T14:28:54","date_gmt":"2015-06-15T12:28:54","guid":{"rendered":"http:\/\/exact.lebowski.se\/machine-control-2\/"},"modified":"2017-08-28T13:26:51","modified_gmt":"2017-08-28T11:26:51","slug":"maskinstyrning","status":"publish","type":"page","link":"https:\/\/teamexact.com\/sv\/maskinstyrning\/","title":{"rendered":"Maskinstyrning"},"content":{"rendered":"<h3>Maskiner och utrustning med intelligens<\/h3>\n<p>I de flesta byggprojekt anv\u00e4nds maskinstyrning som ger extra besparingar och h\u00f6gre precision. EXACT \u00e4r en maskinstyrningspartner, oberoende av m\u00e4rke, allt f\u00f6r att ge den b\u00e4sta projektekonomin. Vi kan hj\u00e4lpa dig med r\u00e5dgivning om vilket system som passar dina behov b\u00e4st, uthyrning, etablering och montering samt skapa modeller f\u00f6r att maskinerna ska utnyttjas p\u00e5 det mest l\u00f6nsamma s\u00e4ttet. Service och support \u00e4r v\u00e5ra ledstj\u00e4rnor och du som kund ska alltid st\u00e5 i fokus. Vi tar fram de b\u00e4sta alternativen f\u00f6r dig, fr\u00e5n korttidshyra till l\u00e5ngtidshyra eller k\u00f6p. Vi vet hur systemen skall anv\u00e4ndas f\u00f6r att g\u00f6ra just ditt projekt mer l\u00f6nsamt.<\/p>\n<h3>Instrument och utrustning f\u00f6r uthyrning<\/h3>\n<p>F\u00f6rutom att erbjuda expertkunskaper och r\u00e5dgivningstj\u00e4nster f\u00f6r drift av maskiner hyr vi \u00e4ven ut marknadsledande m\u00e4tinstrument och m\u00e4tutrustning. Vi har en stor maskinpark och erbjuder marknadens mest avancerade instrument och verktyg b\u00e5de f\u00f6r konsultverksamhet och maskinstyrning.<\/p>\n<p>L\u00e4s mer om vad vi erbjuder\u00a0<a href=\"http:\/\/www.teamexact.com\/wp-content\/uploads\/2015\/06\/Exact_machinecontrol.pdf\">h\u00e4r<\/a><\/p>\n","protected":false},"excerpt":{"rendered":"<p>Maskiner och utrustning med intelligens I de flesta byggprojekt anv\u00e4nds maskinstyrning som ger extra besparingar och h\u00f6gre precision. EXACT \u00e4r en maskinstyrningspartner, oberoende av m\u00e4rke, allt f\u00f6r att ge den b\u00e4sta projektekonomin. Vi kan hj\u00e4lpa dig med r\u00e5dgivning om vilket system som passar dina behov b\u00e4st, uthyrning, etablering och montering samt skapa modeller f\u00f6r att [&hellip;]<\/p>\n","protected":false},"author":1,"featured_media":0,"parent":0,"menu_order":0,"comment_status":"open","ping_status":"open","template":"template-page.php","meta":{"_acf_changed":false,"footnotes":""},"acf":[],"yoast_head":"<!-- This site is optimized with the Yoast SEO plugin v22.2 - https:\/\/yoast.com\/wordpress\/plugins\/seo\/ -->\n<title>Maskinstyrning - EXACT<\/title>\n<meta name=\"robots\" content=\"index, follow, max-snippet:-1, max-image-preview:large, max-video-preview:-1\" \/>\n<link rel=\"canonical\" href=\"https:\/\/teamexact.com\/sv\/maskinstyrning\/\" \/>\n<meta property=\"og:locale\" content=\"sv_SE\" \/>\n<meta property=\"og:type\" content=\"article\" \/>\n<meta property=\"og:title\" content=\"Maskinstyrning - EXACT\" \/>\n<meta property=\"og:description\" content=\"Maskiner och utrustning med intelligens I de flesta byggprojekt anv\u00e4nds maskinstyrning som ger extra besparingar och h\u00f6gre precision. EXACT \u00e4r en maskinstyrningspartner, oberoende av m\u00e4rke, allt f\u00f6r att ge den b\u00e4sta projektekonomin. Vi kan hj\u00e4lpa dig med r\u00e5dgivning om vilket system som passar dina behov b\u00e4st, uthyrning, etablering och montering samt skapa modeller f\u00f6r att [&hellip;]\" \/>\n<meta property=\"og:url\" content=\"https:\/\/teamexact.com\/sv\/maskinstyrning\/\" \/>\n<meta property=\"og:site_name\" content=\"EXACT\" \/>\n<meta property=\"article:modified_time\" content=\"2017-08-28T11:26:51+00:00\" \/>\n<meta name=\"twitter:card\" content=\"summary_large_image\" \/>\n<meta name=\"twitter:label1\" content=\"Ber\u00e4knad l\u00e4stid\" \/>\n\t<meta name=\"twitter:data1\" content=\"1 minut\" \/>\n<script type=\"application\/ld+json\" class=\"yoast-schema-graph\">{\"@context\":\"https:\/\/schema.org\",\"@graph\":[{\"@type\":\"WebPage\",\"@id\":\"https:\/\/teamexact.com\/sv\/maskinstyrning\/\",\"url\":\"https:\/\/teamexact.com\/sv\/maskinstyrning\/\",\"name\":\"Maskinstyrning - EXACT\",\"isPartOf\":{\"@id\":\"https:\/\/teamexact.com\/sv\/#website\"},\"datePublished\":\"2015-06-15T12:28:54+00:00\",\"dateModified\":\"2017-08-28T11:26:51+00:00\",\"breadcrumb\":{\"@id\":\"https:\/\/teamexact.com\/sv\/maskinstyrning\/#breadcrumb\"},\"inLanguage\":\"sv-SE\",\"potentialAction\":[{\"@type\":\"ReadAction\",\"target\":[\"https:\/\/teamexact.com\/sv\/maskinstyrning\/\"]}]},{\"@type\":\"BreadcrumbList\",\"@id\":\"https:\/\/teamexact.com\/sv\/maskinstyrning\/#breadcrumb\",\"itemListElement\":[{\"@type\":\"ListItem\",\"position\":1,\"name\":\"Home\",\"item\":\"https:\/\/teamexact.com\/sv\/\"},{\"@type\":\"ListItem\",\"position\":2,\"name\":\"Maskinstyrning\"}]},{\"@type\":\"WebSite\",\"@id\":\"https:\/\/teamexact.com\/sv\/#website\",\"url\":\"https:\/\/teamexact.com\/sv\/\",\"name\":\"EXACT\",\"description\":\"We see more\",\"potentialAction\":[{\"@type\":\"SearchAction\",\"target\":{\"@type\":\"EntryPoint\",\"urlTemplate\":\"https:\/\/teamexact.com\/sv\/?s={search_term_string}\"},\"query-input\":\"required name=search_term_string\"}],\"inLanguage\":\"sv-SE\"}]}<\/script>\n<!-- \/ Yoast SEO plugin. -->","yoast_head_json":{"title":"Maskinstyrning - EXACT","robots":{"index":"index","follow":"follow","max-snippet":"max-snippet:-1","max-image-preview":"max-image-preview:large","max-video-preview":"max-video-preview:-1"},"canonical":"https:\/\/teamexact.com\/sv\/maskinstyrning\/","og_locale":"sv_SE","og_type":"article","og_title":"Maskinstyrning - EXACT","og_description":"Maskiner och utrustning med intelligens I de flesta byggprojekt anv\u00e4nds maskinstyrning som ger extra besparingar och h\u00f6gre precision. EXACT \u00e4r en maskinstyrningspartner, oberoende av m\u00e4rke, allt f\u00f6r att ge den b\u00e4sta projektekonomin. Vi kan hj\u00e4lpa dig med r\u00e5dgivning om vilket system som passar dina behov b\u00e4st, uthyrning, etablering och montering samt skapa modeller f\u00f6r att [&hellip;]","og_url":"https:\/\/teamexact.com\/sv\/maskinstyrning\/","og_site_name":"EXACT","article_modified_time":"2017-08-28T11:26:51+00:00","twitter_card":"summary_large_image","twitter_misc":{"Ber\u00e4knad l\u00e4stid":"1 minut"},"schema":{"@context":"https:\/\/schema.org","@graph":[{"@type":"WebPage","@id":"https:\/\/teamexact.com\/sv\/maskinstyrning\/","url":"https:\/\/teamexact.com\/sv\/maskinstyrning\/","name":"Maskinstyrning - EXACT","isPartOf":{"@id":"https:\/\/teamexact.com\/sv\/#website"},"datePublished":"2015-06-15T12:28:54+00:00","dateModified":"2017-08-28T11:26:51+00:00","breadcrumb":{"@id":"https:\/\/teamexact.com\/sv\/maskinstyrning\/#breadcrumb"},"inLanguage":"sv-SE","potentialAction":[{"@type":"ReadAction","target":["https:\/\/teamexact.com\/sv\/maskinstyrning\/"]}]},{"@type":"BreadcrumbList","@id":"https:\/\/teamexact.com\/sv\/maskinstyrning\/#breadcrumb","itemListElement":[{"@type":"ListItem","position":1,"name":"Home","item":"https:\/\/teamexact.com\/sv\/"},{"@type":"ListItem","position":2,"name":"Maskinstyrning"}]},{"@type":"WebSite","@id":"https:\/\/teamexact.com\/sv\/#website","url":"https:\/\/teamexact.com\/sv\/","name":"EXACT","description":"We see more","potentialAction":[{"@type":"SearchAction","target":{"@type":"EntryPoint","urlTemplate":"https:\/\/teamexact.com\/sv\/?s={search_term_string}"},"query-input":"required name=search_term_string"}],"inLanguage":"sv-SE"}]}},"_links":{"self":[{"href":"https:\/\/teamexact.com\/sv\/wp-json\/wp\/v2\/pages\/1218"}],"collection":[{"href":"https:\/\/teamexact.com\/sv\/wp-json\/wp\/v2\/pages"}],"about":[{"href":"https:\/\/teamexact.com\/sv\/wp-json\/wp\/v2\/types\/page"}],"author":[{"embeddable":true,"href":"https:\/\/teamexact.com\/sv\/wp-json\/wp\/v2\/users\/1"}],"replies":[{"embeddable":true,"href":"https:\/\/teamexact.com\/sv\/wp-json\/wp\/v2\/comments?post=1218"}],"version-history":[{"count":12,"href":"https:\/\/teamexact.com\/sv\/wp-json\/wp\/v2\/pages\/1218\/revisions"}],"predecessor-version":[{"id":2743,"href":"https:\/\/teamexact.com\/sv\/wp-json\/wp\/v2\/pages\/1218\/revisions\/2743"}],"wp:attachment":[{"href":"https:\/\/teamexact.com\/sv\/wp-json\/wp\/v2\/media?parent=1218"}],"curies":[{"name":"wp","href":"https:\/\/api.w.org\/{rel}","templated":true}]}}