{"id":1232,"date":"2015-07-01T12:14:30","date_gmt":"2015-07-01T10:14:30","guid":{"rendered":"http:\/\/exact.lebowski.se\/?page_id=1232"},"modified":"2024-10-16T13:03:47","modified_gmt":"2024-10-16T11:03:47","slug":"team-specialist","status":"publish","type":"page","link":"https:\/\/teamexact.com\/sv\/team-specialist\/","title":{"rendered":"Design &#038; Rail"},"content":{"rendered":"<p><strong>EXACT Design &amp; Rail best\u00e5r av experter p\u00e5 m\u00e4tning i samband med projekt f\u00f6r nybyggnation, underh\u00e5ll och renovering av j\u00e4rnv\u00e4gar och tunnelbanor \u00f6ver hela Europa. V\u00e5rt team har de kunskaper och resurser samt den kompetens och erfarenhet som kr\u00e4vs f\u00f6r att snabbt leverera noggrann information som h\u00e5ller ditt projekt p\u00e5 r\u00e4tt sp\u00e5r. Eftersom arbetet i sp\u00e5rmilj\u00f6 \u00e4r speciellt kr\u00e4vande genomg\u00e5r alla medlemmar av EXACT Design &amp; Rail utbildningar f\u00f6r beh\u00f6righet och s\u00e4kerhet. Vid projekt i sp\u00e5rmilj\u00f6 \u00e4r det mycket viktigt att de nationella j\u00e4rnv\u00e4gsmyndigheternas krav p\u00e5 dokumentation uppfylls. Vi tillhandah\u00e5ller ocks\u00e5 dokumentation \u00f6ver det f\u00e4rdiga byggresultatet enligt dina \u00f6nskem\u00e5l.<\/strong><\/p>\n<p>Inom EXACT Design &amp; Rail ing\u00e5r ocks\u00e5 har experter inom topografisk m\u00e4tning och dokumentation f\u00f6r projektplanering. V\u00e5rt fokus ligger p\u00e5 kvalitet och precision och vi utf\u00f6r v\u00e5ra m\u00e4tningar och dokumentation enligt g\u00e4llande regelverk. Vi utf\u00f6r m\u00e4tning och levererar m\u00e4tdata och terr\u00e4ngmodeller som \u00e4r f\u00e4rdiga att anv\u00e4ndas i ditt projekt. Vi har ocks\u00e5 kompetens och utrustning f\u00f6r detaljerad m\u00e4tning i industrimilj\u00f6 d\u00e4r det st\u00e4lls h\u00f6ga krav p\u00e5 precision. Vi arbetar ocks\u00e5 med signalering f\u00f6r flygfotografering och m\u00e4tning av h\u00f6jdst\u00f6d vid skanningsarbeten. Vi tar g\u00e4rna helhetsansvaret f\u00f6r helikopterbaserade m\u00e4tningar i samband med ditt projekt.<\/p>\n","protected":false},"excerpt":{"rendered":"<p>EXACT Design &amp; Rail best\u00e5r av experter p\u00e5 m\u00e4tning i samband med projekt f\u00f6r nybyggnation, underh\u00e5ll och renovering av j\u00e4rnv\u00e4gar och tunnelbanor \u00f6ver hela Europa. V\u00e5rt team har de kunskaper och resurser samt den kompetens och erfarenhet som kr\u00e4vs f\u00f6r att snabbt leverera noggrann information som h\u00e5ller ditt projekt p\u00e5 r\u00e4tt sp\u00e5r. Eftersom arbetet i [&hellip;]<\/p>\n","protected":false},"author":1,"featured_media":0,"parent":0,"menu_order":0,"comment_status":"open","ping_status":"open","template":"template-page.php","meta":{"_acf_changed":false,"footnotes":""},"acf":[],"yoast_head":"<!-- This site is optimized with the Yoast SEO plugin v22.2 - https:\/\/yoast.com\/wordpress\/plugins\/seo\/ -->\n<title>Design &amp; Rail - EXACT<\/title>\n<meta name=\"robots\" content=\"index, follow, max-snippet:-1, max-image-preview:large, max-video-preview:-1\" \/>\n<link rel=\"canonical\" href=\"https:\/\/teamexact.com\/sv\/team-specialist\/\" \/>\n<meta property=\"og:locale\" content=\"sv_SE\" \/>\n<meta property=\"og:type\" content=\"article\" \/>\n<meta property=\"og:title\" content=\"Design &amp; Rail - EXACT\" \/>\n<meta property=\"og:description\" content=\"EXACT Design &amp; Rail best\u00e5r av experter p\u00e5 m\u00e4tning i samband med projekt f\u00f6r nybyggnation, underh\u00e5ll och renovering av j\u00e4rnv\u00e4gar och tunnelbanor \u00f6ver hela Europa. V\u00e5rt team har de kunskaper och resurser samt den kompetens och erfarenhet som kr\u00e4vs f\u00f6r att snabbt leverera noggrann information som h\u00e5ller ditt projekt p\u00e5 r\u00e4tt sp\u00e5r. Eftersom arbetet i [&hellip;]\" \/>\n<meta property=\"og:url\" content=\"https:\/\/teamexact.com\/sv\/team-specialist\/\" \/>\n<meta property=\"og:site_name\" content=\"EXACT\" \/>\n<meta property=\"article:modified_time\" content=\"2024-10-16T11:03:47+00:00\" \/>\n<meta name=\"twitter:card\" content=\"summary_large_image\" \/>\n<meta name=\"twitter:label1\" content=\"Ber\u00e4knad l\u00e4stid\" \/>\n\t<meta name=\"twitter:data1\" content=\"1 minut\" \/>\n<script type=\"application\/ld+json\" class=\"yoast-schema-graph\">{\"@context\":\"https:\/\/schema.org\",\"@graph\":[{\"@type\":\"WebPage\",\"@id\":\"https:\/\/teamexact.com\/sv\/team-specialist\/\",\"url\":\"https:\/\/teamexact.com\/sv\/team-specialist\/\",\"name\":\"Design & Rail - EXACT\",\"isPartOf\":{\"@id\":\"https:\/\/teamexact.com\/sv\/#website\"},\"datePublished\":\"2015-07-01T10:14:30+00:00\",\"dateModified\":\"2024-10-16T11:03:47+00:00\",\"breadcrumb\":{\"@id\":\"https:\/\/teamexact.com\/sv\/team-specialist\/#breadcrumb\"},\"inLanguage\":\"sv-SE\",\"potentialAction\":[{\"@type\":\"ReadAction\",\"target\":[\"https:\/\/teamexact.com\/sv\/team-specialist\/\"]}]},{\"@type\":\"BreadcrumbList\",\"@id\":\"https:\/\/teamexact.com\/sv\/team-specialist\/#breadcrumb\",\"itemListElement\":[{\"@type\":\"ListItem\",\"position\":1,\"name\":\"Home\",\"item\":\"https:\/\/teamexact.com\/sv\/\"},{\"@type\":\"ListItem\",\"position\":2,\"name\":\"Design &#038; Rail\"}]},{\"@type\":\"WebSite\",\"@id\":\"https:\/\/teamexact.com\/sv\/#website\",\"url\":\"https:\/\/teamexact.com\/sv\/\",\"name\":\"EXACT\",\"description\":\"We see more\",\"potentialAction\":[{\"@type\":\"SearchAction\",\"target\":{\"@type\":\"EntryPoint\",\"urlTemplate\":\"https:\/\/teamexact.com\/sv\/?s={search_term_string}\"},\"query-input\":\"required name=search_term_string\"}],\"inLanguage\":\"sv-SE\"}]}<\/script>\n<!-- \/ Yoast SEO plugin. -->","yoast_head_json":{"title":"Design & Rail - EXACT","robots":{"index":"index","follow":"follow","max-snippet":"max-snippet:-1","max-image-preview":"max-image-preview:large","max-video-preview":"max-video-preview:-1"},"canonical":"https:\/\/teamexact.com\/sv\/team-specialist\/","og_locale":"sv_SE","og_type":"article","og_title":"Design & Rail - EXACT","og_description":"EXACT Design &amp; Rail best\u00e5r av experter p\u00e5 m\u00e4tning i samband med projekt f\u00f6r nybyggnation, underh\u00e5ll och renovering av j\u00e4rnv\u00e4gar och tunnelbanor \u00f6ver hela Europa. V\u00e5rt team har de kunskaper och resurser samt den kompetens och erfarenhet som kr\u00e4vs f\u00f6r att snabbt leverera noggrann information som h\u00e5ller ditt projekt p\u00e5 r\u00e4tt sp\u00e5r. Eftersom arbetet i [&hellip;]","og_url":"https:\/\/teamexact.com\/sv\/team-specialist\/","og_site_name":"EXACT","article_modified_time":"2024-10-16T11:03:47+00:00","twitter_card":"summary_large_image","twitter_misc":{"Ber\u00e4knad l\u00e4stid":"1 minut"},"schema":{"@context":"https:\/\/schema.org","@graph":[{"@type":"WebPage","@id":"https:\/\/teamexact.com\/sv\/team-specialist\/","url":"https:\/\/teamexact.com\/sv\/team-specialist\/","name":"Design & Rail - EXACT","isPartOf":{"@id":"https:\/\/teamexact.com\/sv\/#website"},"datePublished":"2015-07-01T10:14:30+00:00","dateModified":"2024-10-16T11:03:47+00:00","breadcrumb":{"@id":"https:\/\/teamexact.com\/sv\/team-specialist\/#breadcrumb"},"inLanguage":"sv-SE","potentialAction":[{"@type":"ReadAction","target":["https:\/\/teamexact.com\/sv\/team-specialist\/"]}]},{"@type":"BreadcrumbList","@id":"https:\/\/teamexact.com\/sv\/team-specialist\/#breadcrumb","itemListElement":[{"@type":"ListItem","position":1,"name":"Home","item":"https:\/\/teamexact.com\/sv\/"},{"@type":"ListItem","position":2,"name":"Design &#038; Rail"}]},{"@type":"WebSite","@id":"https:\/\/teamexact.com\/sv\/#website","url":"https:\/\/teamexact.com\/sv\/","name":"EXACT","description":"We see more","potentialAction":[{"@type":"SearchAction","target":{"@type":"EntryPoint","urlTemplate":"https:\/\/teamexact.com\/sv\/?s={search_term_string}"},"query-input":"required name=search_term_string"}],"inLanguage":"sv-SE"}]}},"_links":{"self":[{"href":"https:\/\/teamexact.com\/sv\/wp-json\/wp\/v2\/pages\/1232"}],"collection":[{"href":"https:\/\/teamexact.com\/sv\/wp-json\/wp\/v2\/pages"}],"about":[{"href":"https:\/\/teamexact.com\/sv\/wp-json\/wp\/v2\/types\/page"}],"author":[{"embeddable":true,"href":"https:\/\/teamexact.com\/sv\/wp-json\/wp\/v2\/users\/1"}],"replies":[{"embeddable":true,"href":"https:\/\/teamexact.com\/sv\/wp-json\/wp\/v2\/comments?post=1232"}],"version-history":[{"count":7,"href":"https:\/\/teamexact.com\/sv\/wp-json\/wp\/v2\/pages\/1232\/revisions"}],"predecessor-version":[{"id":7140,"href":"https:\/\/teamexact.com\/sv\/wp-json\/wp\/v2\/pages\/1232\/revisions\/7140"}],"wp:attachment":[{"href":"https:\/\/teamexact.com\/sv\/wp-json\/wp\/v2\/media?parent=1232"}],"curies":[{"name":"wp","href":"https:\/\/api.w.org\/{rel}","templated":true}]}}