{"id":1236,"date":"2015-07-01T12:21:10","date_gmt":"2015-07-01T10:21:10","guid":{"rendered":"http:\/\/exact.lebowski.se\/?page_id=1236"},"modified":"2024-10-16T13:04:31","modified_gmt":"2024-10-16T11:04:31","slug":"exact-academy","status":"publish","type":"page","link":"https:\/\/teamexact.com\/sv\/exact-academy\/","title":{"rendered":"EXACT Academy"},"content":{"rendered":"<h3>Vi utbildar m\u00e4tsverige<\/h3>\n<p>V\u00e5r utbildning bedrivs av m\u00e4tare, f\u00f6r m\u00e4tare. V\u00e5r kursverksamhet inneh\u00e5ller allt fr\u00e5n intensivutbildning p\u00e5 ett nytt instrument till mer omfattande utbildningsprogram med olika inriktningar. Vi jobbar alltid med den senaste tekniken och de senaste direktiven vad g\u00e4ller till\u00e4mpning av regler och normer.<\/p>\n<h3><\/h3>\n<h3>Skr\u00e4ddarsydda kurser<\/h3>\n<p>Vi p\u00e5 EXACT Academy skr\u00e4ddarsyr g\u00e4rna v\u00e5ra kurser efter era \u00f6nskem\u00e5l och behov. H\u00f6r av er till oss med era \u00f6nskem\u00e5l s\u00e5 syr vi ihop ett kurspaket som passar just er. Vi kan dessutom projektanpassa v\u00e5ra kurser om s\u00e5 \u00f6nskas. Vi finns \u00f6ver hela landet \u2013 fr\u00e5n Malm\u00f6 i s\u00f6der till Kiruna i norr \u2013 s\u00e5 tveka inte att h\u00f6ra av er, EXACT Academy kommer g\u00e4rna till er, ni beh\u00f6ver inte komma till oss.<\/p>\n<p>Ange antal personer som ska anm\u00e4las, samt vilken kurs du \u00f6nskar anm\u00e4la dem till. H\u00f6r bara av dig till oss med dina \u00f6nskem\u00e5l s\u00e5 syr vi ihop ett paket som passar just dig. I kursavgiften ing\u00e5r f\u00f6r- och eftermiddagskaffe med sm\u00f6rg\u00e5s\/kaka, samt lunch. Kursmaterial tillhandah\u00e5lls av EXACT.<\/p>\n<h3><\/h3>\n<h3>Referenser<\/h3>\n<p>EXACT har arrangerat kurser f\u00f6r bland andra Tranab, Svevia, NCC, Skanska, Rekab, Peab, Tyr\u00e9ns, Boliden, Markona, ett stort antal olika kommuner samt \u00d6rebro universitet. \u00a0N\u00e5gra av de omd\u00f6men som v\u00e5ra kursledare f\u00e5tt \u00e4r:<\/p>\n<p>&#8220;Mycket engagerad och f\u00f6rst\u00e5ende l\u00e4rare som lyfter fram det viktiga som vi byggarbetsledare har nytta av&#8221;.<\/p>\n<p>&#8220;Bra med en m\u00e4tkonsult som l\u00e4rare. Han gav oss en uppdaterad bild p\u00e5 hur det ser ut och fungerar i arbetslivet\u201d.<\/p>\n<p>&#8220;En l\u00e4rorik kurs rakt igenom. Jag gick kursen Grundl\u00e4ggande teori &#8211; V\u00e4gbyggnad, och alla skeden i ett v\u00e4gbygge g\u00e5s igenom noggrant&#8221;.<\/p>\n<h3>Kursutbud EXACT Academy<\/h3>\n<p><strong>GEO \u2013 Grundkurs<\/strong><br \/>\nEn grundl\u00e4ggande kurs i det CAD-liknande ber\u00e4kningsprogrammet GEO.\u00a0Kursen ger inblick i de viktigaste funktionerna f\u00f6r inst\u00e4llningar, koordinathantering, inmatningsvyer, tolkning av punkter och linjer,\u00a0stations- och koordinatber\u00e4kning, terr\u00e4ngmodeller och v\u00e4glinjer.<br \/>\nKursl\u00e4ngd: 2 dagar<\/p>\n<p><strong>GEO\u00a0\u2013\u00a0Koordinatsystem och Transformationer<\/strong><br \/>\nKursl\u00e4ngd: 1 dag<\/p>\n<p><strong>GEO \u2013 V\u00e4glinjer<\/strong><br \/>\nKursen behandlar v\u00e4glinjehantering i v\u00e4g, j\u00e4rnv\u00e4g och\u00a0anl\u00e4ggning.<br \/>\nKursl\u00e4ngd: 1 dag<\/p>\n<p><strong>GEO \u2013 Terr\u00e4ngmodeller<\/strong><br \/>\nKursl\u00e4ngd: 1 dag<\/p>\n<p><strong>GEO \u2013 MBS<br \/>\n<\/strong>Kursen handlar om att arbeta med MBS, (massbeskrivningar) d\u00e4r man skapar v\u00e4gmodeller f\u00f6r v\u00e4g eller andra l\u00e5ngstr\u00e4ckta objekt. Man g\u00f6r volymber\u00e4kningar f\u00f6r m\u00e4ngdreglering, plockar ut nya modeller som kan anv\u00e4ndas f\u00f6r andra typer av volymber\u00e4kningar och olika modeller f\u00f6r maskinstyrning i programmet GEO.<br \/>\nKursl\u00e4ngd: 1 dag<\/p>\n<p><strong>GEO \u2013 Ritningar<\/strong><br \/>\nRitningshantering i GEO med plan- sektions- och profilritningar.<br \/>\nKursl\u00e4ngd: 1 dag<\/p>\n<p><strong>GPS\/GNSS \u2013 M\u00e4tmetoder<\/strong><br \/>\nEn grundl\u00e4ggande kurs i olika metoder att m\u00e4ta in punkter med hj\u00e4lp av GNSS-m\u00e4tning.<br \/>\nKursl\u00e4ngd: 1 halvdag<\/p>\n<p><strong>Byggn\u00e4t<\/strong><br \/>\nEn grundl\u00e4ggande teoretisk\u00a0kurs om byggn\u00e4t och dess uppbyggnad.<br \/>\nKursl\u00e4ngd: 1 dag<\/p>\n<p><strong>Grundl\u00e4ggande geodesi, koordinatsystem<\/strong><br \/>\nEn grundl\u00e4ggande kurs i hur koordinatsystemen i Sverige \u00e4r uppbyggda i h\u00f6jd och plan.<br \/>\nKursl\u00e4ngd: 1 halvdag<\/p>\n<p><strong>Grundl\u00e4ggande teori \u2013 V\u00e4gbyggnad<\/strong><br \/>\nKursen ger en grundl\u00e4ggande begreppsf\u00f6rklaring inom omr\u00e5dena v\u00e4g, j\u00e4rnv\u00e4g och anl\u00e4ggning.<br \/>\nKursl\u00e4ngd: 1 dag<\/p>\n<p><strong>GEO \u2013 Volym och MBS<\/strong><br \/>\nKursen handlar om att arbeta med v\u00e4glinjer, bygga terr\u00e4ngmodeller och bygga MBS (v\u00e4gmodeller) f\u00f6r v\u00e4g, volymber\u00e4kningar, maskinstyrning i programmet GEO.<br \/>\nKursl\u00e4ngd: 2 dagar<\/p>\n<p><strong>Maskinstyrning \u2013 Grundkurs<\/strong><br \/>\nKursen g\u00e5r igenom grundl\u00e4ggande information g\u00e4llande maskinstyrning och dess allt mer utbredda anv\u00e4ndningsomr\u00e5de inom branschen. Kursen behandlar gr\u00e4vsystemets uppbyggnad, vilka filer som anv\u00e4nds och hur man skapar dem samt vilka mjukvaror som anv\u00e4nds och hur de fungerar.<br \/>\nKursl\u00e4ngd: 1 dag<\/p>\n<p><strong>M\u00e4ngdreglering<\/strong><br \/>\nKursl\u00e4ngd: 2 dagar<\/p>\n","protected":false},"excerpt":{"rendered":"<p>Vi utbildar m\u00e4tsverige V\u00e5r utbildning bedrivs av m\u00e4tare, f\u00f6r m\u00e4tare. V\u00e5r kursverksamhet inneh\u00e5ller allt fr\u00e5n intensivutbildning p\u00e5 ett nytt instrument till mer omfattande utbildningsprogram med olika inriktningar. Vi jobbar alltid med den senaste tekniken och de senaste direktiven vad g\u00e4ller till\u00e4mpning av regler och normer. Skr\u00e4ddarsydda kurser Vi p\u00e5 EXACT Academy skr\u00e4ddarsyr g\u00e4rna v\u00e5ra kurser [&hellip;]<\/p>\n","protected":false},"author":1,"featured_media":0,"parent":0,"menu_order":0,"comment_status":"open","ping_status":"open","template":"template-page.php","meta":{"_acf_changed":false,"footnotes":""},"acf":[],"yoast_head":"<!-- This site is optimized with the Yoast SEO plugin v22.2 - https:\/\/yoast.com\/wordpress\/plugins\/seo\/ -->\n<title>EXACT Academy - EXACT<\/title>\n<meta name=\"robots\" content=\"index, follow, max-snippet:-1, max-image-preview:large, max-video-preview:-1\" \/>\n<link rel=\"canonical\" href=\"https:\/\/teamexact.com\/sv\/exact-academy\/\" \/>\n<meta property=\"og:locale\" content=\"sv_SE\" \/>\n<meta property=\"og:type\" content=\"article\" \/>\n<meta property=\"og:title\" content=\"EXACT Academy - EXACT\" \/>\n<meta property=\"og:description\" content=\"Vi utbildar m\u00e4tsverige V\u00e5r utbildning bedrivs av m\u00e4tare, f\u00f6r m\u00e4tare. V\u00e5r kursverksamhet inneh\u00e5ller allt fr\u00e5n intensivutbildning p\u00e5 ett nytt instrument till mer omfattande utbildningsprogram med olika inriktningar. Vi jobbar alltid med den senaste tekniken och de senaste direktiven vad g\u00e4ller till\u00e4mpning av regler och normer. Skr\u00e4ddarsydda kurser Vi p\u00e5 EXACT Academy skr\u00e4ddarsyr g\u00e4rna v\u00e5ra kurser [&hellip;]\" \/>\n<meta property=\"og:url\" content=\"https:\/\/teamexact.com\/sv\/exact-academy\/\" \/>\n<meta property=\"og:site_name\" content=\"EXACT\" \/>\n<meta property=\"article:modified_time\" content=\"2024-10-16T11:04:31+00:00\" \/>\n<meta name=\"twitter:card\" content=\"summary_large_image\" \/>\n<meta name=\"twitter:label1\" content=\"Ber\u00e4knad l\u00e4stid\" \/>\n\t<meta name=\"twitter:data1\" content=\"3 minuter\" \/>\n<script type=\"application\/ld+json\" class=\"yoast-schema-graph\">{\"@context\":\"https:\/\/schema.org\",\"@graph\":[{\"@type\":\"WebPage\",\"@id\":\"https:\/\/teamexact.com\/sv\/exact-academy\/\",\"url\":\"https:\/\/teamexact.com\/sv\/exact-academy\/\",\"name\":\"EXACT Academy - EXACT\",\"isPartOf\":{\"@id\":\"https:\/\/teamexact.com\/sv\/#website\"},\"datePublished\":\"2015-07-01T10:21:10+00:00\",\"dateModified\":\"2024-10-16T11:04:31+00:00\",\"breadcrumb\":{\"@id\":\"https:\/\/teamexact.com\/sv\/exact-academy\/#breadcrumb\"},\"inLanguage\":\"sv-SE\",\"potentialAction\":[{\"@type\":\"ReadAction\",\"target\":[\"https:\/\/teamexact.com\/sv\/exact-academy\/\"]}]},{\"@type\":\"BreadcrumbList\",\"@id\":\"https:\/\/teamexact.com\/sv\/exact-academy\/#breadcrumb\",\"itemListElement\":[{\"@type\":\"ListItem\",\"position\":1,\"name\":\"Home\",\"item\":\"https:\/\/teamexact.com\/sv\/\"},{\"@type\":\"ListItem\",\"position\":2,\"name\":\"EXACT Academy\"}]},{\"@type\":\"WebSite\",\"@id\":\"https:\/\/teamexact.com\/sv\/#website\",\"url\":\"https:\/\/teamexact.com\/sv\/\",\"name\":\"EXACT\",\"description\":\"We see more\",\"potentialAction\":[{\"@type\":\"SearchAction\",\"target\":{\"@type\":\"EntryPoint\",\"urlTemplate\":\"https:\/\/teamexact.com\/sv\/?s={search_term_string}\"},\"query-input\":\"required name=search_term_string\"}],\"inLanguage\":\"sv-SE\"}]}<\/script>\n<!-- \/ Yoast SEO plugin. -->","yoast_head_json":{"title":"EXACT Academy - EXACT","robots":{"index":"index","follow":"follow","max-snippet":"max-snippet:-1","max-image-preview":"max-image-preview:large","max-video-preview":"max-video-preview:-1"},"canonical":"https:\/\/teamexact.com\/sv\/exact-academy\/","og_locale":"sv_SE","og_type":"article","og_title":"EXACT Academy - EXACT","og_description":"Vi utbildar m\u00e4tsverige V\u00e5r utbildning bedrivs av m\u00e4tare, f\u00f6r m\u00e4tare. V\u00e5r kursverksamhet inneh\u00e5ller allt fr\u00e5n intensivutbildning p\u00e5 ett nytt instrument till mer omfattande utbildningsprogram med olika inriktningar. Vi jobbar alltid med den senaste tekniken och de senaste direktiven vad g\u00e4ller till\u00e4mpning av regler och normer. Skr\u00e4ddarsydda kurser Vi p\u00e5 EXACT Academy skr\u00e4ddarsyr g\u00e4rna v\u00e5ra kurser [&hellip;]","og_url":"https:\/\/teamexact.com\/sv\/exact-academy\/","og_site_name":"EXACT","article_modified_time":"2024-10-16T11:04:31+00:00","twitter_card":"summary_large_image","twitter_misc":{"Ber\u00e4knad l\u00e4stid":"3 minuter"},"schema":{"@context":"https:\/\/schema.org","@graph":[{"@type":"WebPage","@id":"https:\/\/teamexact.com\/sv\/exact-academy\/","url":"https:\/\/teamexact.com\/sv\/exact-academy\/","name":"EXACT Academy - EXACT","isPartOf":{"@id":"https:\/\/teamexact.com\/sv\/#website"},"datePublished":"2015-07-01T10:21:10+00:00","dateModified":"2024-10-16T11:04:31+00:00","breadcrumb":{"@id":"https:\/\/teamexact.com\/sv\/exact-academy\/#breadcrumb"},"inLanguage":"sv-SE","potentialAction":[{"@type":"ReadAction","target":["https:\/\/teamexact.com\/sv\/exact-academy\/"]}]},{"@type":"BreadcrumbList","@id":"https:\/\/teamexact.com\/sv\/exact-academy\/#breadcrumb","itemListElement":[{"@type":"ListItem","position":1,"name":"Home","item":"https:\/\/teamexact.com\/sv\/"},{"@type":"ListItem","position":2,"name":"EXACT Academy"}]},{"@type":"WebSite","@id":"https:\/\/teamexact.com\/sv\/#website","url":"https:\/\/teamexact.com\/sv\/","name":"EXACT","description":"We see more","potentialAction":[{"@type":"SearchAction","target":{"@type":"EntryPoint","urlTemplate":"https:\/\/teamexact.com\/sv\/?s={search_term_string}"},"query-input":"required name=search_term_string"}],"inLanguage":"sv-SE"}]}},"_links":{"self":[{"href":"https:\/\/teamexact.com\/sv\/wp-json\/wp\/v2\/pages\/1236"}],"collection":[{"href":"https:\/\/teamexact.com\/sv\/wp-json\/wp\/v2\/pages"}],"about":[{"href":"https:\/\/teamexact.com\/sv\/wp-json\/wp\/v2\/types\/page"}],"author":[{"embeddable":true,"href":"https:\/\/teamexact.com\/sv\/wp-json\/wp\/v2\/users\/1"}],"replies":[{"embeddable":true,"href":"https:\/\/teamexact.com\/sv\/wp-json\/wp\/v2\/comments?post=1236"}],"version-history":[{"count":35,"href":"https:\/\/teamexact.com\/sv\/wp-json\/wp\/v2\/pages\/1236\/revisions"}],"predecessor-version":[{"id":7141,"href":"https:\/\/teamexact.com\/sv\/wp-json\/wp\/v2\/pages\/1236\/revisions\/7141"}],"wp:attachment":[{"href":"https:\/\/teamexact.com\/sv\/wp-json\/wp\/v2\/media?parent=1236"}],"curies":[{"name":"wp","href":"https:\/\/api.w.org\/{rel}","templated":true}]}}