{"id":2028,"date":"2016-03-01T09:16:25","date_gmt":"2016-03-01T08:16:25","guid":{"rendered":"http:\/\/www.teamexact.com\/?page_id=2028"},"modified":"2018-02-26T20:42:50","modified_gmt":"2018-02-26T19:42:50","slug":"geodata","status":"publish","type":"page","link":"https:\/\/teamexact.com\/sv\/geodata\/","title":{"rendered":"Geodata"},"content":{"rendered":"<p><strong>En stor del av informationen i v\u00e5r omv\u00e4rld g\u00e5r att koppla till ett specifikt geografiskt l\u00e4ge. Vi kallar den h\u00e4r typen av platsrelaterad information f\u00f6r geodata.\u00a0Vi samlar in och bearbetar geodata f\u00f6r flera olika \u00e4ndam\u00e5l och vi har erfarenheten som kr\u00e4vs f\u00f6r att se\u00a0b\u00e5de helheten och detaljerna som efterfr\u00e5gas i varje unikt uppdrag.<\/strong><\/p>\n<p>Med hj\u00e4lp av ett geografiskt informationssystem, GIS, finns det sedan m\u00e4ngder av olika m\u00f6jligheter att processa och kraftfullt analysera den insamlade informationen. Genom att presentera analysen via exempelvis en karta underl\u00e4ttar vi f\u00f6rst\u00e5elsen och skapar ett tydligt och bra beslutsunderlag. Vi kan ocks\u00e5 leverera terr\u00e4ng- eller h\u00f6jdmodeller att anv\u00e4nda tillsammans med olika typer av geodata f\u00f6r tydlig visualisering av projekt och kommande exploateringar.<\/p>\n<p>Oavsett om det handlar om geografisk information f\u00f6r en ledningskarta, kartl\u00e4ggning av kyrkog\u00e5rdar eller underlag till detaljplaneprocessen, s\u00e5 f\u00f6ljer vi samma princip. Vi bygger geodata som matchar kundbehoven och som passar tekniskt i olika system b\u00e5de vad g\u00e4ller datamodell och leveransformat. V\u00e5r f\u00f6r\u00e4dlingsprocess s\u00e4krar att vi alltid levererar r\u00e4tt kvalitet och ger dig som kund b\u00e4sta m\u00f6jliga f\u00f6ruts\u00e4ttningar att arbeta vidare med din geodata i exempelvis ett GIS.<\/p>\n","protected":false},"excerpt":{"rendered":"<p>En stor del av informationen i v\u00e5r omv\u00e4rld g\u00e5r att koppla till ett specifikt geografiskt l\u00e4ge. Vi kallar den h\u00e4r typen av platsrelaterad information f\u00f6r geodata.\u00a0Vi samlar in och bearbetar geodata f\u00f6r flera olika \u00e4ndam\u00e5l och vi har erfarenheten som kr\u00e4vs f\u00f6r att se\u00a0b\u00e5de helheten och detaljerna som efterfr\u00e5gas i varje unikt uppdrag. Med hj\u00e4lp [&hellip;]<\/p>\n","protected":false},"author":1,"featured_media":0,"parent":0,"menu_order":0,"comment_status":"open","ping_status":"open","template":"template-page.php","meta":{"_acf_changed":false,"footnotes":""},"acf":[],"yoast_head":"<!-- This site is optimized with the Yoast SEO plugin v22.2 - https:\/\/yoast.com\/wordpress\/plugins\/seo\/ -->\n<title>Geodata - EXACT<\/title>\n<meta name=\"robots\" content=\"index, follow, max-snippet:-1, max-image-preview:large, max-video-preview:-1\" \/>\n<link rel=\"canonical\" href=\"https:\/\/teamexact.com\/sv\/geodata\/\" \/>\n<meta property=\"og:locale\" content=\"sv_SE\" \/>\n<meta property=\"og:type\" content=\"article\" \/>\n<meta property=\"og:title\" content=\"Geodata - EXACT\" \/>\n<meta property=\"og:description\" content=\"En stor del av informationen i v\u00e5r omv\u00e4rld g\u00e5r att koppla till ett specifikt geografiskt l\u00e4ge. Vi kallar den h\u00e4r typen av platsrelaterad information f\u00f6r geodata.\u00a0Vi samlar in och bearbetar geodata f\u00f6r flera olika \u00e4ndam\u00e5l och vi har erfarenheten som kr\u00e4vs f\u00f6r att se\u00a0b\u00e5de helheten och detaljerna som efterfr\u00e5gas i varje unikt uppdrag. Med hj\u00e4lp [&hellip;]\" \/>\n<meta property=\"og:url\" content=\"https:\/\/teamexact.com\/sv\/geodata\/\" \/>\n<meta property=\"og:site_name\" content=\"EXACT\" \/>\n<meta property=\"article:modified_time\" content=\"2018-02-26T19:42:50+00:00\" \/>\n<meta name=\"twitter:card\" content=\"summary_large_image\" \/>\n<meta name=\"twitter:label1\" content=\"Ber\u00e4knad l\u00e4stid\" \/>\n\t<meta name=\"twitter:data1\" content=\"1 minut\" \/>\n<script type=\"application\/ld+json\" class=\"yoast-schema-graph\">{\"@context\":\"https:\/\/schema.org\",\"@graph\":[{\"@type\":\"WebPage\",\"@id\":\"https:\/\/teamexact.com\/sv\/geodata\/\",\"url\":\"https:\/\/teamexact.com\/sv\/geodata\/\",\"name\":\"Geodata - EXACT\",\"isPartOf\":{\"@id\":\"https:\/\/teamexact.com\/sv\/#website\"},\"datePublished\":\"2016-03-01T08:16:25+00:00\",\"dateModified\":\"2018-02-26T19:42:50+00:00\",\"breadcrumb\":{\"@id\":\"https:\/\/teamexact.com\/sv\/geodata\/#breadcrumb\"},\"inLanguage\":\"sv-SE\",\"potentialAction\":[{\"@type\":\"ReadAction\",\"target\":[\"https:\/\/teamexact.com\/sv\/geodata\/\"]}]},{\"@type\":\"BreadcrumbList\",\"@id\":\"https:\/\/teamexact.com\/sv\/geodata\/#breadcrumb\",\"itemListElement\":[{\"@type\":\"ListItem\",\"position\":1,\"name\":\"Home\",\"item\":\"https:\/\/teamexact.com\/sv\/\"},{\"@type\":\"ListItem\",\"position\":2,\"name\":\"Geodata\"}]},{\"@type\":\"WebSite\",\"@id\":\"https:\/\/teamexact.com\/sv\/#website\",\"url\":\"https:\/\/teamexact.com\/sv\/\",\"name\":\"EXACT\",\"description\":\"We see more\",\"potentialAction\":[{\"@type\":\"SearchAction\",\"target\":{\"@type\":\"EntryPoint\",\"urlTemplate\":\"https:\/\/teamexact.com\/sv\/?s={search_term_string}\"},\"query-input\":\"required name=search_term_string\"}],\"inLanguage\":\"sv-SE\"}]}<\/script>\n<!-- \/ Yoast SEO plugin. -->","yoast_head_json":{"title":"Geodata - EXACT","robots":{"index":"index","follow":"follow","max-snippet":"max-snippet:-1","max-image-preview":"max-image-preview:large","max-video-preview":"max-video-preview:-1"},"canonical":"https:\/\/teamexact.com\/sv\/geodata\/","og_locale":"sv_SE","og_type":"article","og_title":"Geodata - EXACT","og_description":"En stor del av informationen i v\u00e5r omv\u00e4rld g\u00e5r att koppla till ett specifikt geografiskt l\u00e4ge. Vi kallar den h\u00e4r typen av platsrelaterad information f\u00f6r geodata.\u00a0Vi samlar in och bearbetar geodata f\u00f6r flera olika \u00e4ndam\u00e5l och vi har erfarenheten som kr\u00e4vs f\u00f6r att se\u00a0b\u00e5de helheten och detaljerna som efterfr\u00e5gas i varje unikt uppdrag. Med hj\u00e4lp [&hellip;]","og_url":"https:\/\/teamexact.com\/sv\/geodata\/","og_site_name":"EXACT","article_modified_time":"2018-02-26T19:42:50+00:00","twitter_card":"summary_large_image","twitter_misc":{"Ber\u00e4knad l\u00e4stid":"1 minut"},"schema":{"@context":"https:\/\/schema.org","@graph":[{"@type":"WebPage","@id":"https:\/\/teamexact.com\/sv\/geodata\/","url":"https:\/\/teamexact.com\/sv\/geodata\/","name":"Geodata - EXACT","isPartOf":{"@id":"https:\/\/teamexact.com\/sv\/#website"},"datePublished":"2016-03-01T08:16:25+00:00","dateModified":"2018-02-26T19:42:50+00:00","breadcrumb":{"@id":"https:\/\/teamexact.com\/sv\/geodata\/#breadcrumb"},"inLanguage":"sv-SE","potentialAction":[{"@type":"ReadAction","target":["https:\/\/teamexact.com\/sv\/geodata\/"]}]},{"@type":"BreadcrumbList","@id":"https:\/\/teamexact.com\/sv\/geodata\/#breadcrumb","itemListElement":[{"@type":"ListItem","position":1,"name":"Home","item":"https:\/\/teamexact.com\/sv\/"},{"@type":"ListItem","position":2,"name":"Geodata"}]},{"@type":"WebSite","@id":"https:\/\/teamexact.com\/sv\/#website","url":"https:\/\/teamexact.com\/sv\/","name":"EXACT","description":"We see more","potentialAction":[{"@type":"SearchAction","target":{"@type":"EntryPoint","urlTemplate":"https:\/\/teamexact.com\/sv\/?s={search_term_string}"},"query-input":"required name=search_term_string"}],"inLanguage":"sv-SE"}]}},"_links":{"self":[{"href":"https:\/\/teamexact.com\/sv\/wp-json\/wp\/v2\/pages\/2028"}],"collection":[{"href":"https:\/\/teamexact.com\/sv\/wp-json\/wp\/v2\/pages"}],"about":[{"href":"https:\/\/teamexact.com\/sv\/wp-json\/wp\/v2\/types\/page"}],"author":[{"embeddable":true,"href":"https:\/\/teamexact.com\/sv\/wp-json\/wp\/v2\/users\/1"}],"replies":[{"embeddable":true,"href":"https:\/\/teamexact.com\/sv\/wp-json\/wp\/v2\/comments?post=2028"}],"version-history":[{"count":3,"href":"https:\/\/teamexact.com\/sv\/wp-json\/wp\/v2\/pages\/2028\/revisions"}],"predecessor-version":[{"id":3078,"href":"https:\/\/teamexact.com\/sv\/wp-json\/wp\/v2\/pages\/2028\/revisions\/3078"}],"wp:attachment":[{"href":"https:\/\/teamexact.com\/sv\/wp-json\/wp\/v2\/media?parent=2028"}],"curies":[{"name":"wp","href":"https:\/\/api.w.org\/{rel}","templated":true}]}}