{"id":2211,"date":"2016-06-07T00:00:21","date_gmt":"2016-06-06T22:00:21","guid":{"rendered":"http:\/\/www.teamexact.com\/sv\/?page_id=2211"},"modified":"2018-11-01T23:52:59","modified_gmt":"2018-11-01T22:52:59","slug":"bygg-framtiden-tillsammans-med-oss","status":"publish","type":"page","link":"https:\/\/teamexact.com\/sv\/bygg-framtiden-tillsammans-med-oss\/","title":{"rendered":"Alltid intresserade av r\u00e4tt kompetens"},"content":{"rendered":"<p><strong>Vi letar hela tiden efter m\u00e4nniskor som f\u00f6rst\u00e5r vikten av att vara Exact. M\u00e4nniskor som verkligen har passion f\u00f6r precision. F\u00f6r v\u00e5rt m\u00e5l har fr\u00e5n dag ett varit att utmana och leda branschen mot n\u00e5got nytt. Det kr\u00e4ver b\u00e5de mod och bra kollegor.<\/strong><\/p>\n<p>Vi vill skapa n\u00e5got som ingen annan gjort. Det g\u00f6r vi genom att se nya m\u00f6jligheter och genom att alltid jobba f\u00f6r att \u00f6vertr\u00e4ffa f\u00f6rv\u00e4ntningar. Byggbranschen \u00e4r inne i en sp\u00e4nnande tid med nya digitala arbetss\u00e4tt. Och d\u00e4r vill vi ligga i framkant.<\/p>\n<p>Vi lyckas genom att bli fler som kan mer. Det \u00e4r m\u00e4nniskor med r\u00e4tt inst\u00e4llning och kunskap som g\u00f6r den stora skillnaden. F\u00f6r v\u00e4rlden beh\u00f6ver riktigt skickliga m\u00e4tningstekniker. \u00c4r du en av dem? V\u00e4lkommen med din ans\u00f6kan.<\/p>\n<h3>Lediga tj\u00e4nster<\/h3>\n<p><iframe loading=\"lazy\" style=\"height: 420px; width: 100%;\" src=\"https:\/\/teamexact.varbi.com\/se\/what:iframe\/login:1\/buttons:1\/subscribe:1\/template:default\/\" width=\"300\" height=\"150\" frameborder=\"0\"><\/iframe><\/p>\n<hr \/>\n<h3><b><br \/>\n\u201dVi har alltid kul ihop p\u00e5 jobbet\u201d<br \/>\n<\/b><\/h3>\n<p><img loading=\"lazy\" decoding=\"async\" class=\"alignright wp-image-3659 size-full\" src=\"http:\/\/www.teamexact.com\/wp-content\/uploads\/2018\/08\/jonas-nilssonSVV_2.jpg\" alt=\"\" width=\"200\" height=\"234\" \/><\/p>\n<p><strong>Jonas Nilsson b\u00f6rjade p\u00e5 Exact f\u00f6r \u00e5tta \u00e5r sedan efter att ha g\u00e5tt en KY-utbildning i kart- och m\u00e4tningsteknik. Just nu jobbar han ute p\u00e5 ett anl\u00e4ggningsprojekt f\u00f6r en uppdragsgivare som bygger broar i betong. <\/strong><\/p>\n<p>\u2013 Jobbet som m\u00e4ttekniker \u00e4r oerh\u00f6rt varierande, du st\u00f6ter p\u00e5 olika problem i olika projekt. Det \u00e4r roligt n\u00e4r man f\u00e5r en klurig uppgift att l\u00f6sa, s\u00e4ger Jonas.<\/p>\n<p><a href=\"http:\/\/www.teamexact.com\/sv\/vi-har-alltid-kul-ihop-pa-jobbet\/\">L\u00e4s hela intervjun<\/a><\/p>\n<p>&nbsp;<\/p>\n<p>&nbsp;<\/p>\n<hr \/>\n<h3><b><br \/>\nSer m\u00e5nga m\u00f6jligheter under ett enat EXACT<\/b><\/h3>\n<p><img loading=\"lazy\" decoding=\"async\" class=\"alignright wp-image-3086\" src=\"http:\/\/www.teamexact.com\/wp-content\/uploads\/2018\/03\/Jonas-Skogfalt-2.jpg\" alt=\"\" width=\"200\" height=\"234\" \/><\/p>\n<p><strong>Karlstadbon Jonas Skogf\u00e4lt b\u00f6rjade arbeta p\u00e5 EXACT f\u00f6r fem \u00e5r sedan som m\u00e4ttekniker. Idag arbetar han som kundansvarig i v\u00e4st och gillar att utveckla m\u00e4tsverige tillsammans med sina kollegor.<\/strong><\/p>\n<p>\u2013 Efter n\u00e5gra \u00e5r ute i produktionsm\u00e4tning s\u00e5 fick jag chansen att kliva in i en roll som tilltalade mig, och det st\u00e4rker mitt band till bolaget. Bolaget st\u00e5r inte i v\u00e4gen f\u00f6r ens personliga utveckling och \u00f6nskem\u00e5l, utan snarare hj\u00e4lper till att hitta nya v\u00e4gar att g\u00e5 p\u00e5. Mitt ansvarsomr\u00e5de ligger nu framf\u00f6rallt i G\u00f6teborg och V\u00e4rmland d\u00e4r jag agerar ansiktet ut\u00e5t mot kunder samt st\u00e4ndigt r\u00e4knar och f\u00f6rhandlar om jobb \u00e5t v\u00e5ra konsulter.<\/p>\n<p><a href=\"http:\/\/www.teamexact.com\/sv\/ser-manga-mojligheter-under-ett-enat-exact\/\">L\u00e4s hela intervjun<\/a><\/p>\n<hr \/>\n<h3><b><br \/>\nBygg framtiden tillsammans med oss<\/b><\/h3>\n<p><b>N\u00e4r det h\u00e4nder n\u00e5got sp\u00e4nnande p\u00e5 det byggtekniska omr\u00e5det finns vi ofta p\u00e5 plats. V\u00e5ra kunder \u00e4r b\u00e5de sm\u00e5 och stora f\u00f6retag \u2013 fr\u00e5n globala akt\u00f6rer till mindre organisationer. Att arbeta hos oss ger dig goda m\u00f6jligheter att skaffa internationell erfarenhet och att delta i utvecklingen av framtidens viktigaste byggtekniska projekt.<\/b><\/p>\n<p>Vi har deltagit vid byggandet av naturgasf\u00e4ltet Ormen Lange i Norge, landm\u00e4rket och skyskrapan Turning Torso i Malm\u00f6, Tele2 Arena i Stockholm och en rad stora oljeplattformar i Ryssland. Vi har kontor p\u00e5 flera orter \u00f6ver hela Europa och vi planerar att ut\u00f6ka v\u00e5r n\u00e4rvaro ytterligare. I dag best\u00e5r v\u00e5ra personalteam av ungef\u00e4r 250 medarbetare p\u00e5 v\u00e5ra kontor i Norge, Finland, Sverige, Estland, Tjeckien och Kanada.<\/p>\n<h3><b>\u00a0<\/b><\/h3>\n","protected":false},"excerpt":{"rendered":"<p>Vi letar hela tiden efter m\u00e4nniskor som f\u00f6rst\u00e5r vikten av att vara Exact. M\u00e4nniskor som verkligen har passion f\u00f6r precision. F\u00f6r v\u00e5rt m\u00e5l har fr\u00e5n dag ett varit att utmana och leda branschen mot n\u00e5got nytt. Det kr\u00e4ver b\u00e5de mod och bra kollegor. Vi vill skapa n\u00e5got som ingen annan gjort. Det g\u00f6r vi genom [&hellip;]<\/p>\n","protected":false},"author":1,"featured_media":0,"parent":0,"menu_order":0,"comment_status":"closed","ping_status":"closed","template":"template-jobs.php","meta":{"_acf_changed":false,"footnotes":""},"acf":[],"yoast_head":"<!-- This site is optimized with the Yoast SEO plugin v22.2 - https:\/\/yoast.com\/wordpress\/plugins\/seo\/ -->\n<title>Alltid intresserade av r\u00e4tt kompetens - EXACT<\/title>\n<meta name=\"robots\" content=\"index, follow, max-snippet:-1, max-image-preview:large, max-video-preview:-1\" \/>\n<link rel=\"canonical\" href=\"https:\/\/teamexact.com\/sv\/bygg-framtiden-tillsammans-med-oss\/\" \/>\n<meta property=\"og:locale\" content=\"sv_SE\" \/>\n<meta property=\"og:type\" content=\"article\" \/>\n<meta property=\"og:title\" content=\"Alltid intresserade av r\u00e4tt kompetens - EXACT\" \/>\n<meta property=\"og:description\" content=\"Vi letar hela tiden efter m\u00e4nniskor som f\u00f6rst\u00e5r vikten av att vara Exact. M\u00e4nniskor som verkligen har passion f\u00f6r precision. F\u00f6r v\u00e5rt m\u00e5l har fr\u00e5n dag ett varit att utmana och leda branschen mot n\u00e5got nytt. Det kr\u00e4ver b\u00e5de mod och bra kollegor. Vi vill skapa n\u00e5got som ingen annan gjort. Det g\u00f6r vi genom [&hellip;]\" \/>\n<meta property=\"og:url\" content=\"https:\/\/teamexact.com\/sv\/bygg-framtiden-tillsammans-med-oss\/\" \/>\n<meta property=\"og:site_name\" content=\"EXACT\" \/>\n<meta property=\"article:modified_time\" content=\"2018-11-01T22:52:59+00:00\" \/>\n<meta property=\"og:image\" content=\"http:\/\/www.teamexact.com\/wp-content\/uploads\/2018\/08\/jonas-nilssonSVV_2.jpg\" \/>\n<meta name=\"twitter:card\" content=\"summary_large_image\" \/>\n<meta name=\"twitter:label1\" content=\"Ber\u00e4knad l\u00e4stid\" \/>\n\t<meta name=\"twitter:data1\" content=\"3 minuter\" \/>\n<script type=\"application\/ld+json\" class=\"yoast-schema-graph\">{\"@context\":\"https:\/\/schema.org\",\"@graph\":[{\"@type\":\"WebPage\",\"@id\":\"https:\/\/teamexact.com\/sv\/bygg-framtiden-tillsammans-med-oss\/\",\"url\":\"https:\/\/teamexact.com\/sv\/bygg-framtiden-tillsammans-med-oss\/\",\"name\":\"Alltid intresserade av r\u00e4tt kompetens - EXACT\",\"isPartOf\":{\"@id\":\"https:\/\/teamexact.com\/sv\/#website\"},\"primaryImageOfPage\":{\"@id\":\"https:\/\/teamexact.com\/sv\/bygg-framtiden-tillsammans-med-oss\/#primaryimage\"},\"image\":{\"@id\":\"https:\/\/teamexact.com\/sv\/bygg-framtiden-tillsammans-med-oss\/#primaryimage\"},\"thumbnailUrl\":\"http:\/\/www.teamexact.com\/wp-content\/uploads\/2018\/08\/jonas-nilssonSVV_2.jpg\",\"datePublished\":\"2016-06-06T22:00:21+00:00\",\"dateModified\":\"2018-11-01T22:52:59+00:00\",\"breadcrumb\":{\"@id\":\"https:\/\/teamexact.com\/sv\/bygg-framtiden-tillsammans-med-oss\/#breadcrumb\"},\"inLanguage\":\"sv-SE\",\"potentialAction\":[{\"@type\":\"ReadAction\",\"target\":[\"https:\/\/teamexact.com\/sv\/bygg-framtiden-tillsammans-med-oss\/\"]}]},{\"@type\":\"ImageObject\",\"inLanguage\":\"sv-SE\",\"@id\":\"https:\/\/teamexact.com\/sv\/bygg-framtiden-tillsammans-med-oss\/#primaryimage\",\"url\":\"http:\/\/www.teamexact.com\/wp-content\/uploads\/2018\/08\/jonas-nilssonSVV_2.jpg\",\"contentUrl\":\"http:\/\/www.teamexact.com\/wp-content\/uploads\/2018\/08\/jonas-nilssonSVV_2.jpg\"},{\"@type\":\"BreadcrumbList\",\"@id\":\"https:\/\/teamexact.com\/sv\/bygg-framtiden-tillsammans-med-oss\/#breadcrumb\",\"itemListElement\":[{\"@type\":\"ListItem\",\"position\":1,\"name\":\"Home\",\"item\":\"https:\/\/teamexact.com\/sv\/\"},{\"@type\":\"ListItem\",\"position\":2,\"name\":\"Alltid intresserade av r\u00e4tt kompetens\"}]},{\"@type\":\"WebSite\",\"@id\":\"https:\/\/teamexact.com\/sv\/#website\",\"url\":\"https:\/\/teamexact.com\/sv\/\",\"name\":\"EXACT\",\"description\":\"We see more\",\"potentialAction\":[{\"@type\":\"SearchAction\",\"target\":{\"@type\":\"EntryPoint\",\"urlTemplate\":\"https:\/\/teamexact.com\/sv\/?s={search_term_string}\"},\"query-input\":\"required name=search_term_string\"}],\"inLanguage\":\"sv-SE\"}]}<\/script>\n<!-- \/ Yoast SEO plugin. -->","yoast_head_json":{"title":"Alltid intresserade av r\u00e4tt kompetens - EXACT","robots":{"index":"index","follow":"follow","max-snippet":"max-snippet:-1","max-image-preview":"max-image-preview:large","max-video-preview":"max-video-preview:-1"},"canonical":"https:\/\/teamexact.com\/sv\/bygg-framtiden-tillsammans-med-oss\/","og_locale":"sv_SE","og_type":"article","og_title":"Alltid intresserade av r\u00e4tt kompetens - EXACT","og_description":"Vi letar hela tiden efter m\u00e4nniskor som f\u00f6rst\u00e5r vikten av att vara Exact. M\u00e4nniskor som verkligen har passion f\u00f6r precision. F\u00f6r v\u00e5rt m\u00e5l har fr\u00e5n dag ett varit att utmana och leda branschen mot n\u00e5got nytt. Det kr\u00e4ver b\u00e5de mod och bra kollegor. Vi vill skapa n\u00e5got som ingen annan gjort. Det g\u00f6r vi genom [&hellip;]","og_url":"https:\/\/teamexact.com\/sv\/bygg-framtiden-tillsammans-med-oss\/","og_site_name":"EXACT","article_modified_time":"2018-11-01T22:52:59+00:00","og_image":[{"url":"http:\/\/www.teamexact.com\/wp-content\/uploads\/2018\/08\/jonas-nilssonSVV_2.jpg"}],"twitter_card":"summary_large_image","twitter_misc":{"Ber\u00e4knad l\u00e4stid":"3 minuter"},"schema":{"@context":"https:\/\/schema.org","@graph":[{"@type":"WebPage","@id":"https:\/\/teamexact.com\/sv\/bygg-framtiden-tillsammans-med-oss\/","url":"https:\/\/teamexact.com\/sv\/bygg-framtiden-tillsammans-med-oss\/","name":"Alltid intresserade av r\u00e4tt kompetens - EXACT","isPartOf":{"@id":"https:\/\/teamexact.com\/sv\/#website"},"primaryImageOfPage":{"@id":"https:\/\/teamexact.com\/sv\/bygg-framtiden-tillsammans-med-oss\/#primaryimage"},"image":{"@id":"https:\/\/teamexact.com\/sv\/bygg-framtiden-tillsammans-med-oss\/#primaryimage"},"thumbnailUrl":"http:\/\/www.teamexact.com\/wp-content\/uploads\/2018\/08\/jonas-nilssonSVV_2.jpg","datePublished":"2016-06-06T22:00:21+00:00","dateModified":"2018-11-01T22:52:59+00:00","breadcrumb":{"@id":"https:\/\/teamexact.com\/sv\/bygg-framtiden-tillsammans-med-oss\/#breadcrumb"},"inLanguage":"sv-SE","potentialAction":[{"@type":"ReadAction","target":["https:\/\/teamexact.com\/sv\/bygg-framtiden-tillsammans-med-oss\/"]}]},{"@type":"ImageObject","inLanguage":"sv-SE","@id":"https:\/\/teamexact.com\/sv\/bygg-framtiden-tillsammans-med-oss\/#primaryimage","url":"http:\/\/www.teamexact.com\/wp-content\/uploads\/2018\/08\/jonas-nilssonSVV_2.jpg","contentUrl":"http:\/\/www.teamexact.com\/wp-content\/uploads\/2018\/08\/jonas-nilssonSVV_2.jpg"},{"@type":"BreadcrumbList","@id":"https:\/\/teamexact.com\/sv\/bygg-framtiden-tillsammans-med-oss\/#breadcrumb","itemListElement":[{"@type":"ListItem","position":1,"name":"Home","item":"https:\/\/teamexact.com\/sv\/"},{"@type":"ListItem","position":2,"name":"Alltid intresserade av r\u00e4tt kompetens"}]},{"@type":"WebSite","@id":"https:\/\/teamexact.com\/sv\/#website","url":"https:\/\/teamexact.com\/sv\/","name":"EXACT","description":"We see more","potentialAction":[{"@type":"SearchAction","target":{"@type":"EntryPoint","urlTemplate":"https:\/\/teamexact.com\/sv\/?s={search_term_string}"},"query-input":"required name=search_term_string"}],"inLanguage":"sv-SE"}]}},"_links":{"self":[{"href":"https:\/\/teamexact.com\/sv\/wp-json\/wp\/v2\/pages\/2211"}],"collection":[{"href":"https:\/\/teamexact.com\/sv\/wp-json\/wp\/v2\/pages"}],"about":[{"href":"https:\/\/teamexact.com\/sv\/wp-json\/wp\/v2\/types\/page"}],"author":[{"embeddable":true,"href":"https:\/\/teamexact.com\/sv\/wp-json\/wp\/v2\/users\/1"}],"replies":[{"embeddable":true,"href":"https:\/\/teamexact.com\/sv\/wp-json\/wp\/v2\/comments?post=2211"}],"version-history":[{"count":48,"href":"https:\/\/teamexact.com\/sv\/wp-json\/wp\/v2\/pages\/2211\/revisions"}],"predecessor-version":[{"id":5076,"href":"https:\/\/teamexact.com\/sv\/wp-json\/wp\/v2\/pages\/2211\/revisions\/5076"}],"wp:attachment":[{"href":"https:\/\/teamexact.com\/sv\/wp-json\/wp\/v2\/media?parent=2211"}],"curies":[{"name":"wp","href":"https:\/\/api.w.org\/{rel}","templated":true}]}}