{"id":2479,"date":"2016-12-08T14:00:21","date_gmt":"2016-12-08T13:00:21","guid":{"rendered":"http:\/\/www.teamexact.com\/sv\/?page_id=2479"},"modified":"2022-11-21T15:09:11","modified_gmt":"2022-11-21T14:09:11","slug":"traineeprogram","status":"publish","type":"page","link":"https:\/\/teamexact.com\/sv\/traineeprogram\/","title":{"rendered":"Traineeprogram"},"content":{"rendered":"<p><em>EXACT Trainee Program\u00a0<\/em>\u00e4r ett unikt program f\u00f6r nyutbildade m\u00e4ttekniker. Traineeprogrammet ger dig de b\u00e4sta f\u00f6ruts\u00e4ttningarna f\u00f6r att f\u00e5 fart p\u00e5 din karri\u00e4r som m\u00e4tkonsult tillsammans med oss p\u00e5 EXACT.\u00a0 H\u00e4r f\u00e5r du utmanas och utvecklas genom praktiska \u00f6vningar, teoretiska utbildningar och komplettera dina kunskaper med aff\u00e4rsmannaskap och arbetslivserfarenheter. Inte minst viktigt blir du en del av ett n\u00e4tverk av nyutexaminerade m\u00e4ttekniker som startar b\u00e5de karri\u00e4r och v\u00e4nskapsband tillsammans.<\/p>\n<p>Vi erbjuder traineeplatser p\u00e5 \u00e5tta olika verksamhetsorter.\u00a0 Efter examination fr\u00e5n programmet f\u00e5r du ett intyg och diplom f\u00f6r din genomg\u00e5ngna traineeutbildning.<\/p>\n<p><strong>VI S\u00d6KER<\/strong><br \/>\nVi s\u00f6ker dig som vill ha den b\u00e4sta starten p\u00e5 ditt arbetsliv som m\u00e4tkonsult och ett stort intresse av att st\u00e4ndigt utvecklas och vara en del av Sveriges ledande m\u00e4tkonsultf\u00f6retag. Du \u00e4r engagerad, driven och tycker om att jobba tillsammans med andra m\u00e4nniskor i en konsultmilj\u00f6. Vi p\u00e5 EXACT har en bred erfarenhet inom m\u00e4tning d\u00e4r vi har flera olika aff\u00e4rsomr\u00e5den som du kan utvecklas inom.<\/p>\n<p>V\u00e5rt traineeprogram riktar sig i f\u00f6rsta hand mot dig som g\u00e5r eller nyligen har avslutat en utbildning inom m\u00e4tteknik. Alternativt att du \u00e4r i b\u00f6rjan av din karri\u00e4r som m\u00e4ttekniker eller med annan relevant arbetslivserfarenhet med annan utbildning i grunden.<\/p>\n<p><strong>VI ERBJUDER<\/strong><br \/>\nExacts traineeprogram riktar sig i f\u00f6rsta hand mot er som g\u00f6r er sista praktikperiod p\u00e5 utbildningen. V\u00e5r m\u00e5ls\u00e4ttning \u00e4r v\u00e5ra trainees har med sig tillr\u00e4ckligt med kunskap och erfarenhet f\u00f6r att under programmets g\u00e5ng kunna bidra i v\u00e5ra projekt med kvalificerat m\u00e4tningsarbete. Under traineeprogrammet blir du d\u00e4rf\u00f6r timanst\u00e4lld och f\u00e5r ers\u00e4ttning f\u00f6r den tid du utf\u00f6r debiterbart arbete p\u00e5 projekten.<\/p>\n<p>Som trainee hos Exact f\u00e5r du m\u00f6jligheterna att utvecklas mot en yrkeskarri\u00e4r som m\u00e4tkonsult, genom att f\u00e5 utbildning och inspiration fr\u00e5n v\u00e5ra kompetenta medarbetare i Sveriges st\u00f6rsta m\u00e4tkonsultf\u00f6retag. Under ordnade former ses alla trainees och f\u00e5r genomg\u00e5ngar och utbildningar i yrkesrelaterade \u00e4mnen. Du kommer att l\u00e4ra k\u00e4nna m\u00e5nga av v\u00e5ra anst\u00e4llda och f\u00f6rst\u00e5s \u00f6vriga deltagare p\u00e5 traineeprogrammet. F\u00f6r att ge dig de absolut b\u00e4sta f\u00f6ruts\u00e4ttningarna kommer du ha en egen dedikerad utbildad mentor som st\u00f6ttar dig under hela programmet.<\/p>\n<p>Att utvecklas inom sitt intresseomr\u00e5de \u00e4r f\u00f6r oss en sj\u00e4lvklarhet. D\u00e4rf\u00f6r erbjuder vi traineeplatser med inriktning:<br \/>\n\u2013 Anl\u00e4ggning<br \/>\n\u2013 Hus<br \/>\n\u2013 J\u00e4rnv\u00e4g<br \/>\n\u2013 Projekteringsm\u00e4tning<br \/>\n\u2013 Digitala tvillingar (scanning, projektledning, 3D-modellering)<br \/>\n\u2013 Maskinstyrning<\/p>\n<p>V\u00e5rt m\u00e5l \u00e4r att du efter examinationen fr\u00e5n programmet erbjuds en anst\u00e4llning med marknadsm\u00e4ssiga villkor och forts\u00e4tter att utvecklas tillsammans med oss p\u00e5 Exact. N\u00e4sta start f\u00f6r Exacts traineeprogram \u00e4r i januari 2023. Programmet best\u00e5r av fem gemensamma tr\u00e4ffar, med start i februari och diplomering i juni.<\/p>\n<p><strong>DIN ANS\u00d6KAN<\/strong><br \/>\nI din ans\u00f6kan anger du \u00f6nskem\u00e5l om ortsplacering och m\u00e4tteknisk inriktning. Sista ans\u00f6kningsdag \u00e4r 27 november 2022. Intervjuer sker l\u00f6pande och besked om antagning kommer senast 14 december 2022.<\/p>\n<p><a href=\"https:\/\/teamexact.varbi.com\/what:job\/jobID:547428\/?lang=se\">Ans\u00f6kan till Traineeprogrammet 2023<\/a><\/p>\n<p><strong>BYGG FRAMTIDEN TILLSAMMANS MED OSS<\/strong><br \/>\nHar du fr\u00e5gor svarar Matilda g\u00e4rna p\u00e5 dem. V\u00e4lkommen med din ans\u00f6kan!<br \/>\nMatilda Jansson Norderheim: 070-294 76 99, matilda.norderheim@teamexact.com.<\/p>\n","protected":false},"excerpt":{"rendered":"<p>EXACT Trainee Program\u00a0\u00e4r ett unikt program f\u00f6r nyutbildade m\u00e4ttekniker. Traineeprogrammet ger dig de b\u00e4sta f\u00f6ruts\u00e4ttningarna f\u00f6r att f\u00e5 fart p\u00e5 din karri\u00e4r som m\u00e4tkonsult tillsammans med oss p\u00e5 EXACT.\u00a0 H\u00e4r f\u00e5r du utmanas och utvecklas genom praktiska \u00f6vningar, teoretiska utbildningar och komplettera dina kunskaper med aff\u00e4rsmannaskap och arbetslivserfarenheter. Inte minst viktigt blir du en del [&hellip;]<\/p>\n","protected":false},"author":1,"featured_media":0,"parent":0,"menu_order":0,"comment_status":"closed","ping_status":"closed","template":"template-page.php","meta":{"_acf_changed":false,"footnotes":""},"acf":[],"yoast_head":"<!-- This site is optimized with the Yoast SEO plugin v22.2 - https:\/\/yoast.com\/wordpress\/plugins\/seo\/ -->\n<title>Traineeprogram - EXACT<\/title>\n<meta name=\"robots\" content=\"index, follow, max-snippet:-1, max-image-preview:large, max-video-preview:-1\" \/>\n<link rel=\"canonical\" href=\"https:\/\/teamexact.com\/sv\/traineeprogram\/\" \/>\n<meta property=\"og:locale\" content=\"sv_SE\" \/>\n<meta property=\"og:type\" content=\"article\" \/>\n<meta property=\"og:title\" content=\"Traineeprogram - EXACT\" \/>\n<meta property=\"og:description\" content=\"EXACT Trainee Program\u00a0\u00e4r ett unikt program f\u00f6r nyutbildade m\u00e4ttekniker. Traineeprogrammet ger dig de b\u00e4sta f\u00f6ruts\u00e4ttningarna f\u00f6r att f\u00e5 fart p\u00e5 din karri\u00e4r som m\u00e4tkonsult tillsammans med oss p\u00e5 EXACT.\u00a0 H\u00e4r f\u00e5r du utmanas och utvecklas genom praktiska \u00f6vningar, teoretiska utbildningar och komplettera dina kunskaper med aff\u00e4rsmannaskap och arbetslivserfarenheter. Inte minst viktigt blir du en del [&hellip;]\" \/>\n<meta property=\"og:url\" content=\"https:\/\/teamexact.com\/sv\/traineeprogram\/\" \/>\n<meta property=\"og:site_name\" content=\"EXACT\" \/>\n<meta property=\"article:modified_time\" content=\"2022-11-21T14:09:11+00:00\" \/>\n<meta name=\"twitter:card\" content=\"summary_large_image\" \/>\n<meta name=\"twitter:label1\" content=\"Ber\u00e4knad l\u00e4stid\" \/>\n\t<meta name=\"twitter:data1\" content=\"3 minuter\" \/>\n<script type=\"application\/ld+json\" class=\"yoast-schema-graph\">{\"@context\":\"https:\/\/schema.org\",\"@graph\":[{\"@type\":\"WebPage\",\"@id\":\"https:\/\/teamexact.com\/sv\/traineeprogram\/\",\"url\":\"https:\/\/teamexact.com\/sv\/traineeprogram\/\",\"name\":\"Traineeprogram - EXACT\",\"isPartOf\":{\"@id\":\"https:\/\/teamexact.com\/sv\/#website\"},\"datePublished\":\"2016-12-08T13:00:21+00:00\",\"dateModified\":\"2022-11-21T14:09:11+00:00\",\"breadcrumb\":{\"@id\":\"https:\/\/teamexact.com\/sv\/traineeprogram\/#breadcrumb\"},\"inLanguage\":\"sv-SE\",\"potentialAction\":[{\"@type\":\"ReadAction\",\"target\":[\"https:\/\/teamexact.com\/sv\/traineeprogram\/\"]}]},{\"@type\":\"BreadcrumbList\",\"@id\":\"https:\/\/teamexact.com\/sv\/traineeprogram\/#breadcrumb\",\"itemListElement\":[{\"@type\":\"ListItem\",\"position\":1,\"name\":\"Home\",\"item\":\"https:\/\/teamexact.com\/sv\/\"},{\"@type\":\"ListItem\",\"position\":2,\"name\":\"Traineeprogram\"}]},{\"@type\":\"WebSite\",\"@id\":\"https:\/\/teamexact.com\/sv\/#website\",\"url\":\"https:\/\/teamexact.com\/sv\/\",\"name\":\"EXACT\",\"description\":\"We see more\",\"potentialAction\":[{\"@type\":\"SearchAction\",\"target\":{\"@type\":\"EntryPoint\",\"urlTemplate\":\"https:\/\/teamexact.com\/sv\/?s={search_term_string}\"},\"query-input\":\"required name=search_term_string\"}],\"inLanguage\":\"sv-SE\"}]}<\/script>\n<!-- \/ Yoast SEO plugin. -->","yoast_head_json":{"title":"Traineeprogram - EXACT","robots":{"index":"index","follow":"follow","max-snippet":"max-snippet:-1","max-image-preview":"max-image-preview:large","max-video-preview":"max-video-preview:-1"},"canonical":"https:\/\/teamexact.com\/sv\/traineeprogram\/","og_locale":"sv_SE","og_type":"article","og_title":"Traineeprogram - EXACT","og_description":"EXACT Trainee Program\u00a0\u00e4r ett unikt program f\u00f6r nyutbildade m\u00e4ttekniker. Traineeprogrammet ger dig de b\u00e4sta f\u00f6ruts\u00e4ttningarna f\u00f6r att f\u00e5 fart p\u00e5 din karri\u00e4r som m\u00e4tkonsult tillsammans med oss p\u00e5 EXACT.\u00a0 H\u00e4r f\u00e5r du utmanas och utvecklas genom praktiska \u00f6vningar, teoretiska utbildningar och komplettera dina kunskaper med aff\u00e4rsmannaskap och arbetslivserfarenheter. Inte minst viktigt blir du en del [&hellip;]","og_url":"https:\/\/teamexact.com\/sv\/traineeprogram\/","og_site_name":"EXACT","article_modified_time":"2022-11-21T14:09:11+00:00","twitter_card":"summary_large_image","twitter_misc":{"Ber\u00e4knad l\u00e4stid":"3 minuter"},"schema":{"@context":"https:\/\/schema.org","@graph":[{"@type":"WebPage","@id":"https:\/\/teamexact.com\/sv\/traineeprogram\/","url":"https:\/\/teamexact.com\/sv\/traineeprogram\/","name":"Traineeprogram - EXACT","isPartOf":{"@id":"https:\/\/teamexact.com\/sv\/#website"},"datePublished":"2016-12-08T13:00:21+00:00","dateModified":"2022-11-21T14:09:11+00:00","breadcrumb":{"@id":"https:\/\/teamexact.com\/sv\/traineeprogram\/#breadcrumb"},"inLanguage":"sv-SE","potentialAction":[{"@type":"ReadAction","target":["https:\/\/teamexact.com\/sv\/traineeprogram\/"]}]},{"@type":"BreadcrumbList","@id":"https:\/\/teamexact.com\/sv\/traineeprogram\/#breadcrumb","itemListElement":[{"@type":"ListItem","position":1,"name":"Home","item":"https:\/\/teamexact.com\/sv\/"},{"@type":"ListItem","position":2,"name":"Traineeprogram"}]},{"@type":"WebSite","@id":"https:\/\/teamexact.com\/sv\/#website","url":"https:\/\/teamexact.com\/sv\/","name":"EXACT","description":"We see more","potentialAction":[{"@type":"SearchAction","target":{"@type":"EntryPoint","urlTemplate":"https:\/\/teamexact.com\/sv\/?s={search_term_string}"},"query-input":"required name=search_term_string"}],"inLanguage":"sv-SE"}]}},"_links":{"self":[{"href":"https:\/\/teamexact.com\/sv\/wp-json\/wp\/v2\/pages\/2479"}],"collection":[{"href":"https:\/\/teamexact.com\/sv\/wp-json\/wp\/v2\/pages"}],"about":[{"href":"https:\/\/teamexact.com\/sv\/wp-json\/wp\/v2\/types\/page"}],"author":[{"embeddable":true,"href":"https:\/\/teamexact.com\/sv\/wp-json\/wp\/v2\/users\/1"}],"replies":[{"embeddable":true,"href":"https:\/\/teamexact.com\/sv\/wp-json\/wp\/v2\/comments?post=2479"}],"version-history":[{"count":42,"href":"https:\/\/teamexact.com\/sv\/wp-json\/wp\/v2\/pages\/2479\/revisions"}],"predecessor-version":[{"id":5034,"href":"https:\/\/teamexact.com\/sv\/wp-json\/wp\/v2\/pages\/2479\/revisions\/5034"}],"wp:attachment":[{"href":"https:\/\/teamexact.com\/sv\/wp-json\/wp\/v2\/media?parent=2479"}],"curies":[{"name":"wp","href":"https:\/\/api.w.org\/{rel}","templated":true}]}}