{"id":2660,"date":"2017-05-19T15:48:23","date_gmt":"2017-05-19T13:48:23","guid":{"rendered":"http:\/\/www.teamexact.com\/sv\/var-med-och-skapa-nagot-nytt\/"},"modified":"2017-06-05T14:30:07","modified_gmt":"2017-06-05T12:30:07","slug":"var-med-och-skapa-nagot-nytt","status":"publish","type":"page","link":"https:\/\/teamexact.com\/sv\/var-med-och-skapa-nagot-nytt\/","title":{"rendered":"Var med och skapa n\u00e5got nytt"},"content":{"rendered":"<p><strong>P\u00e5 EXACT jobbar vi m\u00e5lmedvetet f\u00f6r att beh\u00e5lla v\u00e5r starka st\u00e4llning inom m\u00e4tbranschen. Men f\u00f6r oss har det alltid handlat om att se mer. Vi hj\u00e4lper v\u00e5ra kunder att f\u00f6rverkliga sina visioner \u2013 att g\u00e5 fr\u00e5n en vit fl\u00e4ck p\u00e5 kartan till ett framg\u00e5ngsrikt byggprojekt. Vi vill skapa n\u00e5got som ingen annan gjort och flytta fram v\u00e5ra positioner \u00e4nnu mer. Och vi vill g\u00f6ra det tillsammans med dig.<\/strong><\/p>\n<hr \/>\n<h2>S\u00e5 h\u00e4r bra \u00e4r det<\/h2>\n<p>F\u00f6rutom en sp\u00e4nnande utmaning v\u00e4ntar m\u00e5nga andra f\u00f6rdelar p\u00e5 dig.<\/p>\n<h3>Du v\u00e4ljer stad<\/h3>\n<p>EXACT finns fr\u00e5n Kiruna i norr till Malm\u00f6 i s\u00f6der. Du v\u00e4ljer sj\u00e4lv vilken stad du vill jobba i.<\/p>\n<h3>Du ut\u00f6kar ditt cv<\/h3>\n<p>P\u00e5 EXACT finns det stora m\u00f6jligheter att utvecklas och utmanas. Det blir f\u00f6rst\u00e5s en bra rad p\u00e5 ditt cv.<\/p>\n<h3>Du \u00e4r med och formar framtiden<\/h3>\n<p>P\u00e5 EXACT vill vi utmana och f\u00f6r\u00e4ndra. Du kommer att f\u00e5 vara med p\u00e5 den resan. Och samtidigt som du \u00e4r med och formar v\u00e5r framtid, formar du din egen.<\/p>\n<h3>Du har kollektivavtal<\/h3>\n<p>Vi ger dig trygghet i form av ett kollektivavtal med bra arbetsvillkor och andra f\u00f6rdelar som bland annat f\u00f6retagsh\u00e4lsov\u00e5rd.<\/p>\n<h3>Ditt jobb syns<\/h3>\n<p>Du jobbar med de stora projekten. Det du g\u00f6r kommer att synas och vara en del av samh\u00e4llsbyggnaden. Grums och F\u00f6rbifart Stockholm \u00e4r bara tv\u00e5 exempel.<\/p>\n<h3>Vi \u00e4r en internationell koncern<\/h3>\n<p>Du f\u00e5r jobba inom en koncern som finns etablerad i flera olika l\u00e4nder.<\/p>\n<hr \/>\n<h2>M\u00e4tningstekniker<\/h2>\n<p>Nu ska vi bli fler m\u00e4tningstekniker. EXACT finns etablerade i elva st\u00e4der, fr\u00e5n Kiruna i norr till Malm\u00f6 i s\u00f6der. Vilken stad du \u00e4n v\u00e4ljer f\u00e5r du ett sp\u00e4nnande och utvecklade jobb p\u00e5 ett f\u00f6retag med ambitioner.<\/p>\n<h3>Du f\u00e5r<\/h3>\n<ul>\n<li>Utmaningar och m\u00f6jligheter att utvecklas och ta ansvar<\/li>\n<li>Ett arbete i h\u00f6gteknologisk milj\u00f6<\/li>\n<li>Strukturerat st\u00f6d i form av kompetens och policys<\/li>\n<li>M\u00f6jlighet till internationellt kompetensutbyte med v\u00e5ra systerbolag<\/li>\n<li>Fantastiska kollegor med olika \u00e5lder, k\u00f6n, nationalitet och kompetensomr\u00e5den<\/li>\n<\/ul>\n<h3>Exempel p\u00e5 arbetsuppgifter<\/h3>\n<ul>\n<li>Produktionsm\u00e4tning, anl\u00e4ggning och bygg<\/li>\n<li>N\u00e4ra kontakt med befintliga kunder<\/li>\n<li>Projektledning<\/li>\n<li>Maskinstyrning<\/li>\n<li>Kontrollm\u00e4tningar<\/li>\n<li>M\u00f6jlighet att utveckla andra genom mentorskap och EXACT Academy<\/li>\n<\/ul>\n<p>&nbsp;<\/p>\n","protected":false},"excerpt":{"rendered":"<p>P\u00e5 EXACT jobbar vi m\u00e5lmedvetet f\u00f6r att beh\u00e5lla v\u00e5r starka st\u00e4llning inom m\u00e4tbranschen. Men f\u00f6r oss har det alltid handlat om att se mer. Vi hj\u00e4lper v\u00e5ra kunder att f\u00f6rverkliga sina visioner \u2013 att g\u00e5 fr\u00e5n en vit fl\u00e4ck p\u00e5 kartan till ett framg\u00e5ngsrikt byggprojekt. Vi vill skapa n\u00e5got som ingen annan gjort och flytta [&hellip;]<\/p>\n","protected":false},"author":1,"featured_media":0,"parent":0,"menu_order":0,"comment_status":"closed","ping_status":"closed","template":"template-campaign-swe.php","meta":{"_acf_changed":false,"footnotes":""},"acf":[],"yoast_head":"<!-- This site is optimized with the Yoast SEO plugin v22.2 - https:\/\/yoast.com\/wordpress\/plugins\/seo\/ -->\n<title>Var med och skapa n\u00e5got nytt - EXACT<\/title>\n<meta name=\"robots\" content=\"index, follow, max-snippet:-1, max-image-preview:large, max-video-preview:-1\" \/>\n<link rel=\"canonical\" href=\"https:\/\/teamexact.com\/sv\/var-med-och-skapa-nagot-nytt\/\" \/>\n<meta property=\"og:locale\" content=\"sv_SE\" \/>\n<meta property=\"og:type\" content=\"article\" \/>\n<meta property=\"og:title\" content=\"Var med och skapa n\u00e5got nytt - EXACT\" \/>\n<meta property=\"og:description\" content=\"P\u00e5 EXACT jobbar vi m\u00e5lmedvetet f\u00f6r att beh\u00e5lla v\u00e5r starka st\u00e4llning inom m\u00e4tbranschen. Men f\u00f6r oss har det alltid handlat om att se mer. Vi hj\u00e4lper v\u00e5ra kunder att f\u00f6rverkliga sina visioner \u2013 att g\u00e5 fr\u00e5n en vit fl\u00e4ck p\u00e5 kartan till ett framg\u00e5ngsrikt byggprojekt. Vi vill skapa n\u00e5got som ingen annan gjort och flytta [&hellip;]\" \/>\n<meta property=\"og:url\" content=\"https:\/\/teamexact.com\/sv\/var-med-och-skapa-nagot-nytt\/\" \/>\n<meta property=\"og:site_name\" content=\"EXACT\" \/>\n<meta property=\"article:modified_time\" content=\"2017-06-05T12:30:07+00:00\" \/>\n<meta name=\"twitter:card\" content=\"summary_large_image\" \/>\n<meta name=\"twitter:label1\" content=\"Ber\u00e4knad l\u00e4stid\" \/>\n\t<meta name=\"twitter:data1\" content=\"2 minuter\" \/>\n<script type=\"application\/ld+json\" class=\"yoast-schema-graph\">{\"@context\":\"https:\/\/schema.org\",\"@graph\":[{\"@type\":\"WebPage\",\"@id\":\"https:\/\/teamexact.com\/sv\/var-med-och-skapa-nagot-nytt\/\",\"url\":\"https:\/\/teamexact.com\/sv\/var-med-och-skapa-nagot-nytt\/\",\"name\":\"Var med och skapa n\u00e5got nytt - EXACT\",\"isPartOf\":{\"@id\":\"https:\/\/teamexact.com\/sv\/#website\"},\"datePublished\":\"2017-05-19T13:48:23+00:00\",\"dateModified\":\"2017-06-05T12:30:07+00:00\",\"breadcrumb\":{\"@id\":\"https:\/\/teamexact.com\/sv\/var-med-och-skapa-nagot-nytt\/#breadcrumb\"},\"inLanguage\":\"sv-SE\",\"potentialAction\":[{\"@type\":\"ReadAction\",\"target\":[\"https:\/\/teamexact.com\/sv\/var-med-och-skapa-nagot-nytt\/\"]}]},{\"@type\":\"BreadcrumbList\",\"@id\":\"https:\/\/teamexact.com\/sv\/var-med-och-skapa-nagot-nytt\/#breadcrumb\",\"itemListElement\":[{\"@type\":\"ListItem\",\"position\":1,\"name\":\"Home\",\"item\":\"https:\/\/teamexact.com\/sv\/\"},{\"@type\":\"ListItem\",\"position\":2,\"name\":\"Var med och skapa n\u00e5got nytt\"}]},{\"@type\":\"WebSite\",\"@id\":\"https:\/\/teamexact.com\/sv\/#website\",\"url\":\"https:\/\/teamexact.com\/sv\/\",\"name\":\"EXACT\",\"description\":\"We see more\",\"potentialAction\":[{\"@type\":\"SearchAction\",\"target\":{\"@type\":\"EntryPoint\",\"urlTemplate\":\"https:\/\/teamexact.com\/sv\/?s={search_term_string}\"},\"query-input\":\"required name=search_term_string\"}],\"inLanguage\":\"sv-SE\"}]}<\/script>\n<!-- \/ Yoast SEO plugin. -->","yoast_head_json":{"title":"Var med och skapa n\u00e5got nytt - EXACT","robots":{"index":"index","follow":"follow","max-snippet":"max-snippet:-1","max-image-preview":"max-image-preview:large","max-video-preview":"max-video-preview:-1"},"canonical":"https:\/\/teamexact.com\/sv\/var-med-och-skapa-nagot-nytt\/","og_locale":"sv_SE","og_type":"article","og_title":"Var med och skapa n\u00e5got nytt - EXACT","og_description":"P\u00e5 EXACT jobbar vi m\u00e5lmedvetet f\u00f6r att beh\u00e5lla v\u00e5r starka st\u00e4llning inom m\u00e4tbranschen. Men f\u00f6r oss har det alltid handlat om att se mer. Vi hj\u00e4lper v\u00e5ra kunder att f\u00f6rverkliga sina visioner \u2013 att g\u00e5 fr\u00e5n en vit fl\u00e4ck p\u00e5 kartan till ett framg\u00e5ngsrikt byggprojekt. Vi vill skapa n\u00e5got som ingen annan gjort och flytta [&hellip;]","og_url":"https:\/\/teamexact.com\/sv\/var-med-och-skapa-nagot-nytt\/","og_site_name":"EXACT","article_modified_time":"2017-06-05T12:30:07+00:00","twitter_card":"summary_large_image","twitter_misc":{"Ber\u00e4knad l\u00e4stid":"2 minuter"},"schema":{"@context":"https:\/\/schema.org","@graph":[{"@type":"WebPage","@id":"https:\/\/teamexact.com\/sv\/var-med-och-skapa-nagot-nytt\/","url":"https:\/\/teamexact.com\/sv\/var-med-och-skapa-nagot-nytt\/","name":"Var med och skapa n\u00e5got nytt - EXACT","isPartOf":{"@id":"https:\/\/teamexact.com\/sv\/#website"},"datePublished":"2017-05-19T13:48:23+00:00","dateModified":"2017-06-05T12:30:07+00:00","breadcrumb":{"@id":"https:\/\/teamexact.com\/sv\/var-med-och-skapa-nagot-nytt\/#breadcrumb"},"inLanguage":"sv-SE","potentialAction":[{"@type":"ReadAction","target":["https:\/\/teamexact.com\/sv\/var-med-och-skapa-nagot-nytt\/"]}]},{"@type":"BreadcrumbList","@id":"https:\/\/teamexact.com\/sv\/var-med-och-skapa-nagot-nytt\/#breadcrumb","itemListElement":[{"@type":"ListItem","position":1,"name":"Home","item":"https:\/\/teamexact.com\/sv\/"},{"@type":"ListItem","position":2,"name":"Var med och skapa n\u00e5got nytt"}]},{"@type":"WebSite","@id":"https:\/\/teamexact.com\/sv\/#website","url":"https:\/\/teamexact.com\/sv\/","name":"EXACT","description":"We see more","potentialAction":[{"@type":"SearchAction","target":{"@type":"EntryPoint","urlTemplate":"https:\/\/teamexact.com\/sv\/?s={search_term_string}"},"query-input":"required name=search_term_string"}],"inLanguage":"sv-SE"}]}},"_links":{"self":[{"href":"https:\/\/teamexact.com\/sv\/wp-json\/wp\/v2\/pages\/2660"}],"collection":[{"href":"https:\/\/teamexact.com\/sv\/wp-json\/wp\/v2\/pages"}],"about":[{"href":"https:\/\/teamexact.com\/sv\/wp-json\/wp\/v2\/types\/page"}],"author":[{"embeddable":true,"href":"https:\/\/teamexact.com\/sv\/wp-json\/wp\/v2\/users\/1"}],"replies":[{"embeddable":true,"href":"https:\/\/teamexact.com\/sv\/wp-json\/wp\/v2\/comments?post=2660"}],"version-history":[{"count":4,"href":"https:\/\/teamexact.com\/sv\/wp-json\/wp\/v2\/pages\/2660\/revisions"}],"predecessor-version":[{"id":2674,"href":"https:\/\/teamexact.com\/sv\/wp-json\/wp\/v2\/pages\/2660\/revisions\/2674"}],"wp:attachment":[{"href":"https:\/\/teamexact.com\/sv\/wp-json\/wp\/v2\/media?parent=2660"}],"curies":[{"name":"wp","href":"https:\/\/api.w.org\/{rel}","templated":true}]}}