{"id":3080,"date":"2018-03-01T14:52:14","date_gmt":"2018-03-01T13:52:14","guid":{"rendered":"http:\/\/www.teamexact.com\/?page_id=3080"},"modified":"2018-11-01T23:54:54","modified_gmt":"2018-11-01T22:54:54","slug":"ser-manga-mojligheter-under-ett-enat-exact","status":"publish","type":"page","link":"https:\/\/teamexact.com\/sv\/ser-manga-mojligheter-under-ett-enat-exact\/","title":{"rendered":"Ser m\u00e5nga m\u00f6jligheter under ett enat EXACT"},"content":{"rendered":"<p><strong>Karlstadbon Jonas Skogf\u00e4lt b\u00f6rjade arbeta p\u00e5 EXACT f\u00f6r fem \u00e5r sedan som m\u00e4ttekniker. Idag arbetar han som kundansvarig i v\u00e4st och gillar att utveckla m\u00e4tsverige tillsammans med sina kollegor.<\/strong><\/p>\n<p><img loading=\"lazy\" decoding=\"async\" class=\"alignright size-full wp-image-3086\" src=\"http:\/\/www.teamexact.com\/wp-content\/uploads\/2018\/03\/Jonas-Skogfalt-2.jpg\" alt=\"\" width=\"250\" height=\"292\" \/><\/p>\n<p>\u2013 Efter n\u00e5gra \u00e5r ute i produktionsm\u00e4tning s\u00e5 fick jag chansen att kliva in i en roll som tilltalade mig, och det st\u00e4rker mitt band till bolaget. Bolaget st\u00e5r inte i v\u00e4gen f\u00f6r ens personliga utveckling och \u00f6nskem\u00e5l, utan snarare hj\u00e4lper till att hitta nya v\u00e4gar att g\u00e5 p\u00e5. Mitt ansvarsomr\u00e5deligger nu framf\u00f6rallt i G\u00f6teborg och V\u00e4rmland d\u00e4r jag agerar ansiktet ut\u00e5t mot kunder samt st\u00e4ndigt r\u00e4knar och f\u00f6rhandlar om jobb \u00e5t v\u00e5ra konsulter.<\/p>\n<p>Det \u00e4r en roll som inneb\u00e4r att man kan vara verksam i ett tidigt stadie mot sina kunder p\u00e5 marknaden, med s\u00e5v\u00e4l marknadsanalyser som t\u00e4t kundkontakt. Att ligga steget f\u00f6re och f\u00f6rutse vad som komma skall i n\u00e4rmaste perioder \u00e4r en viktig del i arbetet, samt att synas i m\u00e5nga olika forum.<br \/>\nDet vi har sett de senaste \u00e5ren i takt med den h\u00f6gkonjunktur som r\u00e5der \u00e4r att projekten blir st\u00f6rre och st\u00f6rre, samt att efterfr\u00e5gan av kompetent personal efterfr\u00e5gas allt mer.<br \/>\n\u2013 En av v\u00e5ra fr\u00e4msta styrkor i bolaget \u00e4r att vi kan jobba \u00f6ver gr\u00e4nserna. Vi kan ta hj\u00e4lp av b\u00e5de tjecker, ester, norrm\u00e4n, finl\u00e4ndare, andra lokala kontor i Sverige, allt under ett enat EXACT. Vi har m\u00f6jligheten att ta oss an de stora projekten i byggsverige, och samtidigt beh\u00e5lla den lokala marknaden. Vi lyssnar p\u00e5 kundens behov och vi \u00e4r engagerade. Vi har mycket kompetens inom f\u00f6retaget, vilket g\u00f6r att om l\u00f6sningen inte sitter p\u00e5 plats, s\u00e5 kan vi tillsammans dra nytta av v\u00e5ra kollegor i hela bolaget.<\/p>\n<blockquote><p>&#8220;Vi har mycket kompetens inom f\u00f6retaget, vilket g\u00f6r att om l\u00f6sningen inte sitter p\u00e5 plats, s\u00e5 kan vi tillsammans dra nytta av v\u00e5ra kollegor i hela bolaget&#8221;<\/p><\/blockquote>\n<p>Man har ocks\u00e5 en mycket god arbetsmilj\u00f6 f\u00f6r de anst\u00e4llda, och man jobbar st\u00e4ndigt med att skapa de b\u00e4sta f\u00f6ruts\u00e4ttningar f\u00f6r konsulterna genom att exempelvis motarbeta stress och oh\u00e4lsa. Arbetet p\u00e5 EXACT skapar m\u00e5nga m\u00f6jligheter att utmanas i det vardagliga arbetet, liksom att utvecklas tillsammans med sina kollegor. Man arbetar st\u00e4ndigt med en Lean-metodik, Toyotamodellen, d\u00e4r alla fr\u00e5gor lyfts inom gruppen. D\u00e4r fr\u00e5gorna inledningsvis lyfts p\u00e5 lokal niv\u00e5, d\u00e4refter p\u00e5 bolagsniv\u00e5 vid behov och d\u00e4r man ocks\u00e5 f\u00e5r ta st\u00e4llning till f\u00f6rslaget. Detta \u00e4r n\u00e5gonting som anv\u00e4nds i hela bolaget.<br \/>\n\u2013 Det \u00e4r en fantastisk m\u00f6jlighet att bygga en bra plattform och v\u00e4rdegrund att ta med sig ut i yrkeslivet att arbeta h\u00e4r. Det finns bra karri\u00e4rm\u00f6jligheter inom bolaget, om man s\u00e5 \u00f6nskar, och h\u00e4r finns chansen att bidra till en utveckling av m\u00e4tsverige. Som Europas st\u00f6rsta m\u00e4tf\u00f6retag str\u00e4var vi st\u00e4ndigt mot att n\u00e5 v\u00e5r vision, <em>\u201ddet sj\u00e4lvklara valet av m\u00e4tkonsultf\u00f6retag f\u00f6r medarbetare och kunder\u201d<\/em>. En vision som vi \u00e4r m\u00e5na om inte bara visa marknaden och v\u00e5ra kunder, utan ocks\u00e5 alla v\u00e5ra fantastiska kollegor.<\/p>\n","protected":false},"excerpt":{"rendered":"<p>Karlstadbon Jonas Skogf\u00e4lt b\u00f6rjade arbeta p\u00e5 EXACT f\u00f6r fem \u00e5r sedan som m\u00e4ttekniker. Idag arbetar han som kundansvarig i v\u00e4st och gillar att utveckla m\u00e4tsverige tillsammans med sina kollegor. \u2013 Efter n\u00e5gra \u00e5r ute i produktionsm\u00e4tning s\u00e5 fick jag chansen att kliva in i en roll som tilltalade mig, och det st\u00e4rker mitt band till [&hellip;]<\/p>\n","protected":false},"author":1,"featured_media":0,"parent":0,"menu_order":0,"comment_status":"closed","ping_status":"closed","template":"template-jobs.php","meta":{"_acf_changed":false,"footnotes":""},"acf":[],"yoast_head":"<!-- This site is optimized with the Yoast SEO plugin v22.2 - https:\/\/yoast.com\/wordpress\/plugins\/seo\/ -->\n<title>Ser m\u00e5nga m\u00f6jligheter under ett enat EXACT - EXACT<\/title>\n<meta name=\"robots\" content=\"index, follow, max-snippet:-1, max-image-preview:large, max-video-preview:-1\" \/>\n<link rel=\"canonical\" href=\"https:\/\/teamexact.com\/sv\/ser-manga-mojligheter-under-ett-enat-exact\/\" \/>\n<meta property=\"og:locale\" content=\"sv_SE\" \/>\n<meta property=\"og:type\" content=\"article\" \/>\n<meta property=\"og:title\" content=\"Ser m\u00e5nga m\u00f6jligheter under ett enat EXACT - EXACT\" \/>\n<meta property=\"og:description\" content=\"Karlstadbon Jonas Skogf\u00e4lt b\u00f6rjade arbeta p\u00e5 EXACT f\u00f6r fem \u00e5r sedan som m\u00e4ttekniker. Idag arbetar han som kundansvarig i v\u00e4st och gillar att utveckla m\u00e4tsverige tillsammans med sina kollegor. \u2013 Efter n\u00e5gra \u00e5r ute i produktionsm\u00e4tning s\u00e5 fick jag chansen att kliva in i en roll som tilltalade mig, och det st\u00e4rker mitt band till [&hellip;]\" \/>\n<meta property=\"og:url\" content=\"https:\/\/teamexact.com\/sv\/ser-manga-mojligheter-under-ett-enat-exact\/\" \/>\n<meta property=\"og:site_name\" content=\"EXACT\" \/>\n<meta property=\"article:modified_time\" content=\"2018-11-01T22:54:54+00:00\" \/>\n<meta property=\"og:image\" content=\"http:\/\/www.teamexact.com\/wp-content\/uploads\/2018\/03\/Jonas-Skogfalt-2.jpg\" \/>\n<meta name=\"twitter:card\" content=\"summary_large_image\" \/>\n<meta name=\"twitter:label1\" content=\"Ber\u00e4knad l\u00e4stid\" \/>\n\t<meta name=\"twitter:data1\" content=\"3 minuter\" \/>\n<script type=\"application\/ld+json\" class=\"yoast-schema-graph\">{\"@context\":\"https:\/\/schema.org\",\"@graph\":[{\"@type\":\"WebPage\",\"@id\":\"https:\/\/teamexact.com\/sv\/ser-manga-mojligheter-under-ett-enat-exact\/\",\"url\":\"https:\/\/teamexact.com\/sv\/ser-manga-mojligheter-under-ett-enat-exact\/\",\"name\":\"Ser m\u00e5nga m\u00f6jligheter under ett enat EXACT - EXACT\",\"isPartOf\":{\"@id\":\"https:\/\/teamexact.com\/sv\/#website\"},\"primaryImageOfPage\":{\"@id\":\"https:\/\/teamexact.com\/sv\/ser-manga-mojligheter-under-ett-enat-exact\/#primaryimage\"},\"image\":{\"@id\":\"https:\/\/teamexact.com\/sv\/ser-manga-mojligheter-under-ett-enat-exact\/#primaryimage\"},\"thumbnailUrl\":\"http:\/\/www.teamexact.com\/wp-content\/uploads\/2018\/03\/Jonas-Skogfalt-2.jpg\",\"datePublished\":\"2018-03-01T13:52:14+00:00\",\"dateModified\":\"2018-11-01T22:54:54+00:00\",\"breadcrumb\":{\"@id\":\"https:\/\/teamexact.com\/sv\/ser-manga-mojligheter-under-ett-enat-exact\/#breadcrumb\"},\"inLanguage\":\"sv-SE\",\"potentialAction\":[{\"@type\":\"ReadAction\",\"target\":[\"https:\/\/teamexact.com\/sv\/ser-manga-mojligheter-under-ett-enat-exact\/\"]}]},{\"@type\":\"ImageObject\",\"inLanguage\":\"sv-SE\",\"@id\":\"https:\/\/teamexact.com\/sv\/ser-manga-mojligheter-under-ett-enat-exact\/#primaryimage\",\"url\":\"http:\/\/www.teamexact.com\/wp-content\/uploads\/2018\/03\/Jonas-Skogfalt-2.jpg\",\"contentUrl\":\"http:\/\/www.teamexact.com\/wp-content\/uploads\/2018\/03\/Jonas-Skogfalt-2.jpg\"},{\"@type\":\"BreadcrumbList\",\"@id\":\"https:\/\/teamexact.com\/sv\/ser-manga-mojligheter-under-ett-enat-exact\/#breadcrumb\",\"itemListElement\":[{\"@type\":\"ListItem\",\"position\":1,\"name\":\"Home\",\"item\":\"https:\/\/teamexact.com\/sv\/\"},{\"@type\":\"ListItem\",\"position\":2,\"name\":\"Ser m\u00e5nga m\u00f6jligheter under ett enat EXACT\"}]},{\"@type\":\"WebSite\",\"@id\":\"https:\/\/teamexact.com\/sv\/#website\",\"url\":\"https:\/\/teamexact.com\/sv\/\",\"name\":\"EXACT\",\"description\":\"We see more\",\"potentialAction\":[{\"@type\":\"SearchAction\",\"target\":{\"@type\":\"EntryPoint\",\"urlTemplate\":\"https:\/\/teamexact.com\/sv\/?s={search_term_string}\"},\"query-input\":\"required name=search_term_string\"}],\"inLanguage\":\"sv-SE\"}]}<\/script>\n<!-- \/ Yoast SEO plugin. -->","yoast_head_json":{"title":"Ser m\u00e5nga m\u00f6jligheter under ett enat EXACT - EXACT","robots":{"index":"index","follow":"follow","max-snippet":"max-snippet:-1","max-image-preview":"max-image-preview:large","max-video-preview":"max-video-preview:-1"},"canonical":"https:\/\/teamexact.com\/sv\/ser-manga-mojligheter-under-ett-enat-exact\/","og_locale":"sv_SE","og_type":"article","og_title":"Ser m\u00e5nga m\u00f6jligheter under ett enat EXACT - EXACT","og_description":"Karlstadbon Jonas Skogf\u00e4lt b\u00f6rjade arbeta p\u00e5 EXACT f\u00f6r fem \u00e5r sedan som m\u00e4ttekniker. Idag arbetar han som kundansvarig i v\u00e4st och gillar att utveckla m\u00e4tsverige tillsammans med sina kollegor. \u2013 Efter n\u00e5gra \u00e5r ute i produktionsm\u00e4tning s\u00e5 fick jag chansen att kliva in i en roll som tilltalade mig, och det st\u00e4rker mitt band till [&hellip;]","og_url":"https:\/\/teamexact.com\/sv\/ser-manga-mojligheter-under-ett-enat-exact\/","og_site_name":"EXACT","article_modified_time":"2018-11-01T22:54:54+00:00","og_image":[{"url":"http:\/\/www.teamexact.com\/wp-content\/uploads\/2018\/03\/Jonas-Skogfalt-2.jpg"}],"twitter_card":"summary_large_image","twitter_misc":{"Ber\u00e4knad l\u00e4stid":"3 minuter"},"schema":{"@context":"https:\/\/schema.org","@graph":[{"@type":"WebPage","@id":"https:\/\/teamexact.com\/sv\/ser-manga-mojligheter-under-ett-enat-exact\/","url":"https:\/\/teamexact.com\/sv\/ser-manga-mojligheter-under-ett-enat-exact\/","name":"Ser m\u00e5nga m\u00f6jligheter under ett enat EXACT - EXACT","isPartOf":{"@id":"https:\/\/teamexact.com\/sv\/#website"},"primaryImageOfPage":{"@id":"https:\/\/teamexact.com\/sv\/ser-manga-mojligheter-under-ett-enat-exact\/#primaryimage"},"image":{"@id":"https:\/\/teamexact.com\/sv\/ser-manga-mojligheter-under-ett-enat-exact\/#primaryimage"},"thumbnailUrl":"http:\/\/www.teamexact.com\/wp-content\/uploads\/2018\/03\/Jonas-Skogfalt-2.jpg","datePublished":"2018-03-01T13:52:14+00:00","dateModified":"2018-11-01T22:54:54+00:00","breadcrumb":{"@id":"https:\/\/teamexact.com\/sv\/ser-manga-mojligheter-under-ett-enat-exact\/#breadcrumb"},"inLanguage":"sv-SE","potentialAction":[{"@type":"ReadAction","target":["https:\/\/teamexact.com\/sv\/ser-manga-mojligheter-under-ett-enat-exact\/"]}]},{"@type":"ImageObject","inLanguage":"sv-SE","@id":"https:\/\/teamexact.com\/sv\/ser-manga-mojligheter-under-ett-enat-exact\/#primaryimage","url":"http:\/\/www.teamexact.com\/wp-content\/uploads\/2018\/03\/Jonas-Skogfalt-2.jpg","contentUrl":"http:\/\/www.teamexact.com\/wp-content\/uploads\/2018\/03\/Jonas-Skogfalt-2.jpg"},{"@type":"BreadcrumbList","@id":"https:\/\/teamexact.com\/sv\/ser-manga-mojligheter-under-ett-enat-exact\/#breadcrumb","itemListElement":[{"@type":"ListItem","position":1,"name":"Home","item":"https:\/\/teamexact.com\/sv\/"},{"@type":"ListItem","position":2,"name":"Ser m\u00e5nga m\u00f6jligheter under ett enat EXACT"}]},{"@type":"WebSite","@id":"https:\/\/teamexact.com\/sv\/#website","url":"https:\/\/teamexact.com\/sv\/","name":"EXACT","description":"We see more","potentialAction":[{"@type":"SearchAction","target":{"@type":"EntryPoint","urlTemplate":"https:\/\/teamexact.com\/sv\/?s={search_term_string}"},"query-input":"required name=search_term_string"}],"inLanguage":"sv-SE"}]}},"_links":{"self":[{"href":"https:\/\/teamexact.com\/sv\/wp-json\/wp\/v2\/pages\/3080"}],"collection":[{"href":"https:\/\/teamexact.com\/sv\/wp-json\/wp\/v2\/pages"}],"about":[{"href":"https:\/\/teamexact.com\/sv\/wp-json\/wp\/v2\/types\/page"}],"author":[{"embeddable":true,"href":"https:\/\/teamexact.com\/sv\/wp-json\/wp\/v2\/users\/1"}],"replies":[{"embeddable":true,"href":"https:\/\/teamexact.com\/sv\/wp-json\/wp\/v2\/comments?post=3080"}],"version-history":[{"count":7,"href":"https:\/\/teamexact.com\/sv\/wp-json\/wp\/v2\/pages\/3080\/revisions"}],"predecessor-version":[{"id":3749,"href":"https:\/\/teamexact.com\/sv\/wp-json\/wp\/v2\/pages\/3080\/revisions\/3749"}],"wp:attachment":[{"href":"https:\/\/teamexact.com\/sv\/wp-json\/wp\/v2\/media?parent=3080"}],"curies":[{"name":"wp","href":"https:\/\/api.w.org\/{rel}","templated":true}]}}