{"id":3115,"date":"2018-03-14T14:47:55","date_gmt":"2018-03-14T13:47:55","guid":{"rendered":"http:\/\/www.teamexact.com\/?page_id=3115"},"modified":"2021-09-03T08:58:29","modified_gmt":"2021-09-03T06:58:29","slug":"vi-gor-bim-begripligt","status":"publish","type":"page","link":"https:\/\/teamexact.com\/sv\/vi-gor-bim-begripligt\/","title":{"rendered":"Vi g\u00f6r BIM begripligt"},"content":{"rendered":"<p>Med Exact som din BIM-partner f\u00e5r du all information du beh\u00f6ver \u2013 samt m\u00f6jligheten att f\u00f6rst\u00e5 informationen och anv\u00e4nda den p\u00e5 r\u00e4tt s\u00e4tt. Var du \u00e4n \u00e4r i projektet livscykel har vi tj\u00e4nsterna och produkterna som ger dig b\u00e5de h\u00f6gre produktivitet och h\u00f6gre kvalitet. We make you BIM-ready!<\/p>\n","protected":false},"excerpt":{"rendered":"<p>Med Exact som din BIM-partner f\u00e5r du all information du beh\u00f6ver \u2013 samt m\u00f6jligheten att f\u00f6rst\u00e5 informationen och anv\u00e4nda den p\u00e5 r\u00e4tt s\u00e4tt. Var du \u00e4n \u00e4r i projektet livscykel har vi tj\u00e4nsterna och produkterna som ger dig b\u00e5de h\u00f6gre produktivitet och h\u00f6gre kvalitet. We make you BIM-ready!<\/p>\n","protected":false},"author":1,"featured_media":0,"parent":0,"menu_order":0,"comment_status":"closed","ping_status":"closed","template":"template-bim.php","meta":{"_acf_changed":false,"footnotes":""},"acf":[],"yoast_head":"<!-- This site is optimized with the Yoast SEO plugin v22.2 - https:\/\/yoast.com\/wordpress\/plugins\/seo\/ -->\n<title>Vi g\u00f6r BIM begripligt - EXACT<\/title>\n<meta name=\"robots\" content=\"index, follow, max-snippet:-1, max-image-preview:large, max-video-preview:-1\" \/>\n<link rel=\"canonical\" href=\"https:\/\/teamexact.com\/sv\/vi-gor-bim-begripligt\/\" \/>\n<meta property=\"og:locale\" content=\"sv_SE\" \/>\n<meta property=\"og:type\" content=\"article\" \/>\n<meta property=\"og:title\" content=\"Vi g\u00f6r BIM begripligt - EXACT\" \/>\n<meta property=\"og:description\" content=\"Med Exact som din BIM-partner f\u00e5r du all information du beh\u00f6ver \u2013 samt m\u00f6jligheten att f\u00f6rst\u00e5 informationen och anv\u00e4nda den p\u00e5 r\u00e4tt s\u00e4tt. Var du \u00e4n \u00e4r i projektet livscykel har vi tj\u00e4nsterna och produkterna som ger dig b\u00e5de h\u00f6gre produktivitet och h\u00f6gre kvalitet. We make you BIM-ready!\" \/>\n<meta property=\"og:url\" content=\"https:\/\/teamexact.com\/sv\/vi-gor-bim-begripligt\/\" \/>\n<meta property=\"og:site_name\" content=\"EXACT\" \/>\n<meta property=\"article:modified_time\" content=\"2021-09-03T06:58:29+00:00\" \/>\n<meta name=\"twitter:card\" content=\"summary_large_image\" \/>\n<meta name=\"twitter:label1\" content=\"Ber\u00e4knad l\u00e4stid\" \/>\n\t<meta name=\"twitter:data1\" content=\"1 minut\" \/>\n<script type=\"application\/ld+json\" class=\"yoast-schema-graph\">{\"@context\":\"https:\/\/schema.org\",\"@graph\":[{\"@type\":\"WebPage\",\"@id\":\"https:\/\/teamexact.com\/sv\/vi-gor-bim-begripligt\/\",\"url\":\"https:\/\/teamexact.com\/sv\/vi-gor-bim-begripligt\/\",\"name\":\"Vi g\u00f6r BIM begripligt - EXACT\",\"isPartOf\":{\"@id\":\"https:\/\/teamexact.com\/sv\/#website\"},\"datePublished\":\"2018-03-14T13:47:55+00:00\",\"dateModified\":\"2021-09-03T06:58:29+00:00\",\"breadcrumb\":{\"@id\":\"https:\/\/teamexact.com\/sv\/vi-gor-bim-begripligt\/#breadcrumb\"},\"inLanguage\":\"sv-SE\",\"potentialAction\":[{\"@type\":\"ReadAction\",\"target\":[\"https:\/\/teamexact.com\/sv\/vi-gor-bim-begripligt\/\"]}]},{\"@type\":\"BreadcrumbList\",\"@id\":\"https:\/\/teamexact.com\/sv\/vi-gor-bim-begripligt\/#breadcrumb\",\"itemListElement\":[{\"@type\":\"ListItem\",\"position\":1,\"name\":\"Home\",\"item\":\"https:\/\/teamexact.com\/sv\/\"},{\"@type\":\"ListItem\",\"position\":2,\"name\":\"Vi g\u00f6r BIM begripligt\"}]},{\"@type\":\"WebSite\",\"@id\":\"https:\/\/teamexact.com\/sv\/#website\",\"url\":\"https:\/\/teamexact.com\/sv\/\",\"name\":\"EXACT\",\"description\":\"We see more\",\"potentialAction\":[{\"@type\":\"SearchAction\",\"target\":{\"@type\":\"EntryPoint\",\"urlTemplate\":\"https:\/\/teamexact.com\/sv\/?s={search_term_string}\"},\"query-input\":\"required name=search_term_string\"}],\"inLanguage\":\"sv-SE\"}]}<\/script>\n<!-- \/ Yoast SEO plugin. -->","yoast_head_json":{"title":"Vi g\u00f6r BIM begripligt - EXACT","robots":{"index":"index","follow":"follow","max-snippet":"max-snippet:-1","max-image-preview":"max-image-preview:large","max-video-preview":"max-video-preview:-1"},"canonical":"https:\/\/teamexact.com\/sv\/vi-gor-bim-begripligt\/","og_locale":"sv_SE","og_type":"article","og_title":"Vi g\u00f6r BIM begripligt - EXACT","og_description":"Med Exact som din BIM-partner f\u00e5r du all information du beh\u00f6ver \u2013 samt m\u00f6jligheten att f\u00f6rst\u00e5 informationen och anv\u00e4nda den p\u00e5 r\u00e4tt s\u00e4tt. Var du \u00e4n \u00e4r i projektet livscykel har vi tj\u00e4nsterna och produkterna som ger dig b\u00e5de h\u00f6gre produktivitet och h\u00f6gre kvalitet. We make you BIM-ready!","og_url":"https:\/\/teamexact.com\/sv\/vi-gor-bim-begripligt\/","og_site_name":"EXACT","article_modified_time":"2021-09-03T06:58:29+00:00","twitter_card":"summary_large_image","twitter_misc":{"Ber\u00e4knad l\u00e4stid":"1 minut"},"schema":{"@context":"https:\/\/schema.org","@graph":[{"@type":"WebPage","@id":"https:\/\/teamexact.com\/sv\/vi-gor-bim-begripligt\/","url":"https:\/\/teamexact.com\/sv\/vi-gor-bim-begripligt\/","name":"Vi g\u00f6r BIM begripligt - EXACT","isPartOf":{"@id":"https:\/\/teamexact.com\/sv\/#website"},"datePublished":"2018-03-14T13:47:55+00:00","dateModified":"2021-09-03T06:58:29+00:00","breadcrumb":{"@id":"https:\/\/teamexact.com\/sv\/vi-gor-bim-begripligt\/#breadcrumb"},"inLanguage":"sv-SE","potentialAction":[{"@type":"ReadAction","target":["https:\/\/teamexact.com\/sv\/vi-gor-bim-begripligt\/"]}]},{"@type":"BreadcrumbList","@id":"https:\/\/teamexact.com\/sv\/vi-gor-bim-begripligt\/#breadcrumb","itemListElement":[{"@type":"ListItem","position":1,"name":"Home","item":"https:\/\/teamexact.com\/sv\/"},{"@type":"ListItem","position":2,"name":"Vi g\u00f6r BIM begripligt"}]},{"@type":"WebSite","@id":"https:\/\/teamexact.com\/sv\/#website","url":"https:\/\/teamexact.com\/sv\/","name":"EXACT","description":"We see more","potentialAction":[{"@type":"SearchAction","target":{"@type":"EntryPoint","urlTemplate":"https:\/\/teamexact.com\/sv\/?s={search_term_string}"},"query-input":"required name=search_term_string"}],"inLanguage":"sv-SE"}]}},"_links":{"self":[{"href":"https:\/\/teamexact.com\/sv\/wp-json\/wp\/v2\/pages\/3115"}],"collection":[{"href":"https:\/\/teamexact.com\/sv\/wp-json\/wp\/v2\/pages"}],"about":[{"href":"https:\/\/teamexact.com\/sv\/wp-json\/wp\/v2\/types\/page"}],"author":[{"embeddable":true,"href":"https:\/\/teamexact.com\/sv\/wp-json\/wp\/v2\/users\/1"}],"replies":[{"embeddable":true,"href":"https:\/\/teamexact.com\/sv\/wp-json\/wp\/v2\/comments?post=3115"}],"version-history":[{"count":9,"href":"https:\/\/teamexact.com\/sv\/wp-json\/wp\/v2\/pages\/3115\/revisions"}],"predecessor-version":[{"id":4874,"href":"https:\/\/teamexact.com\/sv\/wp-json\/wp\/v2\/pages\/3115\/revisions\/4874"}],"wp:attachment":[{"href":"https:\/\/teamexact.com\/sv\/wp-json\/wp\/v2\/media?parent=3115"}],"curies":[{"name":"wp","href":"https:\/\/api.w.org\/{rel}","templated":true}]}}