{"id":3589,"date":"2018-05-24T16:51:09","date_gmt":"2018-05-24T14:51:09","guid":{"rendered":"http:\/\/www.teamexact.com\/?page_id=3589"},"modified":"2018-05-31T10:50:01","modified_gmt":"2018-05-31T08:50:01","slug":"webbplatsen-blir-battre-med-kakor","status":"publish","type":"page","link":"https:\/\/teamexact.com\/sv\/webbplatsen-blir-battre-med-kakor\/","title":{"rendered":"Webbplatsen blir b\u00e4ttre med kakor"},"content":{"rendered":"<p>Vi anv\u00e4nder cookies (eller kakor, som det ocks\u00e5 kallas) f\u00f6r att ge dig b\u00e4sta m\u00f6jliga upplevelse av v\u00e5r webbplats. En cookie \u00e4r en liten textfil som sparas i din webbl\u00e4sare.<\/p>\n<p><strong>Tv\u00e5 typer av cookies<\/strong><\/p>\n<p>Det finns tv\u00e5 typer av cookies: permanenta och tempor\u00e4ra. De sistn\u00e4mnda kallas ocks\u00e5 session-cookies. Permanenta cookies lagras som en fil p\u00e5 din dator eller mobil tills du sj\u00e4lv eller servern som s\u00e4nt dem raderar dem. Tempor\u00e4ra cookies lagras tillf\u00e4lligt f\u00f6r att underl\u00e4tta ditt bes\u00f6k p\u00e5 webbplatsen och f\u00f6rsvinner n\u00e4r du st\u00e4nger webbl\u00e4saren.<\/p>\n<p><strong>Vi anv\u00e4nder cookies f\u00f6r att utveckla webbplatsen<\/strong><\/p>\n<p>EXACT anv\u00e4nder cookies f\u00f6r att samla information om hur v\u00e5ra bes\u00f6kare anv\u00e4nder v\u00e5r webbplats. Det kan exempelvis handla om vilka sidor som \u00e4r popul\u00e4rast, vilket operativsystem eller vilken webbl\u00e4sare v\u00e5ra bes\u00f6kare anv\u00e4nder och om de ofta m\u00f6ts av felmeddelanden p\u00e5 vissa sidor. Uppgifterna anv\u00e4nds f\u00f6r att utveckla och f\u00f6rb\u00e4ttra v\u00e5r webbplats.<\/p>\n<p><strong>H\u00e4r listar vi information om viktiga cookies som anv\u00e4nds<\/strong><\/p>\n<p>Cookie\u00a0\u00a0\u00a0\u00a0\u00a0\u00a0\u00a0\u00a0\u00a0\u00a0\u00a0\u00a0\u00a0\u00a0\u00a0\u00a0\u00a0\u00a0\u00a0\u00a0\u00a0\u00a0\u00a0\u00a0\u00a0\u00a0\u00a0\u00a0\u00a0\u00a0 Utg\u00e5ngstid\u00a0\u00a0\u00a0\u00a0\u00a0\u00a0\u00a0\u00a0\u00a0\u00a0\u00a0\u00a0\u00a0\u00a0\u00a0\u00a0\u00a0\u00a0\u00a0\u00a0\u00a0\u00a0 Beskrivning<\/p>\n<p>Hotjar\u00a0(l\u00e4s mer <a href=\"https:\/\/help.hotjar.com\/hc\/en-us\/articles\/115011789248-Hotjar-Cookies\" target=\"_blank\" rel=\"noopener\">h\u00e4r<\/a>)<br \/>\n_<em>hjIncludedInSample\u00a0\u00a0\u00a0\u00a0\u00a0 <\/em>365 dagar<em>\u00a0\u00a0\u00a0\u00a0\u00a0\u00a0\u00a0\u00a0\u00a0\u00a0\u00a0\u00a0\u00a0\u00a0\u00a0\u00a0\u00a0\u00a0\u00a0\u00a0\u00a0\u00a0\u00a0\u00a0 <\/em>Denna sessions-kaka s\u00e4tts f\u00f6r att l\u00e5ta Hotjar veta om en bes\u00f6kare \u00e4r inkluderad i en grupp bes\u00f6kare som anv\u00e4nds f\u00f6r att visa statistik som \u201dHeat maps\u201d, beteendeinspelning mm.<\/p>\n<p>Google Analytics (l\u00e4s mer <a href=\"https:\/\/developers.google.com\/analytics\/devguides\/collection\/analyticsjs\/cookie-usage\" target=\"_blank\" rel=\"noopener\">h\u00e4r<\/a>)<\/p>\n<p>Cookie\u00a0\u00a0\u00a0\u00a0\u00a0\u00a0\u00a0\u00a0 \u00a0\u00a0\u00a0\u00a0\u00a0\u00a0\u00a0\u00a0\u00a0\u00a0\u00a0\u00a0\u00a0\u00a0\u00a0\u00a0\u00a0\u00a0\u00a0\u00a0\u00a0 Utg\u00e5ngstid\u00a0 \u00a0\u00a0\u00a0\u00a0\u00a0\u00a0\u00a0\u00a0\u00a0\u00a0\u00a0\u00a0\u00a0\u00a0\u00a0\u00a0\u00a0\u00a0\u00a0\u00a0\u00a0 Beskrivning<\/p>\n<p>_ga\u00a0\u00a0\u00a0\u00a0\u00a0\u00a0\u00a0\u00a0\u00a0\u00a0\u00a0\u00a0\u00a0\u00a0\u00a0\u00a0\u00a0\u00a0\u00a0\u00a0\u00a0\u00a0\u00a0\u00a0\u00a0\u00a0\u00a0\u00a0\u00a0\u00a0\u00a0\u00a0\u00a0\u00a0\u00a0\u00a0 2 \u00e5r\u00a0\u00a0\u00a0\u00a0\u00a0\u00a0\u00a0\u00a0\u00a0\u00a0\u00a0\u00a0\u00a0\u00a0\u00a0\u00a0\u00a0\u00a0\u00a0\u00a0\u00a0\u00a0\u00a0\u00a0\u00a0\u00a0\u00a0\u00a0\u00a0\u00a0\u00a0\u00a0\u00a0\u00a0\u00a0\u00a0 Anv\u00e4nds f\u00f6r att urskilja bes\u00f6kare<\/p>\n<p>_gid\u00a0\u00a0\u00a0\u00a0\u00a0\u00a0\u00a0\u00a0\u00a0\u00a0\u00a0\u00a0\u00a0\u00a0\u00a0\u00a0\u00a0\u00a0\u00a0\u00a0\u00a0\u00a0\u00a0\u00a0\u00a0\u00a0\u00a0\u00a0\u00a0\u00a0\u00a0\u00a0\u00a0\u00a0\u00a0 24 timmar\u00a0\u00a0\u00a0\u00a0\u00a0\u00a0\u00a0\u00a0\u00a0\u00a0\u00a0\u00a0\u00a0\u00a0\u00a0\u00a0\u00a0\u00a0\u00a0\u00a0\u00a0\u00a0\u00a0\u00a0 Anv\u00e4nds f\u00f6r att urskilja bes\u00f6kare.<\/p>\n<p>_gat\u00a0\u00a0\u00a0\u00a0\u00a0\u00a0\u00a0\u00a0\u00a0\u00a0\u00a0\u00a0\u00a0\u00a0\u00a0\u00a0\u00a0\u00a0\u00a0\u00a0\u00a0\u00a0\u00a0\u00a0\u00a0\u00a0\u00a0\u00a0\u00a0\u00a0\u00a0\u00a0\u00a0\u00a0\u00a0 1 minut\u00a0\u00a0\u00a0\u00a0\u00a0\u00a0\u00a0\u00a0\u00a0\u00a0\u00a0\u00a0\u00a0\u00a0\u00a0\u00a0\u00a0\u00a0\u00a0\u00a0\u00a0\u00a0\u00a0\u00a0\u00a0\u00a0\u00a0\u00a0\u00a0 Anv\u00e4nds f\u00f6r att strypa sidanrop.<\/p>\n<p>AMP_TOKEN\u00a0\u00a0\u00a0\u00a0\u00a0\u00a0\u00a0\u00a0\u00a0\u00a0\u00a0\u00a0\u00a0\u00a0\u00a0\u00a0\u00a0\u00a0 30 sekunder till 1 \u00e5r\u00a0\u00a0\u00a0\u00a0\u00a0\u00a0\u00a0 Inneh\u00e5ller referens f\u00f6r att h\u00e4mta Client ID fr\u00e5n AMP Client ID service. Andra m\u00f6jliga v\u00e4rden indikerar opt-out, \u201dinflight request\u201d eller ett felmeddelande av Client ID fr\u00e5n AMP Client ID service.<\/p>\n<p>_gac_&lt;property-id&gt;\u00a0\u00a0\u00a0\u00a0\u00a0\u00a0\u00a0 90 dagar\u00a0\u00a0\u00a0\u00a0\u00a0 \u00a0\u00a0\u00a0\u00a0\u00a0\u00a0\u00a0\u00a0\u00a0\u00a0\u00a0\u00a0\u00a0\u00a0\u00a0\u00a0\u00a0\u00a0\u00a0\u00a0\u00a0 Inneh\u00e5ller kampanjrelaterad information f\u00f6r anv\u00e4ndaren.<\/p>\n<p>ActiveCampaign (l\u00e4s mer <a href=\"https:\/\/www.activecampaign.com\/cookies\/\" target=\"_blank\" rel=\"noopener\">h\u00e4r<\/a>)<\/p>\n<p><strong>Om du inte vill lagra cookies<\/strong><\/p>\n<p>Om du tidigare accepterat att vi anv\u00e4nder cookies f\u00f6r ditt bes\u00f6k, men sen \u00e4ndrar dig och inte vill till\u00e5ta cookies kan du st\u00e4lla in din webbl\u00e4sare s\u00e5 att du f\u00e5r en varning varje g\u00e5ng en webbplats vill placera en cookie hos dig. Du kan ocks\u00e5 v\u00e4lja att helt st\u00e4nga av lagring av cookies. Hur du g\u00f6r detta kan du l\u00e4sa p\u00e5 din webbl\u00e4sares hj\u00e4lpfunktion. I dina inst\u00e4llningar kan du blockera alla cookies men du kan ocks\u00e5 v\u00e4lja att endast acceptera f\u00f6rstapartscookies eller v\u00e4lja att radera cookies n\u00e4r du st\u00e4nger ner din webbl\u00e4sare. Kom ih\u00e5g att n\u00f6dv\u00e4ndiga cookies beh\u00f6vs om du fortfarande ska kunna anv\u00e4nda v\u00e5r webbplats och v\u00e5ra tj\u00e4nster.<\/p>\n","protected":false},"excerpt":{"rendered":"<p>Vi anv\u00e4nder cookies (eller kakor, som det ocks\u00e5 kallas) f\u00f6r att ge dig b\u00e4sta m\u00f6jliga upplevelse av v\u00e5r webbplats. En cookie \u00e4r en liten textfil som sparas i din webbl\u00e4sare. Tv\u00e5 typer av cookies Det finns tv\u00e5 typer av cookies: permanenta och tempor\u00e4ra. De sistn\u00e4mnda kallas ocks\u00e5 session-cookies. Permanenta cookies lagras som en fil p\u00e5 [&hellip;]<\/p>\n","protected":false},"author":1,"featured_media":0,"parent":0,"menu_order":0,"comment_status":"closed","ping_status":"closed","template":"template-page.php","meta":{"_acf_changed":false,"footnotes":""},"acf":[],"yoast_head":"<!-- This site is optimized with the Yoast SEO plugin v22.2 - https:\/\/yoast.com\/wordpress\/plugins\/seo\/ -->\n<title>Webbplatsen blir b\u00e4ttre med kakor - EXACT<\/title>\n<meta name=\"robots\" content=\"index, follow, max-snippet:-1, max-image-preview:large, max-video-preview:-1\" \/>\n<link rel=\"canonical\" href=\"https:\/\/teamexact.com\/sv\/webbplatsen-blir-battre-med-kakor\/\" \/>\n<meta property=\"og:locale\" content=\"sv_SE\" \/>\n<meta property=\"og:type\" content=\"article\" \/>\n<meta property=\"og:title\" content=\"Webbplatsen blir b\u00e4ttre med kakor - EXACT\" \/>\n<meta property=\"og:description\" content=\"Vi anv\u00e4nder cookies (eller kakor, som det ocks\u00e5 kallas) f\u00f6r att ge dig b\u00e4sta m\u00f6jliga upplevelse av v\u00e5r webbplats. En cookie \u00e4r en liten textfil som sparas i din webbl\u00e4sare. Tv\u00e5 typer av cookies Det finns tv\u00e5 typer av cookies: permanenta och tempor\u00e4ra. De sistn\u00e4mnda kallas ocks\u00e5 session-cookies. Permanenta cookies lagras som en fil p\u00e5 [&hellip;]\" \/>\n<meta property=\"og:url\" content=\"https:\/\/teamexact.com\/sv\/webbplatsen-blir-battre-med-kakor\/\" \/>\n<meta property=\"og:site_name\" content=\"EXACT\" \/>\n<meta property=\"article:modified_time\" content=\"2018-05-31T08:50:01+00:00\" \/>\n<meta name=\"twitter:card\" content=\"summary_large_image\" \/>\n<meta name=\"twitter:label1\" content=\"Ber\u00e4knad l\u00e4stid\" \/>\n\t<meta name=\"twitter:data1\" content=\"2 minuter\" \/>\n<script type=\"application\/ld+json\" class=\"yoast-schema-graph\">{\"@context\":\"https:\/\/schema.org\",\"@graph\":[{\"@type\":\"WebPage\",\"@id\":\"https:\/\/teamexact.com\/sv\/webbplatsen-blir-battre-med-kakor\/\",\"url\":\"https:\/\/teamexact.com\/sv\/webbplatsen-blir-battre-med-kakor\/\",\"name\":\"Webbplatsen blir b\u00e4ttre med kakor - EXACT\",\"isPartOf\":{\"@id\":\"https:\/\/teamexact.com\/sv\/#website\"},\"datePublished\":\"2018-05-24T14:51:09+00:00\",\"dateModified\":\"2018-05-31T08:50:01+00:00\",\"breadcrumb\":{\"@id\":\"https:\/\/teamexact.com\/sv\/webbplatsen-blir-battre-med-kakor\/#breadcrumb\"},\"inLanguage\":\"sv-SE\",\"potentialAction\":[{\"@type\":\"ReadAction\",\"target\":[\"https:\/\/teamexact.com\/sv\/webbplatsen-blir-battre-med-kakor\/\"]}]},{\"@type\":\"BreadcrumbList\",\"@id\":\"https:\/\/teamexact.com\/sv\/webbplatsen-blir-battre-med-kakor\/#breadcrumb\",\"itemListElement\":[{\"@type\":\"ListItem\",\"position\":1,\"name\":\"Home\",\"item\":\"https:\/\/teamexact.com\/sv\/\"},{\"@type\":\"ListItem\",\"position\":2,\"name\":\"Webbplatsen blir b\u00e4ttre med kakor\"}]},{\"@type\":\"WebSite\",\"@id\":\"https:\/\/teamexact.com\/sv\/#website\",\"url\":\"https:\/\/teamexact.com\/sv\/\",\"name\":\"EXACT\",\"description\":\"We see more\",\"potentialAction\":[{\"@type\":\"SearchAction\",\"target\":{\"@type\":\"EntryPoint\",\"urlTemplate\":\"https:\/\/teamexact.com\/sv\/?s={search_term_string}\"},\"query-input\":\"required name=search_term_string\"}],\"inLanguage\":\"sv-SE\"}]}<\/script>\n<!-- \/ Yoast SEO plugin. -->","yoast_head_json":{"title":"Webbplatsen blir b\u00e4ttre med kakor - EXACT","robots":{"index":"index","follow":"follow","max-snippet":"max-snippet:-1","max-image-preview":"max-image-preview:large","max-video-preview":"max-video-preview:-1"},"canonical":"https:\/\/teamexact.com\/sv\/webbplatsen-blir-battre-med-kakor\/","og_locale":"sv_SE","og_type":"article","og_title":"Webbplatsen blir b\u00e4ttre med kakor - EXACT","og_description":"Vi anv\u00e4nder cookies (eller kakor, som det ocks\u00e5 kallas) f\u00f6r att ge dig b\u00e4sta m\u00f6jliga upplevelse av v\u00e5r webbplats. En cookie \u00e4r en liten textfil som sparas i din webbl\u00e4sare. Tv\u00e5 typer av cookies Det finns tv\u00e5 typer av cookies: permanenta och tempor\u00e4ra. De sistn\u00e4mnda kallas ocks\u00e5 session-cookies. Permanenta cookies lagras som en fil p\u00e5 [&hellip;]","og_url":"https:\/\/teamexact.com\/sv\/webbplatsen-blir-battre-med-kakor\/","og_site_name":"EXACT","article_modified_time":"2018-05-31T08:50:01+00:00","twitter_card":"summary_large_image","twitter_misc":{"Ber\u00e4knad l\u00e4stid":"2 minuter"},"schema":{"@context":"https:\/\/schema.org","@graph":[{"@type":"WebPage","@id":"https:\/\/teamexact.com\/sv\/webbplatsen-blir-battre-med-kakor\/","url":"https:\/\/teamexact.com\/sv\/webbplatsen-blir-battre-med-kakor\/","name":"Webbplatsen blir b\u00e4ttre med kakor - EXACT","isPartOf":{"@id":"https:\/\/teamexact.com\/sv\/#website"},"datePublished":"2018-05-24T14:51:09+00:00","dateModified":"2018-05-31T08:50:01+00:00","breadcrumb":{"@id":"https:\/\/teamexact.com\/sv\/webbplatsen-blir-battre-med-kakor\/#breadcrumb"},"inLanguage":"sv-SE","potentialAction":[{"@type":"ReadAction","target":["https:\/\/teamexact.com\/sv\/webbplatsen-blir-battre-med-kakor\/"]}]},{"@type":"BreadcrumbList","@id":"https:\/\/teamexact.com\/sv\/webbplatsen-blir-battre-med-kakor\/#breadcrumb","itemListElement":[{"@type":"ListItem","position":1,"name":"Home","item":"https:\/\/teamexact.com\/sv\/"},{"@type":"ListItem","position":2,"name":"Webbplatsen blir b\u00e4ttre med kakor"}]},{"@type":"WebSite","@id":"https:\/\/teamexact.com\/sv\/#website","url":"https:\/\/teamexact.com\/sv\/","name":"EXACT","description":"We see more","potentialAction":[{"@type":"SearchAction","target":{"@type":"EntryPoint","urlTemplate":"https:\/\/teamexact.com\/sv\/?s={search_term_string}"},"query-input":"required name=search_term_string"}],"inLanguage":"sv-SE"}]}},"_links":{"self":[{"href":"https:\/\/teamexact.com\/sv\/wp-json\/wp\/v2\/pages\/3589"}],"collection":[{"href":"https:\/\/teamexact.com\/sv\/wp-json\/wp\/v2\/pages"}],"about":[{"href":"https:\/\/teamexact.com\/sv\/wp-json\/wp\/v2\/types\/page"}],"author":[{"embeddable":true,"href":"https:\/\/teamexact.com\/sv\/wp-json\/wp\/v2\/users\/1"}],"replies":[{"embeddable":true,"href":"https:\/\/teamexact.com\/sv\/wp-json\/wp\/v2\/comments?post=3589"}],"version-history":[{"count":4,"href":"https:\/\/teamexact.com\/sv\/wp-json\/wp\/v2\/pages\/3589\/revisions"}],"predecessor-version":[{"id":3603,"href":"https:\/\/teamexact.com\/sv\/wp-json\/wp\/v2\/pages\/3589\/revisions\/3603"}],"wp:attachment":[{"href":"https:\/\/teamexact.com\/sv\/wp-json\/wp\/v2\/media?parent=3589"}],"curies":[{"name":"wp","href":"https:\/\/api.w.org\/{rel}","templated":true}]}}