{"id":3595,"date":"2018-05-24T16:54:26","date_gmt":"2018-05-24T14:54:26","guid":{"rendered":"http:\/\/www.teamexact.com\/?page_id=3595"},"modified":"2018-05-24T16:54:26","modified_gmt":"2018-05-24T14:54:26","slug":"vi-behover-ditt-samtycke-for-att-kunna-hjalpa-dig","status":"publish","type":"page","link":"https:\/\/teamexact.com\/sv\/vi-behover-ditt-samtycke-for-att-kunna-hjalpa-dig\/","title":{"rendered":"Vi beh\u00f6ver ditt samtycke f\u00f6r att kunna hj\u00e4lpa dig"},"content":{"rendered":"<p>F\u00f6r att kunna ta emot, hantera och spara personuppgifterna i formul\u00e4ret beh\u00f6ver vi ditt samtycke. Personuppgifterna kr\u00e4vs f\u00f6r att vi ska kunna hj\u00e4lpa dig med det \u00e4rende som du efterfr\u00e5gar.<\/p>\n<p>Personuppgifterna samlas in till Exact AB och andra f\u00f6retag inom koncernen. Vi delar dem inte med tredje part. V\u00e5rt personuppgiftsbitr\u00e4de Strateg Marknadsf\u00f6ring AB har d\u00e4remot m\u00f6jlig tillg\u00e5ng till dina personuppgifter.<\/p>\n<p>Ditt samtycke g\u00e4ller tills vidare. Du har r\u00e4tt att n\u00e4r som helst ta tillbaka det. Det g\u00f6r du genom att kontakta <a href=\"mailto:office@teamexact.com\">office@teamexact.com<\/a>. Du har sj\u00e4lvklart ocks\u00e5 r\u00e4tt att f\u00e5 information om vilka uppgifter om dig som behandlas eller beg\u00e4ra r\u00e4ttelse, \u00f6verf\u00f6ring, radering eller begr\u00e4nsning av dina personuppgifter. Det g\u00f6r du genom att kontakta oss p\u00e5 n\u00e4mnda e-postadress. Du har \u00e4ven r\u00e4tt att inge klagom\u00e5l till datainspektionen om du tycker att vi behandlar dina personuppgifter p\u00e5 ett felaktigt s\u00e4tt.<\/p>\n","protected":false},"excerpt":{"rendered":"<p>F\u00f6r att kunna ta emot, hantera och spara personuppgifterna i formul\u00e4ret beh\u00f6ver vi ditt samtycke. Personuppgifterna kr\u00e4vs f\u00f6r att vi ska kunna hj\u00e4lpa dig med det \u00e4rende som du efterfr\u00e5gar. Personuppgifterna samlas in till Exact AB och andra f\u00f6retag inom koncernen. Vi delar dem inte med tredje part. V\u00e5rt personuppgiftsbitr\u00e4de Strateg Marknadsf\u00f6ring AB har d\u00e4remot [&hellip;]<\/p>\n","protected":false},"author":1,"featured_media":0,"parent":0,"menu_order":0,"comment_status":"closed","ping_status":"closed","template":"template-page.php","meta":{"_acf_changed":false,"footnotes":""},"acf":[],"yoast_head":"<!-- This site is optimized with the Yoast SEO plugin v22.2 - https:\/\/yoast.com\/wordpress\/plugins\/seo\/ -->\n<title>Vi beh\u00f6ver ditt samtycke f\u00f6r att kunna hj\u00e4lpa dig - EXACT<\/title>\n<meta name=\"robots\" content=\"index, follow, max-snippet:-1, max-image-preview:large, max-video-preview:-1\" \/>\n<link rel=\"canonical\" href=\"https:\/\/teamexact.com\/sv\/vi-behover-ditt-samtycke-for-att-kunna-hjalpa-dig\/\" \/>\n<meta property=\"og:locale\" content=\"sv_SE\" \/>\n<meta property=\"og:type\" content=\"article\" \/>\n<meta property=\"og:title\" content=\"Vi beh\u00f6ver ditt samtycke f\u00f6r att kunna hj\u00e4lpa dig - EXACT\" \/>\n<meta property=\"og:description\" content=\"F\u00f6r att kunna ta emot, hantera och spara personuppgifterna i formul\u00e4ret beh\u00f6ver vi ditt samtycke. Personuppgifterna kr\u00e4vs f\u00f6r att vi ska kunna hj\u00e4lpa dig med det \u00e4rende som du efterfr\u00e5gar. Personuppgifterna samlas in till Exact AB och andra f\u00f6retag inom koncernen. Vi delar dem inte med tredje part. V\u00e5rt personuppgiftsbitr\u00e4de Strateg Marknadsf\u00f6ring AB har d\u00e4remot [&hellip;]\" \/>\n<meta property=\"og:url\" content=\"https:\/\/teamexact.com\/sv\/vi-behover-ditt-samtycke-for-att-kunna-hjalpa-dig\/\" \/>\n<meta property=\"og:site_name\" content=\"EXACT\" \/>\n<meta name=\"twitter:card\" content=\"summary_large_image\" \/>\n<meta name=\"twitter:label1\" content=\"Ber\u00e4knad l\u00e4stid\" \/>\n\t<meta name=\"twitter:data1\" content=\"1 minut\" \/>\n<script type=\"application\/ld+json\" class=\"yoast-schema-graph\">{\"@context\":\"https:\/\/schema.org\",\"@graph\":[{\"@type\":\"WebPage\",\"@id\":\"https:\/\/teamexact.com\/sv\/vi-behover-ditt-samtycke-for-att-kunna-hjalpa-dig\/\",\"url\":\"https:\/\/teamexact.com\/sv\/vi-behover-ditt-samtycke-for-att-kunna-hjalpa-dig\/\",\"name\":\"Vi beh\u00f6ver ditt samtycke f\u00f6r att kunna hj\u00e4lpa dig - EXACT\",\"isPartOf\":{\"@id\":\"https:\/\/teamexact.com\/sv\/#website\"},\"datePublished\":\"2018-05-24T14:54:26+00:00\",\"dateModified\":\"2018-05-24T14:54:26+00:00\",\"breadcrumb\":{\"@id\":\"https:\/\/teamexact.com\/sv\/vi-behover-ditt-samtycke-for-att-kunna-hjalpa-dig\/#breadcrumb\"},\"inLanguage\":\"sv-SE\",\"potentialAction\":[{\"@type\":\"ReadAction\",\"target\":[\"https:\/\/teamexact.com\/sv\/vi-behover-ditt-samtycke-for-att-kunna-hjalpa-dig\/\"]}]},{\"@type\":\"BreadcrumbList\",\"@id\":\"https:\/\/teamexact.com\/sv\/vi-behover-ditt-samtycke-for-att-kunna-hjalpa-dig\/#breadcrumb\",\"itemListElement\":[{\"@type\":\"ListItem\",\"position\":1,\"name\":\"Home\",\"item\":\"https:\/\/teamexact.com\/sv\/\"},{\"@type\":\"ListItem\",\"position\":2,\"name\":\"Vi beh\u00f6ver ditt samtycke f\u00f6r att kunna hj\u00e4lpa dig\"}]},{\"@type\":\"WebSite\",\"@id\":\"https:\/\/teamexact.com\/sv\/#website\",\"url\":\"https:\/\/teamexact.com\/sv\/\",\"name\":\"EXACT\",\"description\":\"We see more\",\"potentialAction\":[{\"@type\":\"SearchAction\",\"target\":{\"@type\":\"EntryPoint\",\"urlTemplate\":\"https:\/\/teamexact.com\/sv\/?s={search_term_string}\"},\"query-input\":\"required name=search_term_string\"}],\"inLanguage\":\"sv-SE\"}]}<\/script>\n<!-- \/ Yoast SEO plugin. -->","yoast_head_json":{"title":"Vi beh\u00f6ver ditt samtycke f\u00f6r att kunna hj\u00e4lpa dig - EXACT","robots":{"index":"index","follow":"follow","max-snippet":"max-snippet:-1","max-image-preview":"max-image-preview:large","max-video-preview":"max-video-preview:-1"},"canonical":"https:\/\/teamexact.com\/sv\/vi-behover-ditt-samtycke-for-att-kunna-hjalpa-dig\/","og_locale":"sv_SE","og_type":"article","og_title":"Vi beh\u00f6ver ditt samtycke f\u00f6r att kunna hj\u00e4lpa dig - EXACT","og_description":"F\u00f6r att kunna ta emot, hantera och spara personuppgifterna i formul\u00e4ret beh\u00f6ver vi ditt samtycke. Personuppgifterna kr\u00e4vs f\u00f6r att vi ska kunna hj\u00e4lpa dig med det \u00e4rende som du efterfr\u00e5gar. Personuppgifterna samlas in till Exact AB och andra f\u00f6retag inom koncernen. Vi delar dem inte med tredje part. V\u00e5rt personuppgiftsbitr\u00e4de Strateg Marknadsf\u00f6ring AB har d\u00e4remot [&hellip;]","og_url":"https:\/\/teamexact.com\/sv\/vi-behover-ditt-samtycke-for-att-kunna-hjalpa-dig\/","og_site_name":"EXACT","twitter_card":"summary_large_image","twitter_misc":{"Ber\u00e4knad l\u00e4stid":"1 minut"},"schema":{"@context":"https:\/\/schema.org","@graph":[{"@type":"WebPage","@id":"https:\/\/teamexact.com\/sv\/vi-behover-ditt-samtycke-for-att-kunna-hjalpa-dig\/","url":"https:\/\/teamexact.com\/sv\/vi-behover-ditt-samtycke-for-att-kunna-hjalpa-dig\/","name":"Vi beh\u00f6ver ditt samtycke f\u00f6r att kunna hj\u00e4lpa dig - EXACT","isPartOf":{"@id":"https:\/\/teamexact.com\/sv\/#website"},"datePublished":"2018-05-24T14:54:26+00:00","dateModified":"2018-05-24T14:54:26+00:00","breadcrumb":{"@id":"https:\/\/teamexact.com\/sv\/vi-behover-ditt-samtycke-for-att-kunna-hjalpa-dig\/#breadcrumb"},"inLanguage":"sv-SE","potentialAction":[{"@type":"ReadAction","target":["https:\/\/teamexact.com\/sv\/vi-behover-ditt-samtycke-for-att-kunna-hjalpa-dig\/"]}]},{"@type":"BreadcrumbList","@id":"https:\/\/teamexact.com\/sv\/vi-behover-ditt-samtycke-for-att-kunna-hjalpa-dig\/#breadcrumb","itemListElement":[{"@type":"ListItem","position":1,"name":"Home","item":"https:\/\/teamexact.com\/sv\/"},{"@type":"ListItem","position":2,"name":"Vi beh\u00f6ver ditt samtycke f\u00f6r att kunna hj\u00e4lpa dig"}]},{"@type":"WebSite","@id":"https:\/\/teamexact.com\/sv\/#website","url":"https:\/\/teamexact.com\/sv\/","name":"EXACT","description":"We see more","potentialAction":[{"@type":"SearchAction","target":{"@type":"EntryPoint","urlTemplate":"https:\/\/teamexact.com\/sv\/?s={search_term_string}"},"query-input":"required name=search_term_string"}],"inLanguage":"sv-SE"}]}},"_links":{"self":[{"href":"https:\/\/teamexact.com\/sv\/wp-json\/wp\/v2\/pages\/3595"}],"collection":[{"href":"https:\/\/teamexact.com\/sv\/wp-json\/wp\/v2\/pages"}],"about":[{"href":"https:\/\/teamexact.com\/sv\/wp-json\/wp\/v2\/types\/page"}],"author":[{"embeddable":true,"href":"https:\/\/teamexact.com\/sv\/wp-json\/wp\/v2\/users\/1"}],"replies":[{"embeddable":true,"href":"https:\/\/teamexact.com\/sv\/wp-json\/wp\/v2\/comments?post=3595"}],"version-history":[{"count":1,"href":"https:\/\/teamexact.com\/sv\/wp-json\/wp\/v2\/pages\/3595\/revisions"}],"predecessor-version":[{"id":3596,"href":"https:\/\/teamexact.com\/sv\/wp-json\/wp\/v2\/pages\/3595\/revisions\/3596"}],"wp:attachment":[{"href":"https:\/\/teamexact.com\/sv\/wp-json\/wp\/v2\/media?parent=3595"}],"curies":[{"name":"wp","href":"https:\/\/api.w.org\/{rel}","templated":true}]}}