{"id":3833,"date":"2019-04-03T13:41:37","date_gmt":"2019-04-03T11:41:37","guid":{"rendered":"http:\/\/www.teamexact.com\/?page_id=3833"},"modified":"2019-04-04T11:11:48","modified_gmt":"2019-04-04T09:11:48","slug":"underjordspositionering","status":"publish","type":"page","link":"https:\/\/teamexact.com\/sv\/underjordspositionering\/","title":{"rendered":"Underjordspositionering"},"content":{"rendered":"<p><strong>Att inte ha full koll p\u00e5 vad som g\u00f6mmer sig under markytan \u00e4r ett stort, och tyv\u00e4rr vanligt problem. Det kan leda till kostsamma misstag och i v\u00e4rsta fall farliga olyckor. S\u00e5, varf\u00f6r chansa n\u00e4r du kan veta?<\/strong><\/p>\n<p>Att positionera strukturer under jord \u00e4r en komplicerad process. Nu g\u00f6r vi det enkelt f\u00f6r dig. Med hj\u00e4lp av modern teknologi och en stor dos kunskap kan vi lokalisera strukturer under jord utifr\u00e5n ditt projekts unika behov. Vi tar reda p\u00e5 var berg, kablar, r\u00f6r och andra installationer finns. Och vi g\u00f6r det p\u00e5 ett djup ner till sex meter.<\/p>\n<h3>R\u00e4tt resultat, l\u00e4tt att anv\u00e4nda<\/h3>\n<p>Beroende p\u00e5 ditt projekts f\u00f6ruts\u00e4ttningar samlar vi in underlag med hj\u00e4lp av radar, sensorer och traditionell m\u00e4tteknik som vi sen omvandlar till l\u00e4gesbundna data. F\u00f6r att g\u00f6ra det kr\u00e4vs unik spetskompetens, instrument med h\u00f6g noggrannhet och m\u00e5nga \u00e5rs erfarenhet. Det har vi. Materialet levereras i ett l\u00e4ttillg\u00e4ngligt 3D-format som du kan \u00f6ppna var du vill, n\u00e4r du vill.<\/p>\n<h3>M\u00e5nga f\u00f6rdelar \u2013 vissa livsviktiga<\/h3>\n<p>F\u00f6rdelarna \u00e4r m\u00e5nga. Vissa \u00e4r livsviktiga eftersom arbetsmilj\u00f6n blir betydligt s\u00e4krare. N\u00e4r du vet var saker och ting \u00e4r minskar f\u00f6rst\u00e5s risken att skada f\u00f6rem\u00e5l eller st\u00f6ta p\u00e5 ov\u00e4ntade \u00f6verraskningar och du slipper f\u00f6rseningar och dyra \u00e4ndringsarbeten. Dessutom blir hela projektet mer effektivt n\u00e4r du l\u00e4ttare kan planera, reparera och dela information. Ja, du sparar b\u00e5de tid och pengar. Och blir mer l\u00f6nsam.<\/p>\n<h3>S\u00e5 h\u00e4r g\u00e5r det till \u2013 steg f\u00f6r steg<\/h3>\n<h3><img loading=\"lazy\" decoding=\"async\" class=\"aligncenter size-full wp-image-3853\" src=\"http:\/\/www.teamexact.com\/wp-content\/uploads\/2019\/03\/underjord-1.png\" alt=\"\" width=\"699\" height=\"87\" srcset=\"https:\/\/teamexact.com\/wp-content\/uploads\/2019\/03\/underjord-1.png 699w, https:\/\/teamexact.com\/wp-content\/uploads\/2019\/03\/underjord-1-300x37.png 300w\" sizes=\"(max-width: 699px) 100vw, 699px\" \/><\/h3>\n<p><strong>1. Val av metod utifr\u00e5n projektets m\u00f6jligheter och behov<\/strong><\/p>\n<p><strong>2. Genomg\u00e5ng av befintlig dokumentation<\/strong><\/p>\n<p><strong>3. Uppdatering av dokumentation efter synliga f\u00f6r\u00e4ndringar p\u00e5 plats<\/strong><\/p>\n<p><strong>4. Detektering av marken med markradar och elektromagnetiska s\u00f6kare<\/strong><\/p>\n<p><strong>5. H\u00f6jd- och l\u00e4gesbest\u00e4mning av hittade objekt<\/strong><\/p>\n<p><strong>6. Sammanst\u00e4llning av insamlade data<\/strong><\/p>\n<p><strong>7. Leverans i ett l\u00e4ttillg\u00e4ngligt filformat<\/strong><\/p>\n","protected":false},"excerpt":{"rendered":"<p>Att inte ha full koll p\u00e5 vad som g\u00f6mmer sig under markytan \u00e4r ett stort, och tyv\u00e4rr vanligt problem. Det kan leda till kostsamma misstag och i v\u00e4rsta fall farliga olyckor. S\u00e5, varf\u00f6r chansa n\u00e4r du kan veta? Att positionera strukturer under jord \u00e4r en komplicerad process. Nu g\u00f6r vi det enkelt f\u00f6r dig. Med [&hellip;]<\/p>\n","protected":false},"author":1,"featured_media":0,"parent":0,"menu_order":0,"comment_status":"closed","ping_status":"closed","template":"template-as-built.php","meta":{"_acf_changed":false,"footnotes":""},"acf":[],"yoast_head":"<!-- This site is optimized with the Yoast SEO plugin v22.2 - https:\/\/yoast.com\/wordpress\/plugins\/seo\/ -->\n<title>Underjordspositionering - EXACT<\/title>\n<meta name=\"robots\" content=\"index, follow, max-snippet:-1, max-image-preview:large, max-video-preview:-1\" \/>\n<link rel=\"canonical\" href=\"https:\/\/teamexact.com\/sv\/underjordspositionering\/\" \/>\n<meta property=\"og:locale\" content=\"sv_SE\" \/>\n<meta property=\"og:type\" content=\"article\" \/>\n<meta property=\"og:title\" content=\"Underjordspositionering - EXACT\" \/>\n<meta property=\"og:description\" content=\"Att inte ha full koll p\u00e5 vad som g\u00f6mmer sig under markytan \u00e4r ett stort, och tyv\u00e4rr vanligt problem. Det kan leda till kostsamma misstag och i v\u00e4rsta fall farliga olyckor. S\u00e5, varf\u00f6r chansa n\u00e4r du kan veta? Att positionera strukturer under jord \u00e4r en komplicerad process. Nu g\u00f6r vi det enkelt f\u00f6r dig. Med [&hellip;]\" \/>\n<meta property=\"og:url\" content=\"https:\/\/teamexact.com\/sv\/underjordspositionering\/\" \/>\n<meta property=\"og:site_name\" content=\"EXACT\" \/>\n<meta property=\"article:modified_time\" content=\"2019-04-04T09:11:48+00:00\" \/>\n<meta property=\"og:image\" content=\"http:\/\/www.teamexact.com\/wp-content\/uploads\/2019\/03\/underjord-1.png\" \/>\n<meta name=\"twitter:card\" content=\"summary_large_image\" \/>\n<meta name=\"twitter:label1\" content=\"Ber\u00e4knad l\u00e4stid\" \/>\n\t<meta name=\"twitter:data1\" content=\"2 minuter\" \/>\n<script type=\"application\/ld+json\" class=\"yoast-schema-graph\">{\"@context\":\"https:\/\/schema.org\",\"@graph\":[{\"@type\":\"WebPage\",\"@id\":\"https:\/\/teamexact.com\/sv\/underjordspositionering\/\",\"url\":\"https:\/\/teamexact.com\/sv\/underjordspositionering\/\",\"name\":\"Underjordspositionering - EXACT\",\"isPartOf\":{\"@id\":\"https:\/\/teamexact.com\/sv\/#website\"},\"primaryImageOfPage\":{\"@id\":\"https:\/\/teamexact.com\/sv\/underjordspositionering\/#primaryimage\"},\"image\":{\"@id\":\"https:\/\/teamexact.com\/sv\/underjordspositionering\/#primaryimage\"},\"thumbnailUrl\":\"http:\/\/www.teamexact.com\/wp-content\/uploads\/2019\/03\/underjord-1.png\",\"datePublished\":\"2019-04-03T11:41:37+00:00\",\"dateModified\":\"2019-04-04T09:11:48+00:00\",\"breadcrumb\":{\"@id\":\"https:\/\/teamexact.com\/sv\/underjordspositionering\/#breadcrumb\"},\"inLanguage\":\"sv-SE\",\"potentialAction\":[{\"@type\":\"ReadAction\",\"target\":[\"https:\/\/teamexact.com\/sv\/underjordspositionering\/\"]}]},{\"@type\":\"ImageObject\",\"inLanguage\":\"sv-SE\",\"@id\":\"https:\/\/teamexact.com\/sv\/underjordspositionering\/#primaryimage\",\"url\":\"http:\/\/www.teamexact.com\/wp-content\/uploads\/2019\/03\/underjord-1.png\",\"contentUrl\":\"http:\/\/www.teamexact.com\/wp-content\/uploads\/2019\/03\/underjord-1.png\"},{\"@type\":\"BreadcrumbList\",\"@id\":\"https:\/\/teamexact.com\/sv\/underjordspositionering\/#breadcrumb\",\"itemListElement\":[{\"@type\":\"ListItem\",\"position\":1,\"name\":\"Home\",\"item\":\"https:\/\/teamexact.com\/sv\/\"},{\"@type\":\"ListItem\",\"position\":2,\"name\":\"Underjordspositionering\"}]},{\"@type\":\"WebSite\",\"@id\":\"https:\/\/teamexact.com\/sv\/#website\",\"url\":\"https:\/\/teamexact.com\/sv\/\",\"name\":\"EXACT\",\"description\":\"We see more\",\"potentialAction\":[{\"@type\":\"SearchAction\",\"target\":{\"@type\":\"EntryPoint\",\"urlTemplate\":\"https:\/\/teamexact.com\/sv\/?s={search_term_string}\"},\"query-input\":\"required name=search_term_string\"}],\"inLanguage\":\"sv-SE\"}]}<\/script>\n<!-- \/ Yoast SEO plugin. -->","yoast_head_json":{"title":"Underjordspositionering - EXACT","robots":{"index":"index","follow":"follow","max-snippet":"max-snippet:-1","max-image-preview":"max-image-preview:large","max-video-preview":"max-video-preview:-1"},"canonical":"https:\/\/teamexact.com\/sv\/underjordspositionering\/","og_locale":"sv_SE","og_type":"article","og_title":"Underjordspositionering - EXACT","og_description":"Att inte ha full koll p\u00e5 vad som g\u00f6mmer sig under markytan \u00e4r ett stort, och tyv\u00e4rr vanligt problem. Det kan leda till kostsamma misstag och i v\u00e4rsta fall farliga olyckor. S\u00e5, varf\u00f6r chansa n\u00e4r du kan veta? Att positionera strukturer under jord \u00e4r en komplicerad process. Nu g\u00f6r vi det enkelt f\u00f6r dig. Med [&hellip;]","og_url":"https:\/\/teamexact.com\/sv\/underjordspositionering\/","og_site_name":"EXACT","article_modified_time":"2019-04-04T09:11:48+00:00","og_image":[{"url":"http:\/\/www.teamexact.com\/wp-content\/uploads\/2019\/03\/underjord-1.png"}],"twitter_card":"summary_large_image","twitter_misc":{"Ber\u00e4knad l\u00e4stid":"2 minuter"},"schema":{"@context":"https:\/\/schema.org","@graph":[{"@type":"WebPage","@id":"https:\/\/teamexact.com\/sv\/underjordspositionering\/","url":"https:\/\/teamexact.com\/sv\/underjordspositionering\/","name":"Underjordspositionering - EXACT","isPartOf":{"@id":"https:\/\/teamexact.com\/sv\/#website"},"primaryImageOfPage":{"@id":"https:\/\/teamexact.com\/sv\/underjordspositionering\/#primaryimage"},"image":{"@id":"https:\/\/teamexact.com\/sv\/underjordspositionering\/#primaryimage"},"thumbnailUrl":"http:\/\/www.teamexact.com\/wp-content\/uploads\/2019\/03\/underjord-1.png","datePublished":"2019-04-03T11:41:37+00:00","dateModified":"2019-04-04T09:11:48+00:00","breadcrumb":{"@id":"https:\/\/teamexact.com\/sv\/underjordspositionering\/#breadcrumb"},"inLanguage":"sv-SE","potentialAction":[{"@type":"ReadAction","target":["https:\/\/teamexact.com\/sv\/underjordspositionering\/"]}]},{"@type":"ImageObject","inLanguage":"sv-SE","@id":"https:\/\/teamexact.com\/sv\/underjordspositionering\/#primaryimage","url":"http:\/\/www.teamexact.com\/wp-content\/uploads\/2019\/03\/underjord-1.png","contentUrl":"http:\/\/www.teamexact.com\/wp-content\/uploads\/2019\/03\/underjord-1.png"},{"@type":"BreadcrumbList","@id":"https:\/\/teamexact.com\/sv\/underjordspositionering\/#breadcrumb","itemListElement":[{"@type":"ListItem","position":1,"name":"Home","item":"https:\/\/teamexact.com\/sv\/"},{"@type":"ListItem","position":2,"name":"Underjordspositionering"}]},{"@type":"WebSite","@id":"https:\/\/teamexact.com\/sv\/#website","url":"https:\/\/teamexact.com\/sv\/","name":"EXACT","description":"We see more","potentialAction":[{"@type":"SearchAction","target":{"@type":"EntryPoint","urlTemplate":"https:\/\/teamexact.com\/sv\/?s={search_term_string}"},"query-input":"required name=search_term_string"}],"inLanguage":"sv-SE"}]}},"_links":{"self":[{"href":"https:\/\/teamexact.com\/sv\/wp-json\/wp\/v2\/pages\/3833"}],"collection":[{"href":"https:\/\/teamexact.com\/sv\/wp-json\/wp\/v2\/pages"}],"about":[{"href":"https:\/\/teamexact.com\/sv\/wp-json\/wp\/v2\/types\/page"}],"author":[{"embeddable":true,"href":"https:\/\/teamexact.com\/sv\/wp-json\/wp\/v2\/users\/1"}],"replies":[{"embeddable":true,"href":"https:\/\/teamexact.com\/sv\/wp-json\/wp\/v2\/comments?post=3833"}],"version-history":[{"count":26,"href":"https:\/\/teamexact.com\/sv\/wp-json\/wp\/v2\/pages\/3833\/revisions"}],"predecessor-version":[{"id":3887,"href":"https:\/\/teamexact.com\/sv\/wp-json\/wp\/v2\/pages\/3833\/revisions\/3887"}],"wp:attachment":[{"href":"https:\/\/teamexact.com\/sv\/wp-json\/wp\/v2\/media?parent=3833"}],"curies":[{"name":"wp","href":"https:\/\/api.w.org\/{rel}","templated":true}]}}