{"id":3932,"date":"2019-05-27T15:12:59","date_gmt":"2019-05-27T13:12:59","guid":{"rendered":"http:\/\/www.teamexact.com\/?page_id=3932"},"modified":"2019-05-29T13:55:40","modified_gmt":"2019-05-29T11:55:40","slug":"digital-tvilling","status":"publish","type":"page","link":"https:\/\/teamexact.com\/sv\/digital-tvilling\/","title":{"rendered":"Digital tvilling"},"content":{"rendered":"<h4>P\u00e5 Exact analyserar vi m\u00e4tbara data och f\u00f6r\u00e4ldrar den till en digital tvilling av din vision eller projekt som blir ov\u00e4rderlig p\u00e5 s\u00e5 m\u00e5nga s\u00e4tt. Stort som sm\u00e5tt, verklighet som id\u00e9, i grova drag eller p\u00e5 millimeterniv\u00e5 \u2013 det finns bara m\u00f6jligheter.<\/h4>\n<p>&nbsp;<\/p>\n<h2>Skapar Street View inomhus<\/h2>\n<p>En 3D-visualisering och planritning av ditt objekt som du kan berika med olika typer av information. P\u00e5 sikt samlas data in som hj\u00e4lper dig att ta smarta beslut och spara tid och pengar.<\/p>\n<div style=\"width: 1590px;\" class=\"wp-video\"><!--[if lt IE 9]><script>document.createElement('video');<\/script><![endif]-->\n<video class=\"wp-video-shortcode\" id=\"video-3932-1\" width=\"1590\" height=\"736\" preload=\"metadata\" controls=\"controls\"><source type=\"video\/mp4\" src=\"http:\/\/www.teamexact.com\/wp-content\/uploads\/2019\/05\/NavVis_T\u00e4by-C_2.mp4?_=1\" \/><a href=\"http:\/\/www.teamexact.com\/wp-content\/uploads\/2019\/05\/NavVis_T\u00e4by-C_2.mp4\">http:\/\/www.teamexact.com\/wp-content\/uploads\/2019\/05\/NavVis_T\u00e4by-C_2.mp4<\/a><\/video><\/div>\n<p>&nbsp;<\/p>\n<hr \/>\n<h2>Stora punktmoln direkt i din webbl\u00e4sare<\/h2>\n<p>I det h\u00e4r webbaserade verktyget kan du dela information med kunder och samarbetspartners utan att rendera ut stora m\u00e4ngder data. Enkelt, smart och underl\u00e4ttar kommunikationen genom hela projekten.<\/p>\n<div style=\"width: 1920px;\" class=\"wp-video\"><video class=\"wp-video-shortcode\" id=\"video-3932-2\" width=\"1920\" height=\"1048\" preload=\"metadata\" controls=\"controls\"><source type=\"video\/mp4\" src=\"http:\/\/www.teamexact.com\/wp-content\/uploads\/2019\/05\/potree.teamexact.cz_3d_karlstad_CCC_karlstad_CCC.html-Google-Chrome-2019-02-15-14_55_30.mp4?_=2\" \/><a href=\"http:\/\/www.teamexact.com\/wp-content\/uploads\/2019\/05\/potree.teamexact.cz_3d_karlstad_CCC_karlstad_CCC.html-Google-Chrome-2019-02-15-14_55_30.mp4\">http:\/\/www.teamexact.com\/wp-content\/uploads\/2019\/05\/potree.teamexact.cz_3d_karlstad_CCC_karlstad_CCC.html-Google-Chrome-2019-02-15-14_55_30.mp4<\/a><\/video><\/div>\n<p>&nbsp;<\/p>\n<hr \/>\n<h2>Se allt under jord<\/h2>\n<p>Utforska och lokalisera allt du beh\u00f6ver under jord. Insamling och tolkning av data utf\u00f6rs med hj\u00e4lp av radar, sensorer och traditionell m\u00e4tteknik.<\/p>\n<div style=\"width: 960px;\" class=\"wp-video\"><video class=\"wp-video-shortcode\" id=\"video-3932-3\" width=\"960\" height=\"720\" preload=\"metadata\" controls=\"controls\"><source type=\"video\/mp4\" src=\"http:\/\/www.teamexact.com\/wp-content\/uploads\/2019\/05\/GISonLine_-Underground-Infrastructure-3D-Model.mp4?_=3\" \/><a href=\"http:\/\/www.teamexact.com\/wp-content\/uploads\/2019\/05\/GISonLine_-Underground-Infrastructure-3D-Model.mp4\">http:\/\/www.teamexact.com\/wp-content\/uploads\/2019\/05\/GISonLine_-Underground-Infrastructure-3D-Model.mp4<\/a><\/video><\/div>\n<p>&nbsp;<\/p>\n<hr \/>\n<h2>Exact as Built \u2013 kvalitetskontroll<\/h2>\n<p>Med Exact as Built st\u00e4mmer du enkelt av l\u00f6pande under arbetet och kan korrigera eventuella avvikelser i tid. Snabbt och v\u00e4ldigt kostnadseffektivt.<\/p>\n<div style=\"width: 1152px;\" class=\"wp-video\"><video class=\"wp-video-shortcode\" id=\"video-3932-4\" width=\"1152\" height=\"720\" preload=\"metadata\" controls=\"controls\"><source type=\"video\/mp4\" src=\"http:\/\/www.teamexact.com\/wp-content\/uploads\/2019\/05\/asbuilt.mp4?_=4\" \/><a href=\"http:\/\/www.teamexact.com\/wp-content\/uploads\/2019\/05\/asbuilt.mp4\">http:\/\/www.teamexact.com\/wp-content\/uploads\/2019\/05\/asbuilt.mp4<\/a><\/video><\/div>\n<p>&nbsp;<\/p>\n<hr \/>\n<h2>BIM-modellen som g\u00f6r dig BIM Ready<\/h2>\n<p>Oavsett vilken digitala avbild vi f\u00e5ngat g\u00f6r vi digitala ritningar och 3D-modeller anpassat efter dina behov och eller enligt branschstandard.<\/p>\n<div style=\"width: 1024px;\" class=\"wp-video\"><video class=\"wp-video-shortcode\" id=\"video-3932-5\" width=\"1024\" height=\"576\" preload=\"metadata\" controls=\"controls\"><source type=\"video\/mp4\" src=\"http:\/\/www.teamexact.com\/wp-content\/uploads\/2019\/05\/Bim-ready.mp4?_=5\" \/><a href=\"http:\/\/www.teamexact.com\/wp-content\/uploads\/2019\/05\/Bim-ready.mp4\">http:\/\/www.teamexact.com\/wp-content\/uploads\/2019\/05\/Bim-ready.mp4<\/a><\/video><\/div>\n","protected":false},"excerpt":{"rendered":"<p>P\u00e5 Exact analyserar vi m\u00e4tbara data och f\u00f6r\u00e4ldrar den till en digital tvilling av din vision eller projekt som blir ov\u00e4rderlig p\u00e5 s\u00e5 m\u00e5nga s\u00e4tt. Stort som sm\u00e5tt, verklighet som id\u00e9, i grova drag eller p\u00e5 millimeterniv\u00e5 \u2013 det finns bara m\u00f6jligheter. &nbsp; Skapar Street View inomhus En 3D-visualisering och planritning av ditt objekt som [&hellip;]<\/p>\n","protected":false},"author":1,"featured_media":0,"parent":0,"menu_order":0,"comment_status":"closed","ping_status":"closed","template":"template-page.php","meta":{"_acf_changed":false,"footnotes":""},"acf":[],"yoast_head":"<!-- This site is optimized with the Yoast SEO plugin v22.2 - https:\/\/yoast.com\/wordpress\/plugins\/seo\/ -->\n<title>Digital tvilling - EXACT<\/title>\n<meta name=\"robots\" content=\"index, follow, max-snippet:-1, max-image-preview:large, max-video-preview:-1\" \/>\n<link rel=\"canonical\" href=\"https:\/\/teamexact.com\/sv\/digital-tvilling\/\" \/>\n<meta property=\"og:locale\" content=\"sv_SE\" \/>\n<meta property=\"og:type\" content=\"article\" \/>\n<meta property=\"og:title\" content=\"Digital tvilling - EXACT\" \/>\n<meta property=\"og:description\" content=\"P\u00e5 Exact analyserar vi m\u00e4tbara data och f\u00f6r\u00e4ldrar den till en digital tvilling av din vision eller projekt som blir ov\u00e4rderlig p\u00e5 s\u00e5 m\u00e5nga s\u00e4tt. Stort som sm\u00e5tt, verklighet som id\u00e9, i grova drag eller p\u00e5 millimeterniv\u00e5 \u2013 det finns bara m\u00f6jligheter. &nbsp; Skapar Street View inomhus En 3D-visualisering och planritning av ditt objekt som [&hellip;]\" \/>\n<meta property=\"og:url\" content=\"https:\/\/teamexact.com\/sv\/digital-tvilling\/\" \/>\n<meta property=\"og:site_name\" content=\"EXACT\" \/>\n<meta property=\"article:modified_time\" content=\"2019-05-29T11:55:40+00:00\" \/>\n<meta name=\"twitter:card\" content=\"summary_large_image\" \/>\n<meta name=\"twitter:label1\" content=\"Ber\u00e4knad l\u00e4stid\" \/>\n\t<meta name=\"twitter:data1\" content=\"1 minut\" \/>\n<script type=\"application\/ld+json\" class=\"yoast-schema-graph\">{\"@context\":\"https:\/\/schema.org\",\"@graph\":[{\"@type\":\"WebPage\",\"@id\":\"https:\/\/teamexact.com\/sv\/digital-tvilling\/\",\"url\":\"https:\/\/teamexact.com\/sv\/digital-tvilling\/\",\"name\":\"Digital tvilling - EXACT\",\"isPartOf\":{\"@id\":\"https:\/\/teamexact.com\/sv\/#website\"},\"datePublished\":\"2019-05-27T13:12:59+00:00\",\"dateModified\":\"2019-05-29T11:55:40+00:00\",\"breadcrumb\":{\"@id\":\"https:\/\/teamexact.com\/sv\/digital-tvilling\/#breadcrumb\"},\"inLanguage\":\"sv-SE\",\"potentialAction\":[{\"@type\":\"ReadAction\",\"target\":[\"https:\/\/teamexact.com\/sv\/digital-tvilling\/\"]}]},{\"@type\":\"BreadcrumbList\",\"@id\":\"https:\/\/teamexact.com\/sv\/digital-tvilling\/#breadcrumb\",\"itemListElement\":[{\"@type\":\"ListItem\",\"position\":1,\"name\":\"Home\",\"item\":\"https:\/\/teamexact.com\/sv\/\"},{\"@type\":\"ListItem\",\"position\":2,\"name\":\"Digital tvilling\"}]},{\"@type\":\"WebSite\",\"@id\":\"https:\/\/teamexact.com\/sv\/#website\",\"url\":\"https:\/\/teamexact.com\/sv\/\",\"name\":\"EXACT\",\"description\":\"We see more\",\"potentialAction\":[{\"@type\":\"SearchAction\",\"target\":{\"@type\":\"EntryPoint\",\"urlTemplate\":\"https:\/\/teamexact.com\/sv\/?s={search_term_string}\"},\"query-input\":\"required name=search_term_string\"}],\"inLanguage\":\"sv-SE\"}]}<\/script>\n<!-- \/ Yoast SEO plugin. -->","yoast_head_json":{"title":"Digital tvilling - EXACT","robots":{"index":"index","follow":"follow","max-snippet":"max-snippet:-1","max-image-preview":"max-image-preview:large","max-video-preview":"max-video-preview:-1"},"canonical":"https:\/\/teamexact.com\/sv\/digital-tvilling\/","og_locale":"sv_SE","og_type":"article","og_title":"Digital tvilling - EXACT","og_description":"P\u00e5 Exact analyserar vi m\u00e4tbara data och f\u00f6r\u00e4ldrar den till en digital tvilling av din vision eller projekt som blir ov\u00e4rderlig p\u00e5 s\u00e5 m\u00e5nga s\u00e4tt. Stort som sm\u00e5tt, verklighet som id\u00e9, i grova drag eller p\u00e5 millimeterniv\u00e5 \u2013 det finns bara m\u00f6jligheter. &nbsp; Skapar Street View inomhus En 3D-visualisering och planritning av ditt objekt som [&hellip;]","og_url":"https:\/\/teamexact.com\/sv\/digital-tvilling\/","og_site_name":"EXACT","article_modified_time":"2019-05-29T11:55:40+00:00","twitter_card":"summary_large_image","twitter_misc":{"Ber\u00e4knad l\u00e4stid":"1 minut"},"schema":{"@context":"https:\/\/schema.org","@graph":[{"@type":"WebPage","@id":"https:\/\/teamexact.com\/sv\/digital-tvilling\/","url":"https:\/\/teamexact.com\/sv\/digital-tvilling\/","name":"Digital tvilling - EXACT","isPartOf":{"@id":"https:\/\/teamexact.com\/sv\/#website"},"datePublished":"2019-05-27T13:12:59+00:00","dateModified":"2019-05-29T11:55:40+00:00","breadcrumb":{"@id":"https:\/\/teamexact.com\/sv\/digital-tvilling\/#breadcrumb"},"inLanguage":"sv-SE","potentialAction":[{"@type":"ReadAction","target":["https:\/\/teamexact.com\/sv\/digital-tvilling\/"]}]},{"@type":"BreadcrumbList","@id":"https:\/\/teamexact.com\/sv\/digital-tvilling\/#breadcrumb","itemListElement":[{"@type":"ListItem","position":1,"name":"Home","item":"https:\/\/teamexact.com\/sv\/"},{"@type":"ListItem","position":2,"name":"Digital tvilling"}]},{"@type":"WebSite","@id":"https:\/\/teamexact.com\/sv\/#website","url":"https:\/\/teamexact.com\/sv\/","name":"EXACT","description":"We see more","potentialAction":[{"@type":"SearchAction","target":{"@type":"EntryPoint","urlTemplate":"https:\/\/teamexact.com\/sv\/?s={search_term_string}"},"query-input":"required name=search_term_string"}],"inLanguage":"sv-SE"}]}},"_links":{"self":[{"href":"https:\/\/teamexact.com\/sv\/wp-json\/wp\/v2\/pages\/3932"}],"collection":[{"href":"https:\/\/teamexact.com\/sv\/wp-json\/wp\/v2\/pages"}],"about":[{"href":"https:\/\/teamexact.com\/sv\/wp-json\/wp\/v2\/types\/page"}],"author":[{"embeddable":true,"href":"https:\/\/teamexact.com\/sv\/wp-json\/wp\/v2\/users\/1"}],"replies":[{"embeddable":true,"href":"https:\/\/teamexact.com\/sv\/wp-json\/wp\/v2\/comments?post=3932"}],"version-history":[{"count":20,"href":"https:\/\/teamexact.com\/sv\/wp-json\/wp\/v2\/pages\/3932\/revisions"}],"predecessor-version":[{"id":3962,"href":"https:\/\/teamexact.com\/sv\/wp-json\/wp\/v2\/pages\/3932\/revisions\/3962"}],"wp:attachment":[{"href":"https:\/\/teamexact.com\/sv\/wp-json\/wp\/v2\/media?parent=3932"}],"curies":[{"name":"wp","href":"https:\/\/api.w.org\/{rel}","templated":true}]}}